{"id":4363,"date":"2022-11-15T10:34:28","date_gmt":"2022-11-15T10:34:28","guid":{"rendered":"https:\/\/documentosespana.com\/diligent\/?post_type=product&#038;p=4363"},"modified":"2026-04-02T09:17:53","modified_gmt":"2026-04-02T09:17:53","slug":"og-kush-strain","status":"publish","type":"product","link":"https:\/\/grassxpress.com\/hr\/proizvod\/og-kush-strain\/","title":{"rendered":"OG ku\u0161"},"content":{"rendered":"<h2>OG Kush na prodaju<\/h2>\n<p><a href=\"https:\/\/grassxpress.com\/hr\/proizvod\/og-kush-strain\/\">Buy OG Kush Strain<\/a> from <a href=\"https:\/\/grassxpress.com\/hr\/\">grassxpress.com<\/a> po najni\u017eoj cijeni uz najbolju kvalitetu. OG Kush je izuzetno popularan hibrid s dominantnom sativom. \u017diva je legenda me\u0111u sojevima kanabisa. Visoko je cijenjen zbog svog izrazito visokog efekta i izvrsnog okusa. Brzo je postao najpopularnija sorta kanabisa na svijetu. OG Kush je izvrstan za uzgoj i stvaranje novih fenotipova. Dijeli svoju epsku genetiku s mno\u0161tvom najja\u010dih kalifornijskih sojeva Kush, kao \u0161to su Fire OG i Tahoe OG. <a href=\"https:\/\/grassxpress.com\/hr\/mail-order-weed-uk\/\">More<\/a><\/p>\n<p>Unato\u010d svojoj popularnosti, izvorni soj OG Kush smatra se genetskom misterijom. Mnogi uzgajiva\u010di vjeruju da je to kri\u017eanac izme\u0111u Chemdawga, Lemon Thai i Hindukusha, ali nitko ne zna sa sigurno\u0161\u0107u. Mnogi smatraju da je soj korova OG Kush izvrstan soj za ubla\u017eavanje bolova i nesanice. Nije neuobi\u010dajeno da OG Kush ima oko 80% THC-a. Ovo proizvodi visoko raspolo\u017eenje koje u po\u010detku podi\u017ee raspolo\u017eenje, nakon \u010dega slijedi sna\u017eno opu\u0161taju\u0107e tijelo. Naru\u010dite travu hrv<\/p>\n<h3>\u0160to je OG Kush?<\/h3>\n<p>OG Kush Marijuana Strain\u00a0The foundational backbone of multiple\u00a0world famous cannabis strains,\u00a0OG Kush\u00a0is considered legendary for revolutionizing the <a href=\"https:\/\/grassxpress.com\/hr\/proizvod\/platinum-girl-scout-cookies\/\">marijuana<\/a> industry, arguably rising to the recognition of \u201cmost well-known cannabis strain\u201d.\u00a0The OG Kush strain\u00a0is classified as a hybrid, with little known about its genetic origins, although rumors claim that this strain is a blend between possible parent plants\u00a0Chemdawg\u00a0and\u00a0Hindu Kush.<\/p>\n<p>Ova informacija nikada nije potvr\u0111ena, ali \u010dini se da porijeklo OG Kusha nije va\u017eno, jer se \u010dini da je puno va\u017eniji u\u010dinak koji je imao na svijet kanabisa. Mno\u0161tvo fenotipova uzgojeno je iz OG Kusha, brojne koli\u010dine njih stje\u010du popularnost ba\u0161 kao i OGK. Neki od ovih dobro poznatih fenotipova uklju\u010duju Tahoe OG, Fire OG, SFV OG, Double OG i mnoge druge - pretpostavljamo da ste vjerojatno upoznati s barem nekima od njih. Naru\u010divanje trave po\u0161tom <a href=\"https:\/\/en.wikipedia.org\/wiki\/Special:Search?search=weed+online&amp;go=Go&amp;ns0=1\">uk<\/a><\/p>\n<p>Popust na CBD ulje Djelomi\u010dno je razlog za\u0161to se OG Kush intenzivno koristio u genetskom uzgoju kanabisa, zbog visoke potencije THC-a ovog izvornog soja koji, \u010dini se, poma\u017ee mnogim potro\u0161a\u010dima s raznim medicinskim problemima s kojima bi se mogli susresti. S razinama THC-a koje se bilje\u017ee u rasponu od 20 do 27, punch OG Kush paketi su posebno mo\u0107ni, uistinu poga\u0111aju onoga tko ih konzumira.<\/p>\n<p>Although world-known, <a href=\"https:\/\/en.wikipedia.org\/wiki\/Kush\">OG Kush<\/a> seems to primarily be consumed throughout California, Colorado and the Pacific Northwest, so if you want to try a dank batch of this heady cannabis strain, look to those regions for answers.<\/p>\n<h3>I Kush Aroma<\/h3>\n<p>Flavour and Appearance OG Kush has one of the freshest scents, intensely reminiscent of being lost wandering deep within an old growth forest. Its aroma is woodsy, piney and earthy, immediately hitting your taste buds with a powerful hit. Its flavour continues to surprise consumers, with unexpected undertones of lime, lemon and citrus, as well as hints of a spicy twist. Mail order weed UK.<\/p>\n<p>\u0160to se ti\u010de izgleda, OG Kush trava ima tradicionalni izgled kanabisa, s klasi\u010dnom \u017euto-zelenom bojom li\u0161\u0107a \u0161e\u0107era, s naran\u010dastim tu\u010dkovima i lisnato zelenim, ponekad vodenim li\u0161\u0107em u sjeni kadulje. Pupoljci su gusto oblo\u017eeni kristalnim trihomima, \u0161to ima savr\u0161enog smisla ako uzmete u obzir visok sadr\u017eaj THC-a u soju OG Kush. U\u010dinci OG Kush-a Ostaju\u0107i vjeran svojoj klasifikaciji hibrida, OG Kush trava je posebno uravnote\u017eena, sa svojim visokim sadr\u017eajem koji donosi najbolje od oba svijeta.<\/p>\n<p>\u017divahna mje\u0161avina indica i sativa svojstava, OG Kush testira na marljivim plugovima, razine sative i indice su 60% i 87%. Nakon konzumiranja OG Kusha o\u010dekujte sna\u017enu euforiju i intenzivne cerebralne u\u010dinke, \u010desto pra\u0107ene blagim do jakim osje\u0107ajem zaklju\u010davanja kau\u010da.<\/p>\n<p>Smatra se jednim od najopu\u0161taju\u0107ih, ali i najospje\u0161nijih sojeva, \u010dini se da OG Kush svojim potro\u0161a\u010dima pru\u017ea prekrasan spoj ne samo euforije koja topi cijelo tijelo, ve\u0107 i jednako koristan rezultat za um, ostavljaju\u0107i svakoga tko ga proba sretnim, mirnim i spokojnim. , a opet sposoban hihotati se, smijati i divno se zabavljati.<\/p>\n<h3>Medicinske dobrobiti #1 soja kanabisa<\/h3>\n<p>OG Kush OG Kush Pogled odozgo Naj\u010de\u0161\u0107e se konzumira medicinski za mentalne poreme\u0107aje i kroni\u010dnu bol. OG Kush trava je vrhunska ljekovita vrsta kanabisa. To je iznenadilo svijet medicinske marihuane svojom sposobno\u0161\u0107u da pomogne mnogima tijekom godina svog postojanja.<\/p>\n<p>Njegove magi\u010dne mo\u0107i djelomi\u010dno su razlog masovnog rasta popularnosti OGK-a. Kako sve vi\u0161e i vi\u0161e pojedinaca otkriva da im je bolje konzumirati ovu sortu. Od uzimanja tradicionalnih lijekova koji su \u010desto povezani s gadnim negativnim nuspojavama koje mijenjaju \u017eivot.<\/p>\n<p>Oni koji se bore sa stresom, depresijom i nesanicom otkrili su da je soj OG Kush posebno ljekovit. Kao i pacijenti koji imaju jaku i kroni\u010dnu bol. OG Kush uistinu poma\u017ee opustiti i umrtviti bolna mjesta. Ako ste pod stresom, depresijom, anksiozno\u0161\u0107u ili drugim psihi\u010dkim poreme\u0107ajem. <a href=\"https:\/\/grassxpress.com\/hr\/proizvod\/og-kush-strain\/\">Secure checkout<\/a><\/p>\n<p>Tada je najbolje popu\u0161iti blagu koli\u010dinu OG Kush trave ili pojesti jestivu nisku dozu. Jer prekomjerno konzumiranje bilo koje sorte trave dok se nosite s mentalnim poreme\u0107ajem zapravo mo\u017ee u\u010diniti vi\u0161e \u0161tete nego koristi. Znajte svoje granice i ostanite unutar tih granica.<\/p>\n<p>S druge strane, ako se nosite s nesanicom, nedostatkom sna ili kroni\u010dnom boli. Tada bi uzimanje ve\u0107e doze soja OG Kush bilo od ve\u0107e koristi. To \u0107e vam pomo\u0107i da odmah napadnete problem. Ne ostavljaju\u0107i nikakvu mogu\u0107nost da niste uzeli dovoljno visoku dozu da biste doista osjetili dobrobiti. Kako bi se postigla ve\u0107a doza, mo\u017ee biti u redu jestivi, koncentrat ili drugi konzumni oblik kanabisa.<\/p>\n<p>Mogu\u0107e nuspojave OG Kusha. Najbolji na\u010din da se izbjegnu sve mogu\u0107e nuspojave OG Kush marihuane je da se koriste mjere opreza. Ako ste osjetljivi na THC i da znate svoje granice kada konzumirate kanabis. Potro\u0161a\u010di naj\u010de\u0161\u0107e prijavljuju suha usta i suhe o\u010di kao uobi\u010dajenu nuspojavu kada isprobavaju OG Kush travu. Nemojte se uznemiravati, to je lako rije\u0161iti ispijanjem hidratantnih teku\u0107ina i kori\u0161tenjem hidratantnih kapi za o\u010di ako je potrebno.<\/p>\n<h3>Dodatno,<\/h3>\n<p>Neki pojedinci su iskusili paranoju nakon konzumiranja soja OG Kush. Ali imajte na umu da \u0107e va\u0161e uzbu\u0111enje pro\u0107i i nastavite disati polako, duboko i ravnomjerno. Mo\u017ee pomo\u0107i u odr\u017eavanju \u010diste glave ako prolazite kroz bilo kakve negativne obrasce razmi\u0161ljanja.<\/p>\n<p>Meditacija i tehnike dubokog opu\u0161tanja tako\u0111er mogu biti korisne smjernice. Zavr\u0161ne misli o OG Kush: Nadamo se da vam je ova recenzija OG Kusha ne samo zabavna. Ali i edukativno i informativno. Va\u017eno je zapamtiti da je konzumacija marihuane isklju\u010diva odgovornost korisnika i da treba biti diskrecijan.<\/p>","protected":false},"excerpt":{"rendered":"<p><strong>Grade:<\/strong> A<br \/>\nType: Sativa dominant hybrid<br \/>\n<strong>Looks:<\/strong> This deep green bud is fluffy, frosty and packed with red hairs.<br \/>\n<strong>Smell:<\/strong> Piney, Cedar-like, Citrus<br \/>\n<strong>Taste:<\/strong> A very nice earthy and pine taste with a sweet after note . A very smooth and refreshing smoke. Vaporizing intensifies flavor and is a delight to have in the mouth.<br \/>\n<strong>Effects:<\/strong> Induces a feeling of euphoria, happiness, and creativity. An uplifting and energized high.<br \/>\nPotency: 10\/10 (It\u2019s a 1 hit wonder)<\/p>","protected":false},"featured_media":4421,"comment_status":"open","ping_status":"closed","template":"","meta":{"_themeisle_gutenberg_block_has_review":false,"_ti_tpc_template_sync":false,"_ti_tpc_template_id":"","_joinchat":[]},"product_cat":[216],"product_tag":[],"class_list":{"0":"post-4363","1":"product","2":"type-product","3":"status-publish","4":"has-post-thumbnail","6":"product_cat-hybrid","8":"first","9":"instock","10":"shipping-taxable","11":"purchasable","12":"product-type-variable"},"yoast_head":"<!-- This site is optimized with the Yoast SEO plugin v22.7 - https:\/\/yoast.com\/wordpress\/plugins\/seo\/ -->\n<title>OG Kush Strain Online For Sale | GrassXpress<\/title>\n<meta name=\"description\" content=\"Buy OG Kush online in uk and explore a legendary cannabis strain valued for its strong aroma and balanced hybrid effects. OG Kush for sale featuring distinctive earthy, citrus, and fuel-like terpene notes.\" \/>\n<meta name=\"robots\" content=\"index, follow, max-snippet:-1, max-image-preview:large, max-video-preview:-1\" \/>\n<link rel=\"canonical\" href=\"https:\/\/grassxpress.com\/hr\/proizvod\/og-kush-strain\/\" \/>\n<meta property=\"og:locale\" content=\"hr_HR\" \/>\n<meta property=\"og:type\" content=\"article\" \/>\n<meta property=\"og:title\" content=\"OG Kush Strain Online For Sale | GrassXpress\" \/>\n<meta property=\"og:description\" content=\"Buy OG Kush online in uk and explore a legendary cannabis strain valued for its strong aroma and balanced hybrid effects. OG Kush for sale featuring distinctive earthy, citrus, and fuel-like terpene notes.\" \/>\n<meta property=\"og:url\" content=\"https:\/\/grassxpress.com\/hr\/proizvod\/og-kush-strain\/\" \/>\n<meta property=\"og:site_name\" content=\"GrassXpress\" \/>\n<meta property=\"article:modified_time\" content=\"2026-04-02T09:17:53+00:00\" \/>\n<meta property=\"og:image\" content=\"https:\/\/grassxpress.com\/wp-content\/uploads\/2022\/11\/OG-kush.jpg\" \/>\n\t<meta property=\"og:image:width\" content=\"600\" \/>\n\t<meta property=\"og:image:height\" content=\"600\" \/>\n\t<meta property=\"og:image:type\" content=\"image\/jpeg\" \/>\n<meta name=\"twitter:card\" content=\"summary_large_image\" \/>\n<meta name=\"twitter:label1\" content=\"Procijenjeno vrijeme \u010ditanja\" \/>\n\t<meta name=\"twitter:data1\" content=\"6 minuta\" \/>\n<!-- \/ Yoast SEO plugin. -->","yoast_head_json":{"title":"OG Kush Strain Online For Sale | GrassXpress","description":"Buy OG Kush online in uk and explore a legendary cannabis strain valued for its strong aroma and balanced hybrid effects. OG Kush for sale featuring distinctive earthy, citrus, and fuel-like terpene notes.","robots":{"index":"index","follow":"follow","max-snippet":"max-snippet:-1","max-image-preview":"max-image-preview:large","max-video-preview":"max-video-preview:-1"},"canonical":"https:\/\/grassxpress.com\/hr\/proizvod\/og-kush-strain\/","og_locale":"hr_HR","og_type":"article","og_title":"OG Kush Strain Online For Sale | GrassXpress","og_description":"Buy OG Kush online in uk and explore a legendary cannabis strain valued for its strong aroma and balanced hybrid effects. OG Kush for sale featuring distinctive earthy, citrus, and fuel-like terpene notes.","og_url":"https:\/\/grassxpress.com\/hr\/proizvod\/og-kush-strain\/","og_site_name":"GrassXpress","article_modified_time":"2026-04-02T09:17:53+00:00","og_image":[{"width":600,"height":600,"url":"https:\/\/grassxpress.com\/wp-content\/uploads\/2022\/11\/OG-kush.jpg","type":"image\/jpeg"}],"twitter_card":"summary_large_image","twitter_misc":{"Procijenjeno vrijeme \u010ditanja":"6 minuta"},"schema":{"@context":"https:\/\/schema.org","@graph":[{"@type":"WebPage","@id":"https:\/\/grassxpress.com\/product\/og-kush-strain\/","url":"https:\/\/grassxpress.com\/product\/og-kush-strain\/","name":"OG Kush Strain Online For Sale | GrassXpress","isPartOf":{"@id":"https:\/\/grassxpress.com\/#website"},"primaryImageOfPage":{"@id":"https:\/\/grassxpress.com\/product\/og-kush-strain\/#primaryimage"},"image":{"@id":"https:\/\/grassxpress.com\/product\/og-kush-strain\/#primaryimage"},"thumbnailUrl":"https:\/\/grassxpress.com\/wp-content\/uploads\/2022\/11\/OG-kush.jpg","datePublished":"2022-11-15T10:34:28+00:00","dateModified":"2026-04-02T09:17:53+00:00","description":"Buy OG Kush online in uk and explore a legendary cannabis strain valued for its strong aroma and balanced hybrid effects. OG Kush for sale featuring distinctive earthy, citrus, and fuel-like terpene notes.","breadcrumb":{"@id":"https:\/\/grassxpress.com\/product\/og-kush-strain\/#breadcrumb"},"inLanguage":"hr","potentialAction":[{"@type":"ReadAction","target":["https:\/\/grassxpress.com\/product\/og-kush-strain\/"]}]},{"@type":"ImageObject","inLanguage":"hr","@id":"https:\/\/grassxpress.com\/product\/og-kush-strain\/#primaryimage","url":"https:\/\/grassxpress.com\/wp-content\/uploads\/2022\/11\/OG-kush.jpg","contentUrl":"https:\/\/grassxpress.com\/wp-content\/uploads\/2022\/11\/OG-kush.jpg","width":600,"height":600,"caption":"OG kush"},{"@type":"BreadcrumbList","@id":"https:\/\/grassxpress.com\/product\/og-kush-strain\/#breadcrumb","itemListElement":[{"@type":"ListItem","position":1,"name":"Home","item":"https:\/\/grassxpress.com\/"},{"@type":"ListItem","position":2,"name":"Mail Order Weed UK","item":"https:\/\/grassxpress.com\/mail-order-weed-uk\/"},{"@type":"ListItem","position":3,"name":"OG kush"}]},{"@type":"WebSite","@id":"https:\/\/grassxpress.com\/#website","url":"https:\/\/grassxpress.com\/","name":"GrassXpress","description":"Buy Weed Online UK","publisher":{"@id":"https:\/\/grassxpress.com\/#organization"},"potentialAction":[{"@type":"SearchAction","target":{"@type":"EntryPoint","urlTemplate":"https:\/\/grassxpress.com\/?s={search_term_string}"},"query-input":"required name=search_term_string"}],"inLanguage":"hr"},{"@type":"Organization","@id":"https:\/\/grassxpress.com\/#organization","name":"GrassXpress","url":"https:\/\/grassxpress.com\/","logo":{"@type":"ImageObject","inLanguage":"hr","@id":"https:\/\/grassxpress.com\/#\/schema\/logo\/image\/","url":"https:\/\/grassxpress.com\/wp-content\/uploads\/2024\/01\/logo.png","contentUrl":"https:\/\/grassxpress.com\/wp-content\/uploads\/2024\/01\/logo.png","width":300,"height":100,"caption":"GrassXpress"},"image":{"@id":"https:\/\/grassxpress.com\/#\/schema\/logo\/image\/"}}]}},"_links":{"self":[{"href":"https:\/\/grassxpress.com\/hr\/wp-json\/wp\/v2\/product\/4363","targetHints":{"allow":["GET"]}}],"collection":[{"href":"https:\/\/grassxpress.com\/hr\/wp-json\/wp\/v2\/product"}],"about":[{"href":"https:\/\/grassxpress.com\/hr\/wp-json\/wp\/v2\/types\/product"}],"replies":[{"embeddable":true,"href":"https:\/\/grassxpress.com\/hr\/wp-json\/wp\/v2\/comments?post=4363"}],"wp:featuredmedia":[{"embeddable":true,"href":"https:\/\/grassxpress.com\/hr\/wp-json\/wp\/v2\/media\/4421"}],"wp:attachment":[{"href":"https:\/\/grassxpress.com\/hr\/wp-json\/wp\/v2\/media?parent=4363"}],"wp:term":[{"taxonomy":"product_cat","embeddable":true,"href":"https:\/\/grassxpress.com\/hr\/wp-json\/wp\/v2\/product_cat?post=4363"},{"taxonomy":"product_tag","embeddable":true,"href":"https:\/\/grassxpress.com\/hr\/wp-json\/wp\/v2\/product_tag?post=4363"}],"curies":[{"name":"wp","href":"https:\/\/api.w.org\/{rel}","templated":true}]}}