{"id":4305,"date":"2022-11-15T09:39:58","date_gmt":"2022-11-15T09:39:58","guid":{"rendered":"https:\/\/documentosespana.com\/diligent\/?post_type=product&#038;p=4305"},"modified":"2026-04-02T09:13:13","modified_gmt":"2026-04-02T09:13:13","slug":"master-kush","status":"publish","type":"product","link":"https:\/\/grassxpress.com\/hr\/proizvod\/master-kush\/","title":{"rendered":"Master kush"},"content":{"rendered":"<h2><strong>Master Kush Weed Strain in UK| Master Kush for sale | buy master kush online<\/strong><\/h2>\n<p><span style=\"color: #000000;\"><a href=\"https:\/\/grassxpress.com\/hr\/proizvod\/master-kush\/\">Buy Master Kush online in Uk<\/a> indica kri\u017eanje od dva soja doma\u0107e rase iz razli\u010ditih dijelova regije Hindu Kush od strane nizozemske White Label Seed Company iz Amsterdama. Biljka proizvodi suptilni zemljani, citrusni miris s prizvukom tamjana, koji se \u010desto opisuje kao starinski okus. Okus Master Kusha podsje\u0107a na poznati tvrdo utrljani charas ha\u0161i\u0161. Weed shop online uk. <a href=\"https:\/\/grassxpress.com\/hr\/mail-order-weed-uk\/\">More<\/a><\/span><\/p>\n<p><span style=\"color: #000000;\"><strong>Naziv soja:<\/strong> Majstor Kush je a<\/span><br \/>\n<span style=\"color: #000000;\"><strong>Type:<\/strong> Indica<\/span><br \/>\n<span style=\"color: #000000;\"><strong>Looks:<\/strong> Gusti svijetlozeleni grumen\u010di\u0107i pokriveni <a href=\"https:\/\/en.wikipedia.org\/wiki\/Special:Search?search=weed+online&amp;go=Go&amp;ns0=1\">in<\/a> naran\u010daste dlake i matirane trikromima dokle god pogled se\u017ee<\/span><br \/>\n<span style=\"color: #000000;\"><strong>Smell:<\/strong> Piney &amp; Citrus Skunk<\/span><br \/>\n<span style=\"color: #000000;\"><strong>Taste:<\/strong> Kompleksni Kush okus s da\u0161kom citrusa i ugodan na izdisaju<\/span><br \/>\n<span style=\"color: #000000;\"><strong>Effects:<\/strong> NARKOTI\u010cNO Indica Dominacija Vrlo te\u017eak na vje\u0111ama osjeti se odmah nakon izdisaja neki atributi sative ALI uglavnom se osje\u0107aju u cijelom tijelu<\/span><br \/>\n<span style=\"color: #000000;\"><strong>Potency:<\/strong> 10 NIJE za lake osobe. Budite oprezni pri doziranju, ina\u010de se pripremite za DUGO DRIJEMANJE!!!<\/span><\/p>\n<h3><strong>U\u010dinci i koristi Master Kusha<\/strong><\/h3>\n<p>Master Kush je poznat po svojim duboko opu\u0161taju\u0107im i sedativnim svojstvima, \u0161to ga \u010dini idealnim za:<br \/>\n\u2013 Ubla\u017eavanje stresa i tjeskobe \u2013 Smiruje um i poti\u010de opu\u0161tanje.<br \/>\n\u2013\u00a0Upravljanje boli\u00a0\u2013 U\u010dinkovito kod kroni\u010dne boli, gr\u010deva mi\u0161i\u0107a i upala.<br \/>\n\u2013 Olak\u0161anje kod nesanice \u2013 Poma\u017ee korisnicima da br\u017ee zaspu i u\u017eivaju u dubljem snu.<br \/>\n\u2013 Poticanje apetita \u2013 Izvrsno za one koji pate od mu\u010dnine ili nedostatka gladi.<\/p>\n<p>Osje\u0107aj euforije zapo\u010dinje blagim cerebralnim podizanjem prije nego \u0161to prije\u0111e u opu\u0161tanje cijelog tijela, \u0161to ga \u010dini savr\u0161enim za ve\u010dernju ili no\u0107nu upotrebu.<\/p>\n<h3>U\u010dinci sorte kanabisa Master Kush<\/h3>\n<p>When you smoke this <a href=\"https:\/\/grassxpress.com\/hr\/proizvod\/polarna-svjetlost\/\">kanabis<\/a>, you may experience the typical side effects of dry mouth and eyes. Higher dosages or eating Master Kush as an edible can also cause anxiety, paranoia, and dizziness in certain patients.<\/p>\n<p>Primarna svrha ove sorte je smanjenje anksioznosti i stresa. Sna\u017eni u\u010dinci temeljeni na indiki savr\u0161eni su za opu\u0161tanje nave\u010der. Kada je u pitanju lije\u010denje nesanice, Master Kush je vrlo uspje\u0161an. Kroni\u010dna bol mo\u017ee se kontrolirati njegovim tjelesno utrnulim efektom. Sna\u017eni, karakteristi\u010dni \"grickalice\" ove sorte tako\u0111er mogu pomo\u0107i osobama s poreme\u0107ajima prehrane poput bulimije i anoreksije da pove\u0107aju apetit. <a href=\"https:\/\/grassxpress.com\/hr\/\">Grassxpress<\/a><\/p>\n<h3>Za\u0161to kupiti Master Kush od nas putem interneta?<\/h3>\n<p>When you purchase the <a href=\"https:\/\/en.wikipedia.org\/wiki\/Kush_(cannabis)\">Master Kush strain online in uk<\/a>, you receive:<br \/>\nVrhunska kvaliteta; potentnost i \u010disto\u0107a procijenjene u laboratoriju.<\/p>\n<p>Brza, tajna dostava; sigurno pakiranje bez etiketa.<br \/>\nKonkurentne cijene: Razumne cijene za velike narud\u017ebe.<br \/>\nPouzdana dostava u SAD, Kanadu, Europu i druge zemlje; pouzdana usluga. <a href=\"https:\/\/grassxpress.com\/hr\/proizvod\/master-kush\/\">Pick yours up<\/a><\/p>\n<p>&nbsp;<\/p>","protected":false},"excerpt":{"rendered":"<p>NARCOTIC Indica Dominance Very Heavy on the eyelids felt immediately upon exhalation some sativa attributes BUT mainly a felt throughout the body.\u00a0This strain holds a superb balance of full-body relaxation without mind-numbing effects. Instead,\u00a0Master Kush offers a sharpened sensory awareness that can bring out the<\/p>","protected":false},"featured_media":4330,"comment_status":"open","ping_status":"closed","template":"","meta":{"_themeisle_gutenberg_block_has_review":false,"_ti_tpc_template_sync":false,"_ti_tpc_template_id":"","_joinchat":[]},"product_cat":[128],"product_tag":[137,138,139,140,141,142,143,144,145,33,146,147,148,149,150,151,152,153,154,155,156,157,158,159,160,161,162,163,164,165,166,167,168,169,170,171,172,173,174,175,176,177,178,179,180,181,182],"class_list":{"0":"post-4305","1":"product","2":"type-product","3":"status-publish","4":"has-post-thumbnail","6":"product_cat-indica","7":"product_tag-best-marijuana-strains-for-pains","8":"product_tag-best-online-dispensary","9":"product_tag-buy-cheap-master-kush","10":"product_tag-buy-marijuana-online","11":"product_tag-buy-master-kush","12":"product_tag-buy-master-kush-in-usa","13":"product_tag-buy-master-kush-online","14":"product_tag-buy-master-kush-strains","15":"product_tag-delivery-master-kush","16":"product_tag-indica-strains","17":"product_tag-kush-masters-colorado","18":"product_tag-marijuana-medical-strains","19":"product_tag-master-kush","20":"product_tag-master-kush-420","21":"product_tag-master-kush-buds-for-sale","22":"product_tag-master-kush-cartridge","23":"product_tag-master-kush-for-sale-colorado","24":"product_tag-master-kush-for-sale-in-canada-without-mmi-card","25":"product_tag-master-kush-for-sale-in-usa","26":"product_tag-master-kush-leafly","27":"product_tag-master-kush-mail-order","28":"product_tag-master-kush-marijuana-for-sale-without-mmi-card","29":"product_tag-master-kush-marijuana-online","30":"product_tag-master-kush-marijuana-seeds","31":"product_tag-master-kush-marijuana-strain","32":"product_tag-master-kush-overnight-delivery","33":"product_tag-master-kush-overnight-shipping","34":"product_tag-master-kush-seeds","35":"product_tag-master-kush-seeds-for-sale","36":"product_tag-master-kush-strain","37":"product_tag-master-kush-strains","38":"product_tag-master-kush-strains-worldwide-delivery","39":"product_tag-master-kush-vape","40":"product_tag-master-kush-vape-cartridge","41":"product_tag-master-kush-weed","42":"product_tag-master-kush-weed-strain","43":"product_tag-medical-cannabis","44":"product_tag-medical-cannabis-delivery","45":"product_tag-medical-master-kush","46":"product_tag-medical-master-kush-strains","47":"product_tag-order-master-kush","48":"product_tag-order-master-kush-marijuana","49":"product_tag-order-master-kush-online","50":"product_tag-quality-master-kush","51":"product_tag-ship-master-kush-strains","52":"product_tag-top-shelf-master-kush-online","53":"product_tag-top-shelf-master-kush-strain","55":"first","56":"instock","57":"shipping-taxable","58":"purchasable","59":"product-type-variable"},"yoast_head":"<!-- This site is optimized with the Yoast SEO plugin v22.7 - https:\/\/yoast.com\/wordpress\/plugins\/seo\/ -->\n<title>Buy Master Kush Online in UK | Master Kush Strain for Sale<\/title>\n<meta name=\"description\" content=\"Buy Master Kush online uk and discover a classic indica strain recognized for its earthy aroma and calming qualities. Master Kush for sale with rich kush genetics and a smooth, relaxing profile.\" \/>\n<meta name=\"robots\" content=\"index, follow, max-snippet:-1, max-image-preview:large, max-video-preview:-1\" \/>\n<link rel=\"canonical\" href=\"https:\/\/grassxpress.com\/hr\/proizvod\/master-kush\/\" \/>\n<meta property=\"og:locale\" content=\"hr_HR\" \/>\n<meta property=\"og:type\" content=\"article\" \/>\n<meta property=\"og:title\" content=\"Buy Master Kush Online in UK | Master Kush Strain for Sale\" \/>\n<meta property=\"og:description\" content=\"Buy Master Kush online uk and discover a classic indica strain recognized for its earthy aroma and calming qualities. Master Kush for sale with rich kush genetics and a smooth, relaxing profile.\" \/>\n<meta property=\"og:url\" content=\"https:\/\/grassxpress.com\/hr\/proizvod\/master-kush\/\" \/>\n<meta property=\"og:site_name\" content=\"GrassXpress\" \/>\n<meta property=\"article:modified_time\" content=\"2026-04-02T09:13:13+00:00\" \/>\n<meta property=\"og:image\" content=\"https:\/\/grassxpress.com\/wp-content\/uploads\/2022\/11\/Master-kush.jpg\" \/>\n\t<meta property=\"og:image:width\" content=\"600\" \/>\n\t<meta property=\"og:image:height\" content=\"600\" \/>\n\t<meta property=\"og:image:type\" content=\"image\/jpeg\" \/>\n<meta name=\"twitter:card\" content=\"summary_large_image\" \/>\n<meta name=\"twitter:label1\" content=\"Procijenjeno vrijeme \u010ditanja\" \/>\n\t<meta name=\"twitter:data1\" content=\"3 minute\" \/>\n<!-- \/ Yoast SEO plugin. -->","yoast_head_json":{"title":"Buy Master Kush Online in UK | Master Kush Strain for Sale","description":"Buy Master Kush online uk and discover a classic indica strain recognized for its earthy aroma and calming qualities. Master Kush for sale with rich kush genetics and a smooth, relaxing profile.","robots":{"index":"index","follow":"follow","max-snippet":"max-snippet:-1","max-image-preview":"max-image-preview:large","max-video-preview":"max-video-preview:-1"},"canonical":"https:\/\/grassxpress.com\/hr\/proizvod\/master-kush\/","og_locale":"hr_HR","og_type":"article","og_title":"Buy Master Kush Online in UK | Master Kush Strain for Sale","og_description":"Buy Master Kush online uk and discover a classic indica strain recognized for its earthy aroma and calming qualities. Master Kush for sale with rich kush genetics and a smooth, relaxing profile.","og_url":"https:\/\/grassxpress.com\/hr\/proizvod\/master-kush\/","og_site_name":"GrassXpress","article_modified_time":"2026-04-02T09:13:13+00:00","og_image":[{"width":600,"height":600,"url":"https:\/\/grassxpress.com\/wp-content\/uploads\/2022\/11\/Master-kush.jpg","type":"image\/jpeg"}],"twitter_card":"summary_large_image","twitter_misc":{"Procijenjeno vrijeme \u010ditanja":"3 minute"},"schema":{"@context":"https:\/\/schema.org","@graph":[{"@type":"WebPage","@id":"https:\/\/grassxpress.com\/product\/master-kush\/","url":"https:\/\/grassxpress.com\/product\/master-kush\/","name":"Buy Master Kush Online in UK | Master Kush Strain for Sale","isPartOf":{"@id":"https:\/\/grassxpress.com\/#website"},"primaryImageOfPage":{"@id":"https:\/\/grassxpress.com\/product\/master-kush\/#primaryimage"},"image":{"@id":"https:\/\/grassxpress.com\/product\/master-kush\/#primaryimage"},"thumbnailUrl":"https:\/\/grassxpress.com\/wp-content\/uploads\/2022\/11\/Master-kush.jpg","datePublished":"2022-11-15T09:39:58+00:00","dateModified":"2026-04-02T09:13:13+00:00","description":"Buy Master Kush online uk and discover a classic indica strain recognized for its earthy aroma and calming qualities. Master Kush for sale with rich kush genetics and a smooth, relaxing profile.","breadcrumb":{"@id":"https:\/\/grassxpress.com\/product\/master-kush\/#breadcrumb"},"inLanguage":"hr","potentialAction":[{"@type":"ReadAction","target":["https:\/\/grassxpress.com\/product\/master-kush\/"]}]},{"@type":"ImageObject","inLanguage":"hr","@id":"https:\/\/grassxpress.com\/product\/master-kush\/#primaryimage","url":"https:\/\/grassxpress.com\/wp-content\/uploads\/2022\/11\/Master-kush.jpg","contentUrl":"https:\/\/grassxpress.com\/wp-content\/uploads\/2022\/11\/Master-kush.jpg","width":600,"height":600,"caption":"Master kush"},{"@type":"BreadcrumbList","@id":"https:\/\/grassxpress.com\/product\/master-kush\/#breadcrumb","itemListElement":[{"@type":"ListItem","position":1,"name":"Home","item":"https:\/\/grassxpress.com\/"},{"@type":"ListItem","position":2,"name":"Mail Order Weed UK","item":"https:\/\/grassxpress.com\/mail-order-weed-uk\/"},{"@type":"ListItem","position":3,"name":"Master kush"}]},{"@type":"WebSite","@id":"https:\/\/grassxpress.com\/#website","url":"https:\/\/grassxpress.com\/","name":"GrassXpress","description":"Buy Weed Online UK","publisher":{"@id":"https:\/\/grassxpress.com\/#organization"},"potentialAction":[{"@type":"SearchAction","target":{"@type":"EntryPoint","urlTemplate":"https:\/\/grassxpress.com\/?s={search_term_string}"},"query-input":"required name=search_term_string"}],"inLanguage":"hr"},{"@type":"Organization","@id":"https:\/\/grassxpress.com\/#organization","name":"GrassXpress","url":"https:\/\/grassxpress.com\/","logo":{"@type":"ImageObject","inLanguage":"hr","@id":"https:\/\/grassxpress.com\/#\/schema\/logo\/image\/","url":"https:\/\/grassxpress.com\/wp-content\/uploads\/2024\/01\/logo.png","contentUrl":"https:\/\/grassxpress.com\/wp-content\/uploads\/2024\/01\/logo.png","width":300,"height":100,"caption":"GrassXpress"},"image":{"@id":"https:\/\/grassxpress.com\/#\/schema\/logo\/image\/"}}]}},"_links":{"self":[{"href":"https:\/\/grassxpress.com\/hr\/wp-json\/wp\/v2\/product\/4305","targetHints":{"allow":["GET"]}}],"collection":[{"href":"https:\/\/grassxpress.com\/hr\/wp-json\/wp\/v2\/product"}],"about":[{"href":"https:\/\/grassxpress.com\/hr\/wp-json\/wp\/v2\/types\/product"}],"replies":[{"embeddable":true,"href":"https:\/\/grassxpress.com\/hr\/wp-json\/wp\/v2\/comments?post=4305"}],"wp:featuredmedia":[{"embeddable":true,"href":"https:\/\/grassxpress.com\/hr\/wp-json\/wp\/v2\/media\/4330"}],"wp:attachment":[{"href":"https:\/\/grassxpress.com\/hr\/wp-json\/wp\/v2\/media?parent=4305"}],"wp:term":[{"taxonomy":"product_cat","embeddable":true,"href":"https:\/\/grassxpress.com\/hr\/wp-json\/wp\/v2\/product_cat?post=4305"},{"taxonomy":"product_tag","embeddable":true,"href":"https:\/\/grassxpress.com\/hr\/wp-json\/wp\/v2\/product_tag?post=4305"}],"curies":[{"name":"wp","href":"https:\/\/api.w.org\/{rel}","templated":true}]}}