{"id":61,"date":"2020-01-23T18:21:52","date_gmt":"2020-01-23T18:21:52","guid":{"rendered":"https:\/\/demosites.io\/web-agency-gb\/?page_id=61"},"modified":"2023-01-06T07:07:00","modified_gmt":"2023-01-06T07:07:00","slug":"can-i-order-weed-online","status":"publish","type":"page","link":"https:\/\/grassxpress.com\/hr\/mogu-i-naruciti-travu-online\/","title":{"rendered":"O nama"},"content":{"rendered":"<h1 style=\"text-align: justify;\">legit weed \u010depovi online hrvatski<\/h1>\n<p style=\"text-align: justify;\">Mogu li naru\u010diti travu online, GrassXpress je online prodavaonica trave u kojoj mo\u017eete kupiti travu online na hrvatskom jeziku, a da ne zujite niti centimetar od svog mjesta. Mo\u017eda se pitate jer u mojoj blizini u Velikoj Britaniji ima mnogo trgovaca travom. Imamo najiskusniju ljekarni\u010dku trgovinu koja vam nudi priliku kupiti proizvode najbolje kvalitete.<\/p>\n<p style=\"text-align: justify;\">Mo\u017eete\u00a0kupiti kanabis online\u00a0bez suo\u010davanja s bilo kakvim problemom koji \u0107e lije\u010diti pacijentovu bolest i zadovoljiti rekreativne \u017eelje. Ne morate izlaziti iz ku\u0107e da biste kupili sorte marihuane online jer svoju narud\u017ebu mo\u017eete ispuniti putem svojih pametnih telefona, ra\u010dunala ili prijenosnih ra\u010dunala i posjetiti virtualnu trgovinu ha\u0161i\u0161a.<\/p>\n<p style=\"text-align: justify;\">Imamo veliku kolekciju svih sorti visokokvalitetnog korova, s razli\u010ditim cijenama za svaku sortu. Mo\u017eete ih kupiti na temelju svojih interesa i preferencija. Svaku va\u0161u narud\u017ebu pa\u017eljivo pakiramo i u atraktivnoj ambala\u017ei dostavljamo na ku\u0107nu adresu. Primljeni paket bit \u0107e bez mirisa i bit \u0107e obra\u0111en u odre\u0111enom roku. Posljednjih nekoliko godina etablirali smo se kao vode\u0107a tvrtka za slobodno vrijeme, a kupci su ukazali svoje povjerenje na\u0161im uslugama. Postali smo jedna od najbr\u017ee rastu\u0107ih tvrtki za kanabis kao rezultat na\u0161eg upornog pristupa i predvi\u0111anja. Pru\u017eamo vrhunske usluge dostave u brojnim zemljama diljem svijeta, uklju\u010duju\u0107i Ujedinjeno Kraljevstvo, Nizozemsku, Gr\u010dku, Francusku, \u0160vicarsku, Italiju i mnoge druge. Mo\u017eete nam poslati svoj zahtjev ako tra\u017eite internetsku trgovinu kanabisa u mojoj blizini.<\/p>\n<p style=\"text-align: justify;\">Sigurni smo u na\u0161e usluge jer nam se uvijek iznova vra\u0107aju oni koji kupuju kanabis za prodaju u na\u0161oj internet trgovini. Mi smo jedna od najboljih tvrtki za marihuanu na svijetu, sa stru\u010dnjacima za marihuanu i obu\u010denim radnicima koji pa\u017eljivo pregledaju svaki artikl prije nego \u0161to ga po\u0161alju na va\u0161a vrata. Nudimo sigurnu metodu pla\u0107anja, a svi \u0107e proizvodi biti unutar prihvatljivog raspona cijena za vas.<\/p>\n<p style=\"text-align: justify;\">Travu u Velikoj Britaniji kao \u0161to su AK-47, Banana Kush, Blue Dream, Blueberry Kush, Harlequin, Gelato 47, Girls Scout Cookies, Jack Ripper, Lemon Haze, Mango Kush, Master Kush mo\u017eete naru\u010diti po\u0161tom iz internetske trgovine.<\/p>\n<h2 style=\"text-align: justify;\">Mogu li naru\u010diti travu online<\/h2>\n<p style=\"text-align: justify;\">Iznerviralo nas je koliko te\u0161ko mo\u017ee biti istra\u017eivati uzgoj kanabisa i dobiti prave odgovore na osnovna pitanja o uzgoju nakon godina pregledavanja najistaknutijih stranica o uzgoju kanabisa. GrassXpress je tako\u0111er vjerovao da je potrebna korisni\u010dka metoda edukacije ljudi o rastu. Osje\u0107ali smo da je do\u0161lo vrijeme da napravimo web stranicu koja \u0107e pokazati koliko je jednostavno proizvoditi kanabis u zatvorenom prostoru uz gotovo svaki bud\u017eet. GrassXpress je namjeravao stvoriti resurs koji ne zahtijeva prijavu ili ra\u010dun, ve\u0107 umjesto toga jednostavno pru\u017ea \u0161irenje znanja koje je lako prona\u0107i za cijeli planet. Kao rezultat toga nastao je Sky bud shop Store! Je li mogu\u0107e kupiti marihuanu online?<\/p>\n<p style=\"text-align: justify;\">GrassXpress isporu\u010duje istu robu od kanabisa koju \u0107ete prona\u0107i u va\u0161oj lokalnoj prodavnici marihuane u va\u0161u ku\u0107u u Europi i diljem svijeta. Osobe s medicinskim problemima dobivaju popuste od GrassXpressa, kao i niske tro\u0161kove za stalne klijente. Pregledajte na\u0161u stranicu za svoje omiljene delicije s THC-om i naru\u010dite pomo\u0107u na\u0161eg mre\u017enog obrasca za narud\u017ebu ili obrasca za ispis. Va\u0161a originalna marihuana koju naru\u010dite po\u0161tom bit \u0107e poslana istog dana kada primimo uplatu, a mo\u017eete biti sigurni da \u0107e dostava biti diskretna i sigurna. Da, s izravnom po\u0161tanskom uputnicom i brzom dostavom na ku\u0107nu adresu, mo\u017eete kupiti pravu marihuanu online\u2026<\/p>\n<p style=\"text-align: justify;\">Ako \u017eelite kupiti marihuanu u pupoljcima, ha\u0161i\u0161u, kola\u010di\u0107ima, kola\u010di\u0107ima, tinkturama ili maslacu, nadma\u0161it \u0107emo va\u0161a o\u010dekivanja s na\u0161im nevjerojatnim izborom i kvalitetom prehrambenih proizvoda koji su pe\u010deni s najfinijim sastojcima i postavljeni po cijeni koju si mo\u017eete priu\u0161titi. Na\u0161 kuhar je profesionalni kuhar i na\u0161i uzgajiva\u010di uzgajaju najbolju travu zbog koje \u0107ete se sigurno vra\u0107ati po jo\u0161. Imamo samo najbolju marihuanu za prodaju koja sadr\u017ei stvarni THC u svim na\u0161im proizvodima.<\/p>\n<p style=\"text-align: justify;\"><strong>jamstvo najni\u017ee cijene<\/strong><\/p>\n<p style=\"text-align: justify;\">Tra\u017eite najbolju online prodavaonicu marihuane u kojoj cijena odra\u017eava kvalitetu va\u0161eg proizvoda? Onda nisi mogao na\u0107i bolje mjesto. Get Kush svojim kupcima nudimo najni\u017ee cijene cvjetova marihuane.<\/p>\n<p style=\"text-align: justify;\">Sve sorte su premium.<\/p>\n<p style=\"text-align: justify;\"><strong>Besplatna dostava<\/strong><\/p>\n<p style=\"text-align: justify;\">Sve narud\u017ebe iznad 250 eura dobivaju besplatnu dostavu. Mo\u017eete u\u017eivati u svojoj po\u0161tom naru\u010denoj marihuani znaju\u0107i da ste upravo naru\u010dili svoje omiljene sorte u udobnosti svog doma. Nakon \u0161to primimo narud\u017ebu, poslat \u0107emo vam je putem DHL-a, UPS-a, EMS-a i drugih, osiguravaju\u0107i brzu i sigurnu dostavu uz 100% dosljednost.<\/p>\n<p style=\"text-align: justify;\"><strong>sigurno i osigurano<\/strong><\/p>\n<p style=\"text-align: justify;\">Trava jo\u0161 uvijek izaziva kontroverze me\u0111u nekim ljudima. Razumijemo to i zato dr\u017eimo diskretnu dostavu. Va\u0161i \u0107e proizvodi biti zapakirani tako da izgledaju kao uobi\u010dajena po\u0161tanska narud\u017eba, s neprimjetljivom dostavom i sigurnim \u0161ifriranjem podataka transakcije.<\/p>","protected":false},"excerpt":{"rendered":"<p>legit weed plugs online UK Can i order weed online, GrassXpress is an online weed dispensary where one can buy weed online UK, without buzzing an inch from your place. You might be wondering as there are many weed dealers near me uk. We have the most proficient pharmacy store that offers you the chance<\/p>\n<div class=\"more-link\">\n             <a href=\"https:\/\/grassxpress.com\/hr\/mogu-i-naruciti-travu-online\/\" class=\"link-btn\"><span>Continue Reading <\/span><i class=\"icofont-thin-double-right\"><\/i><\/a>\n        <\/div>","protected":false},"author":1,"featured_media":0,"parent":0,"menu_order":0,"comment_status":"closed","ping_status":"closed","template":"","meta":{"_themeisle_gutenberg_block_has_review":false,"_ti_tpc_template_sync":false,"_ti_tpc_template_id":"0qhau2t6eoekosrgo1a2","_joinchat":[],"footnotes":""},"class_list":["post-61","page","type-page","status-publish","hentry"],"yoast_head":"<!-- This site is optimized with the Yoast SEO plugin v22.7 - https:\/\/yoast.com\/wordpress\/plugins\/seo\/ -->\n<title>Can i order weed online | legit weed plugs online uk | cannabis online uk<\/title>\n<meta name=\"description\" content=\"Can i order weed online. Online Dispensary in Europa for Mail Order Marijuana. Shop for Edibles, Concentrates, Sativa&#039;s, Indica&#039;s &amp; Hybrids.\" \/>\n<meta name=\"robots\" content=\"index, follow, max-snippet:-1, max-image-preview:large, max-video-preview:-1\" \/>\n<link rel=\"canonical\" href=\"https:\/\/grassxpress.com\/hr\/pot-comand-on-line-ieriana\/\" \/>\n<meta property=\"og:locale\" content=\"hr_HR\" \/>\n<meta property=\"og:type\" content=\"article\" \/>\n<meta property=\"og:title\" content=\"Can i order weed online | legit weed plugs online uk | cannabis online uk\" \/>\n<meta property=\"og:description\" content=\"Can i order weed online. Online Dispensary in Europa for Mail Order Marijuana. Shop for Edibles, Concentrates, Sativa&#039;s, Indica&#039;s &amp; Hybrids.\" \/>\n<meta property=\"og:url\" content=\"https:\/\/grassxpress.com\/hr\/pot-comand-on-line-ieriana\/\" \/>\n<meta property=\"og:site_name\" content=\"GrassXpress\" \/>\n<meta property=\"article:modified_time\" content=\"2023-01-06T07:07:00+00:00\" \/>\n<meta name=\"twitter:card\" content=\"summary_large_image\" \/>\n<meta name=\"twitter:label1\" content=\"Procijenjeno vrijeme \u010ditanja\" \/>\n\t<meta name=\"twitter:data1\" content=\"4 minute\" \/>\n<!-- \/ Yoast SEO plugin. -->","yoast_head_json":{"title":"Can i order weed online | legit weed plugs online uk | cannabis online uk","description":"Can i order weed online. Online Dispensary in Europa for Mail Order Marijuana. Shop for Edibles, Concentrates, Sativa's, Indica's & Hybrids.","robots":{"index":"index","follow":"follow","max-snippet":"max-snippet:-1","max-image-preview":"max-image-preview:large","max-video-preview":"max-video-preview:-1"},"canonical":"https:\/\/grassxpress.com\/hr\/pot-comand-on-line-ieriana\/","og_locale":"hr_HR","og_type":"article","og_title":"Can i order weed online | legit weed plugs online uk | cannabis online uk","og_description":"Can i order weed online. Online Dispensary in Europa for Mail Order Marijuana. Shop for Edibles, Concentrates, Sativa's, Indica's & Hybrids.","og_url":"https:\/\/grassxpress.com\/hr\/pot-comand-on-line-ieriana\/","og_site_name":"GrassXpress","article_modified_time":"2023-01-06T07:07:00+00:00","twitter_card":"summary_large_image","twitter_misc":{"Procijenjeno vrijeme \u010ditanja":"4 minute"},"schema":{"@context":"https:\/\/schema.org","@graph":[{"@type":"WebPage","@id":"https:\/\/grassxpress.com\/ro\/pot-comand-on-line-ieriana\/","url":"https:\/\/grassxpress.com\/ro\/pot-comand-on-line-ieriana\/","name":"Can i order weed online | legit weed plugs online uk | cannabis online uk","isPartOf":{"@id":"https:\/\/grassxpress.com\/#website"},"datePublished":"2020-01-23T18:21:52+00:00","dateModified":"2023-01-06T07:07:00+00:00","description":"Can i order weed online. Online Dispensary in Europa for Mail Order Marijuana. Shop for Edibles, Concentrates, Sativa's, Indica's & Hybrids.","breadcrumb":{"@id":"https:\/\/grassxpress.com\/ro\/pot-comand-on-line-ieriana\/#breadcrumb"},"inLanguage":"hr","potentialAction":[{"@type":"ReadAction","target":["https:\/\/grassxpress.com\/ro\/pot-comand-on-line-ieriana\/"]}]},{"@type":"BreadcrumbList","@id":"https:\/\/grassxpress.com\/ro\/pot-comand-on-line-ieriana\/#breadcrumb","itemListElement":[{"@type":"ListItem","position":1,"name":"Home","item":"https:\/\/grassxpress.com\/"},{"@type":"ListItem","position":2,"name":"About us"}]},{"@type":"WebSite","@id":"https:\/\/grassxpress.com\/#website","url":"https:\/\/grassxpress.com\/","name":"GrassXpress","description":"Buy Weed Online UK","publisher":{"@id":"https:\/\/grassxpress.com\/#organization"},"potentialAction":[{"@type":"SearchAction","target":{"@type":"EntryPoint","urlTemplate":"https:\/\/grassxpress.com\/?s={search_term_string}"},"query-input":"required name=search_term_string"}],"inLanguage":"hr"},{"@type":"Organization","@id":"https:\/\/grassxpress.com\/#organization","name":"GrassXpress","url":"https:\/\/grassxpress.com\/","logo":{"@type":"ImageObject","inLanguage":"hr","@id":"https:\/\/grassxpress.com\/#\/schema\/logo\/image\/","url":"https:\/\/grassxpress.com\/wp-content\/uploads\/2024\/01\/logo.png","contentUrl":"https:\/\/grassxpress.com\/wp-content\/uploads\/2024\/01\/logo.png","width":300,"height":100,"caption":"GrassXpress"},"image":{"@id":"https:\/\/grassxpress.com\/#\/schema\/logo\/image\/"}}]}},"_links":{"self":[{"href":"https:\/\/grassxpress.com\/hr\/wp-json\/wp\/v2\/pages\/61","targetHints":{"allow":["GET"]}}],"collection":[{"href":"https:\/\/grassxpress.com\/hr\/wp-json\/wp\/v2\/pages"}],"about":[{"href":"https:\/\/grassxpress.com\/hr\/wp-json\/wp\/v2\/types\/page"}],"author":[{"embeddable":true,"href":"https:\/\/grassxpress.com\/hr\/wp-json\/wp\/v2\/users\/1"}],"replies":[{"embeddable":true,"href":"https:\/\/grassxpress.com\/hr\/wp-json\/wp\/v2\/comments?post=61"}],"version-history":[{"count":1,"href":"https:\/\/grassxpress.com\/hr\/wp-json\/wp\/v2\/pages\/61\/revisions"}],"predecessor-version":[{"id":4659,"href":"https:\/\/grassxpress.com\/hr\/wp-json\/wp\/v2\/pages\/61\/revisions\/4659"}],"wp:attachment":[{"href":"https:\/\/grassxpress.com\/hr\/wp-json\/wp\/v2\/media?parent=61"}],"curies":[{"name":"wp","href":"https:\/\/api.w.org\/{rel}","templated":true}]}}