{"id":3298,"date":"2020-02-18T05:09:07","date_gmt":"2020-02-18T05:09:07","guid":{"rendered":"https:\/\/diligentplug.com\/?page_id=3298"},"modified":"2020-02-18T05:09:07","modified_gmt":"2020-02-18T05:09:07","slug":"faqs","status":"publish","type":"page","link":"https:\/\/grassxpress.com\/hr\/cesto-postavljana-pitanja\/","title":{"rendered":"FAQ"},"content":{"rendered":"<div id=\"main-content\">\n<article id=\"post-2333\" class=\"post-2333 page type-page status-publish hentry\">\n<div class=\"entry-content\">\n<div id=\"et-boc\" class=\"et-boc\">\n<div class=\"et-l et-l--post\">\n<div class=\"et_builder_inner_content et_pb_gutters3\">\n<div class=\"et_pb_section et_pb_section_1 et_section_regular\">\n<div class=\"et_pb_row et_pb_row_2\">\n<div class=\"et_pb_column et_pb_column_4_4 et_pb_column_2 et_pb_css_mix_blend_mode_passthrough et-last-child\">\n<div class=\"et_pb_module et_pb_text et_pb_text_2 et_pb_text_align_center et_pb_bg_layout_light\">\n<div class=\"et_pb_text_inner\">\n<h2>Gdje mogu kupiti travu online?<\/h2>\n<p>Ovo je klju\u010dna rije\u010d koja se pojavljuje pribli\u017eno 18.150 puta u rezultatima pretra\u017eivanja svakih 30 dana i stoga<br \/>\nconsidered as one of the most frequent questions asked online.Here is your answer, after seeing how difficult it was<br \/>\nbuying weed online so our team decided to come together and bring in all factors necessary and now you can order or buy weed online from Us in just three simple steps so we will will like to answer your question by saying \u201cYES\u201d you can buy weed online from weed-crew.net and get it delivered in just a twicke of an eye.<\/p>\n<\/div>\n<\/div>\n<\/div>\n<\/div>\n<div class=\"et_pb_row et_pb_row_3\">\n<div class=\"et_pb_column et_pb_column_4_4 et_pb_column_3 et_pb_css_mix_blend_mode_passthrough et-last-child\">\n<div class=\"et_pb_module et_pb_text et_pb_text_3 et_pb_text_align_center et_pb_bg_layout_light\">\n<div class=\"et_pb_text_inner\">\n<h3>How long before my order is shipped?<\/h3>\n<p>We\u00a0 do our best to make sure all oders ship out within the same day,once and order is received and payment is confirmed we will proceed with packaging and once packaging is done we will go ahead and ship out after which you will be provided with your package tracking number to enable you keep track of the package while on transit until it gets to you. We ship using <a href=\"https:\/\/en.wikipedia.org\/wiki\/United_States_Postal_Service\">USPS<\/a>, UPS, FEDEX, or Marble Logistics.<\/p>\n<\/div>\n<\/div>\n<\/div>\n<\/div>\n<div class=\"et_pb_row et_pb_row_4\">\n<div class=\"et_pb_column et_pb_column_4_4 et_pb_column_4 et_pb_css_mix_blend_mode_passthrough et-last-child\">\n<div class=\"et_pb_module et_pb_text et_pb_text_4 et_pb_text_align_center et_pb_bg_layout_light\">\n<div class=\"et_pb_text_inner\">\n<h3>How long before I get my package?<\/h3>\n<p>All packages are shiped within thesame day (24 hours ) from when order is received, however, how long it takes before your package gets to you depends entirely on two factors.<br \/>\n\u2013 The first factor is shipment type, by shipment type we mean whether your package was mailed to you as a regular package or for same day delivery or priority mail. If your package is registered as a regular mail then it will take up to two days 948 hours) for it to get to you while if it is mailed for same day delivery or priority mail then it will get to you within 24 hours.<br \/>\n\u2013 Secondly, how long it takes before your package gets to you depend on package destination, by package destination we mean whether your delivery address is within the USA or in Europe. All packages mailed to destinations within USA get delivered within 48 hours at most while packages within Europe are more likely to take up to three days (72 hours).<\/p>\n<\/div>\n<\/div>\n<\/div>\n<\/div>\n<div class=\"et_pb_row et_pb_row_5\">\n<div class=\"et_pb_column et_pb_column_4_4 et_pb_column_5 et_pb_css_mix_blend_mode_passthrough et-last-child\">\n<div class=\"et_pb_module et_pb_text et_pb_text_5 et_pb_text_align_center et_pb_bg_layout_light\">\n<div class=\"et_pb_text_inner\">\n<h3>Are there any discounts on orders ?<\/h3>\n<p>Just as any order business, our offers discount on bulk orders and on all orders made with payments types like Bitcoins. All orders above $800 receive a 25% discount wile orders paid through Bitcoins receive a 20% discount. We encourage bulk orders as they also come with free seeds. READ MORE about free seeds from our farm support policy page.<\/p>\n<\/div>\n<\/div>\n<\/div>\n<\/div>\n<div class=\"et_pb_row et_pb_row_6\">\n<div class=\"et_pb_column et_pb_column_4_4 et_pb_column_6 et_pb_css_mix_blend_mode_passthrough et-last-child\">\n<div class=\"et_pb_module et_pb_text et_pb_text_6 et_pb_text_align_center et_pb_bg_layout_light\">\n<div class=\"et_pb_text_inner\">\n<h3>Is it safe to buy weed online ?<\/h3>\n<p>Buying weed online can be tricky and risky sometimes if you don\u2019t contact the right persons, however, we \u00a0make it as safe as possible by considering a few factors as listed below<br \/>\n\u2013 Is it medical marijuana ? buying weed online can be tricky as you are most likely to only get a taste of the product<br \/>\nafter you must have paid for it already so you must make sure what you are paying for is medical marijuana and\/or lab tested for its THC and CBD contents.<br \/>\n\u2013 Will it be well packaged so i do not get in trouble ?<br \/>\nYou must make sure the your order will be well sealed so as to ensure safety in the hands of the courier, if you<br \/>\npackage is not well sealed then safe mailing through USPS, UPS or any courier service can not be guaranteed and therefore you can\u2019t be sure if your package will get into your hand or not.<\/p>\n<\/div>\n<\/div>\n<\/div>\n<\/div>\n<div class=\"et_pb_row et_pb_row_7\">\n<div class=\"et_pb_column et_pb_column_4_4 et_pb_column_7 et_pb_css_mix_blend_mode_passthrough et-last-child\">\n<div class=\"et_pb_module et_pb_text et_pb_text_7 et_pb_text_align_center et_pb_bg_layout_light\">\n<div class=\"et_pb_text_inner\">\n<h3>Can i pay with a credit or debit card ?<\/h3>\n<p>In our today\u2019s online world, credit card and debit cards are one of the most flexible methods of payments in online<br \/>\npruchases and we think every business should make provision for that. at weed-crew.net you can make payment directly using your credit or debit card. Feel safe to pay via credit card or debit as our website is SSL secured.<\/p>\n<\/div>\n<\/div>\n<\/div>\n<\/div>\n<div class=\"et_pb_row et_pb_row_8\">\n<div class=\"et_pb_column et_pb_column_4_4 et_pb_column_8 et_pb_css_mix_blend_mode_passthrough et-last-child\">\n<div class=\"et_pb_module et_pb_text et_pb_text_8 et_pb_text_align_center et_pb_bg_layout_light\">\n<div class=\"et_pb_text_inner\">\n<h3>Do you ship out free samples To Buy Weed Online?<\/h3>\n<p><a href=\"https:\/\/grassxpress.com\/hr\/order-weed-online-croatian\/\">We<\/a> offer samples of up to $50-$100 worth to all potential bulk buyers who look forward to a long term business but wish to try out our products before making huge purchases, however, the samples are not entirely for free as you are required to pay 30% of tthe package worth , this is because we realized when we give out free samples some customers turn to use that as a loophole for exploitation and only just order for free samples just to smoke and get high. All smples are a mix of 2 grams each of up to 10 different strains of your choice.<\/p>\n<\/div>\n<\/div>\n<\/div>\n<\/div>\n<div class=\"et_pb_row et_pb_row_9\">\n<div class=\"et_pb_column et_pb_column_4_4 et_pb_column_9 et_pb_css_mix_blend_mode_passthrough et-last-child\">\n<div class=\"et_pb_module et_pb_text et_pb_text_9 et_pb_text_align_center et_pb_bg_layout_light\">\n<div class=\"et_pb_text_inner\">\n<h3>Do you sell to Minors ?<\/h3>\n<p>Minors as we call them are customers below 18 years of age. We do not offer our services to any person or persons<br \/>\nbelow the age of 18 years. However, if you are a patient or suffering from anxiety related problems then we can sell<br \/>\nsmall quantities of specified products to you.<\/p>\n<\/div>\n<\/div>\n<\/div>\n<\/div>\n<\/div>\n<\/div>\n<\/div>\n<\/div>\n<\/div>\n<\/article>\n<\/div>","protected":false},"excerpt":{"rendered":"<p>Where Can I Buy Weed Online? This is a keyword which appears approximately 18,150 times in search results every 30 days and there fore is considered as one of the most frequent questions asked online.Here is your answer, after seeing how difficult it was buying weed online so our team decided to come together and<\/p>\n<div class=\"more-link\">\n             <a href=\"https:\/\/grassxpress.com\/hr\/cesto-postavljana-pitanja\/\" class=\"link-btn\"><span>Continue Reading <\/span><i class=\"icofont-thin-double-right\"><\/i><\/a>\n        <\/div>","protected":false},"author":1,"featured_media":0,"parent":0,"menu_order":0,"comment_status":"closed","ping_status":"closed","template":"","meta":{"_themeisle_gutenberg_block_has_review":false,"_ti_tpc_template_sync":false,"_ti_tpc_template_id":"","_joinchat":[],"footnotes":""},"class_list":["post-3298","page","type-page","status-publish","hentry"],"yoast_head":"<!-- This site is optimized with the Yoast SEO plugin v22.7 - https:\/\/yoast.com\/wordpress\/plugins\/seo\/ -->\n<title>FAQs | About To Buy Weed Online - GrassXpress<\/title>\n<meta name=\"description\" content=\"If you have a question? We answer your question by saying \u201cYES\u201d you can buy weed online from weed-crew.net.All packages are shiped same day.\" \/>\n<meta name=\"robots\" content=\"index, follow, max-snippet:-1, max-image-preview:large, max-video-preview:-1\" \/>\n<link rel=\"canonical\" href=\"https:\/\/grassxpress.com\/hr\/faqs\/\" \/>\n<meta property=\"og:locale\" content=\"hr_HR\" \/>\n<meta property=\"og:type\" content=\"article\" \/>\n<meta property=\"og:title\" content=\"FAQs | About To Buy Weed Online - GrassXpress\" \/>\n<meta property=\"og:description\" content=\"If you have a question? We answer your question by saying \u201cYES\u201d you can buy weed online from weed-crew.net.All packages are shiped same day.\" \/>\n<meta property=\"og:url\" content=\"https:\/\/grassxpress.com\/hr\/faqs\/\" \/>\n<meta property=\"og:site_name\" content=\"GrassXpress\" \/>\n<meta name=\"twitter:card\" content=\"summary_large_image\" \/>\n<meta name=\"twitter:label1\" content=\"Procijenjeno vrijeme \u010ditanja\" \/>\n\t<meta name=\"twitter:data1\" content=\"4 minute\" \/>\n<!-- \/ Yoast SEO plugin. -->","yoast_head_json":{"title":"FAQs | About To Buy Weed Online - GrassXpress","description":"If you have a question? We answer your question by saying \u201cYES\u201d you can buy weed online from weed-crew.net.All packages are shiped same day.","robots":{"index":"index","follow":"follow","max-snippet":"max-snippet:-1","max-image-preview":"max-image-preview:large","max-video-preview":"max-video-preview:-1"},"canonical":"https:\/\/grassxpress.com\/hr\/faqs\/","og_locale":"hr_HR","og_type":"article","og_title":"FAQs | About To Buy Weed Online - GrassXpress","og_description":"If you have a question? We answer your question by saying \u201cYES\u201d you can buy weed online from weed-crew.net.All packages are shiped same day.","og_url":"https:\/\/grassxpress.com\/hr\/faqs\/","og_site_name":"GrassXpress","twitter_card":"summary_large_image","twitter_misc":{"Procijenjeno vrijeme \u010ditanja":"4 minute"},"schema":{"@context":"https:\/\/schema.org","@graph":[{"@type":"WebPage","@id":"https:\/\/grassxpress.com\/it\/faqs\/","url":"https:\/\/grassxpress.com\/it\/faqs\/","name":"FAQs | About To Buy Weed Online - GrassXpress","isPartOf":{"@id":"https:\/\/grassxpress.com\/#website"},"datePublished":"2020-02-18T05:09:07+00:00","dateModified":"2020-02-18T05:09:07+00:00","description":"If you have a question? We answer your question by saying \u201cYES\u201d you can buy weed online from weed-crew.net.All packages are shiped same day.","breadcrumb":{"@id":"https:\/\/grassxpress.com\/it\/faqs\/#breadcrumb"},"inLanguage":"hr","potentialAction":[{"@type":"ReadAction","target":["https:\/\/grassxpress.com\/it\/faqs\/"]}]},{"@type":"BreadcrumbList","@id":"https:\/\/grassxpress.com\/it\/faqs\/#breadcrumb","itemListElement":[{"@type":"ListItem","position":1,"name":"Home","item":"https:\/\/grassxpress.com\/"},{"@type":"ListItem","position":2,"name":"FAQs"}]},{"@type":"WebSite","@id":"https:\/\/grassxpress.com\/#website","url":"https:\/\/grassxpress.com\/","name":"GrassXpress","description":"Buy Weed Online UK","publisher":{"@id":"https:\/\/grassxpress.com\/#organization"},"potentialAction":[{"@type":"SearchAction","target":{"@type":"EntryPoint","urlTemplate":"https:\/\/grassxpress.com\/?s={search_term_string}"},"query-input":"required name=search_term_string"}],"inLanguage":"hr"},{"@type":"Organization","@id":"https:\/\/grassxpress.com\/#organization","name":"GrassXpress","url":"https:\/\/grassxpress.com\/","logo":{"@type":"ImageObject","inLanguage":"hr","@id":"https:\/\/grassxpress.com\/#\/schema\/logo\/image\/","url":"https:\/\/grassxpress.com\/wp-content\/uploads\/2024\/01\/logo.png","contentUrl":"https:\/\/grassxpress.com\/wp-content\/uploads\/2024\/01\/logo.png","width":300,"height":100,"caption":"GrassXpress"},"image":{"@id":"https:\/\/grassxpress.com\/#\/schema\/logo\/image\/"}}]}},"_links":{"self":[{"href":"https:\/\/grassxpress.com\/hr\/wp-json\/wp\/v2\/pages\/3298","targetHints":{"allow":["GET"]}}],"collection":[{"href":"https:\/\/grassxpress.com\/hr\/wp-json\/wp\/v2\/pages"}],"about":[{"href":"https:\/\/grassxpress.com\/hr\/wp-json\/wp\/v2\/types\/page"}],"author":[{"embeddable":true,"href":"https:\/\/grassxpress.com\/hr\/wp-json\/wp\/v2\/users\/1"}],"replies":[{"embeddable":true,"href":"https:\/\/grassxpress.com\/hr\/wp-json\/wp\/v2\/comments?post=3298"}],"version-history":[{"count":0,"href":"https:\/\/grassxpress.com\/hr\/wp-json\/wp\/v2\/pages\/3298\/revisions"}],"wp:attachment":[{"href":"https:\/\/grassxpress.com\/hr\/wp-json\/wp\/v2\/media?parent=3298"}],"curies":[{"name":"wp","href":"https:\/\/api.w.org\/{rel}","templated":true}]}}