{"id":4379,"date":"2022-11-15T10:39:40","date_gmt":"2022-11-15T10:39:40","guid":{"rendered":"https:\/\/documentosespana.com\/diligent\/?post_type=product&#038;p=4379"},"modified":"2026-04-01T07:36:16","modified_gmt":"2026-04-01T07:36:16","slug":"gelato-47","status":"publish","type":"product","link":"https:\/\/grassxpress.com\/fi\/tuote\/gelato-47\/","title":{"rendered":"Gelato 47"},"content":{"rendered":"<div class=\"relative basis-auto flex-col -mb-(--composer-overlap-px) [--composer-overlap-px:28px] grow flex\">\n<div class=\"flex flex-col text-sm pb-25\">\n<article class=\"text-token-text-primary w-full focus:outline-none [--shadow-height:45px] has-data-writing-block:pointer-events-none has-data-writing-block:-mt-(--shadow-height) has-data-writing-block:pt-(--shadow-height) [&amp;:has([data-writing-block])&gt;*]:pointer-events-auto scroll-mt-[calc(var(--header-height)+min(200px,max(70px,20svh)))]\" dir=\"auto\" tabindex=\"-1\" data-turn-id=\"request-WEB:04e6e77b-5047-4170-b5cf-69678400d879-10\" data-testid=\"conversation-turn-22\" data-scroll-anchor=\"true\" data-turn=\"assistant\">\n<div class=\"text-base my-auto mx-auto pb-10 [--thread-content-margin:var(--thread-content-margin-xs,calc(var(--spacing)*4))] @w-sm\/main:[--thread-content-margin:var(--thread-content-margin-sm,calc(var(--spacing)*6))] @w-lg\/main:[--thread-content-margin:var(--thread-content-margin-lg,calc(var(--spacing)*16))] px-(--thread-content-margin)\">\n<div class=\"[--thread-content-max-width:40rem] @w-lg\/main:[--thread-content-max-width:48rem] mx-auto max-w-(--thread-content-max-width) flex-1 group\/turn-messages focus-visible:outline-hidden relative flex w-full min-w-0 flex-col agent-turn\" tabindex=\"-1\">\n<div class=\"flex max-w-full flex-col gap-4 grow\">\n<div class=\"min-h-8 text-message relative flex w-full flex-col items-end gap-2 text-start break-words whitespace-normal [.text-message+&amp;]:mt-1\" dir=\"auto\" data-message-author-role=\"assistant\" data-message-id=\"d25bc291-6209-41fd-b942-d9878636c13c\" data-message-model-slug=\"gpt-5-3\">\n<div class=\"flex w-full flex-col gap-1 empty:hidden\">\n<div class=\"markdown prose dark:prose-invert w-full wrap-break-word light markdown-new-styling\">\n<h2 data-section-id=\"1gh5fob\" data-start=\"0\" data-end=\"39\">Tilaa Gelato 47 Amsterdamista suomeksi<\/h2>\n<p data-start=\"41\" data-end=\"438\">Many cannabis enthusiasts who want to order weed from Amsterdam to <a href=\"https:\/\/grassxpress.com\/fi\/\">UK<\/a> look for premium hybrid strains like Gelato. If you want to <a href=\"https:\/\/grassxpress.com\/fi\/tuote\/gelato-47\/\">Buy Gelato 47 online<\/a>T\u00e4m\u00e4 kuuluisa lajike tunnetaan makeasta aromistaan, voimakkaista vaikutuksistaan \u200b\u200bja vahvasta genetiikasta. Tasapainoisen hybridiprofiilinsa ja rikkaan makunsa ansiosta myynniss\u00e4 olevasta Gelato 47:st\u00e4 on tullut yksi suosituimmista kannabislajikkeista kokeneiden k\u00e4ytt\u00e4jien keskuudessa.<\/p>\n<h3 data-section-id=\"1fzx542\" data-start=\"440\" data-end=\"468\">Gelato 47 Strain Overview<\/h3>\n<p data-start=\"470\" data-end=\"744\">Gelato, joka tunnetaan my\u00f6s nimell\u00e4 \u201dLarry Bird\u201d, on tunnettu hybridikannabislajike, jonka on kehitt\u00e4nyt Cookie Fam Genetics Kaliforniassa. Mist\u00e4 ostaa Gelato 47:\u00e4\u00e4? etsiv\u00e4t valitsevat usein t\u00e4m\u00e4n lajikkeen sen erottuvan j\u00e4lkiruokamaisen aromin ja pehme\u00e4n polttokokemuksen vuoksi. Lajike on saanut nimens\u00e4 hedelm\u00e4isest\u00e4 ja kermaisesta tuoksustaan, joka muistuttaa makeita gelato-j\u00e4lkiruokia. Gelato 47:\u00e4\u00e4 ostavat k\u00e4ytt\u00e4j\u00e4t huomaavat nuppuja, joissa on usein tumman violetteja s\u00e4vyj\u00e4, joita korostavat kirkkaan oranssit karvat ja jotka on p\u00e4\u00e4llystetty paksulla kristallihartsikerroksella. Korkeiden THC-pitoisuuksien vuoksi monet aloittelijat haluavat aloittaa hitaasti. <strong data-start=\"1085\" data-end=\"1111\">Order Gelato 47 online<\/strong>.<\/p>\n<h3 data-section-id=\"8twblx\" data-start=\"1114\" data-end=\"1142\">Gelato 47 -kannan genetiikka<\/h3>\n<p data-start=\"1144\" data-end=\"1415\">Gelato 47 is a slightly indica-dominant hybrid consisting of approximately 55 percent indica and 45 percent sativa. It is created by crossing Sunset Sherbet with Thin Mint Girl Scout Cookies, producing a strain known for its powerful effects and rich terpene profile. Consumers who Buy Gelato 47 online appreciate its sweet flavor that combines lavender, citrus, and berry notes. The aroma becomes even stronger when the buds are broken apart, revealing subtle woody and herbal undertones. Because of its premium quality, many people compare the <a href=\"https:\/\/grassxpress.com\/fi\/tuote\/girls-scout-cookies\/\">Price of Gelato 47 before purchasing.<\/a><\/p>\n<h3 data-section-id=\"1kk6kao\" data-start=\"1742\" data-end=\"1765\">Ulkon\u00e4k\u00f6 ja tuoksu<\/h3>\n<p data-start=\"1767\" data-end=\"2042\">Myyt\u00e4v\u00e4n\u00e4 olevan Gelato 47:n nuput ovat yleens\u00e4 pieni\u00e4 mutta tiheit\u00e4, mik\u00e4 heijastaa sen indica-perint\u00f6\u00e4. Eloisassa ulkon\u00e4\u00f6ss\u00e4 on mets\u00e4nvihreit\u00e4 lehti\u00e4, syv\u00e4n violetteja s\u00e4vyj\u00e4 ja kirkkaan oransseja emej\u00e4. N\u00e4m\u00e4 v\u00e4rikk\u00e4\u00e4t nuput ovat usein hartsin peitossa, mik\u00e4 antaa niille tahmean rakenteen. Monissa Gelato 47 -kasveissa esiintyv\u00e4 violetti v\u00e4ri kehittyy, kun antosyaanit, pigmentit, aktivoituvat viile\u00e4mmiss\u00e4 l\u00e4mp\u00f6tiloissa kasvin kasvuvaiheessa. Voimakkaan aromin ja maun vuoksi monet kannabiksen harrastajat etsiv\u00e4t parasta paikkaa ostaa Gelato 47:\u00e4\u00e4 verkosta varmistaakseen, ett\u00e4 he saavat aitoja ja korkealaatuisia nuppuja.<\/p>\n<h3 data-section-id=\"fg6r73\" data-start=\"2386\" data-end=\"2416\">Maku- ja savuel\u00e4mys<\/h3>\n<p data-start=\"2418\" data-end=\"2648\">When properly cured, Gelato 47 for sale has a dominant citrus aroma inherited from its Sunset Sherbet parent strain. Some users also notice subtle notes of dough, yeast, and herbal earthiness when the flowers are broken apart. The smoke from Buy Gelato 47 online products is smooth but thick, expanding in the lungs and leaving behind a creamy and slightly sweet sensation. Because the aroma is strong and pungent, users who <a href=\"https:\/\/leafmagazines.com\/leaf-picks\/flower\/gelato-47\/\">Order Gelato 47 online<\/a> should be aware that the scent can easily fill a room.<\/p>\n<h3 data-section-id=\"18izdo6\" data-start=\"2935\" data-end=\"2955\">Gelato 47 -vaikutukset<\/h3>\n<p data-start=\"2957\" data-end=\"3157\">Gelato 47 tunnetaan nopeasti vaikuttavista vaikutuksistaan, jotka voivat alkaa pian ensimm\u00e4isen sis\u00e4\u00e4nhengityksen j\u00e4lkeen. Huomattavin vaikutus on aivojen piristys, joka luo euforian ja henkisen stimulaation tunteen. Monet Gelato 47:\u00e4\u00e4 ostavat k\u00e4ytt\u00e4j\u00e4t raportoivat tehostuneen havaintokyvyn ja mielialan nousun tunteesta. Vaikka kanta antaa voimakkaan kehon piristyksen, se ei yleens\u00e4 aiheuta voimakasta sedaatiota tai sohvalukkuutta. T\u00e4m\u00e4 tasapainoinen vaikutus tekee myyt\u00e4v\u00e4st\u00e4 Gelato 47:st\u00e4 sopivan k\u00e4ytett\u00e4v\u00e4ksi p\u00e4iv\u00e4ll\u00e4 tai alkuillasta. Jotkut henkil\u00f6t kuvailevat lievi\u00e4 psykedeelisi\u00e4 tuntemuksia, kuten ajan v\u00e4\u00e4ristymist\u00e4 tai lis\u00e4\u00e4ntynytt\u00e4 tietoisuutta \u00e4\u00e4nist\u00e4 ja ymp\u00e4rist\u00f6st\u00e4. N\u00e4iden voimakkaiden vaikutusten vuoksi monet kokeneet k\u00e4ytt\u00e4j\u00e4t pit\u00e4v\u00e4t Gelato 47:\u00e4\u00e4 ensiluokkaisena kannabisvaihtoehtona. <a href=\"https:\/\/grassxpress.com\/fi\/mail-order-weed-uk\/\"><strong>Best sellers<\/strong><\/a><\/p>\n<p data-start=\"5346\" data-end=\"5668\" data-is-last-node=\"\" data-is-only-node=\"\">\n<\/div>\n<\/div>\n<\/div>\n<\/div>\n<div class=\"z-0 flex min-h-[46px] justify-start\"><\/div>\n<div class=\"mt-3 w-full empty:hidden\">\n<div class=\"text-center\"><\/div>\n<\/div>\n<\/div>\n<\/div>\n<\/article>\n<\/div>\n<div class=\"pointer-events-none h-px w-px absolute bottom-0\" aria-hidden=\"true\" data-edge=\"true\"><\/div>\n<\/div>\n<div id=\"thread-bottom-container\" class=\"sticky bottom-0 group\/thread-bottom-container relative isolate z-10 w-full basis-auto has-data-has-thread-error:pt-2 has-data-has-thread-error:[box-shadow:var(--sharp-edge-bottom-shadow)] md:border-transparent md:pt-0 dark:border-white\/20 md:dark:border-transparent print:hidden content-fade single-line flex flex-col\">\n<div class=\"relative h-0\"><\/div>\n<div id=\"thread-bottom\">\n<div class=\"text-base mx-auto [--thread-content-margin:var(--thread-content-margin-xs,calc(var(--spacing)*4))] @w-sm\/main:[--thread-content-margin:var(--thread-content-margin-sm,calc(var(--spacing)*6))] @w-lg\/main:[--thread-content-margin:var(--thread-content-margin-lg,calc(var(--spacing)*16))] px-(--thread-content-margin)\">\n<div class=\"[--thread-content-max-width:40rem] @w-lg\/main:[--thread-content-max-width:48rem] mx-auto max-w-(--thread-content-max-width) flex-1 mb-[var(--thread-component-gap,1rem)]\">\n<div class=\"flex justify-center empty:hidden\"><\/div>\n<div class=\"pointer-events-auto relative z-1 flex h-(--composer-container-height,100%) max-w-full flex-(--composer-container-flex,1) flex-col\">\n<form class=\"group\/composer w-full\" data-type=\"unified-composer\" action=\"\">\n<div class=\"\">\n<div class=\"bg-token-bg-primary corner-superellipse\/1.1 cursor-text overflow-clip bg-clip-padding p-2.5 contain-inline-size motion-safe:transition-colors motion-safe:duration-200 motion-safe:ease-in-out dark:bg-[#303030] grid grid-cols-[auto_1fr_auto] [grid-template-areas:'header_header_header'_'leading_primary_trailing'_'._footer_.'] group-data-expanded\/composer:[grid-template-areas:'header_header_header'_'primary_primary_primary'_'leading_footer_trailing'] shadow-short\" data-composer-surface=\"true\">\n<div class=\"flex items-center gap-2 [grid-area:trailing]\">\n<div class=\"ms-auto flex items-center gap-1.5\">\n<div>\n<div class=\"relative\"><\/div>\n<\/div>\n<\/div>\n<\/div>\n<\/div>\n<\/div>\n<input type=\"hidden\" name=\"trp-form-language\" value=\"fi\"\/><\/form>\n<\/div>\n<\/div>\n<\/div>\n<\/div>\n<\/div>","protected":false},"excerpt":{"rendered":"<p>T\u00e4m\u00e4 kostea bud on kuuluisa mielett\u00f6m\u00e4n herkullisesta maustaan ja valtavan voimakkaista vaikutuksistaan, joita THC-taso ruokkii.<\/p>","protected":false},"featured_media":4431,"comment_status":"open","ping_status":"closed","template":"","meta":{"_themeisle_gutenberg_block_has_review":false,"_ti_tpc_template_sync":false,"_ti_tpc_template_id":"","_joinchat":[]},"product_cat":[216],"product_tag":[266,267,268,249,250,269,270,271,272,273,274,275,276,277,278,279,280,281,282,255,283,284,285,286],"class_list":{"0":"post-4379","1":"product","2":"type-product","3":"status-publish","4":"has-post-thumbnail","6":"product_cat-hybrid","7":"product_tag-best-online-marijuana-store","8":"product_tag-buy-legal-weed-online","9":"product_tag-buying-marijuana-edibles-online-legal","10":"product_tag-california-marijuana-for-sale-online","11":"product_tag-california-weed-shop-online","12":"product_tag-can-i-order-weed-online","13":"product_tag-can-marijuana-be-ordered-online","14":"product_tag-can-marijuana-be-purchased-online","15":"product_tag-can-you-order-marijuana-online-legally","16":"product_tag-different-gelato-strains","17":"product_tag-gelato-strain-flowering-time","18":"product_tag-gelato-strain-grow-info","19":"product_tag-growing-gelato-outdoors","20":"product_tag-how-to-grow-gelato-strain","21":"product_tag-how-to-order-marijuana-online","22":"product_tag-mail-order-marijuana-united-states","23":"product_tag-marijuana-dispensaries-that-ship-nationwide","24":"product_tag-order-marijuana-online-from-colorado","25":"product_tag-order-weed-near-me","26":"product_tag-order-weed-online-ship-anywhere","27":"product_tag-purple-gelato-weed-strain","28":"product_tag-safe-mail-order-marijuana-sites","29":"product_tag-strawberry-gelato-weed-strain","30":"product_tag-white-gelato-strain-info","32":"first","33":"instock","34":"shipping-taxable","35":"purchasable","36":"product-type-variable"},"yoast_head":"<!-- This site is optimized with the Yoast SEO plugin v22.7 - https:\/\/yoast.com\/wordpress\/plugins\/seo\/ -->\n<title>Order weed from amsterdam to uk | Buy Gelato 47 weed online<\/title>\n<meta name=\"description\" content=\"Buy Gelato 47 online for a flavorful hybrid strain known for its dessert-like aroma and balanced effects. Gelato 47 for sale offers high-quality buds with rich terpene profiles.\" \/>\n<meta name=\"robots\" content=\"index, follow, max-snippet:-1, max-image-preview:large, max-video-preview:-1\" \/>\n<link rel=\"canonical\" href=\"https:\/\/grassxpress.com\/fi\/tuote\/gelato-47\/\" \/>\n<meta property=\"og:locale\" content=\"fi_FI\" \/>\n<meta property=\"og:type\" content=\"article\" \/>\n<meta property=\"og:title\" content=\"Order weed from amsterdam to uk | Buy Gelato 47 weed online\" \/>\n<meta property=\"og:description\" content=\"Buy Gelato 47 online for a flavorful hybrid strain known for its dessert-like aroma and balanced effects. Gelato 47 for sale offers high-quality buds with rich terpene profiles.\" \/>\n<meta property=\"og:url\" content=\"https:\/\/grassxpress.com\/fi\/tuote\/gelato-47\/\" \/>\n<meta property=\"og:site_name\" content=\"GrassXpress\" \/>\n<meta property=\"article:modified_time\" content=\"2026-04-01T07:36:16+00:00\" \/>\n<meta property=\"og:image\" content=\"https:\/\/grassxpress.com\/wp-content\/uploads\/2022\/11\/Gelato-47.jpg\" \/>\n\t<meta property=\"og:image:width\" content=\"600\" \/>\n\t<meta property=\"og:image:height\" content=\"600\" \/>\n\t<meta property=\"og:image:type\" content=\"image\/jpeg\" \/>\n<meta name=\"twitter:card\" content=\"summary_large_image\" \/>\n<meta name=\"twitter:label1\" content=\"Arvioitu lukuaika\" \/>\n\t<meta name=\"twitter:data1\" content=\"3 minuuttia\" \/>\n<!-- \/ Yoast SEO plugin. -->","yoast_head_json":{"title":"Order weed from amsterdam to uk | Buy Gelato 47 weed online","description":"Buy Gelato 47 online for a flavorful hybrid strain known for its dessert-like aroma and balanced effects. Gelato 47 for sale offers high-quality buds with rich terpene profiles.","robots":{"index":"index","follow":"follow","max-snippet":"max-snippet:-1","max-image-preview":"max-image-preview:large","max-video-preview":"max-video-preview:-1"},"canonical":"https:\/\/grassxpress.com\/fi\/tuote\/gelato-47\/","og_locale":"fi_FI","og_type":"article","og_title":"Order weed from amsterdam to uk | Buy Gelato 47 weed online","og_description":"Buy Gelato 47 online for a flavorful hybrid strain known for its dessert-like aroma and balanced effects. Gelato 47 for sale offers high-quality buds with rich terpene profiles.","og_url":"https:\/\/grassxpress.com\/fi\/tuote\/gelato-47\/","og_site_name":"GrassXpress","article_modified_time":"2026-04-01T07:36:16+00:00","og_image":[{"width":600,"height":600,"url":"https:\/\/grassxpress.com\/wp-content\/uploads\/2022\/11\/Gelato-47.jpg","type":"image\/jpeg"}],"twitter_card":"summary_large_image","twitter_misc":{"Arvioitu lukuaika":"3 minuuttia"},"schema":{"@context":"https:\/\/schema.org","@graph":[{"@type":"WebPage","@id":"https:\/\/grassxpress.com\/product\/gelato-47\/","url":"https:\/\/grassxpress.com\/product\/gelato-47\/","name":"Order weed from amsterdam to uk | Buy Gelato 47 weed online","isPartOf":{"@id":"https:\/\/grassxpress.com\/#website"},"primaryImageOfPage":{"@id":"https:\/\/grassxpress.com\/product\/gelato-47\/#primaryimage"},"image":{"@id":"https:\/\/grassxpress.com\/product\/gelato-47\/#primaryimage"},"thumbnailUrl":"https:\/\/grassxpress.com\/wp-content\/uploads\/2022\/11\/Gelato-47.jpg","datePublished":"2022-11-15T10:39:40+00:00","dateModified":"2026-04-01T07:36:16+00:00","description":"Buy Gelato 47 online for a flavorful hybrid strain known for its dessert-like aroma and balanced effects. Gelato 47 for sale offers high-quality buds with rich terpene profiles.","breadcrumb":{"@id":"https:\/\/grassxpress.com\/product\/gelato-47\/#breadcrumb"},"inLanguage":"fi","potentialAction":[{"@type":"ReadAction","target":["https:\/\/grassxpress.com\/product\/gelato-47\/"]}]},{"@type":"ImageObject","inLanguage":"fi","@id":"https:\/\/grassxpress.com\/product\/gelato-47\/#primaryimage","url":"https:\/\/grassxpress.com\/wp-content\/uploads\/2022\/11\/Gelato-47.jpg","contentUrl":"https:\/\/grassxpress.com\/wp-content\/uploads\/2022\/11\/Gelato-47.jpg","width":600,"height":600,"caption":"Gelato 47"},{"@type":"BreadcrumbList","@id":"https:\/\/grassxpress.com\/product\/gelato-47\/#breadcrumb","itemListElement":[{"@type":"ListItem","position":1,"name":"Home","item":"https:\/\/grassxpress.com\/"},{"@type":"ListItem","position":2,"name":"Mail Order Weed UK","item":"https:\/\/grassxpress.com\/mail-order-weed-uk\/"},{"@type":"ListItem","position":3,"name":"Gelato 47"}]},{"@type":"WebSite","@id":"https:\/\/grassxpress.com\/#website","url":"https:\/\/grassxpress.com\/","name":"GrassXpress","description":"Buy Weed Online UK","publisher":{"@id":"https:\/\/grassxpress.com\/#organization"},"potentialAction":[{"@type":"SearchAction","target":{"@type":"EntryPoint","urlTemplate":"https:\/\/grassxpress.com\/?s={search_term_string}"},"query-input":"required name=search_term_string"}],"inLanguage":"fi"},{"@type":"Organization","@id":"https:\/\/grassxpress.com\/#organization","name":"GrassXpress","url":"https:\/\/grassxpress.com\/","logo":{"@type":"ImageObject","inLanguage":"fi","@id":"https:\/\/grassxpress.com\/#\/schema\/logo\/image\/","url":"https:\/\/grassxpress.com\/wp-content\/uploads\/2024\/01\/logo.png","contentUrl":"https:\/\/grassxpress.com\/wp-content\/uploads\/2024\/01\/logo.png","width":300,"height":100,"caption":"GrassXpress"},"image":{"@id":"https:\/\/grassxpress.com\/#\/schema\/logo\/image\/"}}]}},"_links":{"self":[{"href":"https:\/\/grassxpress.com\/fi\/wp-json\/wp\/v2\/product\/4379","targetHints":{"allow":["GET"]}}],"collection":[{"href":"https:\/\/grassxpress.com\/fi\/wp-json\/wp\/v2\/product"}],"about":[{"href":"https:\/\/grassxpress.com\/fi\/wp-json\/wp\/v2\/types\/product"}],"replies":[{"embeddable":true,"href":"https:\/\/grassxpress.com\/fi\/wp-json\/wp\/v2\/comments?post=4379"}],"wp:featuredmedia":[{"embeddable":true,"href":"https:\/\/grassxpress.com\/fi\/wp-json\/wp\/v2\/media\/4431"}],"wp:attachment":[{"href":"https:\/\/grassxpress.com\/fi\/wp-json\/wp\/v2\/media?parent=4379"}],"wp:term":[{"taxonomy":"product_cat","embeddable":true,"href":"https:\/\/grassxpress.com\/fi\/wp-json\/wp\/v2\/product_cat?post=4379"},{"taxonomy":"product_tag","embeddable":true,"href":"https:\/\/grassxpress.com\/fi\/wp-json\/wp\/v2\/product_tag?post=4379"}],"curies":[{"name":"wp","href":"https:\/\/api.w.org\/{rel}","templated":true}]}}