{"id":4363,"date":"2022-11-15T10:34:28","date_gmt":"2022-11-15T10:34:28","guid":{"rendered":"https:\/\/documentosespana.com\/diligent\/?post_type=product&#038;p=4363"},"modified":"2026-04-02T09:17:53","modified_gmt":"2026-04-02T09:17:53","slug":"og-kush-strain","status":"publish","type":"product","link":"https:\/\/grassxpress.com\/fi\/tuote\/og-kush-strain\/","title":{"rendered":"OG Kush"},"content":{"rendered":"<h2>OG Kush myyt\u00e4v\u00e4n\u00e4<\/h2>\n<p><a href=\"https:\/\/grassxpress.com\/fi\/tuote\/og-kush-strain\/\">Buy OG Kush Strain<\/a> from <a href=\"https:\/\/grassxpress.com\/fi\/\">grassxpress.com<\/a> Halvimpaan hintaan ja parhaalla laadulla. OG Kush on eritt\u00e4in suosittu sativa-dominantti hybridi. Se on el\u00e4v\u00e4 legenda kannabislajikkeiden joukossa. Sit\u00e4 arvostetaan voimakkaasti sen voimakkaan euforian ja loistavan maun ansiosta. Siit\u00e4 on nopeasti tullut maailman suosituin kannabislajike. OG Kush on loistava jalostukseen ja uusien fenotyyppien luomiseen. Se jakaa eeppisen genetiikkansa lukuisten Kalifornian tehokkaimpien Kush-lajikkeiden, kuten Fire OG:n ja Tahoe OG:n, kanssa. <a href=\"https:\/\/grassxpress.com\/fi\/mail-order-weed-uk\/\">Lis\u00e4\u00e4<\/a><\/p>\n<p>Suosiosta huolimatta alkuper\u00e4ist\u00e4 OG Kush -kantaa pidet\u00e4\u00e4n geneettisen\u00e4 mysteerin\u00e4. Monet viljelij\u00e4t uskovat, ett\u00e4 se oli Chemdawgin, Lemon Thain ja Hindu Kushin risteytys, mutta kukaan ei tied\u00e4 varmasti. Monien mielest\u00e4 OG Kush -rikkakasvikanta on loistava kanta kivunlievitykseen ja unettomuuteen. Ei ole harvinaista, ett\u00e4 OG Kushissa on noin 80 % THC:t\u00e4. T\u00e4m\u00e4 tuottaa korkean, joka on aluksi kohottava, jota seuraa raskas rentouttava vartalokorkeus. Postimyynti weed finnic<\/p>\n<h3>Mik\u00e4 on OG Kush?<\/h3>\n<p>OG Kush Marijuana Strain\u00a0The foundational backbone of multiple\u00a0world famous cannabis strains,\u00a0OG Kush\u00a0is considered legendary for revolutionizing the <a href=\"https:\/\/grassxpress.com\/fi\/tuote\/platinum-girl-scout-cookies\/\">marijuana<\/a> industry, arguably rising to the recognition of \u201cmost well-known cannabis strain\u201d.\u00a0The OG Kush strain\u00a0is classified as a hybrid, with little known about its genetic origins, although rumors claim that this strain is a blend between possible parent plants\u00a0Chemdawg\u00a0and\u00a0Hindu Kush.<\/p>\n<p>T\u00e4t\u00e4 tietoa ei ole koskaan vahvistettu, mutta OG Kushin alkuper\u00e4ll\u00e4 ei n\u00e4yt\u00e4 olevan merkityst\u00e4, sill\u00e4 sen vaikutus kannabiksen maailmaan n\u00e4ytt\u00e4\u00e4 olevan paljon t\u00e4rke\u00e4mpi. OG Kushista on kasvatettu lukuisia fenotyyppej\u00e4, joista monet ovat saavuttaneet suosiota aivan kuten OGK. Joitakin n\u00e4ist\u00e4 tunnetuista fenotyypeist\u00e4 ovat Tahoe OG, Fire OG, SFV OG, Double OG ja monet muut - arvaamme, ett\u00e4 olet luultavasti tuttu ainakin muutamasta niist\u00e4. Postimyynti ruoho <a href=\"https:\/\/en.wikipedia.org\/wiki\/Special:Search?search=weed+online&amp;go=Go&amp;ns0=1\">uk<\/a><\/p>\n<p>CBD-\u00f6ljyalennus Osittain syy siihen, miksi OG Kushia on k\u00e4ytetty laajalti kannabiksen geneettisess\u00e4 jalostuksessa, johtuu t\u00e4m\u00e4n alkuper\u00e4isen kannan korkeasta THC-tehosta, joka n\u00e4ytt\u00e4\u00e4 auttavan monia kuluttajia erilaisissa l\u00e4\u00e4ketieteellisiss\u00e4 ongelmissa, joita he saattavat kokea. Kun THC-tasot ovat alueella 20-27, OG Kush -pakkaukset ovat erityisen tehokkaita ja osuvat todella siihen, joka niit\u00e4 kuluttaa.<\/p>\n<p>Although world-known, <a href=\"https:\/\/en.wikipedia.org\/wiki\/Kush\">OG Kush<\/a> seems to primarily be consumed throughout California, Colorado and the Pacific Northwest, so if you want to try a dank batch of this heady cannabis strain, look to those regions for answers.<\/p>\n<h3>JA Kush Aroma<\/h3>\n<p>Maku ja ulkon\u00e4k\u00f6 OG Kushilla on yksi tuoreimmista tuoksuista, joka muistuttaa voimakkaasti eksyneest\u00e4 vaeltelemasta syv\u00e4lle vanhaan mets\u00e4\u00e4n. Sen tuoksu on puumainen, m\u00e4ntyinen ja maanl\u00e4heinen, ja se osuu heti makuhermoihisi voimakkaalla hitill\u00e4. Sen maku yll\u00e4tt\u00e4\u00e4 edelleen kuluttajat odottamattomilla limen, sitruunan ja sitrushedelmien pohjas\u00e4vyill\u00e4 sek\u00e4 mausteisen vivahteen kanssa. Postimyynti Weed Finnic.<\/p>\n<p>Ulkon\u00e4\u00f6lt\u00e4\u00e4n OG Kush weed on perinteinen kannabiksen ulkoasu, ja siin\u00e4 on klassinen kelta-vihre\u00e4 sokerilehtien v\u00e4ri, oransseja emi\u00e4 ja lehtivihreit\u00e4, joskus salviavarjostettuja vesilehti\u00e4. Silmut on p\u00e4\u00e4llystetty tiiviisti kiteisill\u00e4 trikomilla, mik\u00e4 on t\u00e4ysin j\u00e4rkev\u00e4\u00e4, jos ottaa huomioon OG Kush -kannan raskaan THC-pitoisuuden. OG Kush Effects Pysyen uskollisena hybridiluokituslleen, OG Kush weed on erityisen tasapainoinen, ja sen korkea tuo molempien maailmojen parhaat puolet.<\/p>\n<p>Eloisa sekoitus indica- ja sativa-ominaisuuksia, OG Kush -testit ahkeralla plug-, sativa- ja indica-tasoilla ovat 60\u00a0% ja 87\u00a0%. OG Kushin nauttimisen j\u00e4lkeen voit odottaa voimakasta euforiaa ja voimakkaita aivovaikutuksia, joita seuraa usein liev\u00e4 tai voimakas sohvan lukittuminen.<\/p>\n<p>OG Kush, jota pidet\u00e4\u00e4n yhten\u00e4 rentouttavimmista mutta kohottavista muodoista, n\u00e4ytt\u00e4\u00e4 tarjoavan kuluttajilleen upean parin koko kehoa sulavaa euforiaa, mutta my\u00f6s mielelle yht\u00e4 hy\u00f6dyllist\u00e4 tulosta, j\u00e4tt\u00e4en sit\u00e4 kokeilevan onnelliseksi, rauhalliseksi ja tyynesti. , mutta pystyy kuitenkin kikattamaan, nauramaan ja nauttimaan upeasta ajasta.<\/p>\n<h3>L\u00e9ka\u0159sk\u00e9 v\u00fdhody kmene konop\u00ed \u010d. 1<\/h3>\n<p>OG Kush OG Kush ylh\u00e4\u00e4lt\u00e4 Yleisimmin k\u00e4ytetty l\u00e4\u00e4ketieteellisesti mielenterveysh\u00e4iri\u00f6iden ja kroonisen kivun hoitoon. OG Kush weed on \u00e4\u00e4rimm\u00e4isen parantava kannabiksen kanta. Se on yll\u00e4tt\u00e4nyt l\u00e4\u00e4ketieteellisen marihuanan maailman kyvyll\u00e4\u00e4n auttaa niin monia koko olemassaolonsa ajan.<\/p>\n<p>Sen taikavoimat ovat osittain syyn\u00e4 OGK:n massasuosion kasvuun. Yh\u00e4 useammat ihmiset huomaavat, ett\u00e4 heid\u00e4n on parempi kuluttaa t\u00e4t\u00e4 kantaa. Kuin perinteisten l\u00e4\u00e4kkeiden ottaminen, joihin liittyy usein ik\u00e4vi\u00e4, el\u00e4m\u00e4\u00e4 muuttavia negatiivisia sivuvaikutuksia.<\/p>\n<p>Stressi\u00e4, masennusta ja unettomuutta k\u00e4sittelev\u00e4t ihmiset ovat havainneet OG Kush -kannan olevan erityisen l\u00e4\u00e4kinn\u00e4llinen. Sek\u00e4 potilaille, jotka kokevat vaikeaa ja kroonista kipua. OG Kush auttaa todella rentoutumaan ja tukahduttamaan kipeit\u00e4 kohtia. Jos sinulla on stressi\u00e4, masennusta, ahdistusta tai muuta mielenterveysh\u00e4iri\u00f6t\u00e4. <a href=\"https:\/\/grassxpress.com\/fi\/tuote\/og-kush-strain\/\">Secure checkout<\/a><\/p>\n<p>Sitten on parasta polttaa mieto m\u00e4\u00e4r\u00e4 OG Kush -ruohoa tai sy\u00f6d\u00e4 pieniannoksista sy\u00f6t\u00e4v\u00e4\u00e4. Koska mink\u00e4 tahansa ruukun liiallinen nauttiminen mielenterveysh\u00e4iri\u00f6n hoidossa voi itse asiassa tehd\u00e4 enemm\u00e4n haittaa kuin hy\u00f6ty\u00e4. Tunne rajasi ja pysy niiden sis\u00e4ll\u00e4.<\/p>\n<p>Toisaalta, jos sinulla on unettomuus, unettomuus tai krooninen kipu. Silloin OG Kush -kannan suuremman annoksen nauttimisesta olisi enemm\u00e4n hy\u00f6ty\u00e4. T\u00e4m\u00e4 auttaa v\u00e4litt\u00f6m\u00e4sti hy\u00f6kk\u00e4\u00e4m\u00e4\u00e4n ongelmaa vastaan. J\u00e4tt\u00e4m\u00e4tt\u00e4 mit\u00e4\u00e4n mahdollisuutta olla kuluttamatta tarpeeksi suurta annosta tunteakseen hy\u00f6dyt. Suuremman annoksen saavuttamiseksi kannabiksen sy\u00f6t\u00e4v\u00e4, tiiviste tai muu kulutettava muoto voi olla paikallaan.<\/p>\n<p>OG Kushin mahdolliset sivuvaikutukset. Paras tapa v\u00e4ltt\u00e4\u00e4 OG Kush -marihuanan mahdolliset sivuvaikutukset on k\u00e4ytt\u00e4\u00e4 varotoimia. Jos olet herkk\u00e4 THC:lle ja tied\u00e4t rajasi kannabista kuluttaessasi. Kuluttajat raportoivat useimmiten suun kuivumisesta ja silmien kuivumisesta yleisen\u00e4 sivuvaikutuksena kokeilessaan OG Kush weedi\u00e4. \u00c4l\u00e4 hikoile, t\u00e4m\u00e4 on helposti ratkaistavissa juomalla kosteuttavia nesteit\u00e4 ja k\u00e4ytt\u00e4m\u00e4ll\u00e4 tarvittaessa kosteuttavia silm\u00e4tippoja.<\/p>\n<h3>Lis\u00e4ksi,<\/h3>\n<p>Jotkut ihmiset ovat kokeneet vainoharhaisuutta OG Kush -kannan nauttimisen j\u00e4lkeen. Mutta muista, ett\u00e4 korkeasi menee ohi ja hengit\u00e4 vain hitaasti, syv\u00e4sti ja tasaisesti. Se voi auttaa pit\u00e4m\u00e4\u00e4n p\u00e4\u00e4si selv\u00e4n\u00e4, jos k\u00e4yt l\u00e4pi negatiivisia ajatusmalleja.<\/p>\n<p>Meditaatio ja syv\u00e4rentoutustekniikat voivat my\u00f6s olla hy\u00f6dyllisi\u00e4 ohjeita. Viimeiset ajatukset OG Kushista: Toivomme, ett\u00e4 t\u00e4m\u00e4 OG Kush -arvostelu ei ole pelk\u00e4st\u00e4\u00e4n viihdytt\u00e4v\u00e4. Mutta my\u00f6s opettavainen ja informatiivinen. On t\u00e4rke\u00e4\u00e4 muistaa, ett\u00e4 marihuanan nauttiminen on yksinomaan k\u00e4ytt\u00e4j\u00e4n vastuulla ja siihen tulee suhtautua harkintansa mukaan.<\/p>","protected":false},"excerpt":{"rendered":"<p><strong>Grade:<\/strong> A<br \/>\nType: Sativa dominant hybrid<br \/>\n<strong>Looks:<\/strong> This deep green bud is fluffy, frosty and packed with red hairs.<br \/>\n<strong>Smell:<\/strong> Piney, Cedar-like, Citrus<br \/>\n<strong>Taste:<\/strong> A very nice earthy and pine taste with a sweet after note . A very smooth and refreshing smoke. Vaporizing intensifies flavor and is a delight to have in the mouth.<br \/>\n<strong>Effects:<\/strong> Induces a feeling of euphoria, happiness, and creativity. An uplifting and energized high.<br \/>\nPotency: 10\/10 (It\u2019s a 1 hit wonder)<\/p>","protected":false},"featured_media":4421,"comment_status":"open","ping_status":"closed","template":"","meta":{"_themeisle_gutenberg_block_has_review":false,"_ti_tpc_template_sync":false,"_ti_tpc_template_id":"","_joinchat":[]},"product_cat":[216],"product_tag":[],"class_list":{"0":"post-4363","1":"product","2":"type-product","3":"status-publish","4":"has-post-thumbnail","6":"product_cat-hybrid","8":"first","9":"instock","10":"shipping-taxable","11":"purchasable","12":"product-type-variable"},"yoast_head":"<!-- This site is optimized with the Yoast SEO plugin v22.7 - https:\/\/yoast.com\/wordpress\/plugins\/seo\/ -->\n<title>OG Kush Strain Online For Sale | GrassXpress<\/title>\n<meta name=\"description\" content=\"Buy OG Kush online in uk and explore a legendary cannabis strain valued for its strong aroma and balanced hybrid effects. OG Kush for sale featuring distinctive earthy, citrus, and fuel-like terpene notes.\" \/>\n<meta name=\"robots\" content=\"index, follow, max-snippet:-1, max-image-preview:large, max-video-preview:-1\" \/>\n<link rel=\"canonical\" href=\"https:\/\/grassxpress.com\/fi\/tuote\/og-kush-strain\/\" \/>\n<meta property=\"og:locale\" content=\"fi_FI\" \/>\n<meta property=\"og:type\" content=\"article\" \/>\n<meta property=\"og:title\" content=\"OG Kush Strain Online For Sale | GrassXpress\" \/>\n<meta property=\"og:description\" content=\"Buy OG Kush online in uk and explore a legendary cannabis strain valued for its strong aroma and balanced hybrid effects. OG Kush for sale featuring distinctive earthy, citrus, and fuel-like terpene notes.\" \/>\n<meta property=\"og:url\" content=\"https:\/\/grassxpress.com\/fi\/tuote\/og-kush-strain\/\" \/>\n<meta property=\"og:site_name\" content=\"GrassXpress\" \/>\n<meta property=\"article:modified_time\" content=\"2026-04-02T09:17:53+00:00\" \/>\n<meta property=\"og:image\" content=\"https:\/\/grassxpress.com\/wp-content\/uploads\/2022\/11\/OG-kush.jpg\" \/>\n\t<meta property=\"og:image:width\" content=\"600\" \/>\n\t<meta property=\"og:image:height\" content=\"600\" \/>\n\t<meta property=\"og:image:type\" content=\"image\/jpeg\" \/>\n<meta name=\"twitter:card\" content=\"summary_large_image\" \/>\n<meta name=\"twitter:label1\" content=\"Arvioitu lukuaika\" \/>\n\t<meta name=\"twitter:data1\" content=\"6 minuuttia\" \/>\n<!-- \/ Yoast SEO plugin. -->","yoast_head_json":{"title":"OG Kush Strain Online For Sale | GrassXpress","description":"Buy OG Kush online in uk and explore a legendary cannabis strain valued for its strong aroma and balanced hybrid effects. OG Kush for sale featuring distinctive earthy, citrus, and fuel-like terpene notes.","robots":{"index":"index","follow":"follow","max-snippet":"max-snippet:-1","max-image-preview":"max-image-preview:large","max-video-preview":"max-video-preview:-1"},"canonical":"https:\/\/grassxpress.com\/fi\/tuote\/og-kush-strain\/","og_locale":"fi_FI","og_type":"article","og_title":"OG Kush Strain Online For Sale | GrassXpress","og_description":"Buy OG Kush online in uk and explore a legendary cannabis strain valued for its strong aroma and balanced hybrid effects. OG Kush for sale featuring distinctive earthy, citrus, and fuel-like terpene notes.","og_url":"https:\/\/grassxpress.com\/fi\/tuote\/og-kush-strain\/","og_site_name":"GrassXpress","article_modified_time":"2026-04-02T09:17:53+00:00","og_image":[{"width":600,"height":600,"url":"https:\/\/grassxpress.com\/wp-content\/uploads\/2022\/11\/OG-kush.jpg","type":"image\/jpeg"}],"twitter_card":"summary_large_image","twitter_misc":{"Arvioitu lukuaika":"6 minuuttia"},"schema":{"@context":"https:\/\/schema.org","@graph":[{"@type":"WebPage","@id":"https:\/\/grassxpress.com\/product\/og-kush-strain\/","url":"https:\/\/grassxpress.com\/product\/og-kush-strain\/","name":"OG Kush Strain Online For Sale | GrassXpress","isPartOf":{"@id":"https:\/\/grassxpress.com\/#website"},"primaryImageOfPage":{"@id":"https:\/\/grassxpress.com\/product\/og-kush-strain\/#primaryimage"},"image":{"@id":"https:\/\/grassxpress.com\/product\/og-kush-strain\/#primaryimage"},"thumbnailUrl":"https:\/\/grassxpress.com\/wp-content\/uploads\/2022\/11\/OG-kush.jpg","datePublished":"2022-11-15T10:34:28+00:00","dateModified":"2026-04-02T09:17:53+00:00","description":"Buy OG Kush online in uk and explore a legendary cannabis strain valued for its strong aroma and balanced hybrid effects. OG Kush for sale featuring distinctive earthy, citrus, and fuel-like terpene notes.","breadcrumb":{"@id":"https:\/\/grassxpress.com\/product\/og-kush-strain\/#breadcrumb"},"inLanguage":"fi","potentialAction":[{"@type":"ReadAction","target":["https:\/\/grassxpress.com\/product\/og-kush-strain\/"]}]},{"@type":"ImageObject","inLanguage":"fi","@id":"https:\/\/grassxpress.com\/product\/og-kush-strain\/#primaryimage","url":"https:\/\/grassxpress.com\/wp-content\/uploads\/2022\/11\/OG-kush.jpg","contentUrl":"https:\/\/grassxpress.com\/wp-content\/uploads\/2022\/11\/OG-kush.jpg","width":600,"height":600,"caption":"OG kush"},{"@type":"BreadcrumbList","@id":"https:\/\/grassxpress.com\/product\/og-kush-strain\/#breadcrumb","itemListElement":[{"@type":"ListItem","position":1,"name":"Home","item":"https:\/\/grassxpress.com\/"},{"@type":"ListItem","position":2,"name":"Mail Order Weed UK","item":"https:\/\/grassxpress.com\/mail-order-weed-uk\/"},{"@type":"ListItem","position":3,"name":"OG kush"}]},{"@type":"WebSite","@id":"https:\/\/grassxpress.com\/#website","url":"https:\/\/grassxpress.com\/","name":"GrassXpress","description":"Buy Weed Online UK","publisher":{"@id":"https:\/\/grassxpress.com\/#organization"},"potentialAction":[{"@type":"SearchAction","target":{"@type":"EntryPoint","urlTemplate":"https:\/\/grassxpress.com\/?s={search_term_string}"},"query-input":"required name=search_term_string"}],"inLanguage":"fi"},{"@type":"Organization","@id":"https:\/\/grassxpress.com\/#organization","name":"GrassXpress","url":"https:\/\/grassxpress.com\/","logo":{"@type":"ImageObject","inLanguage":"fi","@id":"https:\/\/grassxpress.com\/#\/schema\/logo\/image\/","url":"https:\/\/grassxpress.com\/wp-content\/uploads\/2024\/01\/logo.png","contentUrl":"https:\/\/grassxpress.com\/wp-content\/uploads\/2024\/01\/logo.png","width":300,"height":100,"caption":"GrassXpress"},"image":{"@id":"https:\/\/grassxpress.com\/#\/schema\/logo\/image\/"}}]}},"_links":{"self":[{"href":"https:\/\/grassxpress.com\/fi\/wp-json\/wp\/v2\/product\/4363","targetHints":{"allow":["GET"]}}],"collection":[{"href":"https:\/\/grassxpress.com\/fi\/wp-json\/wp\/v2\/product"}],"about":[{"href":"https:\/\/grassxpress.com\/fi\/wp-json\/wp\/v2\/types\/product"}],"replies":[{"embeddable":true,"href":"https:\/\/grassxpress.com\/fi\/wp-json\/wp\/v2\/comments?post=4363"}],"wp:featuredmedia":[{"embeddable":true,"href":"https:\/\/grassxpress.com\/fi\/wp-json\/wp\/v2\/media\/4421"}],"wp:attachment":[{"href":"https:\/\/grassxpress.com\/fi\/wp-json\/wp\/v2\/media?parent=4363"}],"wp:term":[{"taxonomy":"product_cat","embeddable":true,"href":"https:\/\/grassxpress.com\/fi\/wp-json\/wp\/v2\/product_cat?post=4363"},{"taxonomy":"product_tag","embeddable":true,"href":"https:\/\/grassxpress.com\/fi\/wp-json\/wp\/v2\/product_tag?post=4363"}],"curies":[{"name":"wp","href":"https:\/\/api.w.org\/{rel}","templated":true}]}}