{"id":4360,"date":"2022-11-15T10:11:40","date_gmt":"2022-11-15T10:11:40","guid":{"rendered":"https:\/\/documentosespana.com\/diligent\/?post_type=product&#038;p=4360"},"modified":"2026-04-02T09:09:06","modified_gmt":"2026-04-02T09:09:06","slug":"banana-kush","status":"publish","type":"product","link":"https:\/\/grassxpress.com\/fi\/tuote\/banana-kush\/","title":{"rendered":"Buy Banana Kush Online UK"},"content":{"rendered":"<div class=\"relative basis-auto flex-col -mb-(--composer-overlap-px) [--composer-overlap-px:28px] grow flex\">\n<div class=\"flex flex-col text-sm pb-25\">\n<article class=\"text-token-text-primary w-full focus:outline-none [--shadow-height:45px] has-data-writing-block:pointer-events-none has-data-writing-block:-mt-(--shadow-height) has-data-writing-block:pt-(--shadow-height) [&amp;:has([data-writing-block])&gt;*]:pointer-events-auto scroll-mt-[calc(var(--header-height)+min(200px,max(70px,20svh)))]\" dir=\"auto\" tabindex=\"-1\" data-turn-id=\"request-WEB:04e6e77b-5047-4170-b5cf-69678400d879-6\" data-testid=\"conversation-turn-14\" data-scroll-anchor=\"true\" data-turn=\"assistant\">\n<div class=\"text-base my-auto mx-auto pb-10 [--thread-content-margin:var(--thread-content-margin-xs,calc(var(--spacing)*4))] @w-sm\/main:[--thread-content-margin:var(--thread-content-margin-sm,calc(var(--spacing)*6))] @w-lg\/main:[--thread-content-margin:var(--thread-content-margin-lg,calc(var(--spacing)*16))] px-(--thread-content-margin)\">\n<div class=\"[--thread-content-max-width:40rem] @w-lg\/main:[--thread-content-max-width:48rem] mx-auto max-w-(--thread-content-max-width) flex-1 group\/turn-messages focus-visible:outline-hidden relative flex w-full min-w-0 flex-col agent-turn\" tabindex=\"-1\">\n<div class=\"flex max-w-full flex-col gap-4 grow\">\n<div class=\"min-h-8 text-message relative flex w-full flex-col items-end gap-2 text-start break-words whitespace-normal [.text-message+&amp;]:mt-1\" dir=\"auto\" data-message-author-role=\"assistant\" data-message-id=\"692c1616-ac21-4157-920c-8936db92195e\" data-message-model-slug=\"gpt-5-3\">\n<div class=\"flex w-full flex-col gap-1 empty:hidden\">\n<div class=\"markdown prose dark:prose-invert w-full wrap-break-word light markdown-new-styling\">\n<h2 data-section-id=\"1pwhjtz\" data-start=\"0\" data-end=\"38\">Osta ruohoa netist\u00e4 Isosta-Britanniasta \u2013 Banana Kush<\/h2>\n<p data-start=\"40\" data-end=\"379\">If you are looking for weed to buy online UK, many cannabis enthusiasts prefer to <a href=\"https:\/\/grassxpress.com\/fi\/tuote\/banana-kush\/\">Buy Banana Kush online<\/a> ainutlaatuisen makunsa ja rentouttavien vaikutustensa ansiosta. Makean trooppisen arominsa ja voimakkaan kehonsa ansiosta myyt\u00e4v\u00e4 Banana Kush on yksi suosituimmista lajikkeista kannabiksen k\u00e4ytt\u00e4jien keskuudessa, jotka etsiv\u00e4t ensiluokkaisia \u200b\u200bnuppuja.<\/p>\n<h1 data-section-id=\"1qkgbfg\" data-start=\"381\" data-end=\"409\">Buy Banana Kush Online UK<\/h1>\n<p data-start=\"411\" data-end=\"771\">Osta Banana Kushia luotettavista kannabiskaupoista, jos haluat lajikkeen, joka tarjoaa tasapainoisen sekoituksen euforiaa ja syv\u00e4\u00e4 rentoutumista. Banana Kush on tunnettu l\u00e4nsirannikon lajike, joka on kuuluisa banaanin maustaan \u200b\u200bja rauhoittavista vaikutuksistaan. Monet kuluttajat, jotka ostavat Banana Kushia verkosta, nauttivat sen yhdistelm\u00e4st\u00e4 kohottavia henkisi\u00e4 tuntemuksia ja rauhoittavaa fyysist\u00e4 rentoutumista. T\u00e4m\u00e4 lajike on risteytys Ghost OG:n ja Skunk Hazen v\u00e4lill\u00e4, ja se tunnetaan ominaisesta aromistaan \u200b\u200bja kohtalaisen haastavasta viljelyprosessistaan. Suosionsa ja ainutlaatuisen terpeeniprofiilinsa vuoksi monet k\u00e4ytt\u00e4j\u00e4t hakevat korkealaatuisia kannabistuotteita hakusanalla \"Mist\u00e4 ostaa Banana Kushia?\".<\/p>\n<h3 data-section-id=\"1d3xzlz\" data-start=\"1067\" data-end=\"1088\">Lab Tested Results<\/h3>\n<p data-start=\"1090\" data-end=\"1110\">THC: 25 %<br data-start=\"1098\" data-end=\"1101\" \/>CBD: 0.7%<\/p>\n<p data-start=\"1112\" data-end=\"1278\">These cannabinoid levels contribute to the powerful effects that make Banana Kush for sale a highly sought-after strain for both recreational and therapeutic use.<\/p>\n<h3 data-section-id=\"mnten1\" data-start=\"1280\" data-end=\"1305\">Banana Kush -kokemus<\/h3>\n<p data-start=\"1307\" data-end=\"1560\">Vaikka Banana Kush on ensisijaisesti Indica-lajike, se tarjoaa my\u00f6s liev\u00e4\u00e4 Sativan kaltaista henkist\u00e4 stimulaatiota. Monet kannabiksen k\u00e4ytt\u00e4j\u00e4t, jotka tilaavat Banana Kushia verkosta, raportoivat voimakkaasta kehon euforisesta vaikutuksesta, joka johtaa v\u00e4hitellen syv\u00e4\u00e4n rentoutumiseen ja uneliaisuuteen. Voimakkaiden rauhoittavien vaikutustensa vuoksi Banana Kushia suositellaan usein k\u00e4ytett\u00e4v\u00e4ksi iltaisin. Monet kokeneet k\u00e4ytt\u00e4j\u00e4t suosivat t\u00e4t\u00e4 lajiketta ennen nukkumaanmenoa, koska sen rauhoittavat ominaisuudet voivat auttaa edist\u00e4m\u00e4\u00e4n levollista unta. Ennen kuin rentouttavat vaikutukset kehittyv\u00e4t t\u00e4ysin, k\u00e4ytt\u00e4j\u00e4t kokevat usein miellytt\u00e4v\u00e4n euforisen tunteen ja huomattavan mielialan nousun. T\u00e4m\u00e4 kohottava tunne on yksi syy siihen, miksi monet ihmiset etsiv\u00e4t parasta paikkaa ostaa Banana Kushia verkosta.<\/p>\n<p data-start=\"2027\" data-end=\"2213\">Joillakin k\u00e4ytt\u00e4jill\u00e4 voi esiinty\u00e4 suun tai silmien kuivumista, erityisesti suurempien annosten yhteydess\u00e4. Kannabiksen uusille k\u00e4ytt\u00e4jille on suositeltavaa aloittaa kohtuullisella m\u00e4\u00e4r\u00e4ll\u00e4 ostaessaan Banana Kushia.<\/p>\n<h3 data-section-id=\"n8ea45\" data-start=\"2215\" data-end=\"2242\">Maku- ja aromiprofiili<\/h3>\n<p data-start=\"2244\" data-end=\"2492\">Yksi Banana Kushin tunnistettavimmista ominaisuuksista on sen legendaarinen makuprofiili. T\u00e4m\u00e4 lajike tunnetaan erehtym\u00e4tt\u00f6m\u00e4st\u00e4 banaanin maustaan, johon yhdistyv\u00e4t hedelm\u00e4iset ja trooppiset vivahteet. Jotkut kannabiksen harrastajat huomaavat my\u00f6s hienovaraisia \u200b\u200bpuumaisia \u200b\u200bvivahteita. Poltettaessa Banana Kush vapauttaa makean ja hedelm\u00e4isen aromin, joka t\u00e4ytt\u00e4\u00e4 huoneen nopeasti. Sen vahva terpeeniprofiili on t\u00e4rke\u00e4 syy, miksi monet k\u00e4ytt\u00e4j\u00e4t ostavat Banana Kushia verkosta hyv\u00e4maineisista kannabiskaupoista. Visuaalisesti t\u00e4ll\u00e4 lajikkeella on vaikuttava vetovoima hyllyill\u00e4. Nupuissa on kirkkaanvihre\u00e4t lehdet, persikanv\u00e4riset emit ja runsas kerros valkoisia trikomeja. T\u00e4m\u00e4 houkutteleva ulkon\u00e4k\u00f6 helpottaa usein premium-tuotteiden tunnistamista.<\/p>\n<h3 data-section-id=\"6nc9ol\" data-start=\"2988\" data-end=\"3022\">Banana Kushin l\u00e4\u00e4ketieteelliset hy\u00f6dyt<\/h3>\n<p data-start=\"3024\" data-end=\"3286\">Vaikka Banana Kush on ensisijaisesti Indica-lajike, se tarjoaa my\u00f6s liev\u00e4\u00e4 Sativan kaltaista henkist\u00e4 stimulaatiota. Monet kannabiksen k\u00e4ytt\u00e4j\u00e4t, jotka tilaavat Banana Kushia verkosta, raportoivat voimakkaasta kehon euforisesta vaikutuksesta, joka johtaa v\u00e4hitellen syv\u00e4\u00e4n rentoutumiseen ja uneliaisuuteen. Voimakkaiden rauhoittavien vaikutustensa vuoksi Banana Kushia suositellaan usein k\u00e4ytett\u00e4v\u00e4ksi iltaisin. Monet kokeneet k\u00e4ytt\u00e4j\u00e4t suosivat t\u00e4t\u00e4 lajiketta ennen nukkumaanmenoa, koska sen rauhoittavat ominaisuudet voivat auttaa edist\u00e4m\u00e4\u00e4n levollista unta. Ennen kuin rentouttavat vaikutukset kehittyv\u00e4t t\u00e4ysin, k\u00e4ytt\u00e4j\u00e4t kokevat usein miellytt\u00e4v\u00e4n euforisen tunteen ja huomattavan mielialan nousun. T\u00e4m\u00e4 kohottava tunne on yksi syy siihen, miksi monet ihmiset etsiv\u00e4t parasta paikkaa ostaa Banana Kushia verkosta.<\/p>\n<p data-start=\"3734\" data-end=\"3996\">Lis\u00e4ksi vahvat Indica-ominaisuudet voivat auttaa kroonisen kivun hallinnassa. N\u00e4iden mahdollisten hy\u00f6tyjen vuoksi monet k\u00e4ytt\u00e4j\u00e4t vertailevat Banana Kushin hintaa eri j\u00e4lleenmyyjien v\u00e4lill\u00e4 l\u00f6yt\u00e4\u00e4kseen parhaan vastineen rahoilleen s\u00e4ilytt\u00e4en samalla tuotteen laadun. Kannabisharrastajille, jotka etsiv\u00e4t premium-lajikkeita, parhaan paikan l\u00f6yt\u00e4minen Banana Kushin ostamiseksi verkosta varmistaa p\u00e4\u00e4syn luotettaviin tuotteisiin, joilla on tasainen teho ja maku.<\/p>\n<\/div>\n<\/div>\n<\/div>\n<\/div>\n<div class=\"z-0 flex min-h-[46px] justify-start\"><\/div>\n<div class=\"mt-3 w-full empty:hidden\">\n<div class=\"text-center\"><\/div>\n<\/div>\n<\/div>\n<\/div>\n<\/article>\n<\/div>\n<div class=\"pointer-events-none h-px w-px absolute bottom-0\" aria-hidden=\"true\" data-edge=\"true\"><\/div>\n<\/div>","protected":false},"excerpt":{"rendered":"<p>Indica-dominantti hybridi - 60% Indica \/ 40% Sativa THC: 18% - 25%, CBN: 1%.<br \/>\nT\u00e4ss\u00e4 meill\u00e4 on kahden legendaarisen lajikkeen, OG Kush of the West Coastin ja Skunk Hazen, banaanin kaltainen hybridi.<\/p>\n<p>Banana Kush -marijuanakanta on indica-vetoinen hybridi. Kushin on luonut Cali Kush. T\u00e4ss\u00e4 marihuanassa on ihana tuoksu herkullisesta banaani-kush-smoothiesta. Banana Kushilla on kirkkaanvihre\u00e4t, p\u00f6rr\u00f6iset silmut, joissa on keltaoransseja karvoja. Nuppuja peitt\u00e4v\u00e4t valkoiset kiteet. Tehokkuutensa ansiosta Banana Kush -niminen kannabiskanta lievitt\u00e4\u00e4 kipujasi ja keinuttaa sinut uneen muutamassa minuutissa, mik\u00e4 on parasta y\u00f6k\u00e4ytt\u00f6\u00f6n. THC:n ollessa 18%, aloittelijoiden tulisi olla tarkkana annoksen kanssa.<\/p>","protected":false},"featured_media":4376,"comment_status":"open","ping_status":"closed","template":"","meta":{"_themeisle_gutenberg_block_has_review":false,"_ti_tpc_template_sync":false,"_ti_tpc_template_id":"","_joinchat":[]},"product_cat":[216],"product_tag":[],"class_list":{"0":"post-4360","1":"product","2":"type-product","3":"status-publish","4":"has-post-thumbnail","6":"product_cat-hybrid","8":"first","9":"instock","10":"shipping-taxable","11":"purchasable","12":"product-type-variable"},"yoast_head":"<!-- This site is optimized with the Yoast SEO plugin v22.7 - https:\/\/yoast.com\/wordpress\/plugins\/seo\/ -->\n<title>Weed to buy online uk | Buy banana kush online in Europe<\/title>\n<meta name=\"description\" content=\"Buy Banana Kush online for a flavorful hybrid strain known for its sweet tropical aroma and relaxing effects. Banana Kush for sale offers premium quality buds ideal for cannabis enthusiasts.\" \/>\n<meta name=\"robots\" content=\"index, follow, max-snippet:-1, max-image-preview:large, max-video-preview:-1\" \/>\n<link rel=\"canonical\" href=\"https:\/\/grassxpress.com\/fi\/tuote\/banana-kush\/\" \/>\n<meta property=\"og:locale\" content=\"fi_FI\" \/>\n<meta property=\"og:type\" content=\"article\" \/>\n<meta property=\"og:title\" content=\"Weed to buy online uk | Buy banana kush online in Europe\" \/>\n<meta property=\"og:description\" content=\"Buy Banana Kush online for a flavorful hybrid strain known for its sweet tropical aroma and relaxing effects. Banana Kush for sale offers premium quality buds ideal for cannabis enthusiasts.\" \/>\n<meta property=\"og:url\" content=\"https:\/\/grassxpress.com\/fi\/tuote\/banana-kush\/\" \/>\n<meta property=\"og:site_name\" content=\"GrassXpress\" \/>\n<meta property=\"article:modified_time\" content=\"2026-04-02T09:09:06+00:00\" \/>\n<meta property=\"og:image\" content=\"https:\/\/grassxpress.com\/wp-content\/uploads\/2022\/11\/Banana-kush.jpg\" \/>\n\t<meta property=\"og:image:width\" content=\"600\" \/>\n\t<meta property=\"og:image:height\" content=\"600\" \/>\n\t<meta property=\"og:image:type\" content=\"image\/jpeg\" \/>\n<meta name=\"twitter:card\" content=\"summary_large_image\" \/>\n<meta name=\"twitter:label1\" content=\"Arvioitu lukuaika\" \/>\n\t<meta name=\"twitter:data1\" content=\"3 minuuttia\" \/>\n<!-- \/ Yoast SEO plugin. -->","yoast_head_json":{"title":"Weed to buy online uk | Buy banana kush online in Europe","description":"Buy Banana Kush online for a flavorful hybrid strain known for its sweet tropical aroma and relaxing effects. Banana Kush for sale offers premium quality buds ideal for cannabis enthusiasts.","robots":{"index":"index","follow":"follow","max-snippet":"max-snippet:-1","max-image-preview":"max-image-preview:large","max-video-preview":"max-video-preview:-1"},"canonical":"https:\/\/grassxpress.com\/fi\/tuote\/banana-kush\/","og_locale":"fi_FI","og_type":"article","og_title":"Weed to buy online uk | Buy banana kush online in Europe","og_description":"Buy Banana Kush online for a flavorful hybrid strain known for its sweet tropical aroma and relaxing effects. Banana Kush for sale offers premium quality buds ideal for cannabis enthusiasts.","og_url":"https:\/\/grassxpress.com\/fi\/tuote\/banana-kush\/","og_site_name":"GrassXpress","article_modified_time":"2026-04-02T09:09:06+00:00","og_image":[{"width":600,"height":600,"url":"https:\/\/grassxpress.com\/wp-content\/uploads\/2022\/11\/Banana-kush.jpg","type":"image\/jpeg"}],"twitter_card":"summary_large_image","twitter_misc":{"Arvioitu lukuaika":"3 minuuttia"},"schema":{"@context":"https:\/\/schema.org","@graph":[{"@type":"WebPage","@id":"https:\/\/grassxpress.com\/product\/banana-kush\/","url":"https:\/\/grassxpress.com\/product\/banana-kush\/","name":"Weed to buy online uk | Buy banana kush online in Europe","isPartOf":{"@id":"https:\/\/grassxpress.com\/#website"},"primaryImageOfPage":{"@id":"https:\/\/grassxpress.com\/product\/banana-kush\/#primaryimage"},"image":{"@id":"https:\/\/grassxpress.com\/product\/banana-kush\/#primaryimage"},"thumbnailUrl":"https:\/\/grassxpress.com\/wp-content\/uploads\/2022\/11\/Banana-kush.jpg","datePublished":"2022-11-15T10:11:40+00:00","dateModified":"2026-04-02T09:09:06+00:00","description":"Buy Banana Kush online for a flavorful hybrid strain known for its sweet tropical aroma and relaxing effects. Banana Kush for sale offers premium quality buds ideal for cannabis enthusiasts.","breadcrumb":{"@id":"https:\/\/grassxpress.com\/product\/banana-kush\/#breadcrumb"},"inLanguage":"fi","potentialAction":[{"@type":"ReadAction","target":["https:\/\/grassxpress.com\/product\/banana-kush\/"]}]},{"@type":"ImageObject","inLanguage":"fi","@id":"https:\/\/grassxpress.com\/product\/banana-kush\/#primaryimage","url":"https:\/\/grassxpress.com\/wp-content\/uploads\/2022\/11\/Banana-kush.jpg","contentUrl":"https:\/\/grassxpress.com\/wp-content\/uploads\/2022\/11\/Banana-kush.jpg","width":600,"height":600,"caption":"Banana kush"},{"@type":"BreadcrumbList","@id":"https:\/\/grassxpress.com\/product\/banana-kush\/#breadcrumb","itemListElement":[{"@type":"ListItem","position":1,"name":"Home","item":"https:\/\/grassxpress.com\/"},{"@type":"ListItem","position":2,"name":"Mail Order Weed UK","item":"https:\/\/grassxpress.com\/mail-order-weed-uk\/"},{"@type":"ListItem","position":3,"name":"Buy Banana Kush Online UK"}]},{"@type":"WebSite","@id":"https:\/\/grassxpress.com\/#website","url":"https:\/\/grassxpress.com\/","name":"GrassXpress","description":"Buy Weed Online UK","publisher":{"@id":"https:\/\/grassxpress.com\/#organization"},"potentialAction":[{"@type":"SearchAction","target":{"@type":"EntryPoint","urlTemplate":"https:\/\/grassxpress.com\/?s={search_term_string}"},"query-input":"required name=search_term_string"}],"inLanguage":"fi"},{"@type":"Organization","@id":"https:\/\/grassxpress.com\/#organization","name":"GrassXpress","url":"https:\/\/grassxpress.com\/","logo":{"@type":"ImageObject","inLanguage":"fi","@id":"https:\/\/grassxpress.com\/#\/schema\/logo\/image\/","url":"https:\/\/grassxpress.com\/wp-content\/uploads\/2024\/01\/logo.png","contentUrl":"https:\/\/grassxpress.com\/wp-content\/uploads\/2024\/01\/logo.png","width":300,"height":100,"caption":"GrassXpress"},"image":{"@id":"https:\/\/grassxpress.com\/#\/schema\/logo\/image\/"}}]}},"_links":{"self":[{"href":"https:\/\/grassxpress.com\/fi\/wp-json\/wp\/v2\/product\/4360","targetHints":{"allow":["GET"]}}],"collection":[{"href":"https:\/\/grassxpress.com\/fi\/wp-json\/wp\/v2\/product"}],"about":[{"href":"https:\/\/grassxpress.com\/fi\/wp-json\/wp\/v2\/types\/product"}],"replies":[{"embeddable":true,"href":"https:\/\/grassxpress.com\/fi\/wp-json\/wp\/v2\/comments?post=4360"}],"wp:featuredmedia":[{"embeddable":true,"href":"https:\/\/grassxpress.com\/fi\/wp-json\/wp\/v2\/media\/4376"}],"wp:attachment":[{"href":"https:\/\/grassxpress.com\/fi\/wp-json\/wp\/v2\/media?parent=4360"}],"wp:term":[{"taxonomy":"product_cat","embeddable":true,"href":"https:\/\/grassxpress.com\/fi\/wp-json\/wp\/v2\/product_cat?post=4360"},{"taxonomy":"product_tag","embeddable":true,"href":"https:\/\/grassxpress.com\/fi\/wp-json\/wp\/v2\/product_tag?post=4360"}],"curies":[{"name":"wp","href":"https:\/\/api.w.org\/{rel}","templated":true}]}}