{"id":4302,"date":"2022-11-15T09:22:45","date_gmt":"2022-11-15T09:22:45","guid":{"rendered":"https:\/\/documentosespana.com\/diligent\/?post_type=product&#038;p=4302"},"modified":"2026-04-02T09:24:29","modified_gmt":"2026-04-02T09:24:29","slug":"sour-diesel","status":"publish","type":"product","link":"https:\/\/grassxpress.com\/fi\/tuote\/sour-diesel\/","title":{"rendered":"Hapan diesel"},"content":{"rendered":"<h2>Osta Sour Dieseli\u00e4 netist\u00e4 suomeksi<\/h2>\n<p><a href=\"https:\/\/grassxpress.com\/fi\/tuote\/sour-diesel\/\">Hapan diesel<\/a> Sour Diesel (kutsutaan joskus nimell\u00e4 Sour D) on yksi markkinoiden tunnetuimmista ja laajalti saatavilla olevista sativakannoista, jonka 80-90-luvun genetiikka nojaa sativan puolelle. Sen nimi on johdettu sen pist\u00e4v\u00e4st\u00e4, joskus ylivoimaisesta bensiinim\u00e4isest\u00e4 aromista, jota v\u00e4litt\u00e4v\u00e4t happamat ja happamat nuotit. osta oikeaa ruohoa verkosta finnic<\/p>\n<p>Se on eritt\u00e4in voimakas kanta, jonka THC-tasot ovat 20-20 % ja vaikutukset ovat p\u00e4\u00e4asiassa aivoissa. Vaikka sen todellinen syntyper\u00e4 on edelleen mysteeri, koska 80- ja 90-luvun maanalaisesta kannabismaailmasta ei ole noussut esiin muodollisia tietueita, suosituin teoria arvelee, ett\u00e4 Sour Diesel sai alkunsa Chemdawgin, Northern Lightsin ja Skunk #1:n kolmisuuntaisesta risteyksest\u00e4. .<\/p>\n<p>The Sour Diesel is a good yielding, stretchy strain that produces <a href=\"https:\/\/grassxpress.com\/fi\/tuote\/revontulet\/\">light green<\/a>, frosty, sour flowers that have a pinkish color when finishing. The Sour Diesel is best if you let it go the full 10 weeks and the taste lingers in your mouth well after the exhale. It is recommended to pinch and bend the tops as she grows because of the stretch, this will also improve yields. If height is an issue, you can still take advantage of this strains stretch in the first 3 weeks by putting your rooted clones directly into flower for a 3-4 foot finish or 1-1.3 meter finish. The Sour D. is great for the beginner or the experienced grower because she is not too nutrient sensitive and can be worked to perfection! A favorite among favorite and well documented you can now add Sour Diesel to your garden and see what all the fuss is about. 2nd <a href=\"https:\/\/grassxpress.com\/fi\/\">Hash HT Cannabis<\/a> Cup 2010.<\/p>\n<p>Hapan hartsimaiset silmut <a href=\"https:\/\/en.wikipedia.org\/wiki\/Special:Search?search=weed+online&amp;go=Go&amp;ns0=1\">Diesel<\/a> n\u00e4ytt\u00e4v\u00e4t py\u00f6reilt\u00e4 ja keskikokoisilta, joita peitt\u00e4v\u00e4t vihre\u00e4t ja keltaiset lehdet, joissa on kirkkaan punaisia emi\u00e4. Ne ovat tiiviit\u00e4 ja vaikeasti irrotettavia k\u00e4sin, mutta kun silmut avataan, pist\u00e4v\u00e4 haju ei vain voimistuu, vaan niiden sis\u00e4lt\u00e4 paljastuu runsas trikomien pinnoite. Savustettuna hapan diesel tuottaa ankaran, \u00e4rsytt\u00e4v\u00e4n hajun ja maun, jota seuraa usein voimakas ysk\u00e4. Jopa uloshengityksell\u00e4 on hapan, ammoniakin kaltainen maku, josta jotkut saattavat pit\u00e4\u00e4, kun taas toiset pit\u00e4v\u00e4t ep\u00e4miellytt\u00e4v\u00e4n\u00e4. Jos satut kuulumaan j\u00e4lkimm\u00e4iseen luokkaan, on suositeltavaa k\u00e4ytt\u00e4\u00e4 h\u00f6yrystint\u00e4 ei-toivotun maun tai maun v\u00e4hent\u00e4miseksi. <a href=\"https:\/\/grassxpress.com\/fi\/mail-order-weed-uk\/\">Lis\u00e4\u00e4<\/a><\/p>","protected":false},"excerpt":{"rendered":"<p>Sour Diesel, sometimes called Sour D, is an invigorating sativa-dominant strain\u00a0named after its pungent, diesel-like aroma. This fast-acting strain delivers energizing, dreamy cerebral effects that have pushed Sour Diesel to its legendary status. Stress, pain, and depression fade away in long-lasting relief that makes Sour Diesel a top choice among medical patients. This strain\u00a0took root in the early &#8217;90s, and it is believed to have descended from Chemdog\u00a091 and Super Skunk.<\/p>","protected":false},"featured_media":4316,"comment_status":"open","ping_status":"closed","template":"","meta":{"_themeisle_gutenberg_block_has_review":false,"_ti_tpc_template_sync":false,"_ti_tpc_template_id":"","_joinchat":[]},"product_cat":[19],"product_tag":[20,106,107,25,73,26,28,108,109,110,111,51,52,112,54,113,58,114,115,116,117,118,119,120,121,122,123,124,125,126,64,66,127],"class_list":{"0":"post-4302","1":"product","2":"type-product","3":"status-publish","4":"has-post-thumbnail","6":"product_cat-sativa","7":"product_tag-average-weed-prices-in-new-york","8":"product_tag-buy-1-oz-sour-diesel","9":"product_tag-buy-discount-ounce-sour-diesel","10":"product_tag-cannabis-priceofweed-com","11":"product_tag-cannabis-strain","12":"product_tag-cannabis-strain-information","13":"product_tag-home-of-premium-cannabis","14":"product_tag-how-much-does-an-ounce-of-sour-diesel-cost","15":"product_tag-how-much-is-a-quarter-of-sour-diesel","16":"product_tag-how-much-is-an-ounce-of-runtz-sour-diesel","17":"product_tag-lemon-diesel-29thc","18":"product_tag-marijuana","19":"product_tag-marijuana-bud-shop","20":"product_tag-marijuana-strain-sour-diesel","21":"product_tag-marijuanatopshelfstore-com","22":"product_tag-ounce-of-sour-diesel","23":"product_tag-ounce-of-weed","24":"product_tag-oz-sour-diesel","25":"product_tag-price-of-sour-diesel","26":"product_tag-sour-d","27":"product_tag-sour-diesel","28":"product_tag-sour-diesel-5","29":"product_tag-sour-diesel-buds","30":"product_tag-sour-diesel-hash","31":"product_tag-sour-diesel-hybrid-strains","32":"product_tag-sour-diesel-marijuana-strain","33":"product_tag-sour-diesel-shatter-glo","34":"product_tag-sour-diesel-strain","35":"product_tag-sour-diesel-weed-online","36":"product_tag-super-sour-diesel","37":"product_tag-the-price-of-weed","38":"product_tag-weedmaps","39":"product_tag-what-is-the-best-diesel-strains","41":"first","42":"instock","43":"shipping-taxable","44":"purchasable","45":"product-type-variable"},"yoast_head":"<!-- This site is optimized with the Yoast SEO plugin v22.7 - https:\/\/yoast.com\/wordpress\/plugins\/seo\/ -->\n<title>Sour Diesel Strain for Sale \u2013 Buy Sour Diesel Cannabis Online UK<\/title>\n<meta name=\"description\" content=\"Buy Sour Diesel strain for sale online uk. Legendary sativa cannabis with a strong diesel aroma and energizing cerebral high often favored for creativity, focus, and stress relief.\" \/>\n<meta name=\"robots\" content=\"index, follow, max-snippet:-1, max-image-preview:large, max-video-preview:-1\" \/>\n<link rel=\"canonical\" href=\"https:\/\/grassxpress.com\/fi\/tuote\/sour-diesel\/\" \/>\n<meta property=\"og:locale\" content=\"fi_FI\" \/>\n<meta property=\"og:type\" content=\"article\" \/>\n<meta property=\"og:title\" content=\"Sour Diesel Strain for Sale \u2013 Buy Sour Diesel Cannabis Online UK\" \/>\n<meta property=\"og:description\" content=\"Buy Sour Diesel strain for sale online uk. Legendary sativa cannabis with a strong diesel aroma and energizing cerebral high often favored for creativity, focus, and stress relief.\" \/>\n<meta property=\"og:url\" content=\"https:\/\/grassxpress.com\/fi\/tuote\/sour-diesel\/\" \/>\n<meta property=\"og:site_name\" content=\"GrassXpress\" \/>\n<meta property=\"article:modified_time\" content=\"2026-04-02T09:24:29+00:00\" \/>\n<meta property=\"og:image\" content=\"https:\/\/grassxpress.com\/wp-content\/uploads\/2022\/11\/Sour-Diesel.jpg\" \/>\n\t<meta property=\"og:image:width\" content=\"600\" \/>\n\t<meta property=\"og:image:height\" content=\"600\" \/>\n\t<meta property=\"og:image:type\" content=\"image\/jpeg\" \/>\n<meta name=\"twitter:card\" content=\"summary_large_image\" \/>\n<meta name=\"twitter:label1\" content=\"Arvioitu lukuaika\" \/>\n\t<meta name=\"twitter:data1\" content=\"2 minuuttia\" \/>\n<!-- \/ Yoast SEO plugin. -->","yoast_head_json":{"title":"Sour Diesel Strain for Sale \u2013 Buy Sour Diesel Cannabis Online UK","description":"Buy Sour Diesel strain for sale online uk. Legendary sativa cannabis with a strong diesel aroma and energizing cerebral high often favored for creativity, focus, and stress relief.","robots":{"index":"index","follow":"follow","max-snippet":"max-snippet:-1","max-image-preview":"max-image-preview:large","max-video-preview":"max-video-preview:-1"},"canonical":"https:\/\/grassxpress.com\/fi\/tuote\/sour-diesel\/","og_locale":"fi_FI","og_type":"article","og_title":"Sour Diesel Strain for Sale \u2013 Buy Sour Diesel Cannabis Online UK","og_description":"Buy Sour Diesel strain for sale online uk. Legendary sativa cannabis with a strong diesel aroma and energizing cerebral high often favored for creativity, focus, and stress relief.","og_url":"https:\/\/grassxpress.com\/fi\/tuote\/sour-diesel\/","og_site_name":"GrassXpress","article_modified_time":"2026-04-02T09:24:29+00:00","og_image":[{"width":600,"height":600,"url":"https:\/\/grassxpress.com\/wp-content\/uploads\/2022\/11\/Sour-Diesel.jpg","type":"image\/jpeg"}],"twitter_card":"summary_large_image","twitter_misc":{"Arvioitu lukuaika":"2 minuuttia"},"schema":{"@context":"https:\/\/schema.org","@graph":[{"@type":"WebPage","@id":"https:\/\/grassxpress.com\/product\/sour-diesel\/","url":"https:\/\/grassxpress.com\/product\/sour-diesel\/","name":"Sour Diesel Strain for Sale \u2013 Buy Sour Diesel Cannabis Online UK","isPartOf":{"@id":"https:\/\/grassxpress.com\/#website"},"primaryImageOfPage":{"@id":"https:\/\/grassxpress.com\/product\/sour-diesel\/#primaryimage"},"image":{"@id":"https:\/\/grassxpress.com\/product\/sour-diesel\/#primaryimage"},"thumbnailUrl":"https:\/\/grassxpress.com\/wp-content\/uploads\/2022\/11\/Sour-Diesel.jpg","datePublished":"2022-11-15T09:22:45+00:00","dateModified":"2026-04-02T09:24:29+00:00","description":"Buy Sour Diesel strain for sale online uk. Legendary sativa cannabis with a strong diesel aroma and energizing cerebral high often favored for creativity, focus, and stress relief.","breadcrumb":{"@id":"https:\/\/grassxpress.com\/product\/sour-diesel\/#breadcrumb"},"inLanguage":"fi","potentialAction":[{"@type":"ReadAction","target":["https:\/\/grassxpress.com\/product\/sour-diesel\/"]}]},{"@type":"ImageObject","inLanguage":"fi","@id":"https:\/\/grassxpress.com\/product\/sour-diesel\/#primaryimage","url":"https:\/\/grassxpress.com\/wp-content\/uploads\/2022\/11\/Sour-Diesel.jpg","contentUrl":"https:\/\/grassxpress.com\/wp-content\/uploads\/2022\/11\/Sour-Diesel.jpg","width":600,"height":600,"caption":"Sour Diesel"},{"@type":"BreadcrumbList","@id":"https:\/\/grassxpress.com\/product\/sour-diesel\/#breadcrumb","itemListElement":[{"@type":"ListItem","position":1,"name":"Home","item":"https:\/\/grassxpress.com\/"},{"@type":"ListItem","position":2,"name":"Mail Order Weed UK","item":"https:\/\/grassxpress.com\/mail-order-weed-uk\/"},{"@type":"ListItem","position":3,"name":"Sour Diesel"}]},{"@type":"WebSite","@id":"https:\/\/grassxpress.com\/#website","url":"https:\/\/grassxpress.com\/","name":"GrassXpress","description":"Buy Weed Online UK","publisher":{"@id":"https:\/\/grassxpress.com\/#organization"},"potentialAction":[{"@type":"SearchAction","target":{"@type":"EntryPoint","urlTemplate":"https:\/\/grassxpress.com\/?s={search_term_string}"},"query-input":"required name=search_term_string"}],"inLanguage":"fi"},{"@type":"Organization","@id":"https:\/\/grassxpress.com\/#organization","name":"GrassXpress","url":"https:\/\/grassxpress.com\/","logo":{"@type":"ImageObject","inLanguage":"fi","@id":"https:\/\/grassxpress.com\/#\/schema\/logo\/image\/","url":"https:\/\/grassxpress.com\/wp-content\/uploads\/2024\/01\/logo.png","contentUrl":"https:\/\/grassxpress.com\/wp-content\/uploads\/2024\/01\/logo.png","width":300,"height":100,"caption":"GrassXpress"},"image":{"@id":"https:\/\/grassxpress.com\/#\/schema\/logo\/image\/"}}]}},"_links":{"self":[{"href":"https:\/\/grassxpress.com\/fi\/wp-json\/wp\/v2\/product\/4302","targetHints":{"allow":["GET"]}}],"collection":[{"href":"https:\/\/grassxpress.com\/fi\/wp-json\/wp\/v2\/product"}],"about":[{"href":"https:\/\/grassxpress.com\/fi\/wp-json\/wp\/v2\/types\/product"}],"replies":[{"embeddable":true,"href":"https:\/\/grassxpress.com\/fi\/wp-json\/wp\/v2\/comments?post=4302"}],"wp:featuredmedia":[{"embeddable":true,"href":"https:\/\/grassxpress.com\/fi\/wp-json\/wp\/v2\/media\/4316"}],"wp:attachment":[{"href":"https:\/\/grassxpress.com\/fi\/wp-json\/wp\/v2\/media?parent=4302"}],"wp:term":[{"taxonomy":"product_cat","embeddable":true,"href":"https:\/\/grassxpress.com\/fi\/wp-json\/wp\/v2\/product_cat?post=4302"},{"taxonomy":"product_tag","embeddable":true,"href":"https:\/\/grassxpress.com\/fi\/wp-json\/wp\/v2\/product_tag?post=4302"}],"curies":[{"name":"wp","href":"https:\/\/api.w.org\/{rel}","templated":true}]}}