{"id":61,"date":"2020-01-23T18:21:52","date_gmt":"2020-01-23T18:21:52","guid":{"rendered":"https:\/\/demosites.io\/web-agency-gb\/?page_id=61"},"modified":"2023-01-06T07:07:00","modified_gmt":"2023-01-06T07:07:00","slug":"can-i-order-weed-online","status":"publish","type":"page","link":"https:\/\/grassxpress.com\/fi\/voin-tilata-weed-verkosta\/","title":{"rendered":"Meist\u00e4"},"content":{"rendered":"<h1 style=\"text-align: justify;\">legit rikkaruohotulpat verkossa Finnic<\/h1>\n<p style=\"text-align: justify;\">Voinko tilata rikkaruohoja verkosta, GrassXpress on online-kasvihoitola, josta voi ostaa rikkaruohoja Finnicin verkosta ilman, ett\u00e4 se surinaa paikaltasi. Saatat ihmetell\u00e4, koska l\u00e4hell\u00e4ni on monia rikkakasvien j\u00e4lleenmyyji\u00e4 Yhdistyneess\u00e4 kuningaskunnassa. Meill\u00e4 on asiantuntevin apteekki, joka tarjoaa sinulle mahdollisuuden ostaa laadukkaimpia tuotteita.<\/p>\n<p style=\"text-align: justify;\">Voit ostaa kannabista verkosta ilman, ett\u00e4 sinulla on ongelmia, jotka hoitavat potilaan sairautta ja tyydytt\u00e4v\u00e4t virkistyshaluja. Sinun ei tarvitse poistua kotoa ostaaksesi marihuanakantoja verkosta, sill\u00e4 voit suorittaa tilauksesi joko \u00e4lypuhelimesi, PC:si tai kannettavan tietokoneen kautta ja vierailla virtuaalisessa hash-kaupassa.<\/p>\n<p style=\"text-align: justify;\">Meill\u00e4 on laaja kokoelma kaikkia lajikkeita korkealaatuisia rikkakasveja, eri hinnoilla jokaiselle lajikkeelle. Voit ostaa niit\u00e4 kiinnostuksen kohteidesi ja mieltymystesi perusteella. Pakkaamme jokaisen tilauksesi huolellisesti ja toimitamme ne kotiisi houkuttelevissa pakkauksissa. Vastaanotettu paketti on hajuton ja se k\u00e4sitell\u00e4\u00e4n tietyn ajan kuluessa. Olemme viime vuosina vakiinnuttaneet asemamme johtavana vapaa-ajan yrityksen\u00e4 ja asiakkaat ovat luottaneet palveluihimme. Meist\u00e4 on tullut yksi nopeimmin kasvavista kannabisyrityksist\u00e4 pitk\u00e4j\u00e4nteisen l\u00e4hestymistapamme ja kaukon\u00e4k\u00f6isyytemme ansiosta. Tarjoamme ensiluokkaisia toimituspalveluita useissa maissa ymp\u00e4ri maailmaa, mukaan lukien Iso-Britannia, Alankomaat, Kreikka, Ranska, Sveitsi, Italia ja monet muut. Voit l\u00e4hett\u00e4\u00e4 meille pyynt\u00f6si, jos etsit kannabisverkkokauppaa l\u00e4hell\u00e4ni.<\/p>\n<p style=\"text-align: justify;\">Luotamme palveluihimme, koska verkkokaupastamme kannabista myyt\u00e4v\u00e4ksi ostaneet palaavat meille kerta toisensa j\u00e4lkeen. Olemme yksi maailman parhaista ruukkuyrityksist\u00e4, ja meill\u00e4 on marihuanan asiantuntijoita ja koulutettuja ty\u00f6ntekij\u00f6it\u00e4, jotka tarkastavat jokaisen tuotteen huolellisesti ennen kuin l\u00e4hett\u00e4v\u00e4t sen kotiovellesi. Tarjoamme turvallisen maksutavan, ja kaikki tuotteet ovat sinulle hyv\u00e4ksytt\u00e4v\u00e4n hintaluokan sis\u00e4ll\u00e4.<\/p>\n<p style=\"text-align: justify;\">Voit tilata verkkokaupasta postitse Weed uk:n, kuten AK-47, Banana Kush, Blue Dream, Blueberry Kush, Harlequin, Gelato 47, Girls Scout Cookies, Jack Ripper, Lemon Haze, Mango Kush, Master Kush.<\/p>\n<h2 style=\"text-align: justify;\">Voinko tilata Weedin verkosta<\/h2>\n<p style=\"text-align: justify;\">Olimme \u00e4rsyyntyneit\u00e4 siit\u00e4, kuinka vaikeaa voi olla tutkia kannabiksen kasvua ja saada oikeita vastauksia kasvatuksen peruskysymyksiin vuosia selattuamme n\u00e4kyvimpi\u00e4 kannabiksen kasvatussivustoja. GrassXpress uskoi my\u00f6s, ett\u00e4 tarvitaan k\u00e4ytt\u00e4j\u00e4yst\u00e4v\u00e4llisempi tapa kouluttaa ihmisi\u00e4 kasvusta. Tunsimme, ett\u00e4 oli aika luoda verkkosivusto, joka n\u00e4ytt\u00e4\u00e4, kuinka helppoa on tuottaa kannabista sis\u00e4tiloissa l\u00e4hes mill\u00e4 tahansa budjetilla. GrassXpressin tarkoituksena oli luoda resurssi, joka ei vaatinut kirjautumista tai tili\u00e4, vaan tarjosi yksinkertaisesti helposti l\u00f6ydett\u00e4v\u00e4\u00e4, laajennettavaa tietoa koko planeetalle. Sky bud shop Store syntyi t\u00e4m\u00e4n seurauksena! Onko mahdollista ostaa marihuanaa verkosta?<\/p>\n<p style=\"text-align: justify;\">GrassXpress toimittaa samat kannabistuotteet, jotka l\u00f6yd\u00e4t paikallisesta marihuanaampullisti, kotiisi Euroopassa ja ymp\u00e4ri maailmaa. Ihmiset, joilla on l\u00e4\u00e4ketieteellisi\u00e4 ongelmia, saavat alennuksia GrassXpressista sek\u00e4 alhaiset kustannukset toistuvista asiakkaista. Selaa sivuiltamme suosikki THC-herkkujasi ja tee tilauksesi online- tai tulostettavalla tilauslomakkeellamme. Aito postimyyntimarihuana l\u00e4hetet\u00e4\u00e4n samana p\u00e4iv\u00e4n\u00e4, kun saamme maksun, ja voit olla varma, ett\u00e4 toimitus on huomaamaton ja turvallinen. Kyll\u00e4, suoralla postitilauksella ja nopealla toimituksella kotiisi voit ostaa aitoa marihuanaa verkosta\u2026<\/p>\n<p style=\"text-align: justify;\">Jos aiot ostaa marihuanaa silmumuodossa, hashilla, keksill\u00e4, browniesilla, tinktuureilla tai voita, ylit\u00e4mme odotuksesi h\u00e4mm\u00e4stytt\u00e4v\u00e4ll\u00e4 valikoimallamme ja laadukkailla elintarvikkeilla, jotka on paistettu parhaista aineksista ja asetettu hintaan, johon sinulla on varaa. Kokkimme on ammattitaitoinen kokki, ja viljelij\u00e4mme ovat kasvattaneet hienointa rikkaruohoa, joka saa sinut varmasti palaamaan lis\u00e4\u00e4. Meill\u00e4 on myynniss\u00e4 vain parasta marihuanaa, joka sis\u00e4lt\u00e4\u00e4 todellista THC:t\u00e4 kaikissa tuotteissamme.<\/p>\n<p style=\"text-align: justify;\"><strong>alimman hinnan takuu<\/strong><\/p>\n<p style=\"text-align: justify;\">Etsitk\u00f6 parasta online-marihuana-apteekkia, jossa hinta heijastaa tuotteesi laatua? Sitten et l\u00f6yt\u00e4nyt parempaa paikkaa. Get Kushilla tarjoamme asiakkaillemme alhaisimmat hinnat marihuanan kukista.<\/p>\n<p style=\"text-align: justify;\">Kaikki lajikkeet ovat premium-laatuisia.<\/p>\n<p style=\"text-align: justify;\"><strong>ilmainen toimitus<\/strong><\/p>\n<p style=\"text-align: justify;\">Kaikki yli 250 euron tilaukset toimitetaan ilmaiseksi. Voit nauttia postitse tilaamastasi marihuanasta tiet\u00e4en, ett\u00e4 olet juuri tilannut suosikkilajisi mukavasti kotonasi. Kun olemme vastaanottaneet tilauksen, l\u00e4het\u00e4mme sen sinulle DHL:n, UPS:n, EMS:n ja muiden kautta varmistaen nopean ja turvallisen toimituksen 100 % johdonmukaisesti.<\/p>\n<p style=\"text-align: justify;\"><strong>turvallinen ja turvallinen<\/strong><\/p>\n<p style=\"text-align: justify;\">Weed her\u00e4tt\u00e4\u00e4 edelleen kiistoja joidenkin ihmisten keskuudessa. Ymm\u00e4rr\u00e4mme t\u00e4m\u00e4n, mink\u00e4 vuoksi pid\u00e4mme toimitustamme huomaamattomana. Tuotteesi pakataan n\u00e4ytt\u00e4m\u00e4\u00e4n tavalliselta postimyynnilt\u00e4, jolloin toimitus on havaittamaton ja tapahtumatiedot salataan turvallisesti.<\/p>","protected":false},"excerpt":{"rendered":"<p>legit weed plugs online UK Can i order weed online, GrassXpress is an online weed dispensary where one can buy weed online UK, without buzzing an inch from your place. You might be wondering as there are many weed dealers near me uk. We have the most proficient pharmacy store that offers you the chance<\/p>\n<div class=\"more-link\">\n             <a href=\"https:\/\/grassxpress.com\/fi\/voin-tilata-weed-verkosta\/\" class=\"link-btn\"><span>Continue Reading <\/span><i class=\"icofont-thin-double-right\"><\/i><\/a>\n        <\/div>","protected":false},"author":1,"featured_media":0,"parent":0,"menu_order":0,"comment_status":"closed","ping_status":"closed","template":"","meta":{"_themeisle_gutenberg_block_has_review":false,"_ti_tpc_template_sync":false,"_ti_tpc_template_id":"0qhau2t6eoekosrgo1a2","_joinchat":[],"footnotes":""},"class_list":["post-61","page","type-page","status-publish","hentry"],"yoast_head":"<!-- This site is optimized with the Yoast SEO plugin v22.7 - https:\/\/yoast.com\/wordpress\/plugins\/seo\/ -->\n<title>Can i order weed online | legit weed plugs online uk | cannabis online uk<\/title>\n<meta name=\"description\" content=\"Can i order weed online. Online Dispensary in Europa for Mail Order Marijuana. Shop for Edibles, Concentrates, Sativa&#039;s, Indica&#039;s &amp; Hybrids.\" \/>\n<meta name=\"robots\" content=\"index, follow, max-snippet:-1, max-image-preview:large, max-video-preview:-1\" \/>\n<link rel=\"canonical\" href=\"https:\/\/grassxpress.com\/fi\/pot-comand-on-line-ieriana\/\" \/>\n<meta property=\"og:locale\" content=\"fi_FI\" \/>\n<meta property=\"og:type\" content=\"article\" \/>\n<meta property=\"og:title\" content=\"Can i order weed online | legit weed plugs online uk | cannabis online uk\" \/>\n<meta property=\"og:description\" content=\"Can i order weed online. Online Dispensary in Europa for Mail Order Marijuana. Shop for Edibles, Concentrates, Sativa&#039;s, Indica&#039;s &amp; Hybrids.\" \/>\n<meta property=\"og:url\" content=\"https:\/\/grassxpress.com\/fi\/pot-comand-on-line-ieriana\/\" \/>\n<meta property=\"og:site_name\" content=\"GrassXpress\" \/>\n<meta property=\"article:modified_time\" content=\"2023-01-06T07:07:00+00:00\" \/>\n<meta name=\"twitter:card\" content=\"summary_large_image\" \/>\n<meta name=\"twitter:label1\" content=\"Arvioitu lukuaika\" \/>\n\t<meta name=\"twitter:data1\" content=\"4 minuuttia\" \/>\n<!-- \/ Yoast SEO plugin. -->","yoast_head_json":{"title":"Can i order weed online | legit weed plugs online uk | cannabis online uk","description":"Can i order weed online. Online Dispensary in Europa for Mail Order Marijuana. Shop for Edibles, Concentrates, Sativa's, Indica's & Hybrids.","robots":{"index":"index","follow":"follow","max-snippet":"max-snippet:-1","max-image-preview":"max-image-preview:large","max-video-preview":"max-video-preview:-1"},"canonical":"https:\/\/grassxpress.com\/fi\/pot-comand-on-line-ieriana\/","og_locale":"fi_FI","og_type":"article","og_title":"Can i order weed online | legit weed plugs online uk | cannabis online uk","og_description":"Can i order weed online. Online Dispensary in Europa for Mail Order Marijuana. Shop for Edibles, Concentrates, Sativa's, Indica's & Hybrids.","og_url":"https:\/\/grassxpress.com\/fi\/pot-comand-on-line-ieriana\/","og_site_name":"GrassXpress","article_modified_time":"2023-01-06T07:07:00+00:00","twitter_card":"summary_large_image","twitter_misc":{"Arvioitu lukuaika":"4 minuuttia"},"schema":{"@context":"https:\/\/schema.org","@graph":[{"@type":"WebPage","@id":"https:\/\/grassxpress.com\/ro\/pot-comand-on-line-ieriana\/","url":"https:\/\/grassxpress.com\/ro\/pot-comand-on-line-ieriana\/","name":"Can i order weed online | legit weed plugs online uk | cannabis online uk","isPartOf":{"@id":"https:\/\/grassxpress.com\/#website"},"datePublished":"2020-01-23T18:21:52+00:00","dateModified":"2023-01-06T07:07:00+00:00","description":"Can i order weed online. Online Dispensary in Europa for Mail Order Marijuana. Shop for Edibles, Concentrates, Sativa's, Indica's & Hybrids.","breadcrumb":{"@id":"https:\/\/grassxpress.com\/ro\/pot-comand-on-line-ieriana\/#breadcrumb"},"inLanguage":"fi","potentialAction":[{"@type":"ReadAction","target":["https:\/\/grassxpress.com\/ro\/pot-comand-on-line-ieriana\/"]}]},{"@type":"BreadcrumbList","@id":"https:\/\/grassxpress.com\/ro\/pot-comand-on-line-ieriana\/#breadcrumb","itemListElement":[{"@type":"ListItem","position":1,"name":"Home","item":"https:\/\/grassxpress.com\/"},{"@type":"ListItem","position":2,"name":"About us"}]},{"@type":"WebSite","@id":"https:\/\/grassxpress.com\/#website","url":"https:\/\/grassxpress.com\/","name":"GrassXpress","description":"Buy Weed Online UK","publisher":{"@id":"https:\/\/grassxpress.com\/#organization"},"potentialAction":[{"@type":"SearchAction","target":{"@type":"EntryPoint","urlTemplate":"https:\/\/grassxpress.com\/?s={search_term_string}"},"query-input":"required name=search_term_string"}],"inLanguage":"fi"},{"@type":"Organization","@id":"https:\/\/grassxpress.com\/#organization","name":"GrassXpress","url":"https:\/\/grassxpress.com\/","logo":{"@type":"ImageObject","inLanguage":"fi","@id":"https:\/\/grassxpress.com\/#\/schema\/logo\/image\/","url":"https:\/\/grassxpress.com\/wp-content\/uploads\/2024\/01\/logo.png","contentUrl":"https:\/\/grassxpress.com\/wp-content\/uploads\/2024\/01\/logo.png","width":300,"height":100,"caption":"GrassXpress"},"image":{"@id":"https:\/\/grassxpress.com\/#\/schema\/logo\/image\/"}}]}},"_links":{"self":[{"href":"https:\/\/grassxpress.com\/fi\/wp-json\/wp\/v2\/pages\/61","targetHints":{"allow":["GET"]}}],"collection":[{"href":"https:\/\/grassxpress.com\/fi\/wp-json\/wp\/v2\/pages"}],"about":[{"href":"https:\/\/grassxpress.com\/fi\/wp-json\/wp\/v2\/types\/page"}],"author":[{"embeddable":true,"href":"https:\/\/grassxpress.com\/fi\/wp-json\/wp\/v2\/users\/1"}],"replies":[{"embeddable":true,"href":"https:\/\/grassxpress.com\/fi\/wp-json\/wp\/v2\/comments?post=61"}],"version-history":[{"count":1,"href":"https:\/\/grassxpress.com\/fi\/wp-json\/wp\/v2\/pages\/61\/revisions"}],"predecessor-version":[{"id":4659,"href":"https:\/\/grassxpress.com\/fi\/wp-json\/wp\/v2\/pages\/61\/revisions\/4659"}],"wp:attachment":[{"href":"https:\/\/grassxpress.com\/fi\/wp-json\/wp\/v2\/media?parent=61"}],"curies":[{"name":"wp","href":"https:\/\/api.w.org\/{rel}","templated":true}]}}