{"id":3603,"date":"2020-08-01T14:39:21","date_gmt":"2020-08-01T14:39:21","guid":{"rendered":"https:\/\/diligentplug.com\/?page_id=3603"},"modified":"2020-08-01T14:39:21","modified_gmt":"2020-08-01T14:39:21","slug":"shipping","status":"publish","type":"page","link":"https:\/\/grassxpress.com\/fi\/lahetys\/","title":{"rendered":"laivaus"},"content":{"rendered":"<div id=\"wp-block-themeisle-blocks-advanced-columns-49060903\" class=\"wp-block-themeisle-blocks-advanced-columns has-1-columns has-desktop-equal-layout has-tablet-equal-layout has-mobile-equal-layout has-default-gap has-vertical-unset\">\n<div class=\"wp-block-themeisle-blocks-advanced-columns-overlay\"><strong>Milloin saan tilaukseni?<\/strong><\/div>\n<div class=\"innerblocks-wrap\">\n<div id=\"wp-block-themeisle-blocks-advanced-column-af2d631f\" class=\"wp-block-themeisle-blocks-advanced-column\">\n\n\n<p>Toimimme Alankomaissa (Eurooppa). Toimitus kest\u00e4\u00e4 1\u20133 arkip\u00e4iv\u00e4\u00e4. Keskiarvo on 2 p\u00e4iv\u00e4\u00e4. Viiv\u00e4stykset tullissa voivat aiheuttaa viiv\u00e4styksi\u00e4. Mutta koska piilotamme tuotteemme niin hyvin, tulli p\u00e4\u00e4st\u00e4\u00e4 paketin l\u00e4pi tarkastuksen j\u00e4lkeen.<\/p>\n\n\n\n<p><strong>Miten tilaukseni on pakattu?<\/strong><\/p>\n\n\n\n<p>Tilauksesi pakataan tukevaan, pehmustettuun kirjekuoreen. Ulkopuolelta tai sis\u00e4lt\u00e4 ei viitata marihuaanaan tai siihen liittyviin marihuanatuotteisiin. K\u00e4yt\u00e4mme eri l\u00e4hett\u00e4jien osoitteita, emmek\u00e4 k\u00e4yt\u00e4 merkkipakkauksia. Kirjekuoresta l\u00f6yd\u00e4t tuotteen, joka sis\u00e4lt\u00e4\u00e4 tilauksesi.<\/p>\n\n\n\n<p><strong>Miten toimitus on taattu?<\/strong><\/p>\n\n\n\n<p>Jos tilauksesi ei tule perille tai se takavarikoidaan, l\u00e4het\u00e4mme tilauksesi uudelleen. Ilmaiseksi! Meill\u00e4 on seuraavat toimitusehdot. Ilmainen uudelleenl\u00e4hetys tapahtuu 5 arkip\u00e4iv\u00e4n kuluttua. Useimmat paketit saapuvat viikossa ja ne, jotka eiv\u00e4t tule perille, toimitetaan seuraavan viikon kuluessa. Kansainv\u00e4lisess\u00e4 postissa ja tullissa voi olla erilaisia viiv\u00e4styksi\u00e4, mist\u00e4 johtuu odotusaika.<\/p>\n\n\n\n<p>Jos olet antanut v\u00e4\u00e4r\u00e4n osoitteen (kuten unohdat asunnon numeron), emme voi l\u00e4hett\u00e4\u00e4 uudelleen ilmaiseksi. Osoite tulostetaan T\u00c4ST\u00c4 kun annat sen, ei manuaalisia toimenpiteit\u00e4 meid\u00e4n puolellamme (ellet pyyd\u00e4 meit\u00e4). Emme kuitenkaan j\u00e4t\u00e4 sinua seisomaan kylm\u00e4\u00e4n, joten kompensaationa saat koodin 50% alennukseen seuraavasta tilauksestasi. Voit antaa vaihtoehtoisen osoitteen toiselle l\u00e4hetykselle. K\u00e4yt\u00e4mme my\u00f6s erilaista salailumenetelm\u00e4\u00e4.<\/p>\n\n\n\n<p><strong>Mihin maihin l\u00e4het\u00e4t?<\/strong><\/p>\n\n\n\n<p><a href=\"https:\/\/grassxpress.com\/fi\/tilaa-weed-online-suomi\/\">Me<\/a> toimittaa maailmanlaajuisesti kaikkiin maihin, joista saamme tilauksia. Valitettavasti emme voi taata toimitusta kaikissa, koska paikallinen toimitus ei ole riitt\u00e4v\u00e4n luotettava joissakin maissa.<\/p>\n\n\n\n<p>Muissa maissa: toimitus on taattu! Joten jos asut esimerkiksi suomalaisessa tai <a href=\"https:\/\/en.wikipedia.org\/wiki\/Australia\">Australia<\/a>, takaamme pakettisi toimituksen.<\/p>\n<\/div>\n<!-- \/wp:post-content --><\/div>\n<\/div>\n<!-- \/wp:themeisle-blocks\/advanced-columns -->","protected":false},"excerpt":{"rendered":"<p>We are based in the Netherlands (Europe). Shipping\u00a0takes between 1 and 3 business days. The average is 2 days. Holdups at customs can cause a delay. But, since we hide our products so well, customs will let the package through after inspection. How is my order packaged? Your order will be packed in a sturdy,<\/p>\n<div class=\"more-link\">\n             <a href=\"https:\/\/grassxpress.com\/fi\/lahetys\/\" class=\"link-btn\"><span>Continue Reading <\/span><i class=\"icofont-thin-double-right\"><\/i><\/a>\n        <\/div>","protected":false},"author":1,"featured_media":0,"parent":0,"menu_order":0,"comment_status":"closed","ping_status":"closed","template":"","meta":{"_themeisle_gutenberg_block_has_review":false,"_ti_tpc_template_sync":false,"_ti_tpc_template_id":"","_joinchat":[],"footnotes":""},"class_list":["post-3603","page","type-page","status-publish","hentry"],"yoast_head":"<!-- This site is optimized with the Yoast SEO plugin v22.7 - https:\/\/yoast.com\/wordpress\/plugins\/seo\/ -->\n<title>Shipping | Delivery Is Guaranteed - GrassXpress<\/title>\n<meta name=\"description\" content=\"We are based in the Netherlands. Shipping\u00a0takes between 1 and 3 business days. The average is 2 days. Holdups at customs can cause a delay.\" \/>\n<meta name=\"robots\" content=\"index, follow, max-snippet:-1, max-image-preview:large, max-video-preview:-1\" \/>\n<link rel=\"canonical\" href=\"https:\/\/grassxpress.com\/fi\/wysylka\/\" \/>\n<meta property=\"og:locale\" content=\"fi_FI\" \/>\n<meta property=\"og:type\" content=\"article\" \/>\n<meta property=\"og:title\" content=\"Shipping | Delivery Is Guaranteed - GrassXpress\" \/>\n<meta property=\"og:description\" content=\"We are based in the Netherlands. Shipping\u00a0takes between 1 and 3 business days. The average is 2 days. Holdups at customs can cause a delay.\" \/>\n<meta property=\"og:url\" content=\"https:\/\/grassxpress.com\/fi\/wysylka\/\" \/>\n<meta property=\"og:site_name\" content=\"GrassXpress\" \/>\n<meta name=\"twitter:card\" content=\"summary_large_image\" \/>\n<meta name=\"twitter:label1\" content=\"Arvioitu lukuaika\" \/>\n\t<meta name=\"twitter:data1\" content=\"2 minuuttia\" \/>\n<!-- \/ Yoast SEO plugin. -->","yoast_head_json":{"title":"Shipping | Delivery Is Guaranteed - GrassXpress","description":"We are based in the Netherlands. Shipping\u00a0takes between 1 and 3 business days. The average is 2 days. Holdups at customs can cause a delay.","robots":{"index":"index","follow":"follow","max-snippet":"max-snippet:-1","max-image-preview":"max-image-preview:large","max-video-preview":"max-video-preview:-1"},"canonical":"https:\/\/grassxpress.com\/fi\/wysylka\/","og_locale":"fi_FI","og_type":"article","og_title":"Shipping | Delivery Is Guaranteed - GrassXpress","og_description":"We are based in the Netherlands. Shipping\u00a0takes between 1 and 3 business days. The average is 2 days. Holdups at customs can cause a delay.","og_url":"https:\/\/grassxpress.com\/fi\/wysylka\/","og_site_name":"GrassXpress","twitter_card":"summary_large_image","twitter_misc":{"Arvioitu lukuaika":"2 minuuttia"},"schema":{"@context":"https:\/\/schema.org","@graph":[{"@type":"WebPage","@id":"https:\/\/grassxpress.com\/pl\/wysylka\/","url":"https:\/\/grassxpress.com\/pl\/wysylka\/","name":"Shipping | Delivery Is Guaranteed - GrassXpress","isPartOf":{"@id":"https:\/\/grassxpress.com\/#website"},"datePublished":"2020-08-01T14:39:21+00:00","dateModified":"2020-08-01T14:39:21+00:00","description":"We are based in the Netherlands. Shipping\u00a0takes between 1 and 3 business days. The average is 2 days. Holdups at customs can cause a delay.","breadcrumb":{"@id":"https:\/\/grassxpress.com\/pl\/wysylka\/#breadcrumb"},"inLanguage":"fi","potentialAction":[{"@type":"ReadAction","target":["https:\/\/grassxpress.com\/pl\/wysylka\/"]}]},{"@type":"BreadcrumbList","@id":"https:\/\/grassxpress.com\/pl\/wysylka\/#breadcrumb","itemListElement":[{"@type":"ListItem","position":1,"name":"Home","item":"https:\/\/grassxpress.com\/"},{"@type":"ListItem","position":2,"name":"Shipping"}]},{"@type":"WebSite","@id":"https:\/\/grassxpress.com\/#website","url":"https:\/\/grassxpress.com\/","name":"GrassXpress","description":"Buy Weed Online UK","publisher":{"@id":"https:\/\/grassxpress.com\/#organization"},"potentialAction":[{"@type":"SearchAction","target":{"@type":"EntryPoint","urlTemplate":"https:\/\/grassxpress.com\/?s={search_term_string}"},"query-input":"required name=search_term_string"}],"inLanguage":"fi"},{"@type":"Organization","@id":"https:\/\/grassxpress.com\/#organization","name":"GrassXpress","url":"https:\/\/grassxpress.com\/","logo":{"@type":"ImageObject","inLanguage":"fi","@id":"https:\/\/grassxpress.com\/#\/schema\/logo\/image\/","url":"https:\/\/grassxpress.com\/wp-content\/uploads\/2024\/01\/logo.png","contentUrl":"https:\/\/grassxpress.com\/wp-content\/uploads\/2024\/01\/logo.png","width":300,"height":100,"caption":"GrassXpress"},"image":{"@id":"https:\/\/grassxpress.com\/#\/schema\/logo\/image\/"}}]}},"_links":{"self":[{"href":"https:\/\/grassxpress.com\/fi\/wp-json\/wp\/v2\/pages\/3603","targetHints":{"allow":["GET"]}}],"collection":[{"href":"https:\/\/grassxpress.com\/fi\/wp-json\/wp\/v2\/pages"}],"about":[{"href":"https:\/\/grassxpress.com\/fi\/wp-json\/wp\/v2\/types\/page"}],"author":[{"embeddable":true,"href":"https:\/\/grassxpress.com\/fi\/wp-json\/wp\/v2\/users\/1"}],"replies":[{"embeddable":true,"href":"https:\/\/grassxpress.com\/fi\/wp-json\/wp\/v2\/comments?post=3603"}],"version-history":[{"count":0,"href":"https:\/\/grassxpress.com\/fi\/wp-json\/wp\/v2\/pages\/3603\/revisions"}],"wp:attachment":[{"href":"https:\/\/grassxpress.com\/fi\/wp-json\/wp\/v2\/media?parent=3603"}],"curies":[{"name":"wp","href":"https:\/\/api.w.org\/{rel}","templated":true}]}}