{"id":3298,"date":"2020-02-18T05:09:07","date_gmt":"2020-02-18T05:09:07","guid":{"rendered":"https:\/\/diligentplug.com\/?page_id=3298"},"modified":"2020-02-18T05:09:07","modified_gmt":"2020-02-18T05:09:07","slug":"faqs","status":"publish","type":"page","link":"https:\/\/grassxpress.com\/fi\/tietolahteet\/","title":{"rendered":"UKK"},"content":{"rendered":"<div id=\"main-content\">\n<article id=\"post-2333\" class=\"post-2333 page type-page status-publish hentry\">\n<div class=\"entry-content\">\n<div id=\"et-boc\" class=\"et-boc\">\n<div class=\"et-l et-l--post\">\n<div class=\"et_builder_inner_content et_pb_gutters3\">\n<div class=\"et_pb_section et_pb_section_1 et_section_regular\">\n<div class=\"et_pb_row et_pb_row_2\">\n<div class=\"et_pb_column et_pb_column_4_4 et_pb_column_2 et_pb_css_mix_blend_mode_passthrough et-last-child\">\n<div class=\"et_pb_module et_pb_text et_pb_text_2 et_pb_text_align_center et_pb_bg_layout_light\">\n<div class=\"et_pb_text_inner\">\n<h2>Mist\u00e4 voin ostaa Weed verkossa?<\/h2>\n<p>T\u00e4m\u00e4 on avainsana, joka n\u00e4kyy hakutuloksissa noin 18 150 kertaa 30 p\u00e4iv\u00e4n v\u00e4lein, ja siksi<br \/>\npidet\u00e4\u00e4n yhten\u00e4 yleisimmist\u00e4 kysymyksist\u00e4, joita kysyt\u00e4\u00e4n verkossa.T\u00e4ss\u00e4 on vastauksesi, kun olet n\u00e4hnyt, kuinka vaikeaa se oli.<br \/>\nostaa ruohoa verkossa, joten tiimimme p\u00e4\u00e4tti kokoontua yhteen ja tuoda kaikki tarvittavat tekij\u00e4t ja nyt voit tilata tai ostaa ruohoa verkossa meilt\u00e4 vain kolmessa yksinkertaisessa vaiheessa, joten haluamme vastata kysymykseesi sanomalla \"KYLL\u00c4\" voit ostaa ruohoa verkossa weed-crew.net ja saada sen toimitettua vain silm\u00e4nr\u00e4p\u00e4yksess\u00e4.<\/p>\n<\/div>\n<\/div>\n<\/div>\n<\/div>\n<div class=\"et_pb_row et_pb_row_3\">\n<div class=\"et_pb_column et_pb_column_4_4 et_pb_column_3 et_pb_css_mix_blend_mode_passthrough et-last-child\">\n<div class=\"et_pb_module et_pb_text et_pb_text_3 et_pb_text_align_center et_pb_bg_layout_light\">\n<div class=\"et_pb_text_inner\">\n<h3>Kuinka kauan kest\u00e4\u00e4 ennen kuin tilaukseni l\u00e4hetet\u00e4\u00e4n?<\/h3>\n<p>Teemme parhaamme varmistaaksemme, ett\u00e4 kaikki hajusteet l\u00e4htev\u00e4t ulos saman p\u00e4iv\u00e4n aikana, kun tilaus on vastaanotettu ja maksu on vahvistettu, jatkamme pakkaamista ja kun pakkaus on tehty, menemme eteenp\u00e4in ja l\u00e4het\u00e4mme sen j\u00e4lkeen, jonka j\u00e4lkeen sinulle annetaan paketin seurantanumero, jotta voit seurata pakettia, kun se on matkalla, kunnes se saapuu sinulle. Toimitamme k\u00e4ytt\u00e4en <a href=\"https:\/\/en.wikipedia.org\/wiki\/United_States_Postal_Service\">USPS<\/a>, UPS, FEDEX tai Marble Logistics.<\/p>\n<\/div>\n<\/div>\n<\/div>\n<\/div>\n<div class=\"et_pb_row et_pb_row_4\">\n<div class=\"et_pb_column et_pb_column_4_4 et_pb_column_4 et_pb_css_mix_blend_mode_passthrough et-last-child\">\n<div class=\"et_pb_module et_pb_text et_pb_text_4 et_pb_text_align_center et_pb_bg_layout_light\">\n<div class=\"et_pb_text_inner\">\n<h3>Milloin saan pakettini?<\/h3>\n<p>Kaikki paketit l\u00e4hetet\u00e4\u00e4n saman p\u00e4iv\u00e4n (24 tunnin) kuluessa tilauksen vastaanottamisesta, mutta se, kuinka kauan kest\u00e4\u00e4, ennen kuin pakettisi on perill\u00e4, riippuu t\u00e4ysin kahdesta tekij\u00e4st\u00e4.<br \/>\n- Ensimm\u00e4inen tekij\u00e4 on l\u00e4hetystyyppi; l\u00e4hetystyypill\u00e4 tarkoitamme sit\u00e4, onko pakettisi l\u00e4hetetty sinulle tavallisena pakettina vai samana p\u00e4iv\u00e4n\u00e4 toimitettavana tai prioriteettipostina. Jos pakettisi on kirjattu tavallisena postil\u00e4hetyksen\u00e4, sen perille saapuminen kest\u00e4\u00e4 enint\u00e4\u00e4n kaksi p\u00e4iv\u00e4\u00e4 (948 tuntia), kun taas jos se on l\u00e4hetetty samana p\u00e4iv\u00e4n\u00e4 tai ensisijaisena postil\u00e4hetyksen\u00e4, se saapuu sinulle 24 tunnin kuluessa.<br \/>\n- Toiseksi se, kuinka kauan kest\u00e4\u00e4 ennen kuin pakettisi saapuu sinulle, riippuu paketin m\u00e4\u00e4r\u00e4np\u00e4\u00e4st\u00e4, ja m\u00e4\u00e4r\u00e4np\u00e4\u00e4ll\u00e4 tarkoitamme sit\u00e4, onko toimitusosoitteesi Yhdysvalloissa vai Euroopassa. Kaikki Yhdysvalloissa sijaitseviin kohteisiin postitetut paketit toimitetaan perille enint\u00e4\u00e4n 48 tunnin kuluessa, kun taas Euroopassa sijaitsevien pakettien toimitus kest\u00e4\u00e4 todenn\u00e4k\u00f6isesti jopa kolme p\u00e4iv\u00e4\u00e4 (72 tuntia).<\/p>\n<\/div>\n<\/div>\n<\/div>\n<\/div>\n<div class=\"et_pb_row et_pb_row_5\">\n<div class=\"et_pb_column et_pb_column_4_4 et_pb_column_5 et_pb_css_mix_blend_mode_passthrough et-last-child\">\n<div class=\"et_pb_module et_pb_text et_pb_text_5 et_pb_text_align_center et_pb_bg_layout_light\">\n<div class=\"et_pb_text_inner\">\n<h3>Onko tilauksista alennuksia ?<\/h3>\n<p>Aivan kuten mik\u00e4 tahansa tilausliike, tarjouksemme tarjoavat alennusta irtotavaratilauksista ja kaikista tilauksista, jotka on tehty maksutyypeill\u00e4, kuten Bitcoineilla. Kaikki yli $800 tilaukset saavat 25% alennuksen, kun taas Bitcoinsin kautta maksetut tilaukset saavat 20% alennuksen. Kannustamme irtotilauksia, koska ne tulevat my\u00f6s ilmaisia siemeni\u00e4. LUE LIS\u00c4\u00c4 ilmaisista siemenist\u00e4 maatilojen tukipolitiikkasivultamme.<\/p>\n<\/div>\n<\/div>\n<\/div>\n<\/div>\n<div class=\"et_pb_row et_pb_row_6\">\n<div class=\"et_pb_column et_pb_column_4_4 et_pb_column_6 et_pb_css_mix_blend_mode_passthrough et-last-child\">\n<div class=\"et_pb_module et_pb_text et_pb_text_6 et_pb_text_align_center et_pb_bg_layout_light\">\n<div class=\"et_pb_text_inner\">\n<h3>Onko turvallista ostaa ruohoa netist\u00e4 ?<\/h3>\n<p>Ruohon ostaminen verkosta voi joskus olla hankalaa ja riskialtista, jos et ota yhteytt\u00e4 oikeisiin henkil\u00f6ihin, mutta me teemme siit\u00e4 mahdollisimman turvallista ottamalla huomioon muutamia alla lueteltuja tekij\u00f6it\u00e4.<br \/>\n- Onko se l\u00e4\u00e4kemarihuanaa ? ruohon ostaminen netist\u00e4 voi olla hankalaa, koska todenn\u00e4k\u00f6isesti saat vain maistiaisen tuotteesta<br \/>\nsen j\u00e4lkeen, kun olet jo maksanut siit\u00e4, joten sinun on varmistettava, ett\u00e4 se, mist\u00e4 maksat, on l\u00e4\u00e4kemarihuanaa ja\/tai laboratoriossa testattu sen THC- ja CBD-pitoisuuden osalta.<br \/>\n- Onko se hyvin pakattu, jotta en joudu vaikeuksiin?<br \/>\nSinun on varmistettava, ett\u00e4 tilauksesi on hyvin suljettu, jotta kuriiripalvelun k\u00e4det ovat turvassa.<br \/>\npaketti ei ole hyvin suljettu, turvallista postitusta USPS:n, UPS:n tai mink\u00e4 tahansa kuriiripalvelun kautta ei voida taata, joten et voi olla varma, p\u00e4\u00e4seek\u00f6 pakettisi k\u00e4teesi vai ei.<\/p>\n<\/div>\n<\/div>\n<\/div>\n<\/div>\n<div class=\"et_pb_row et_pb_row_7\">\n<div class=\"et_pb_column et_pb_column_4_4 et_pb_column_7 et_pb_css_mix_blend_mode_passthrough et-last-child\">\n<div class=\"et_pb_module et_pb_text et_pb_text_7 et_pb_text_align_center et_pb_bg_layout_light\">\n<div class=\"et_pb_text_inner\">\n<h3>Voinko maksaa luotto- tai pankkikortilla?<\/h3>\n<p>Nykyp\u00e4iv\u00e4n online-maailmassa luotto- ja pankkikortit ovat yksi joustavimmista maksutavoista verkossa.<br \/>\nweed-crew.netiss\u00e4 voit maksaa suoraan luotto- tai pankkikortillasi. Tuntuu turvalliselta maksaa luottokortilla tai pankkikortilla, koska verkkosivustomme on SSL-suojattu.<\/p>\n<\/div>\n<\/div>\n<\/div>\n<\/div>\n<div class=\"et_pb_row et_pb_row_8\">\n<div class=\"et_pb_column et_pb_column_4_4 et_pb_column_8 et_pb_css_mix_blend_mode_passthrough et-last-child\">\n<div class=\"et_pb_module et_pb_text et_pb_text_8 et_pb_text_align_center et_pb_bg_layout_light\">\n<div class=\"et_pb_text_inner\">\n<h3>L\u00e4het\u00e4tk\u00f6 ilmaisia n\u00e4ytteit\u00e4 ostaa ruohoa verkossa?<\/h3>\n<p><a href=\"https:\/\/grassxpress.com\/fi\/tilaa-weed-online-suomi\/\">Me<\/a> tarjota n\u00e4ytteit\u00e4 jopa $50-$100 arvoinen kaikille potentiaalisille irtotavaran ostajille, jotka odottavat pitk\u00e4n aikav\u00e4lin liiketoimintaa, mutta haluavat kokeilla tuotteitamme ennen valtavia ostoja, mutta n\u00e4ytteet eiv\u00e4t ole t\u00e4ysin ilmaisia, koska sinun on maksettava 30% paketin arvosta, t\u00e4m\u00e4 johtuu siit\u00e4, ett\u00e4 tajusimme, kun annamme ilmaisia n\u00e4ytteit\u00e4, jotkut asiakkaat k\u00e4\u00e4ntyv\u00e4t k\u00e4ytt\u00e4m\u00e4\u00e4n sit\u00e4 porsaanreik\u00e4n\u00e4 hyv\u00e4ksik\u00e4ytt\u00f6\u00e4 varten ja vain tilaamaan vain ilmaisia n\u00e4ytteit\u00e4 vain polttaa ja p\u00e4\u00e4st\u00e4 korkealle. Kaikki smples ovat sekoitus 2 grammaa kukin jopa 10 eri kantoja valintasi.<\/p>\n<\/div>\n<\/div>\n<\/div>\n<\/div>\n<div class=\"et_pb_row et_pb_row_9\">\n<div class=\"et_pb_column et_pb_column_4_4 et_pb_column_9 et_pb_css_mix_blend_mode_passthrough et-last-child\">\n<div class=\"et_pb_module et_pb_text et_pb_text_9 et_pb_text_align_center et_pb_bg_layout_light\">\n<div class=\"et_pb_text_inner\">\n<h3>Myytk\u00f6 alaik\u00e4isille ?<\/h3>\n<p>Alaik\u00e4iset ovat alle 18-vuotiaita asiakkaita. Emme tarjoa palveluitamme kenellek\u00e4\u00e4n henkil\u00f6lle tai henkil\u00f6ille.<br \/>\nalle 18-vuotiaat. Jos kuitenkin olet potilas tai k\u00e4rsit ahdistukseen liittyvist\u00e4 ongelmista, voimme myyd\u00e4<br \/>\npieni\u00e4 m\u00e4\u00e4ri\u00e4 tiettyj\u00e4 tuotteita sinulle.<\/p>\n<\/div>\n<\/div>\n<\/div>\n<\/div>\n<\/div>\n<\/div>\n<\/div>\n<\/div>\n<\/div>\n<\/article>\n<\/div>","protected":false},"excerpt":{"rendered":"<p>Where Can I Buy Weed Online? This is a keyword which appears approximately 18,150 times in search results every 30 days and there fore is considered as one of the most frequent questions asked online.Here is your answer, after seeing how difficult it was buying weed online so our team decided to come together and<\/p>\n<div class=\"more-link\">\n             <a href=\"https:\/\/grassxpress.com\/fi\/tietolahteet\/\" class=\"link-btn\"><span>Continue Reading <\/span><i class=\"icofont-thin-double-right\"><\/i><\/a>\n        <\/div>","protected":false},"author":1,"featured_media":0,"parent":0,"menu_order":0,"comment_status":"closed","ping_status":"closed","template":"","meta":{"_themeisle_gutenberg_block_has_review":false,"_ti_tpc_template_sync":false,"_ti_tpc_template_id":"","_joinchat":[],"footnotes":""},"class_list":["post-3298","page","type-page","status-publish","hentry"],"yoast_head":"<!-- This site is optimized with the Yoast SEO plugin v22.7 - https:\/\/yoast.com\/wordpress\/plugins\/seo\/ -->\n<title>FAQs | About To Buy Weed Online - GrassXpress<\/title>\n<meta name=\"description\" content=\"If you have a question? We answer your question by saying \u201cYES\u201d you can buy weed online from weed-crew.net.All packages are shiped same day.\" \/>\n<meta name=\"robots\" content=\"index, follow, max-snippet:-1, max-image-preview:large, max-video-preview:-1\" \/>\n<link rel=\"canonical\" href=\"https:\/\/grassxpress.com\/fi\/faqs\/\" \/>\n<meta property=\"og:locale\" content=\"fi_FI\" \/>\n<meta property=\"og:type\" content=\"article\" \/>\n<meta property=\"og:title\" content=\"FAQs | About To Buy Weed Online - GrassXpress\" \/>\n<meta property=\"og:description\" content=\"If you have a question? We answer your question by saying \u201cYES\u201d you can buy weed online from weed-crew.net.All packages are shiped same day.\" \/>\n<meta property=\"og:url\" content=\"https:\/\/grassxpress.com\/fi\/faqs\/\" \/>\n<meta property=\"og:site_name\" content=\"GrassXpress\" \/>\n<meta name=\"twitter:card\" content=\"summary_large_image\" \/>\n<meta name=\"twitter:label1\" content=\"Arvioitu lukuaika\" \/>\n\t<meta name=\"twitter:data1\" content=\"4 minuuttia\" \/>\n<!-- \/ Yoast SEO plugin. -->","yoast_head_json":{"title":"FAQs | About To Buy Weed Online - GrassXpress","description":"If you have a question? We answer your question by saying \u201cYES\u201d you can buy weed online from weed-crew.net.All packages are shiped same day.","robots":{"index":"index","follow":"follow","max-snippet":"max-snippet:-1","max-image-preview":"max-image-preview:large","max-video-preview":"max-video-preview:-1"},"canonical":"https:\/\/grassxpress.com\/fi\/faqs\/","og_locale":"fi_FI","og_type":"article","og_title":"FAQs | About To Buy Weed Online - GrassXpress","og_description":"If you have a question? We answer your question by saying \u201cYES\u201d you can buy weed online from weed-crew.net.All packages are shiped same day.","og_url":"https:\/\/grassxpress.com\/fi\/faqs\/","og_site_name":"GrassXpress","twitter_card":"summary_large_image","twitter_misc":{"Arvioitu lukuaika":"4 minuuttia"},"schema":{"@context":"https:\/\/schema.org","@graph":[{"@type":"WebPage","@id":"https:\/\/grassxpress.com\/it\/faqs\/","url":"https:\/\/grassxpress.com\/it\/faqs\/","name":"FAQs | About To Buy Weed Online - GrassXpress","isPartOf":{"@id":"https:\/\/grassxpress.com\/#website"},"datePublished":"2020-02-18T05:09:07+00:00","dateModified":"2020-02-18T05:09:07+00:00","description":"If you have a question? We answer your question by saying \u201cYES\u201d you can buy weed online from weed-crew.net.All packages are shiped same day.","breadcrumb":{"@id":"https:\/\/grassxpress.com\/it\/faqs\/#breadcrumb"},"inLanguage":"fi","potentialAction":[{"@type":"ReadAction","target":["https:\/\/grassxpress.com\/it\/faqs\/"]}]},{"@type":"BreadcrumbList","@id":"https:\/\/grassxpress.com\/it\/faqs\/#breadcrumb","itemListElement":[{"@type":"ListItem","position":1,"name":"Home","item":"https:\/\/grassxpress.com\/"},{"@type":"ListItem","position":2,"name":"FAQs"}]},{"@type":"WebSite","@id":"https:\/\/grassxpress.com\/#website","url":"https:\/\/grassxpress.com\/","name":"GrassXpress","description":"Buy Weed Online UK","publisher":{"@id":"https:\/\/grassxpress.com\/#organization"},"potentialAction":[{"@type":"SearchAction","target":{"@type":"EntryPoint","urlTemplate":"https:\/\/grassxpress.com\/?s={search_term_string}"},"query-input":"required name=search_term_string"}],"inLanguage":"fi"},{"@type":"Organization","@id":"https:\/\/grassxpress.com\/#organization","name":"GrassXpress","url":"https:\/\/grassxpress.com\/","logo":{"@type":"ImageObject","inLanguage":"fi","@id":"https:\/\/grassxpress.com\/#\/schema\/logo\/image\/","url":"https:\/\/grassxpress.com\/wp-content\/uploads\/2024\/01\/logo.png","contentUrl":"https:\/\/grassxpress.com\/wp-content\/uploads\/2024\/01\/logo.png","width":300,"height":100,"caption":"GrassXpress"},"image":{"@id":"https:\/\/grassxpress.com\/#\/schema\/logo\/image\/"}}]}},"_links":{"self":[{"href":"https:\/\/grassxpress.com\/fi\/wp-json\/wp\/v2\/pages\/3298","targetHints":{"allow":["GET"]}}],"collection":[{"href":"https:\/\/grassxpress.com\/fi\/wp-json\/wp\/v2\/pages"}],"about":[{"href":"https:\/\/grassxpress.com\/fi\/wp-json\/wp\/v2\/types\/page"}],"author":[{"embeddable":true,"href":"https:\/\/grassxpress.com\/fi\/wp-json\/wp\/v2\/users\/1"}],"replies":[{"embeddable":true,"href":"https:\/\/grassxpress.com\/fi\/wp-json\/wp\/v2\/comments?post=3298"}],"version-history":[{"count":0,"href":"https:\/\/grassxpress.com\/fi\/wp-json\/wp\/v2\/pages\/3298\/revisions"}],"wp:attachment":[{"href":"https:\/\/grassxpress.com\/fi\/wp-json\/wp\/v2\/media?parent=3298"}],"curies":[{"name":"wp","href":"https:\/\/api.w.org\/{rel}","templated":true}]}}