{"id":4363,"date":"2022-11-15T10:34:28","date_gmt":"2022-11-15T10:34:28","guid":{"rendered":"https:\/\/documentosespana.com\/diligent\/?post_type=product&#038;p=4363"},"modified":"2026-04-02T09:17:53","modified_gmt":"2026-04-02T09:17:53","slug":"og-kush-strain","status":"publish","type":"product","link":"https:\/\/grassxpress.com\/es\/producto\/og-kush-strain\/","title":{"rendered":"OG Kush"},"content":{"rendered":"<h2>OG Kush a la venta<\/h2>\n<p><a href=\"https:\/\/grassxpress.com\/es\/producto\/og-kush-strain\/\">Buy OG Kush Strain<\/a> from <a href=\"https:\/\/grassxpress.com\/es\/\">grassxpress.com<\/a> Al precio m\u00e1s bajo con la mejor calidad. OG Kush es un h\u00edbrido sativa dominante muy popular. Es una leyenda viva entre las variedades de cannabis. Muy apreciada por su efecto fulminante y su delicioso sabor. Se ha convertido r\u00e1pidamente en la variedad de cannabis m\u00e1s popular del mundo. OG Kush es ideal para la cr\u00eda y la creaci\u00f3n de nuevos fenotipos. Comparte su gen\u00e9tica excepcional con una gran variedad de las variedades Kush de mayor potencia de California, como Fire OG y Tahoe OG. <a href=\"https:\/\/grassxpress.com\/es\/mail-order-weed-uk\/\">M\u00e1s<\/a><\/p>\n<p>A pesar de su popularidad, la variedad OG Kush original se considera un misterio gen\u00e9tico. Muchos cultivadores creen que fue un cruce entre Chemdawg, Lemon Thai e Hindu Kush, pero nadie lo sabe con certeza. Muchos encuentran que la variedad de hierba OG Kush es una gran variedad para aliviar el dolor y el insomnio. No es raro que la OG Kush tenga alrededor del 80 % de THC. Produce un subid\u00f3n inicialmente estimulante, seguido de un fuerte subid\u00f3n corporal relajante. pedido por correo weed espa\u00f1a<\/p>\n<h3>\u00bfQu\u00e9 es OG Kush?<\/h3>\n<p>OG Kush Marijuana Strain\u00a0The foundational backbone of multiple\u00a0world famous cannabis strains,\u00a0OG Kush\u00a0is considered legendary for revolutionizing the <a href=\"https:\/\/grassxpress.com\/es\/producto\/platinum-girl-scout-cookies\/\">marijuana<\/a> industry, arguably rising to the recognition of \u201cmost well-known cannabis strain\u201d.\u00a0The OG Kush strain\u00a0is classified as a hybrid, with little known about its genetic origins, although rumors claim that this strain is a blend between possible parent plants\u00a0Chemdawg\u00a0and\u00a0Hindu Kush.<\/p>\n<p>Esta informaci\u00f3n nunca ha sido confirmada, pero los or\u00edgenes de OG Kush no parecen importar, ya que el efecto que ha tenido en el mundo del cannabis parece ser mucho m\u00e1s importante. Se han creado una multitud de fenotipos a partir de OG Kush, y numerosas cantidades de ellos han ganado popularidad al igual que OGK. Algunos de estos fenotipos bien conocidos incluyen Tahoe OG, Fire OG, SFV OG, Double OG y muchos m\u00e1s. Suponemos que probablemente est\u00e9s familiarizado con al menos algunos de ellos. Hierba de pedido por correo <a href=\"https:\/\/en.wikipedia.org\/wiki\/Special:Search?search=weed+online&amp;go=Go&amp;ns0=1\">uk<\/a><\/p>\n<p>Descuento en aceite de CBD En parte, la raz\u00f3n por la que OG Kush se ha utilizado ampliamente en el cultivo gen\u00e9tico de cannabis se debe a la alta potencia de THC de esta cepa original que parece ayudar a muchos consumidores con una variedad de problemas m\u00e9dicos que podr\u00edan estar experimentando. Con niveles de THC que se registran en el rango de 20-27, los paquetes de OG Kush son especialmente poderosos y realmente golpean a quien los consume.<\/p>\n<p>Although world-known, <a href=\"https:\/\/en.wikipedia.org\/wiki\/Kush\">OG Kush<\/a> seems to primarily be consumed throughout California, Colorado and the Pacific Northwest, so if you want to try a dank batch of this heady cannabis strain, look to those regions for answers.<\/p>\n<h3>Y Aroma Kush<\/h3>\n<p>Sabor y apariencia OG Kush tiene uno de los aromas m\u00e1s frescos, que recuerda intensamente a estar perdido deambulando en lo profundo de un bosque antiguo. Su aroma es amaderado, a pino y terroso, golpeando inmediatamente tus papilas gustativas con un poderoso golpe. Su sabor contin\u00faa sorprendiendo a los consumidores, con matices inesperados de lima, lim\u00f3n y c\u00edtricos, as\u00ed como toques picantes. Venta por correo de hierba Espa\u00f1a.<\/p>\n<p>En cuanto a la apariencia, la hierba OG Kush tiene el aspecto tradicional del cannabis, con el cl\u00e1sico color amarillo verdoso de la hoja de az\u00facar, con pistilos anaranjados y hojas verdes frondosas, a veces con un matiz de salvia. Los cogollos est\u00e1n densamente recubiertos con tricomas cristalinos, lo que tiene mucho sentido si consideras el alto contenido de THC de la variedad OG Kush. Efectos de OG Kush Manteni\u00e9ndose fiel a su clasificaci\u00f3n h\u00edbrida, la hierba OG Kush es especialmente equilibrada, y su subid\u00f3n trae lo mejor de ambos mundos.<\/p>\n<p>Una mezcla vibrante de rasgos \u00edndica y sativa, las pruebas de OG Kush en los niveles diligentes de plug, sativa e \u00edndica son 60% y 87%. Despu\u00e9s de consumir OG Kush, espera una fuerte euforia y efectos cerebrales intensos, a menudo seguidos de una sensaci\u00f3n de apalancamiento en el sof\u00e1 de leve a fuerte.<\/p>\n<p>Considerada una de las cepas m\u00e1s relajantes pero edificantes, OG Kush parece brindar a sus consumidores una maravillosa combinaci\u00f3n no solo de euforia que derrite todo el cuerpo, sino tambi\u00e9n un resultado igualmente beneficioso para la mente, dejando a quien lo prueba feliz, tranquilo y tranquilo. , pero capaz de re\u00edrse, re\u00edr y pasar un tiempo maravilloso.<\/p>\n<h3>Beneficios m\u00e9dicos de la variedad de cannabis n.\u00ba 1<\/h3>\n<p>OG Kush OG Kush Vista superior Se consume con mayor frecuencia m\u00e9dicamente para trastornos mentales y dolor cr\u00f3nico. La hierba OG Kush es una variedad de cannabis supremamente curativa. Eso ha sorprendido al mundo de la marihuana medicinal con su capacidad para ayudar a tantos a lo largo de los a\u00f1os de su existencia.<\/p>\n<p>Sus poderes m\u00e1gicos son en parte la raz\u00f3n del crecimiento de la popularidad masiva de OGK. A medida que m\u00e1s y m\u00e1s personas descubren que es mejor consumir esta variedad. Que tomar medicamentos tradicionales que a menudo se asocian con efectos secundarios negativos desagradables que alteran la vida.<\/p>\n<p>Aquellos que manejan el estr\u00e9s, la depresi\u00f3n y el insomnio han descubierto que la variedad OG Kush es especialmente medicinal. As\u00ed como pacientes que experimentan dolor severo y cr\u00f3nico. OG Kush realmente ayuda a relajar y adormecer los puntos doloridos. Si est\u00e1 experimentando estr\u00e9s, depresi\u00f3n, ansiedad u otro trastorno mental. <a href=\"https:\/\/grassxpress.com\/es\/producto\/og-kush-strain\/\">Secure checkout<\/a><\/p>\n<p>Entonces, lo mejor es fumar una cantidad moderada de hierba OG Kush o comer una dosis baja de comestible. Porque consumir en exceso cualquier cepa de marihuana mientras se maneja un trastorno mental, en realidad puede hacer m\u00e1s da\u00f1o que bien. Conozca sus l\u00edmites y mant\u00e9ngase dentro de esos l\u00edmites.<\/p>\n<p>Por otro lado, si se trata de insomnio, falta de sue\u00f1o o dolor cr\u00f3nico. Entonces, tomar una dosis m\u00e1s alta de la variedad OG Kush ser\u00eda m\u00e1s beneficioso. Esto ayudar\u00e1 a atacar de inmediato el problema. Sin dejar ninguna posibilidad de no haber consumido una dosis lo suficientemente alta como para sentir los beneficios. Para lograr una dosis m\u00e1s alta, puede ser necesaria una forma comestible, concentrada u otra forma consumible de cannabis.<\/p>\n<p>Posibles efectos secundarios de OG Kush. La mejor manera de evitar los posibles efectos secundarios de la marihuana OG Kush es tomar precauciones. Si eres sensible al THC y quieres conocer tus l\u00edmites a la hora de consumir cannabis. Los consumidores informan con mayor frecuencia que la boca seca y los ojos secos son un efecto secundario com\u00fan cuando prueban la hierba OG Kush. No se preocupe, esto se soluciona f\u00e1cilmente bebiendo l\u00edquidos hidratantes y usando gotas humectantes para los ojos si es necesario.<\/p>\n<h3>Adem\u00e1s,<\/h3>\n<p>Algunas personas han experimentado paranoia despu\u00e9s de consumir la variedad OG Kush. Pero recuerda que tu euforia pasar\u00e1 y sigue respirando lenta, profunda y constantemente. Puede ayudar a mantener la cabeza despejada si est\u00e1 pasando por alg\u00fan patr\u00f3n de pensamiento negativo.<\/p>\n<p>Las t\u00e9cnicas de meditaci\u00f3n y relajaci\u00f3n profunda tambi\u00e9n pueden ser una gu\u00eda \u00fatil. Reflexiones finales sobre OG Kush: Esperamos que esta rese\u00f1a de OG Kush no solo te haya parecido entretenida. Pero tambi\u00e9n educativo e informativo. Es importante recordar que el consumo de marihuana es responsabilidad exclusiva del usuario y se debe tener discreci\u00f3n.<\/p>","protected":false},"excerpt":{"rendered":"<p><strong>Grade:<\/strong> A<br \/>\nType: Sativa dominant hybrid<br \/>\n<strong>Looks:<\/strong> This deep green bud is fluffy, frosty and packed with red hairs.<br \/>\n<strong>Smell:<\/strong> Piney, Cedar-like, Citrus<br \/>\n<strong>Taste:<\/strong> A very nice earthy and pine taste with a sweet after note . A very smooth and refreshing smoke. Vaporizing intensifies flavor and is a delight to have in the mouth.<br \/>\n<strong>Effects:<\/strong> Induces a feeling of euphoria, happiness, and creativity. An uplifting and energized high.<br \/>\nPotency: 10\/10 (It\u2019s a 1 hit wonder)<\/p>","protected":false},"featured_media":4421,"comment_status":"open","ping_status":"closed","template":"","meta":{"_themeisle_gutenberg_block_has_review":false,"_ti_tpc_template_sync":false,"_ti_tpc_template_id":"","_joinchat":[]},"product_cat":[216],"product_tag":[],"class_list":{"0":"post-4363","1":"product","2":"type-product","3":"status-publish","4":"has-post-thumbnail","6":"product_cat-hybrid","8":"first","9":"instock","10":"shipping-taxable","11":"purchasable","12":"product-type-variable"},"yoast_head":"<!-- This site is optimized with the Yoast SEO plugin v22.7 - https:\/\/yoast.com\/wordpress\/plugins\/seo\/ -->\n<title>OG Kush Strain Online For Sale | GrassXpress<\/title>\n<meta name=\"description\" content=\"Buy OG Kush online in uk and explore a legendary cannabis strain valued for its strong aroma and balanced hybrid effects. OG Kush for sale featuring distinctive earthy, citrus, and fuel-like terpene notes.\" \/>\n<meta name=\"robots\" content=\"index, follow, max-snippet:-1, max-image-preview:large, max-video-preview:-1\" \/>\n<link rel=\"canonical\" href=\"https:\/\/grassxpress.com\/es\/producto\/og-kush-strain\/\" \/>\n<meta property=\"og:locale\" content=\"es_ES\" \/>\n<meta property=\"og:type\" content=\"article\" \/>\n<meta property=\"og:title\" content=\"OG Kush Strain Online For Sale | GrassXpress\" \/>\n<meta property=\"og:description\" content=\"Buy OG Kush online in uk and explore a legendary cannabis strain valued for its strong aroma and balanced hybrid effects. OG Kush for sale featuring distinctive earthy, citrus, and fuel-like terpene notes.\" \/>\n<meta property=\"og:url\" content=\"https:\/\/grassxpress.com\/es\/producto\/og-kush-strain\/\" \/>\n<meta property=\"og:site_name\" content=\"GrassXpress\" \/>\n<meta property=\"article:modified_time\" content=\"2026-04-02T09:17:53+00:00\" \/>\n<meta property=\"og:image\" content=\"https:\/\/grassxpress.com\/wp-content\/uploads\/2022\/11\/OG-kush.jpg\" \/>\n\t<meta property=\"og:image:width\" content=\"600\" \/>\n\t<meta property=\"og:image:height\" content=\"600\" \/>\n\t<meta property=\"og:image:type\" content=\"image\/jpeg\" \/>\n<meta name=\"twitter:card\" content=\"summary_large_image\" \/>\n<meta name=\"twitter:label1\" content=\"Tiempo de lectura\" \/>\n\t<meta name=\"twitter:data1\" content=\"6 minutos\" \/>\n<!-- \/ Yoast SEO plugin. -->","yoast_head_json":{"title":"OG Kush Strain Online For Sale | GrassXpress","description":"Buy OG Kush online in uk and explore a legendary cannabis strain valued for its strong aroma and balanced hybrid effects. OG Kush for sale featuring distinctive earthy, citrus, and fuel-like terpene notes.","robots":{"index":"index","follow":"follow","max-snippet":"max-snippet:-1","max-image-preview":"max-image-preview:large","max-video-preview":"max-video-preview:-1"},"canonical":"https:\/\/grassxpress.com\/es\/producto\/og-kush-strain\/","og_locale":"es_ES","og_type":"article","og_title":"OG Kush Strain Online For Sale | GrassXpress","og_description":"Buy OG Kush online in uk and explore a legendary cannabis strain valued for its strong aroma and balanced hybrid effects. OG Kush for sale featuring distinctive earthy, citrus, and fuel-like terpene notes.","og_url":"https:\/\/grassxpress.com\/es\/producto\/og-kush-strain\/","og_site_name":"GrassXpress","article_modified_time":"2026-04-02T09:17:53+00:00","og_image":[{"width":600,"height":600,"url":"https:\/\/grassxpress.com\/wp-content\/uploads\/2022\/11\/OG-kush.jpg","type":"image\/jpeg"}],"twitter_card":"summary_large_image","twitter_misc":{"Tiempo de lectura":"6 minutos"},"schema":{"@context":"https:\/\/schema.org","@graph":[{"@type":"WebPage","@id":"https:\/\/grassxpress.com\/product\/og-kush-strain\/","url":"https:\/\/grassxpress.com\/product\/og-kush-strain\/","name":"OG Kush Strain Online For Sale | GrassXpress","isPartOf":{"@id":"https:\/\/grassxpress.com\/#website"},"primaryImageOfPage":{"@id":"https:\/\/grassxpress.com\/product\/og-kush-strain\/#primaryimage"},"image":{"@id":"https:\/\/grassxpress.com\/product\/og-kush-strain\/#primaryimage"},"thumbnailUrl":"https:\/\/grassxpress.com\/wp-content\/uploads\/2022\/11\/OG-kush.jpg","datePublished":"2022-11-15T10:34:28+00:00","dateModified":"2026-04-02T09:17:53+00:00","description":"Buy OG Kush online in uk and explore a legendary cannabis strain valued for its strong aroma and balanced hybrid effects. OG Kush for sale featuring distinctive earthy, citrus, and fuel-like terpene notes.","breadcrumb":{"@id":"https:\/\/grassxpress.com\/product\/og-kush-strain\/#breadcrumb"},"inLanguage":"es","potentialAction":[{"@type":"ReadAction","target":["https:\/\/grassxpress.com\/product\/og-kush-strain\/"]}]},{"@type":"ImageObject","inLanguage":"es","@id":"https:\/\/grassxpress.com\/product\/og-kush-strain\/#primaryimage","url":"https:\/\/grassxpress.com\/wp-content\/uploads\/2022\/11\/OG-kush.jpg","contentUrl":"https:\/\/grassxpress.com\/wp-content\/uploads\/2022\/11\/OG-kush.jpg","width":600,"height":600,"caption":"OG kush"},{"@type":"BreadcrumbList","@id":"https:\/\/grassxpress.com\/product\/og-kush-strain\/#breadcrumb","itemListElement":[{"@type":"ListItem","position":1,"name":"Home","item":"https:\/\/grassxpress.com\/"},{"@type":"ListItem","position":2,"name":"Mail Order Weed UK","item":"https:\/\/grassxpress.com\/mail-order-weed-uk\/"},{"@type":"ListItem","position":3,"name":"OG kush"}]},{"@type":"WebSite","@id":"https:\/\/grassxpress.com\/#website","url":"https:\/\/grassxpress.com\/","name":"GrassXpress","description":"Buy Weed Online UK","publisher":{"@id":"https:\/\/grassxpress.com\/#organization"},"potentialAction":[{"@type":"SearchAction","target":{"@type":"EntryPoint","urlTemplate":"https:\/\/grassxpress.com\/?s={search_term_string}"},"query-input":"required name=search_term_string"}],"inLanguage":"es"},{"@type":"Organization","@id":"https:\/\/grassxpress.com\/#organization","name":"GrassXpress","url":"https:\/\/grassxpress.com\/","logo":{"@type":"ImageObject","inLanguage":"es","@id":"https:\/\/grassxpress.com\/#\/schema\/logo\/image\/","url":"https:\/\/grassxpress.com\/wp-content\/uploads\/2024\/01\/logo.png","contentUrl":"https:\/\/grassxpress.com\/wp-content\/uploads\/2024\/01\/logo.png","width":300,"height":100,"caption":"GrassXpress"},"image":{"@id":"https:\/\/grassxpress.com\/#\/schema\/logo\/image\/"}}]}},"_links":{"self":[{"href":"https:\/\/grassxpress.com\/es\/wp-json\/wp\/v2\/product\/4363","targetHints":{"allow":["GET"]}}],"collection":[{"href":"https:\/\/grassxpress.com\/es\/wp-json\/wp\/v2\/product"}],"about":[{"href":"https:\/\/grassxpress.com\/es\/wp-json\/wp\/v2\/types\/product"}],"replies":[{"embeddable":true,"href":"https:\/\/grassxpress.com\/es\/wp-json\/wp\/v2\/comments?post=4363"}],"wp:featuredmedia":[{"embeddable":true,"href":"https:\/\/grassxpress.com\/es\/wp-json\/wp\/v2\/media\/4421"}],"wp:attachment":[{"href":"https:\/\/grassxpress.com\/es\/wp-json\/wp\/v2\/media?parent=4363"}],"wp:term":[{"taxonomy":"product_cat","embeddable":true,"href":"https:\/\/grassxpress.com\/es\/wp-json\/wp\/v2\/product_cat?post=4363"},{"taxonomy":"product_tag","embeddable":true,"href":"https:\/\/grassxpress.com\/es\/wp-json\/wp\/v2\/product_tag?post=4363"}],"curies":[{"name":"wp","href":"https:\/\/api.w.org\/{rel}","templated":true}]}}