{"id":4361,"date":"2022-11-15T10:28:23","date_gmt":"2022-11-15T10:28:23","guid":{"rendered":"https:\/\/documentosespana.com\/diligent\/?post_type=product&#038;p=4361"},"modified":"2026-04-02T09:21:10","modified_gmt":"2026-04-02T09:21:10","slug":"platinum-og","status":"publish","type":"product","link":"https:\/\/grassxpress.com\/es\/producto\/platinum-og\/","title":{"rendered":"Platino OG"},"content":{"rendered":"<h2>\u00bfPuedes comprar Platinum OG en l\u00ednea?<\/h2>\n<p><span style=\"color: #000000;\"><a href=\"https:\/\/grassxpress.com\/es\/producto\/platinum-og\/\">Platino OG<\/a> Platinum OG es tan precioso como el metal que le da nombre. Este h\u00edbrido de predominancia Indica se afirma como una de las variedades \"m\u00e1s pesadas\" que existen. Se supone que Platinum OG proviene de tres cepas: Master Kush, OG Kush y un tercer padre desconocido. Las flores son de color verde lima y regordetas, con prominentes pelos anaranjados y una capa de platino gracias a la abundancia de <a href=\"https:\/\/en.wikipedia.org\/wiki\/Special:Search?search=weed+online&amp;go=Go&amp;ns0=1\">THC<\/a> crystals. A brief, heady onset settles into a powerful physical sedation suitable for nighttime use and pain, stress, or anxiety relief, making this precious strain a robust healer. Its THC content\u00a0 This <a href=\"https:\/\/grassxpress.com\/es\/producto\/purple-haze\/\">Indica-dominant hybrid<\/a> has a sativa\/Indica ratio of 25\/75,with trace levels of CBD, and its buzz has been described as strongly cerebral and body-numbing. can you buy weed online uk<\/span><\/p>\n<p><span style=\"color: #000000;\">This weed burns with a skunky, earthy smell and the flavor is smooth and sweetish, with notes of pine, berries and citrus. The effects come on quickly after inhaling, and start with a heavy body hit that then gives way to a relaxing, almost narcotic high that can last for two hours and more. This is a powerful weed and more than a couple of hits often lead to couchlock. Medical dispensaries prescribe it for nausea, stress and insomnia. can you <a href=\"https:\/\/grassxpress.com\/es\/pedir-hierba-online-espana\/\">comprar hierba en l\u00ednea reino unido<\/a><\/span><\/p>\n<p><span style=\"color: #000000;\">Esta variedad crece hasta una altura de alrededor de un metro y es una variedad tupida con hojas cortas que se vuelven bastante oscuras a medida que la planta madura. Los cogollos de tama\u00f1o mediano son densos y est\u00e1n cubiertos de una brillante capa de cristales y tambi\u00e9n tienen pelos de naranja a marr\u00f3n. <a href=\"https:\/\/grassxpress.com\/es\/mail-order-weed-uk\/\">M\u00e1s<\/a><\/span><\/p>\n<p>&nbsp;<\/p>","protected":false},"excerpt":{"rendered":"<p>La recomendamos para las n\u00e1useas, el estr\u00e9s y el insomnio, el uso nocturno y el alivio del dolor, el estr\u00e9s o la ansiedad, haciendo de esta preciada cepa una robusta sanadora. Los efectos aparecen r\u00e1pidamente tras la inhalaci\u00f3n, y comienzan con un fuerte golpe corporal que luego da paso a un subid\u00f3n relajante, casi narc\u00f3tico, que puede durar dos horas o m\u00e1s.<\/p>","protected":false},"featured_media":4402,"comment_status":"open","ping_status":"closed","template":"","meta":{"_themeisle_gutenberg_block_has_review":false,"_ti_tpc_template_sync":false,"_ti_tpc_template_id":"","_joinchat":[]},"product_cat":[216,128],"product_tag":[217,138,218,140,219,220,27,221,192,33,222,223,224,172,225,226,227,228,229,230,231,232,233,234,235,236,237,238],"class_list":{"0":"post-4361","1":"product","2":"type-product","3":"status-publish","4":"has-post-thumbnail","6":"product_cat-hybrid","7":"product_cat-indica","8":"product_tag-24-7-platinum-kush-delivery","9":"product_tag-best-online-dispensary","10":"product_tag-buy-cheap-platinum-kush","11":"product_tag-buy-marijuana-online","12":"product_tag-buy-platinum-kush-in-usa","13":"product_tag-buy-platinum-kush-online","14":"product_tag-cannabis-strains","15":"product_tag-hybrid-strains","16":"product_tag-indica-marijuana-strains","17":"product_tag-indica-strains","18":"product_tag-indica-dominant-hybrid","19":"product_tag-legit-platinum-kush-online","20":"product_tag-marijuana-strains","21":"product_tag-medical-cannabis","22":"product_tag-medical-marijuana","23":"product_tag-order-platinum-kush","24":"product_tag-platinum-bubba-kush","25":"product_tag-platinum-kush","26":"product_tag-platinum-kush-for-sale-in-canada-without-script","27":"product_tag-platinum-kush-for-sale-in-usa","28":"product_tag-platinum-kush-for-sale-without-script","29":"product_tag-platinum-kush-mail-order","30":"product_tag-platinum-kush-overnight-shipping","31":"product_tag-platinum-kush-strain","32":"product_tag-platinum-kush-worldwide-delivery","33":"product_tag-platinum-og-kush","34":"product_tag-top-shelf-marijuana-strains","35":"product_tag-top-shelf-strains","37":"first","38":"instock","39":"shipping-taxable","40":"purchasable","41":"product-type-variable"},"yoast_head":"<!-- This site is optimized with the Yoast SEO plugin v22.7 - https:\/\/yoast.com\/wordpress\/plugins\/seo\/ -->\n<title>Platinum OG Strain for Sale UK \u2013 Buy Platinum OG Cannabis Online<\/title>\n<meta name=\"description\" content=\"Buy Platinum OG cannabis strain online. Premium indica-dominant hybrid known for its strong relaxing effects, earthy aroma, and long-lasting body high ideal for stress and nighttime use.\" \/>\n<meta name=\"robots\" content=\"index, follow, max-snippet:-1, max-image-preview:large, max-video-preview:-1\" \/>\n<link rel=\"canonical\" href=\"https:\/\/grassxpress.com\/es\/producto\/platinum-og\/\" \/>\n<meta property=\"og:locale\" content=\"es_ES\" \/>\n<meta property=\"og:type\" content=\"article\" \/>\n<meta property=\"og:title\" content=\"Platinum OG Strain for Sale UK \u2013 Buy Platinum OG Cannabis Online\" \/>\n<meta property=\"og:description\" content=\"Buy Platinum OG cannabis strain online. Premium indica-dominant hybrid known for its strong relaxing effects, earthy aroma, and long-lasting body high ideal for stress and nighttime use.\" \/>\n<meta property=\"og:url\" content=\"https:\/\/grassxpress.com\/es\/producto\/platinum-og\/\" \/>\n<meta property=\"og:site_name\" content=\"GrassXpress\" \/>\n<meta property=\"article:modified_time\" content=\"2026-04-02T09:21:10+00:00\" \/>\n<meta property=\"og:image\" content=\"https:\/\/grassxpress.com\/wp-content\/uploads\/2022\/11\/Platinum-OG-1.jpg\" \/>\n\t<meta property=\"og:image:width\" content=\"600\" \/>\n\t<meta property=\"og:image:height\" content=\"600\" \/>\n\t<meta property=\"og:image:type\" content=\"image\/jpeg\" \/>\n<meta name=\"twitter:card\" content=\"summary_large_image\" \/>\n<meta name=\"twitter:label1\" content=\"Tiempo de lectura\" \/>\n\t<meta name=\"twitter:data1\" content=\"2 minutos\" \/>\n<!-- \/ Yoast SEO plugin. -->","yoast_head_json":{"title":"Platinum OG Strain for Sale UK \u2013 Buy Platinum OG Cannabis Online","description":"Buy Platinum OG cannabis strain online. Premium indica-dominant hybrid known for its strong relaxing effects, earthy aroma, and long-lasting body high ideal for stress and nighttime use.","robots":{"index":"index","follow":"follow","max-snippet":"max-snippet:-1","max-image-preview":"max-image-preview:large","max-video-preview":"max-video-preview:-1"},"canonical":"https:\/\/grassxpress.com\/es\/producto\/platinum-og\/","og_locale":"es_ES","og_type":"article","og_title":"Platinum OG Strain for Sale UK \u2013 Buy Platinum OG Cannabis Online","og_description":"Buy Platinum OG cannabis strain online. Premium indica-dominant hybrid known for its strong relaxing effects, earthy aroma, and long-lasting body high ideal for stress and nighttime use.","og_url":"https:\/\/grassxpress.com\/es\/producto\/platinum-og\/","og_site_name":"GrassXpress","article_modified_time":"2026-04-02T09:21:10+00:00","og_image":[{"width":600,"height":600,"url":"https:\/\/grassxpress.com\/wp-content\/uploads\/2022\/11\/Platinum-OG-1.jpg","type":"image\/jpeg"}],"twitter_card":"summary_large_image","twitter_misc":{"Tiempo de lectura":"2 minutos"},"schema":{"@context":"https:\/\/schema.org","@graph":[{"@type":"WebPage","@id":"https:\/\/grassxpress.com\/product\/platinum-og\/","url":"https:\/\/grassxpress.com\/product\/platinum-og\/","name":"Platinum OG Strain for Sale UK \u2013 Buy Platinum OG Cannabis Online","isPartOf":{"@id":"https:\/\/grassxpress.com\/#website"},"primaryImageOfPage":{"@id":"https:\/\/grassxpress.com\/product\/platinum-og\/#primaryimage"},"image":{"@id":"https:\/\/grassxpress.com\/product\/platinum-og\/#primaryimage"},"thumbnailUrl":"https:\/\/grassxpress.com\/wp-content\/uploads\/2022\/11\/Platinum-OG-1.jpg","datePublished":"2022-11-15T10:28:23+00:00","dateModified":"2026-04-02T09:21:10+00:00","description":"Buy Platinum OG cannabis strain online. Premium indica-dominant hybrid known for its strong relaxing effects, earthy aroma, and long-lasting body high ideal for stress and nighttime use.","breadcrumb":{"@id":"https:\/\/grassxpress.com\/product\/platinum-og\/#breadcrumb"},"inLanguage":"es","potentialAction":[{"@type":"ReadAction","target":["https:\/\/grassxpress.com\/product\/platinum-og\/"]}]},{"@type":"ImageObject","inLanguage":"es","@id":"https:\/\/grassxpress.com\/product\/platinum-og\/#primaryimage","url":"https:\/\/grassxpress.com\/wp-content\/uploads\/2022\/11\/Platinum-OG-1.jpg","contentUrl":"https:\/\/grassxpress.com\/wp-content\/uploads\/2022\/11\/Platinum-OG-1.jpg","width":600,"height":600,"caption":"Platinum OG"},{"@type":"BreadcrumbList","@id":"https:\/\/grassxpress.com\/product\/platinum-og\/#breadcrumb","itemListElement":[{"@type":"ListItem","position":1,"name":"Home","item":"https:\/\/grassxpress.com\/"},{"@type":"ListItem","position":2,"name":"Mail Order Weed UK","item":"https:\/\/grassxpress.com\/mail-order-weed-uk\/"},{"@type":"ListItem","position":3,"name":"Platinum OG"}]},{"@type":"WebSite","@id":"https:\/\/grassxpress.com\/#website","url":"https:\/\/grassxpress.com\/","name":"GrassXpress","description":"Buy Weed Online UK","publisher":{"@id":"https:\/\/grassxpress.com\/#organization"},"potentialAction":[{"@type":"SearchAction","target":{"@type":"EntryPoint","urlTemplate":"https:\/\/grassxpress.com\/?s={search_term_string}"},"query-input":"required name=search_term_string"}],"inLanguage":"es"},{"@type":"Organization","@id":"https:\/\/grassxpress.com\/#organization","name":"GrassXpress","url":"https:\/\/grassxpress.com\/","logo":{"@type":"ImageObject","inLanguage":"es","@id":"https:\/\/grassxpress.com\/#\/schema\/logo\/image\/","url":"https:\/\/grassxpress.com\/wp-content\/uploads\/2024\/01\/logo.png","contentUrl":"https:\/\/grassxpress.com\/wp-content\/uploads\/2024\/01\/logo.png","width":300,"height":100,"caption":"GrassXpress"},"image":{"@id":"https:\/\/grassxpress.com\/#\/schema\/logo\/image\/"}}]}},"_links":{"self":[{"href":"https:\/\/grassxpress.com\/es\/wp-json\/wp\/v2\/product\/4361","targetHints":{"allow":["GET"]}}],"collection":[{"href":"https:\/\/grassxpress.com\/es\/wp-json\/wp\/v2\/product"}],"about":[{"href":"https:\/\/grassxpress.com\/es\/wp-json\/wp\/v2\/types\/product"}],"replies":[{"embeddable":true,"href":"https:\/\/grassxpress.com\/es\/wp-json\/wp\/v2\/comments?post=4361"}],"wp:featuredmedia":[{"embeddable":true,"href":"https:\/\/grassxpress.com\/es\/wp-json\/wp\/v2\/media\/4402"}],"wp:attachment":[{"href":"https:\/\/grassxpress.com\/es\/wp-json\/wp\/v2\/media?parent=4361"}],"wp:term":[{"taxonomy":"product_cat","embeddable":true,"href":"https:\/\/grassxpress.com\/es\/wp-json\/wp\/v2\/product_cat?post=4361"},{"taxonomy":"product_tag","embeddable":true,"href":"https:\/\/grassxpress.com\/es\/wp-json\/wp\/v2\/product_tag?post=4361"}],"curies":[{"name":"wp","href":"https:\/\/api.w.org\/{rel}","templated":true}]}}