{"id":4360,"date":"2022-11-15T10:11:40","date_gmt":"2022-11-15T10:11:40","guid":{"rendered":"https:\/\/documentosespana.com\/diligent\/?post_type=product&#038;p=4360"},"modified":"2026-04-02T09:09:06","modified_gmt":"2026-04-02T09:09:06","slug":"banana-kush","status":"publish","type":"product","link":"https:\/\/grassxpress.com\/es\/producto\/banana-kush\/","title":{"rendered":"Buy Banana Kush Online UK"},"content":{"rendered":"<div class=\"relative basis-auto flex-col -mb-(--composer-overlap-px) [--composer-overlap-px:28px] grow flex\">\n<div class=\"flex flex-col text-sm pb-25\">\n<article class=\"text-token-text-primary w-full focus:outline-none [--shadow-height:45px] has-data-writing-block:pointer-events-none has-data-writing-block:-mt-(--shadow-height) has-data-writing-block:pt-(--shadow-height) [&amp;:has([data-writing-block])&gt;*]:pointer-events-auto scroll-mt-[calc(var(--header-height)+min(200px,max(70px,20svh)))]\" dir=\"auto\" tabindex=\"-1\" data-turn-id=\"request-WEB:04e6e77b-5047-4170-b5cf-69678400d879-6\" data-testid=\"conversation-turn-14\" data-scroll-anchor=\"true\" data-turn=\"assistant\">\n<div class=\"text-base my-auto mx-auto pb-10 [--thread-content-margin:var(--thread-content-margin-xs,calc(var(--spacing)*4))] @w-sm\/main:[--thread-content-margin:var(--thread-content-margin-sm,calc(var(--spacing)*6))] @w-lg\/main:[--thread-content-margin:var(--thread-content-margin-lg,calc(var(--spacing)*16))] px-(--thread-content-margin)\">\n<div class=\"[--thread-content-max-width:40rem] @w-lg\/main:[--thread-content-max-width:48rem] mx-auto max-w-(--thread-content-max-width) flex-1 group\/turn-messages focus-visible:outline-hidden relative flex w-full min-w-0 flex-col agent-turn\" tabindex=\"-1\">\n<div class=\"flex max-w-full flex-col gap-4 grow\">\n<div class=\"min-h-8 text-message relative flex w-full flex-col items-end gap-2 text-start break-words whitespace-normal [.text-message+&amp;]:mt-1\" dir=\"auto\" data-message-author-role=\"assistant\" data-message-id=\"692c1616-ac21-4157-920c-8936db92195e\" data-message-model-slug=\"gpt-5-3\">\n<div class=\"flex w-full flex-col gap-1 empty:hidden\">\n<div class=\"markdown prose dark:prose-invert w-full wrap-break-word light markdown-new-styling\">\n<h2 data-section-id=\"1pwhjtz\" data-start=\"0\" data-end=\"38\">Comprar marihuana online en el Reino Unido \u2013 Banana Kush<\/h2>\n<p data-start=\"40\" data-end=\"379\">If you are looking for weed to buy online UK, many cannabis enthusiasts prefer to <a href=\"https:\/\/grassxpress.com\/es\/producto\/banana-kush\/\">Buy Banana Kush online<\/a> ...debido a su sabor \u00fanico y a sus efectos relajantes. Conocida por su dulce aroma tropical y su potente efecto corporal, la Banana Kush \u2014disponible a la venta\u2014 es una de las variedades m\u00e1s populares entre los consumidores de cannabis que buscan cogollos de calidad premium.<\/p>\n<h1 data-section-id=\"1qkgbfg\" data-start=\"381\" data-end=\"409\">Buy Banana Kush Online UK<\/h1>\n<p data-start=\"411\" data-end=\"771\">Adquiera Banana Kush en tiendas de cannabis de confianza si busca una variedad que ofrezca una mezcla equilibrada de euforia y profunda relajaci\u00f3n. Banana Kush es una variedad muy conocida de la Costa Oeste, famosa por su sabor a pl\u00e1tano y sus efectos calmantes. Muchos consumidores que compran Banana Kush en l\u00ednea disfrutan de su combinaci\u00f3n de sensaciones mentales estimulantes y una relajaci\u00f3n f\u00edsica reconfortante. Esta variedad es un cruce entre Ghost OG y Skunk Haze, y se distingue por su aroma caracter\u00edstico y un proceso de cultivo de dificultad moderada. Debido a su popularidad y a su perfil de terpenos \u00fanico, muchos usuarios se preguntan \u00ab\u00bfD\u00f3nde comprar Banana Kush?\u00bb cuando buscan productos de cannabis de alta calidad.<\/p>\n<h3 data-section-id=\"1d3xzlz\" data-start=\"1067\" data-end=\"1088\">Lab Tested Results<\/h3>\n<p data-start=\"1090\" data-end=\"1110\">THC: 25%<br data-start=\"1098\" data-end=\"1101\" \/>CBD: 0,7%<\/p>\n<p data-start=\"1112\" data-end=\"1278\">These cannabinoid levels contribute to the powerful effects that make Banana Kush for sale a highly sought-after strain for both recreational and therapeutic use.<\/p>\n<h3 data-section-id=\"mnten1\" data-start=\"1280\" data-end=\"1305\">Experiencia Banana Kush<\/h3>\n<p data-start=\"1307\" data-end=\"1560\">Aunque la Banana Kush es principalmente una variedad \u00edndica, tambi\u00e9n proporciona una leve estimulaci\u00f3n mental de tipo sativa. Muchos consumidores de cannabis que piden Banana Kush en l\u00ednea reportan un fuerte efecto corporal que conduce gradualmente a una profunda relajaci\u00f3n y somnolencia. Debido a sus potentes efectos sedantes, a menudo se recomienda comprar Banana Kush en l\u00ednea para su consumo por la noche. Muchos usuarios experimentados prefieren esta variedad antes de acostarse, ya que sus propiedades calmantes pueden ayudar a favorecer un sue\u00f1o reparador. Antes de que los efectos relajantes se manifiesten plenamente, los usuarios suelen experimentar una agradable euforia y una notable elevaci\u00f3n del estado de \u00e1nimo. Esta sensaci\u00f3n de bienestar es una de las razones por las que muchas personas buscan el mejor lugar para comprar Banana Kush en l\u00ednea.<\/p>\n<p data-start=\"2027\" data-end=\"2213\">Algunos usuarios pueden experimentar sequedad bucal o sequedad ocular, especialmente con dosis m\u00e1s altas. Para aquellos que son nuevos en el consumo de cannabis, se recomienda comenzar con una cantidad moderada al comprar Banana Kush.<\/p>\n<h3 data-section-id=\"n8ea45\" data-start=\"2215\" data-end=\"2242\">Perfil de sabor y aroma<\/h3>\n<p data-start=\"2244\" data-end=\"2492\">Una de las caracter\u00edsticas m\u00e1s reconocibles de la Banana Kush es su legendario perfil de sabor. Esta variedad es conocida por su inconfundible gusto a pl\u00e1tano, combinado con notas afrutadas y tropicales. Algunos entusiastas del cannabis tambi\u00e9n perciben sutiles matices amaderados. Al combustionarse, la Banana Kush desprende un aroma dulce y afrutado que inunda r\u00e1pidamente la habitaci\u00f3n. Su intenso perfil de terpenos es una de las razones principales por las que muchos usuarios optan por comprar Banana Kush en l\u00ednea a trav\u00e9s de dispensarios de cannabis de confianza. Visualmente, esta variedad posee un atractivo est\u00e9tico impresionante. Sus cogollos lucen hojas de un verde brillante, pistilos de color melocot\u00f3n y una generosa capa de tricomas blancos. Esta apariencia atractiva a menudo facilita la identificaci\u00f3n de productos de Banana Kush de calidad premium.<\/p>\n<h3 data-section-id=\"6nc9ol\" data-start=\"2988\" data-end=\"3022\">Beneficios m\u00e9dicos de la Banana Kush<\/h3>\n<p data-start=\"3024\" data-end=\"3286\">Aunque la Banana Kush es principalmente una variedad \u00edndica, tambi\u00e9n proporciona una leve estimulaci\u00f3n mental de tipo sativa. Muchos consumidores de cannabis que piden Banana Kush en l\u00ednea reportan un fuerte efecto corporal que conduce gradualmente a una profunda relajaci\u00f3n y somnolencia. Debido a sus potentes efectos sedantes, a menudo se recomienda comprar Banana Kush en l\u00ednea para su consumo por la noche. Muchos usuarios experimentados prefieren esta variedad antes de acostarse, ya que sus propiedades calmantes pueden ayudar a favorecer un sue\u00f1o reparador. Antes de que los efectos relajantes se manifiesten plenamente, los usuarios suelen experimentar una agradable euforia y una notable elevaci\u00f3n del estado de \u00e1nimo. Esta sensaci\u00f3n de bienestar es una de las razones por las que muchas personas buscan el mejor lugar para comprar Banana Kush en l\u00ednea.<\/p>\n<p data-start=\"3734\" data-end=\"3996\">Adem\u00e1s, las marcadas caracter\u00edsticas Indica pueden ser de ayuda para las personas que gestionan el dolor cr\u00f3nico. Debido a estos beneficios potenciales, muchos usuarios comparan el precio de la Banana Kush entre distintos minoristas para encontrar la mejor relaci\u00f3n calidad-precio sin sacrificar la calidad del producto. Para los entusiastas del cannabis que buscan variedades *premium*, encontrar el mejor lugar para comprar Banana Kush en l\u00ednea garantiza el acceso a productos fiables, con una potencia y un sabor consistentes.<\/p>\n<\/div>\n<\/div>\n<\/div>\n<\/div>\n<div class=\"z-0 flex min-h-[46px] justify-start\"><\/div>\n<div class=\"mt-3 w-full empty:hidden\">\n<div class=\"text-center\"><\/div>\n<\/div>\n<\/div>\n<\/div>\n<\/article>\n<\/div>\n<div class=\"pointer-events-none h-px w-px absolute bottom-0\" aria-hidden=\"true\" data-edge=\"true\"><\/div>\n<\/div>","protected":false},"excerpt":{"rendered":"<p>H\u00edbrido Indica Dominante - 60% Indica \/ 40% Sativa THC: 18% - 25%, CBN: 1%<br \/>\nAqu\u00ed tenemos el h\u00edbrido parecido al pl\u00e1tano de dos cepas legendarias; OG Kush de la Costa Oeste y Skunk Haze.<\/p>\n<p>La variedad de marihuana Banana Kush es un h\u00edbrido Indica dominante. La kush fue creada por Cali Kush. Esta marihuana tiene un maravilloso aroma a delicioso batido de pl\u00e1tano-kush. Banana Kush tiene cogollos esponjosos de color verde brillante con pelos de color amarillo anaranjado. Los cogollos est\u00e1n cubiertos de cristales blancos. Debido a su potencia, la variedad de cannabis Banana Kush calmar\u00e1 tu dolor y te har\u00e1 dormir en cuesti\u00f3n de minutos, lo mejor para el uso nocturno. Con un THC de 18%, los principiantes deben tener cuidado con la dosis.<\/p>","protected":false},"featured_media":4376,"comment_status":"open","ping_status":"closed","template":"","meta":{"_themeisle_gutenberg_block_has_review":false,"_ti_tpc_template_sync":false,"_ti_tpc_template_id":"","_joinchat":[]},"product_cat":[216],"product_tag":[],"class_list":{"0":"post-4360","1":"product","2":"type-product","3":"status-publish","4":"has-post-thumbnail","6":"product_cat-hybrid","8":"first","9":"instock","10":"shipping-taxable","11":"purchasable","12":"product-type-variable"},"yoast_head":"<!-- This site is optimized with the Yoast SEO plugin v22.7 - https:\/\/yoast.com\/wordpress\/plugins\/seo\/ -->\n<title>Weed to buy online uk | Buy banana kush online in Europe<\/title>\n<meta name=\"description\" content=\"Buy Banana Kush online for a flavorful hybrid strain known for its sweet tropical aroma and relaxing effects. Banana Kush for sale offers premium quality buds ideal for cannabis enthusiasts.\" \/>\n<meta name=\"robots\" content=\"index, follow, max-snippet:-1, max-image-preview:large, max-video-preview:-1\" \/>\n<link rel=\"canonical\" href=\"https:\/\/grassxpress.com\/es\/producto\/banana-kush\/\" \/>\n<meta property=\"og:locale\" content=\"es_ES\" \/>\n<meta property=\"og:type\" content=\"article\" \/>\n<meta property=\"og:title\" content=\"Weed to buy online uk | Buy banana kush online in Europe\" \/>\n<meta property=\"og:description\" content=\"Buy Banana Kush online for a flavorful hybrid strain known for its sweet tropical aroma and relaxing effects. Banana Kush for sale offers premium quality buds ideal for cannabis enthusiasts.\" \/>\n<meta property=\"og:url\" content=\"https:\/\/grassxpress.com\/es\/producto\/banana-kush\/\" \/>\n<meta property=\"og:site_name\" content=\"GrassXpress\" \/>\n<meta property=\"article:modified_time\" content=\"2026-04-02T09:09:06+00:00\" \/>\n<meta property=\"og:image\" content=\"https:\/\/grassxpress.com\/wp-content\/uploads\/2022\/11\/Banana-kush.jpg\" \/>\n\t<meta property=\"og:image:width\" content=\"600\" \/>\n\t<meta property=\"og:image:height\" content=\"600\" \/>\n\t<meta property=\"og:image:type\" content=\"image\/jpeg\" \/>\n<meta name=\"twitter:card\" content=\"summary_large_image\" \/>\n<meta name=\"twitter:label1\" content=\"Tiempo de lectura\" \/>\n\t<meta name=\"twitter:data1\" content=\"3 minutos\" \/>\n<!-- \/ Yoast SEO plugin. -->","yoast_head_json":{"title":"Weed to buy online uk | Buy banana kush online in Europe","description":"Buy Banana Kush online for a flavorful hybrid strain known for its sweet tropical aroma and relaxing effects. Banana Kush for sale offers premium quality buds ideal for cannabis enthusiasts.","robots":{"index":"index","follow":"follow","max-snippet":"max-snippet:-1","max-image-preview":"max-image-preview:large","max-video-preview":"max-video-preview:-1"},"canonical":"https:\/\/grassxpress.com\/es\/producto\/banana-kush\/","og_locale":"es_ES","og_type":"article","og_title":"Weed to buy online uk | Buy banana kush online in Europe","og_description":"Buy Banana Kush online for a flavorful hybrid strain known for its sweet tropical aroma and relaxing effects. Banana Kush for sale offers premium quality buds ideal for cannabis enthusiasts.","og_url":"https:\/\/grassxpress.com\/es\/producto\/banana-kush\/","og_site_name":"GrassXpress","article_modified_time":"2026-04-02T09:09:06+00:00","og_image":[{"width":600,"height":600,"url":"https:\/\/grassxpress.com\/wp-content\/uploads\/2022\/11\/Banana-kush.jpg","type":"image\/jpeg"}],"twitter_card":"summary_large_image","twitter_misc":{"Tiempo de lectura":"3 minutos"},"schema":{"@context":"https:\/\/schema.org","@graph":[{"@type":"WebPage","@id":"https:\/\/grassxpress.com\/product\/banana-kush\/","url":"https:\/\/grassxpress.com\/product\/banana-kush\/","name":"Weed to buy online uk | Buy banana kush online in Europe","isPartOf":{"@id":"https:\/\/grassxpress.com\/#website"},"primaryImageOfPage":{"@id":"https:\/\/grassxpress.com\/product\/banana-kush\/#primaryimage"},"image":{"@id":"https:\/\/grassxpress.com\/product\/banana-kush\/#primaryimage"},"thumbnailUrl":"https:\/\/grassxpress.com\/wp-content\/uploads\/2022\/11\/Banana-kush.jpg","datePublished":"2022-11-15T10:11:40+00:00","dateModified":"2026-04-02T09:09:06+00:00","description":"Buy Banana Kush online for a flavorful hybrid strain known for its sweet tropical aroma and relaxing effects. Banana Kush for sale offers premium quality buds ideal for cannabis enthusiasts.","breadcrumb":{"@id":"https:\/\/grassxpress.com\/product\/banana-kush\/#breadcrumb"},"inLanguage":"es","potentialAction":[{"@type":"ReadAction","target":["https:\/\/grassxpress.com\/product\/banana-kush\/"]}]},{"@type":"ImageObject","inLanguage":"es","@id":"https:\/\/grassxpress.com\/product\/banana-kush\/#primaryimage","url":"https:\/\/grassxpress.com\/wp-content\/uploads\/2022\/11\/Banana-kush.jpg","contentUrl":"https:\/\/grassxpress.com\/wp-content\/uploads\/2022\/11\/Banana-kush.jpg","width":600,"height":600,"caption":"Banana kush"},{"@type":"BreadcrumbList","@id":"https:\/\/grassxpress.com\/product\/banana-kush\/#breadcrumb","itemListElement":[{"@type":"ListItem","position":1,"name":"Home","item":"https:\/\/grassxpress.com\/"},{"@type":"ListItem","position":2,"name":"Mail Order Weed UK","item":"https:\/\/grassxpress.com\/mail-order-weed-uk\/"},{"@type":"ListItem","position":3,"name":"Buy Banana Kush Online UK"}]},{"@type":"WebSite","@id":"https:\/\/grassxpress.com\/#website","url":"https:\/\/grassxpress.com\/","name":"GrassXpress","description":"Buy Weed Online UK","publisher":{"@id":"https:\/\/grassxpress.com\/#organization"},"potentialAction":[{"@type":"SearchAction","target":{"@type":"EntryPoint","urlTemplate":"https:\/\/grassxpress.com\/?s={search_term_string}"},"query-input":"required name=search_term_string"}],"inLanguage":"es"},{"@type":"Organization","@id":"https:\/\/grassxpress.com\/#organization","name":"GrassXpress","url":"https:\/\/grassxpress.com\/","logo":{"@type":"ImageObject","inLanguage":"es","@id":"https:\/\/grassxpress.com\/#\/schema\/logo\/image\/","url":"https:\/\/grassxpress.com\/wp-content\/uploads\/2024\/01\/logo.png","contentUrl":"https:\/\/grassxpress.com\/wp-content\/uploads\/2024\/01\/logo.png","width":300,"height":100,"caption":"GrassXpress"},"image":{"@id":"https:\/\/grassxpress.com\/#\/schema\/logo\/image\/"}}]}},"_links":{"self":[{"href":"https:\/\/grassxpress.com\/es\/wp-json\/wp\/v2\/product\/4360","targetHints":{"allow":["GET"]}}],"collection":[{"href":"https:\/\/grassxpress.com\/es\/wp-json\/wp\/v2\/product"}],"about":[{"href":"https:\/\/grassxpress.com\/es\/wp-json\/wp\/v2\/types\/product"}],"replies":[{"embeddable":true,"href":"https:\/\/grassxpress.com\/es\/wp-json\/wp\/v2\/comments?post=4360"}],"wp:featuredmedia":[{"embeddable":true,"href":"https:\/\/grassxpress.com\/es\/wp-json\/wp\/v2\/media\/4376"}],"wp:attachment":[{"href":"https:\/\/grassxpress.com\/es\/wp-json\/wp\/v2\/media?parent=4360"}],"wp:term":[{"taxonomy":"product_cat","embeddable":true,"href":"https:\/\/grassxpress.com\/es\/wp-json\/wp\/v2\/product_cat?post=4360"},{"taxonomy":"product_tag","embeddable":true,"href":"https:\/\/grassxpress.com\/es\/wp-json\/wp\/v2\/product_tag?post=4360"}],"curies":[{"name":"wp","href":"https:\/\/api.w.org\/{rel}","templated":true}]}}