{"id":61,"date":"2020-01-23T18:21:52","date_gmt":"2020-01-23T18:21:52","guid":{"rendered":"https:\/\/demosites.io\/web-agency-gb\/?page_id=61"},"modified":"2023-01-06T07:07:00","modified_gmt":"2023-01-06T07:07:00","slug":"can-i-order-weed-online","status":"publish","type":"page","link":"https:\/\/grassxpress.com\/es\/puedo-pedir-hierba-online\/","title":{"rendered":"Sobre nosotros"},"content":{"rendered":"<h1 style=\"text-align: justify;\">Tapones de hierba leg\u00edtimos en l\u00ednea Espa\u00f1a<\/h1>\n<p style=\"text-align: justify;\">\u00bfPuedo pedir hierba en l\u00ednea? GrassXpress es un dispensario de hierba en l\u00ednea donde uno puede comprar hierba en l\u00ednea en Espa\u00f1a, sin moverse ni un cent\u00edmetro de su lugar. Quiz\u00e1s se est\u00e9 preguntando, ya que hay muchos distribuidores de marihuana cerca de m\u00ed en el Reino Unido. Contamos con la farmacia m\u00e1s competente que le ofrece la posibilidad de comprar productos de la mejor calidad.<\/p>\n<p style=\"text-align: justify;\">Puede\u00a0comprar cannabis en l\u00ednea\u00a0sin enfrentar ning\u00fan problema que trate la enfermedad de un paciente y sacie los deseos recreativos. No tienes que salir de tu casa para comprar variedades de marihuana en l\u00ednea, ya que puedes completar tu pedido a trav\u00e9s de tus tel\u00e9fonos inteligentes, PC o computadoras port\u00e1tiles y visitar la tienda virtual de hach\u00eds.<\/p>\n<p style=\"text-align: justify;\">Tenemos una gran colecci\u00f3n de todas las variedades de malas hierbas de alta calidad, con diferentes precios para cada variedad. Puede comprarlos seg\u00fan sus intereses y preferencias. Empaquetamos cuidadosamente cada uno de sus pedidos y los entregamos en su hogar en un atractivo empaque. El paquete recibido ser\u00e1 inodoro y se procesar\u00e1 dentro de un marco de tiempo espec\u00edfico. Durante los \u00faltimos a\u00f1os nos hemos consolidado como la firma l\u00edder en ocio y los clientes han depositado su confianza en nuestros servicios. Nos hemos convertido en una de las empresas de cannabis de m\u00e1s r\u00e1pido crecimiento como resultado de nuestro enfoque y previsi\u00f3n persistentes. Brindamos servicios de entrega premium en varios pa\u00edses del mundo, incluidos el Reino Unido, los Pa\u00edses Bajos, Grecia, Francia, Suiza, Italia y muchos otros. Puede enviarnos su solicitud si est\u00e1 buscando una tienda de cannabis en l\u00ednea cerca de m\u00ed.<\/p>\n<p style=\"text-align: justify;\">Confiamos en nuestros servicios porque aquellos que compran cannabis a la venta en nuestra tienda de Internet regresan una y otra vez. Somos una de las mejores empresas de marihuana del mundo, con expertos en marihuana y trabajadores capacitados que inspeccionan cuidadosamente cada art\u00edculo antes de enviarlo a su puerta. Ofrecemos un m\u00e9todo de pago seguro y todos los productos estar\u00e1n dentro de un rango de precios aceptable para usted.<\/p>\n<p style=\"text-align: justify;\">Puedes pedir por correo hierba del Reino Unido como AK-47, Banana Kush, Blue Dream, Blueberry Kush, Harlequin, Gelato 47, Girls Scout Cookies, Jack Ripper, Lemon Haze, Mango Kush, Master Kush desde una tienda en l\u00ednea.<\/p>\n<h2 style=\"text-align: justify;\">\u00bfPuedo pedir hierba en l\u00ednea?<\/h2>\n<p style=\"text-align: justify;\">Est\u00e1bamos irritados con lo dif\u00edcil que puede ser investigar un cultivo de cannabis y recibir respuestas verdaderas a preguntas b\u00e1sicas sobre el cultivo despu\u00e9s de a\u00f1os de navegar por los sitios de cultivo de cannabis m\u00e1s destacados. GrassXpress tambi\u00e9n cre\u00eda que se requer\u00eda un m\u00e9todo m\u00e1s f\u00e1cil de usar para educar a las personas sobre el crecimiento. Sentimos que era hora de crear un sitio web para mostrar lo simple que es producir cannabis en interiores con casi cualquier presupuesto. GrassXpress ten\u00eda la intenci\u00f3n de crear un recurso que no requer\u00eda un inicio de sesi\u00f3n o una cuenta, sino que simplemente proporcionaba conocimiento en expansi\u00f3n f\u00e1cil de encontrar para todo el planeta. \u00a1La tienda Sky Bud Shop se form\u00f3 como resultado de esto! \u00bfEs posible comprar marihuana online?<\/p>\n<p style=\"text-align: justify;\">GrassXpress entrega los mismos productos de cannabis que encontrar\u00e1 en su dispensario de marihuana local a su casa en Europa y en todo el mundo. Las personas con problemas m\u00e9dicos reciben descuentos de GrassXpress, as\u00ed como costos bajos para clientes habituales. Explore nuestro sitio para encontrar sus delicias favoritas de THC y haga su pedido utilizando nuestro formulario de pedido en l\u00ednea o imprimible. Su pedido de marihuana por correo genuino se enviar\u00e1 el mismo d\u00eda que recibamos el pago, y puede estar seguro de que la entrega ser\u00e1 discreta y segura. S\u00ed, con un giro postal directo y entrega r\u00e1pida a su hogar, puede comprar marihuana real en l\u00ednea...<\/p>\n<p style=\"text-align: justify;\">Si est\u00e1 buscando comprar marihuana en forma de cogollos, hach\u00eds, galletas, brownies, tinturas o mantequilla, superaremos sus expectativas con nuestra incre\u00edble selecci\u00f3n y calidad de productos alimenticios horneados con los mejores ingredientes y a un costo que puede pagar. Nuestro chef es un cocinero profesional y nuestros cultivadores han estado cultivando la mejor hierba que garantiza que volver\u00e1s por m\u00e1s. Tenemos solo la mejor marihuana a la venta que contiene THC real en todos nuestros productos.<\/p>\n<p style=\"text-align: justify;\"><strong>garant\u00eda de precio m\u00e1s bajo<\/strong><\/p>\n<p style=\"text-align: justify;\">\u00bfBusca el mejor dispensario de marihuana en l\u00ednea donde el precio refleje la calidad de su producto? Entonces no podr\u00edas encontrar un lugar mejor. En Get Kush, ofrecemos a nuestros clientes los precios m\u00e1s bajos en flores de marihuana.<\/p>\n<p style=\"text-align: justify;\">Todas las cepas son premium.<\/p>\n<p style=\"text-align: justify;\"><strong>env\u00edo gratis<\/strong><\/p>\n<p style=\"text-align: justify;\">Todos los pedidos superiores a 250 euros reciben env\u00edo gratuito. Puede disfrutar de su marihuana ordenada por correo sabiendo que acaba de pedir sus cepas favoritas en la comodidad de su hogar. Una vez que hayamos recibido el pedido, se lo enviaremos a trav\u00e9s de DHL, UPS, EMS y otros, lo que garantiza una entrega r\u00e1pida y segura con un 100 % de consistencia.<\/p>\n<p style=\"text-align: justify;\"><strong>Segura y protegida<\/strong><\/p>\n<p style=\"text-align: justify;\">Weed todav\u00eda genera controversia entre algunas personas. Entendemos eso, por eso mantenemos nuestros env\u00edos discretos. Sus productos se empaquetar\u00e1n para que luzcan como un pedido por correo normal, con entrega indetectable y cifrado seguro de datos de transacciones.<\/p>","protected":false},"excerpt":{"rendered":"<p>legit weed plugs online UK Can i order weed online, GrassXpress is an online weed dispensary where one can buy weed online UK, without buzzing an inch from your place. You might be wondering as there are many weed dealers near me uk. We have the most proficient pharmacy store that offers you the chance<\/p>\n<div class=\"more-link\">\n             <a href=\"https:\/\/grassxpress.com\/es\/puedo-pedir-hierba-online\/\" class=\"link-btn\"><span>Seguir leyendo <\/span><i class=\"icofont-thin-double-right\"><\/i><\/a>\n        <\/div>","protected":false},"author":1,"featured_media":0,"parent":0,"menu_order":0,"comment_status":"closed","ping_status":"closed","template":"","meta":{"_themeisle_gutenberg_block_has_review":false,"_ti_tpc_template_sync":false,"_ti_tpc_template_id":"0qhau2t6eoekosrgo1a2","_joinchat":[],"footnotes":""},"class_list":["post-61","page","type-page","status-publish","hentry"],"yoast_head":"<!-- This site is optimized with the Yoast SEO plugin v22.7 - https:\/\/yoast.com\/wordpress\/plugins\/seo\/ -->\n<title>Can i order weed online | legit weed plugs online uk | cannabis online uk<\/title>\n<meta name=\"description\" content=\"Can i order weed online. Online Dispensary in Europa for Mail Order Marijuana. Shop for Edibles, Concentrates, Sativa&#039;s, Indica&#039;s &amp; Hybrids.\" \/>\n<meta name=\"robots\" content=\"index, follow, max-snippet:-1, max-image-preview:large, max-video-preview:-1\" \/>\n<link rel=\"canonical\" href=\"https:\/\/grassxpress.com\/es\/pot-comand-on-line-ieriana\/\" \/>\n<meta property=\"og:locale\" content=\"es_ES\" \/>\n<meta property=\"og:type\" content=\"article\" \/>\n<meta property=\"og:title\" content=\"Can i order weed online | legit weed plugs online uk | cannabis online uk\" \/>\n<meta property=\"og:description\" content=\"Can i order weed online. Online Dispensary in Europa for Mail Order Marijuana. Shop for Edibles, Concentrates, Sativa&#039;s, Indica&#039;s &amp; Hybrids.\" \/>\n<meta property=\"og:url\" content=\"https:\/\/grassxpress.com\/es\/pot-comand-on-line-ieriana\/\" \/>\n<meta property=\"og:site_name\" content=\"GrassXpress\" \/>\n<meta property=\"article:modified_time\" content=\"2023-01-06T07:07:00+00:00\" \/>\n<meta name=\"twitter:card\" content=\"summary_large_image\" \/>\n<meta name=\"twitter:label1\" content=\"Tiempo de lectura\" \/>\n\t<meta name=\"twitter:data1\" content=\"4 minutos\" \/>\n<!-- \/ Yoast SEO plugin. -->","yoast_head_json":{"title":"Can i order weed online | legit weed plugs online uk | cannabis online uk","description":"Can i order weed online. Online Dispensary in Europa for Mail Order Marijuana. Shop for Edibles, Concentrates, Sativa's, Indica's & Hybrids.","robots":{"index":"index","follow":"follow","max-snippet":"max-snippet:-1","max-image-preview":"max-image-preview:large","max-video-preview":"max-video-preview:-1"},"canonical":"https:\/\/grassxpress.com\/es\/pot-comand-on-line-ieriana\/","og_locale":"es_ES","og_type":"article","og_title":"Can i order weed online | legit weed plugs online uk | cannabis online uk","og_description":"Can i order weed online. Online Dispensary in Europa for Mail Order Marijuana. Shop for Edibles, Concentrates, Sativa's, Indica's & Hybrids.","og_url":"https:\/\/grassxpress.com\/es\/pot-comand-on-line-ieriana\/","og_site_name":"GrassXpress","article_modified_time":"2023-01-06T07:07:00+00:00","twitter_card":"summary_large_image","twitter_misc":{"Tiempo de lectura":"4 minutos"},"schema":{"@context":"https:\/\/schema.org","@graph":[{"@type":"WebPage","@id":"https:\/\/grassxpress.com\/ro\/pot-comand-on-line-ieriana\/","url":"https:\/\/grassxpress.com\/ro\/pot-comand-on-line-ieriana\/","name":"Can i order weed online | legit weed plugs online uk | cannabis online uk","isPartOf":{"@id":"https:\/\/grassxpress.com\/#website"},"datePublished":"2020-01-23T18:21:52+00:00","dateModified":"2023-01-06T07:07:00+00:00","description":"Can i order weed online. Online Dispensary in Europa for Mail Order Marijuana. Shop for Edibles, Concentrates, Sativa's, Indica's & Hybrids.","breadcrumb":{"@id":"https:\/\/grassxpress.com\/ro\/pot-comand-on-line-ieriana\/#breadcrumb"},"inLanguage":"es","potentialAction":[{"@type":"ReadAction","target":["https:\/\/grassxpress.com\/ro\/pot-comand-on-line-ieriana\/"]}]},{"@type":"BreadcrumbList","@id":"https:\/\/grassxpress.com\/ro\/pot-comand-on-line-ieriana\/#breadcrumb","itemListElement":[{"@type":"ListItem","position":1,"name":"Home","item":"https:\/\/grassxpress.com\/"},{"@type":"ListItem","position":2,"name":"About us"}]},{"@type":"WebSite","@id":"https:\/\/grassxpress.com\/#website","url":"https:\/\/grassxpress.com\/","name":"GrassXpress","description":"Buy Weed Online UK","publisher":{"@id":"https:\/\/grassxpress.com\/#organization"},"potentialAction":[{"@type":"SearchAction","target":{"@type":"EntryPoint","urlTemplate":"https:\/\/grassxpress.com\/?s={search_term_string}"},"query-input":"required name=search_term_string"}],"inLanguage":"es"},{"@type":"Organization","@id":"https:\/\/grassxpress.com\/#organization","name":"GrassXpress","url":"https:\/\/grassxpress.com\/","logo":{"@type":"ImageObject","inLanguage":"es","@id":"https:\/\/grassxpress.com\/#\/schema\/logo\/image\/","url":"https:\/\/grassxpress.com\/wp-content\/uploads\/2024\/01\/logo.png","contentUrl":"https:\/\/grassxpress.com\/wp-content\/uploads\/2024\/01\/logo.png","width":300,"height":100,"caption":"GrassXpress"},"image":{"@id":"https:\/\/grassxpress.com\/#\/schema\/logo\/image\/"}}]}},"_links":{"self":[{"href":"https:\/\/grassxpress.com\/es\/wp-json\/wp\/v2\/pages\/61","targetHints":{"allow":["GET"]}}],"collection":[{"href":"https:\/\/grassxpress.com\/es\/wp-json\/wp\/v2\/pages"}],"about":[{"href":"https:\/\/grassxpress.com\/es\/wp-json\/wp\/v2\/types\/page"}],"author":[{"embeddable":true,"href":"https:\/\/grassxpress.com\/es\/wp-json\/wp\/v2\/users\/1"}],"replies":[{"embeddable":true,"href":"https:\/\/grassxpress.com\/es\/wp-json\/wp\/v2\/comments?post=61"}],"version-history":[{"count":1,"href":"https:\/\/grassxpress.com\/es\/wp-json\/wp\/v2\/pages\/61\/revisions"}],"predecessor-version":[{"id":4659,"href":"https:\/\/grassxpress.com\/es\/wp-json\/wp\/v2\/pages\/61\/revisions\/4659"}],"wp:attachment":[{"href":"https:\/\/grassxpress.com\/es\/wp-json\/wp\/v2\/media?parent=61"}],"curies":[{"name":"wp","href":"https:\/\/api.w.org\/{rel}","templated":true}]}}