{"id":3298,"date":"2020-02-18T05:09:07","date_gmt":"2020-02-18T05:09:07","guid":{"rendered":"https:\/\/diligentplug.com\/?page_id=3298"},"modified":"2020-02-18T05:09:07","modified_gmt":"2020-02-18T05:09:07","slug":"faqs","status":"publish","type":"page","link":"https:\/\/grassxpress.com\/es\/faqs\/","title":{"rendered":"preguntas frecuentes"},"content":{"rendered":"<div id=\"main-content\">\n<article id=\"post-2333\" class=\"post-2333 page type-page status-publish hentry\">\n<div class=\"entry-content\">\n<div id=\"et-boc\" class=\"et-boc\">\n<div class=\"et-l et-l--post\">\n<div class=\"et_builder_inner_content et_pb_gutters3\">\n<div class=\"et_pb_section et_pb_section_1 et_section_regular\">\n<div class=\"et_pb_row et_pb_row_2\">\n<div class=\"et_pb_column et_pb_column_4_4 et_pb_column_2 et_pb_css_mix_blend_mode_passthrough et-last-child\">\n<div class=\"et_pb_module et_pb_text et_pb_text_2 et_pb_text_align_center et_pb_bg_layout_light\">\n<div class=\"et_pb_text_inner\">\n<h2>\u00bfD\u00f3nde puedo comprar hierba en l\u00ednea?<\/h2>\n<p>Esta es una palabra clave que aparece aproximadamente 18.150 veces en los resultados de b\u00fasqueda cada 30 d\u00edas y por lo tanto es<br \/>\nconsiderada como una de las preguntas m\u00e1s frecuentes que se formulan en l\u00ednea.He aqu\u00ed su respuesta, despu\u00e9s de ver lo dif\u00edcil que era<br \/>\ncomprar hierba en l\u00ednea por lo que nuestro equipo decidi\u00f3 unirse y traer en todos los factores necesarios y ahora usted puede ordenar o comprar hierba en l\u00ednea de nosotros en tan s\u00f3lo tres sencillos pasos por lo que se le gustar\u00eda responder a su pregunta diciendo \"S\u00cd\" se puede comprar hierba en l\u00ednea de weed-crew.net y obtener la entrega en tan s\u00f3lo un twicke de un ojo.<\/p>\n<\/div>\n<\/div>\n<\/div>\n<\/div>\n<div class=\"et_pb_row et_pb_row_3\">\n<div class=\"et_pb_column et_pb_column_4_4 et_pb_column_3 et_pb_css_mix_blend_mode_passthrough et-last-child\">\n<div class=\"et_pb_module et_pb_text et_pb_text_3 et_pb_text_align_center et_pb_bg_layout_light\">\n<div class=\"et_pb_text_inner\">\n<h3>\u00bfCu\u00e1nto tarda en enviarse mi pedido?<\/h3>\n<p>Hacemos todo lo posible para asegurarnos de que todos los pedidos se env\u00edan en el mismo d\u00eda, una vez recibido el pedido y confirmado el pago, procederemos al embalaje y, una vez hecho el embalaje, procederemos al env\u00edo, tras lo cual se le proporcionar\u00e1 el n\u00famero de seguimiento del paquete para que pueda hacer un seguimiento del mismo mientras est\u00e1 en tr\u00e1nsito hasta que le llegue. Enviamos utilizando <a href=\"https:\/\/en.wikipedia.org\/wiki\/United_States_Postal_Service\">USPS<\/a>UPS, FEDEX o Marble Logistics.<\/p>\n<\/div>\n<\/div>\n<\/div>\n<\/div>\n<div class=\"et_pb_row et_pb_row_4\">\n<div class=\"et_pb_column et_pb_column_4_4 et_pb_column_4 et_pb_css_mix_blend_mode_passthrough et-last-child\">\n<div class=\"et_pb_module et_pb_text et_pb_text_4 et_pb_text_align_center et_pb_bg_layout_light\">\n<div class=\"et_pb_text_inner\">\n<h3>\u00bfCu\u00e1nto tardar\u00e9 en recibir mi paquete?<\/h3>\n<p>Todos los paquetes se env\u00edan en el mismo d\u00eda (24 horas) a partir de la recepci\u00f3n del pedido, pero el tiempo que tarde en llegarle depende totalmente de dos factores.<br \/>\n- El primer factor es el tipo de env\u00edo, es decir, si el paquete se ha enviado como paquete ordinario, con entrega en el d\u00eda o prioritario. Si su paquete se registra como correo ordinario, tardar\u00e1 hasta dos d\u00edas (948 horas) en llegar a sus manos, mientras que si se env\u00eda con entrega en el mismo d\u00eda o por correo prioritario, llegar\u00e1 a sus manos en 24 horas.<br \/>\n- En segundo lugar, el tiempo que tarda en llegarle el paquete depende del destino del mismo; por destino del paquete entendemos si su direcci\u00f3n de entrega est\u00e1 en EE.UU. o en Europa. Todos los paquetes enviados a destinos dentro de EE.UU. se entregan en 48 horas como m\u00e1ximo, mientras que los paquetes dentro de Europa pueden tardar hasta tres d\u00edas (72 horas).<\/p>\n<\/div>\n<\/div>\n<\/div>\n<\/div>\n<div class=\"et_pb_row et_pb_row_5\">\n<div class=\"et_pb_column et_pb_column_4_4 et_pb_column_5 et_pb_css_mix_blend_mode_passthrough et-last-child\">\n<div class=\"et_pb_module et_pb_text et_pb_text_5 et_pb_text_align_center et_pb_bg_layout_light\">\n<div class=\"et_pb_text_inner\">\n<h3>\u00bfHay descuentos en los pedidos?<\/h3>\n<p>Al igual que cualquier empresa de pedidos, ofrecemos descuentos en pedidos al por mayor y en todos los pedidos realizados con tipos de pago como Bitcoins. Todos los pedidos superiores a $800 reciben un descuento de 25% mientras que los pedidos pagados a trav\u00e9s de Bitcoins reciben un descuento de 20%. Animamos a los pedidos a granel, ya que tambi\u00e9n vienen con semillas gratis. LEA M\u00c1S sobre las semillas gratuitas en nuestra p\u00e1gina de pol\u00edtica de apoyo a la granja.<\/p>\n<\/div>\n<\/div>\n<\/div>\n<\/div>\n<div class=\"et_pb_row et_pb_row_6\">\n<div class=\"et_pb_column et_pb_column_4_4 et_pb_column_6 et_pb_css_mix_blend_mode_passthrough et-last-child\">\n<div class=\"et_pb_module et_pb_text et_pb_text_6 et_pb_text_align_center et_pb_bg_layout_light\">\n<div class=\"et_pb_text_inner\">\n<h3>\u00bfEs seguro comprar hierba por Internet?<\/h3>\n<p>Comprar hierba en l\u00ednea puede ser complicado y arriesgado a veces si no se contacta con las personas adecuadas, sin embargo, nosotros lo hacemos lo m\u00e1s seguro posible teniendo en cuenta algunos factores que se enumeran a continuaci\u00f3n<br \/>\n- \u00bfEs marihuana medicinal? comprar hierba online puede ser complicado ya que lo m\u00e1s probable es que s\u00f3lo obtengas una muestra del producto<br \/>\ndespu\u00e9s de que usted debe haber pagado por ello ya por lo que debe asegurarse de que lo que usted est\u00e1 pagando es la marihuana medicinal y \/ o de laboratorio probado por su contenido de THC y CBD.<br \/>\n- \u00bfEstar\u00e1 bien embalado para que no tenga problemas?<br \/>\nDebe asegurarse de que su pedido est\u00e9 bien precintado para garantizar la seguridad en manos del mensajero, si usted<br \/>\npaquete no est\u00e1 bien sellado, entonces el env\u00edo seguro a trav\u00e9s de USPS, UPS o cualquier servicio de mensajer\u00eda no se puede garantizar y por lo tanto no se puede estar seguro de si su paquete llegar\u00e1 a sus manos o no.<\/p>\n<\/div>\n<\/div>\n<\/div>\n<\/div>\n<div class=\"et_pb_row et_pb_row_7\">\n<div class=\"et_pb_column et_pb_column_4_4 et_pb_column_7 et_pb_css_mix_blend_mode_passthrough et-last-child\">\n<div class=\"et_pb_module et_pb_text et_pb_text_7 et_pb_text_align_center et_pb_bg_layout_light\">\n<div class=\"et_pb_text_inner\">\n<h3>\u00bfPuedo pagar con tarjeta de cr\u00e9dito o d\u00e9bito?<\/h3>\n<p>En el mundo online actual, las tarjetas de cr\u00e9dito y d\u00e9bito son uno de los m\u00e9todos de pago m\u00e1s flexibles.<br \/>\nEn weed-crew.net puede pagar directamente con su tarjeta de cr\u00e9dito o d\u00e9bito. Si\u00e9ntase seguro de pagar con tarjeta de cr\u00e9dito o d\u00e9bito ya que nuestro sitio web est\u00e1 protegido por SSL.<\/p>\n<\/div>\n<\/div>\n<\/div>\n<\/div>\n<div class=\"et_pb_row et_pb_row_8\">\n<div class=\"et_pb_column et_pb_column_4_4 et_pb_column_8 et_pb_css_mix_blend_mode_passthrough et-last-child\">\n<div class=\"et_pb_module et_pb_text et_pb_text_8 et_pb_text_align_center et_pb_bg_layout_light\">\n<div class=\"et_pb_text_inner\">\n<h3>\u00bfEnv\u00edan muestras gratuitas To Buy Weed Online?<\/h3>\n<p><a href=\"https:\/\/grassxpress.com\/es\/pedir-hierba-online-espana\/\">Nosotros<\/a> ofrecemos muestras de hasta $50-$100 valor a todos los compradores potenciales a granel que esperan un negocio a largo plazo, pero desea probar nuestros productos antes de hacer grandes compras, sin embargo, las muestras no son totalmente gratis como usted est\u00e1 obligado a pagar 30% de tthe valor del paquete, esto se debe a que nos dimos cuenta cuando damos muestras gratuitas a algunos clientes a su vez a utilizar como un resquicio para la explotaci\u00f3n y s\u00f3lo orden de muestras gratuitas s\u00f3lo para fumar y drogarse. Todas las muestras son una mezcla de 2 gramos de cada uno de hasta 10 diferentes cepas de su elecci\u00f3n.<\/p>\n<\/div>\n<\/div>\n<\/div>\n<\/div>\n<div class=\"et_pb_row et_pb_row_9\">\n<div class=\"et_pb_column et_pb_column_4_4 et_pb_column_9 et_pb_css_mix_blend_mode_passthrough et-last-child\">\n<div class=\"et_pb_module et_pb_text et_pb_text_9 et_pb_text_align_center et_pb_bg_layout_light\">\n<div class=\"et_pb_text_inner\">\n<h3>\u00bfVenden a menores?<\/h3>\n<p>Los menores, como nosotros los llamamos, son clientes menores de 18 a\u00f1os. No ofrecemos nuestros servicios a ninguna persona o personas<br \/>\nmenores de 18 a\u00f1os. Sin embargo, si usted es un paciente o sufre de problemas relacionados con la ansiedad entonces podemos vender<br \/>\npeque\u00f1as cantidades de productos espec\u00edficos.<\/p>\n<\/div>\n<\/div>\n<\/div>\n<\/div>\n<\/div>\n<\/div>\n<\/div>\n<\/div>\n<\/div>\n<\/article>\n<\/div>","protected":false},"excerpt":{"rendered":"<p>Where Can I Buy Weed Online? This is a keyword which appears approximately 18,150 times in search results every 30 days and there fore is considered as one of the most frequent questions asked online.Here is your answer, after seeing how difficult it was buying weed online so our team decided to come together and<\/p>\n<div class=\"more-link\">\n             <a href=\"https:\/\/grassxpress.com\/es\/faqs\/\" class=\"link-btn\"><span>Seguir leyendo <\/span><i class=\"icofont-thin-double-right\"><\/i><\/a>\n        <\/div>","protected":false},"author":1,"featured_media":0,"parent":0,"menu_order":0,"comment_status":"closed","ping_status":"closed","template":"","meta":{"_themeisle_gutenberg_block_has_review":false,"_ti_tpc_template_sync":false,"_ti_tpc_template_id":"","_joinchat":[],"footnotes":""},"class_list":["post-3298","page","type-page","status-publish","hentry"],"yoast_head":"<!-- This site is optimized with the Yoast SEO plugin v22.7 - https:\/\/yoast.com\/wordpress\/plugins\/seo\/ -->\n<title>FAQs | About To Buy Weed Online - GrassXpress<\/title>\n<meta name=\"description\" content=\"If you have a question? We answer your question by saying \u201cYES\u201d you can buy weed online from weed-crew.net.All packages are shiped same day.\" \/>\n<meta name=\"robots\" content=\"index, follow, max-snippet:-1, max-image-preview:large, max-video-preview:-1\" \/>\n<link rel=\"canonical\" href=\"https:\/\/grassxpress.com\/es\/faqs\/\" \/>\n<meta property=\"og:locale\" content=\"es_ES\" \/>\n<meta property=\"og:type\" content=\"article\" \/>\n<meta property=\"og:title\" content=\"FAQs | About To Buy Weed Online - GrassXpress\" \/>\n<meta property=\"og:description\" content=\"If you have a question? We answer your question by saying \u201cYES\u201d you can buy weed online from weed-crew.net.All packages are shiped same day.\" \/>\n<meta property=\"og:url\" content=\"https:\/\/grassxpress.com\/es\/faqs\/\" \/>\n<meta property=\"og:site_name\" content=\"GrassXpress\" \/>\n<meta name=\"twitter:card\" content=\"summary_large_image\" \/>\n<meta name=\"twitter:label1\" content=\"Tiempo de lectura\" \/>\n\t<meta name=\"twitter:data1\" content=\"4 minutos\" \/>\n<!-- \/ Yoast SEO plugin. -->","yoast_head_json":{"title":"FAQs | About To Buy Weed Online - GrassXpress","description":"If you have a question? We answer your question by saying \u201cYES\u201d you can buy weed online from weed-crew.net.All packages are shiped same day.","robots":{"index":"index","follow":"follow","max-snippet":"max-snippet:-1","max-image-preview":"max-image-preview:large","max-video-preview":"max-video-preview:-1"},"canonical":"https:\/\/grassxpress.com\/es\/faqs\/","og_locale":"es_ES","og_type":"article","og_title":"FAQs | About To Buy Weed Online - GrassXpress","og_description":"If you have a question? We answer your question by saying \u201cYES\u201d you can buy weed online from weed-crew.net.All packages are shiped same day.","og_url":"https:\/\/grassxpress.com\/es\/faqs\/","og_site_name":"GrassXpress","twitter_card":"summary_large_image","twitter_misc":{"Tiempo de lectura":"4 minutos"},"schema":{"@context":"https:\/\/schema.org","@graph":[{"@type":"WebPage","@id":"https:\/\/grassxpress.com\/it\/faqs\/","url":"https:\/\/grassxpress.com\/it\/faqs\/","name":"FAQs | About To Buy Weed Online - GrassXpress","isPartOf":{"@id":"https:\/\/grassxpress.com\/#website"},"datePublished":"2020-02-18T05:09:07+00:00","dateModified":"2020-02-18T05:09:07+00:00","description":"If you have a question? We answer your question by saying \u201cYES\u201d you can buy weed online from weed-crew.net.All packages are shiped same day.","breadcrumb":{"@id":"https:\/\/grassxpress.com\/it\/faqs\/#breadcrumb"},"inLanguage":"es","potentialAction":[{"@type":"ReadAction","target":["https:\/\/grassxpress.com\/it\/faqs\/"]}]},{"@type":"BreadcrumbList","@id":"https:\/\/grassxpress.com\/it\/faqs\/#breadcrumb","itemListElement":[{"@type":"ListItem","position":1,"name":"Home","item":"https:\/\/grassxpress.com\/"},{"@type":"ListItem","position":2,"name":"FAQs"}]},{"@type":"WebSite","@id":"https:\/\/grassxpress.com\/#website","url":"https:\/\/grassxpress.com\/","name":"GrassXpress","description":"Buy Weed Online UK","publisher":{"@id":"https:\/\/grassxpress.com\/#organization"},"potentialAction":[{"@type":"SearchAction","target":{"@type":"EntryPoint","urlTemplate":"https:\/\/grassxpress.com\/?s={search_term_string}"},"query-input":"required name=search_term_string"}],"inLanguage":"es"},{"@type":"Organization","@id":"https:\/\/grassxpress.com\/#organization","name":"GrassXpress","url":"https:\/\/grassxpress.com\/","logo":{"@type":"ImageObject","inLanguage":"es","@id":"https:\/\/grassxpress.com\/#\/schema\/logo\/image\/","url":"https:\/\/grassxpress.com\/wp-content\/uploads\/2024\/01\/logo.png","contentUrl":"https:\/\/grassxpress.com\/wp-content\/uploads\/2024\/01\/logo.png","width":300,"height":100,"caption":"GrassXpress"},"image":{"@id":"https:\/\/grassxpress.com\/#\/schema\/logo\/image\/"}}]}},"_links":{"self":[{"href":"https:\/\/grassxpress.com\/es\/wp-json\/wp\/v2\/pages\/3298","targetHints":{"allow":["GET"]}}],"collection":[{"href":"https:\/\/grassxpress.com\/es\/wp-json\/wp\/v2\/pages"}],"about":[{"href":"https:\/\/grassxpress.com\/es\/wp-json\/wp\/v2\/types\/page"}],"author":[{"embeddable":true,"href":"https:\/\/grassxpress.com\/es\/wp-json\/wp\/v2\/users\/1"}],"replies":[{"embeddable":true,"href":"https:\/\/grassxpress.com\/es\/wp-json\/wp\/v2\/comments?post=3298"}],"version-history":[{"count":0,"href":"https:\/\/grassxpress.com\/es\/wp-json\/wp\/v2\/pages\/3298\/revisions"}],"wp:attachment":[{"href":"https:\/\/grassxpress.com\/es\/wp-json\/wp\/v2\/media?parent=3298"}],"curies":[{"name":"wp","href":"https:\/\/api.w.org\/{rel}","templated":true}]}}