{"id":4378,"date":"2022-11-15T10:37:32","date_gmt":"2022-11-15T10:37:32","guid":{"rendered":"https:\/\/documentosespana.com\/diligent\/?post_type=product&#038;p=4378"},"modified":"2026-04-01T07:50:27","modified_gmt":"2026-04-01T07:50:27","slug":"mango-kush","status":"publish","type":"product","link":"https:\/\/grassxpress.com\/de\/produkt\/mango-kush\/","title":{"rendered":"Mango kush"},"content":{"rendered":"<h2>Buy Mango kush online in the uk<\/h2>\n<h3>Mango Kush<\/h3>\n<p><a href=\"https:\/\/grassxpress.com\/de\/produkt\/mango-kush\/\"><b>Mango Kush<\/b><\/a>\u00a0CBD-Bl\u00fcten werden im Gew\u00e4chshaus angebaut. Der Geruch dieser Cannabis-Sorte besteht aus einer Mango-Note und einem Hauch von Zitrusfr\u00fcchten. Unsere Mango Kush, wie jede andere unserer\u00a0<a href=\"https:\/\/en.wikipedia.org\/wiki\/Special:Search?search=weed+online&amp;go=Go&amp;ns0=1\">CBD<\/a> Produkte, wird f\u00fcr Sie aus nachhaltiger und biologischer Landwirtschaft gez\u00fcchtet. Dies garantiert, dass sie frei von Herbiziden, Pestiziden oder chemischen D\u00fcngemitteln ist. Optisch besticht diese Sorte durch eine sch\u00f6ne Bl\u00fctenform mit orange-goldenen Trichomen. Unkraut online kaufen in Gro\u00dfbritannien<\/p>\n<h3>CBD-Produkte und der Vergleich zu THC<\/h3>\n<p>CBD ist kein Rauschmittel (im Gegensatz zu THC). Deshalb f\u00e4llt CBD auch nicht unter das Bet\u00e4ubungsmittelgesetz. Der THC-Gehalt in allen CBD-Produkten muss in Deutschland unter 0,2% liegen.<br \/>\nAlle unsere Produkte werden vor dem Verkauf von einem unabh\u00e4ngigen Labor auf ihre Inhaltsstoffe und die Einhaltung der gesetzlichen Rahmenbedingungen gepr\u00fcft und zertifiziert. Weitere Informationen dar\u00fcber, ob und warum CBD in Deutschland legal ist, finden Sie im CBD-Leitfaden. <a href=\"https:\/\/grassxpress.com\/de\/mail-order-weed-uk\/\">Mehr<\/a><\/p>\n<p>It is perfect for both novice and experienced cannabis users because it usually has a moderate THC <a href=\"https:\/\/www.wikiwand.com\/en\/map\/Mango_Kush\">mango kush strain<\/a> level, between 15 and 20%. It is an excellent option for slowing down after a demanding day because of its profoundly calming effects without being unduly comforting. Users often describe a high sense of pleasure and increased mood, combined with a body buzz that reduces tension and stress. Mango kush is utilized for its potential medicinal benefits, such as reducing pain, anxiety, and sleeplessness symptoms, in addition to its mood-enhancing properties.<\/p>\n<p><a href=\"https:\/\/grassxpress.com\/de\/produkt\/gelato-47\/\"><strong>It is a favorite strain<\/strong><\/a> for people who want to improve their canna mango strain relaxation while savoring a tasty, fruity taste because of its tropical flavor profile and balanced high. White raspberry gelato mango kush is an Afghan mango strain that offers a pleasurable and fulfilling mango cannabis experience, whether used recreationally or medicinally.<\/p>\n<p><strong>Important Features:<\/strong><\/p>\n<p>Flavor Profile: Mango Kush is well known for its earthy, sweet, tropical mango scent. Additionally, the flavor is a vivid blend of mango and kush, giving it a sweet, spicy flavor with hints of citrus and pine.<\/p>\n<p>Wirkung: Diese Sorte erzeugt ein beruhigendes und stimmungsaufhellendes Gef\u00fchl. Sie eignet sich hervorragend zur Entspannung nach einem anstrengenden Tag, da sie ein Gleichgewicht zwischen einem milden k\u00f6rperlichen High und einer leichten geistigen Anregung bietet. Die Wirkung ist ideal zum L\u00f6sen von Verspannungen \u2013 entspannend, jedoch nicht \u00fcberm\u00e4\u00dfig sedierend.<\/p>\n<p>THC-Gehalt: Mango Kush enth\u00e4lt \u00fcblicherweise 15\u201320 % THC, was ihr eine ausgewogene Potenz verleiht, die sowohl Einsteiger als auch erfahrene Nutzer anspricht.<\/p>\n<p>Genetics: It is a hybrid strain that combines the greatest qualities of both Hindu Kush and Mango. It combines the calming, soothing qualities of the <a href=\"https:\/\/it.wikipedia.org\/wiki\/Kush_(cannabis)\"><strong>Kush lineage<\/strong><\/a> with the tropical fruitiness of Mango.<\/p>\n<p>Aroma: Es verstr\u00f6mt einen sehr tropischen Duft mit einem Hauch von Kush und intensiven Noten reifer Mangos. Der Duft der aufgebrochenen Bl\u00fcten ist s\u00fc\u00df und fruchtig und intensiviert sich beim Rauchen oder Verdampfen.<\/p>\n<p>Aussehen: Die Bl\u00fcten von Mango Kush weisen eine leuchtend gr\u00fcne Farbe, tief orangefarbene Bl\u00fctenstempel sowie eine reichhaltige Schicht aus Trichomen auf, die auf ihre Potenz hinweist. Sie sind meist dicht und kompakt aufgebaut.<\/p>\n<p>Ideal Consumption Time<span data-preserver-spaces=\"true\">Am besten genie\u00dft man es am Abend oder dann, wenn man Zeit zum Entspannen hat; es eignet sich perfekt, um am Ende eines gesch\u00e4ftigen Tages abzuschalten, oder f\u00fcr gesellige Anl\u00e4sse, bei denen eine ruhige Stimmung erw\u00fcnscht ist. <a href=\"https:\/\/grassxpress.com\/de\/weed-online-bestellen\/\"><strong>Trusted products<\/strong><\/a><\/span><\/p>","protected":false},"excerpt":{"rendered":"<p>Hybrid - 65% Indica \/ 35% Sativa THC: 11% - 20%<br \/>\nMangos und Marihuana geh\u00f6ren zusammen.<\/p>","protected":false},"featured_media":4426,"comment_status":"open","ping_status":"closed","template":"","meta":{"_themeisle_gutenberg_block_has_review":false,"_ti_tpc_template_sync":false,"_ti_tpc_template_id":"","_joinchat":[]},"product_cat":[216],"product_tag":[247,129,130,248,249,250,251,252,253,254,255,256,257,258,259,260],"class_list":{"0":"post-4378","1":"product","2":"type-product","3":"status-publish","4":"has-post-thumbnail","6":"product_cat-hybrid","7":"product_tag-buy-cheap-weed-online","8":"product_tag-buy-kush-weed-online","9":"product_tag-buy-legal-weed-online-cheap","10":"product_tag-buying-weed-online-uk","11":"product_tag-california-marijuana-for-sale-online","12":"product_tag-california-weed-shop-online","13":"product_tag-cannabis-dispensary-uk","14":"product_tag-cheap-legal-marijuana-for-sale","15":"product_tag-cheap-weed-for-sale","16":"product_tag-cheap-weed-online","17":"product_tag-order-weed-online-ship-anywhere","18":"product_tag-real-weed-for-sale-online","19":"product_tag-weed-for-sale-near-me","20":"product_tag-weed-in-the-uk","21":"product_tag-weed-sites-uk","22":"product_tag-wholesale-marijuana-for-sale","24":"first","25":"instock","26":"shipping-taxable","27":"purchasable","28":"product-type-variable"},"yoast_head":"<!-- This site is optimized with the Yoast SEO plugin v22.7 - https:\/\/yoast.com\/wordpress\/plugins\/seo\/ -->\n<title>Buy Mango Kush Online Uk | Mango Kush Strain for Sale in UK<\/title>\n<meta name=\"description\" content=\"Buy Mango Kush online uk and enjoy a tropical cannabis strain known for its sweet mango flavor and relaxing effects. Mango Kush for sale with dense buds and a fruity aroma loved by many enthusiasts.\" \/>\n<meta name=\"robots\" content=\"index, follow, max-snippet:-1, max-image-preview:large, max-video-preview:-1\" \/>\n<link rel=\"canonical\" href=\"https:\/\/grassxpress.com\/de\/produkt\/mango-kush\/\" \/>\n<meta property=\"og:locale\" content=\"de_DE\" \/>\n<meta property=\"og:type\" content=\"article\" \/>\n<meta property=\"og:title\" content=\"Buy Mango Kush Online Uk | Mango Kush Strain for Sale in UK\" \/>\n<meta property=\"og:description\" content=\"Buy Mango Kush online uk and enjoy a tropical cannabis strain known for its sweet mango flavor and relaxing effects. Mango Kush for sale with dense buds and a fruity aroma loved by many enthusiasts.\" \/>\n<meta property=\"og:url\" content=\"https:\/\/grassxpress.com\/de\/produkt\/mango-kush\/\" \/>\n<meta property=\"og:site_name\" content=\"GrassXpress\" \/>\n<meta property=\"article:modified_time\" content=\"2026-04-01T07:50:27+00:00\" \/>\n<meta property=\"og:image\" content=\"https:\/\/grassxpress.com\/wp-content\/uploads\/2022\/11\/Mango-kush.jpg\" \/>\n\t<meta property=\"og:image:width\" content=\"600\" \/>\n\t<meta property=\"og:image:height\" content=\"600\" \/>\n\t<meta property=\"og:image:type\" content=\"image\/jpeg\" \/>\n<meta name=\"twitter:card\" content=\"summary_large_image\" \/>\n<meta name=\"twitter:label1\" content=\"Gesch\u00e4tzte Lesezeit\" \/>\n\t<meta name=\"twitter:data1\" content=\"3\u00a0Minuten\" \/>\n<!-- \/ Yoast SEO plugin. -->","yoast_head_json":{"title":"Buy Mango Kush Online Uk | Mango Kush Strain for Sale in UK","description":"Buy Mango Kush online uk and enjoy a tropical cannabis strain known for its sweet mango flavor and relaxing effects. Mango Kush for sale with dense buds and a fruity aroma loved by many enthusiasts.","robots":{"index":"index","follow":"follow","max-snippet":"max-snippet:-1","max-image-preview":"max-image-preview:large","max-video-preview":"max-video-preview:-1"},"canonical":"https:\/\/grassxpress.com\/de\/produkt\/mango-kush\/","og_locale":"de_DE","og_type":"article","og_title":"Buy Mango Kush Online Uk | Mango Kush Strain for Sale in UK","og_description":"Buy Mango Kush online uk and enjoy a tropical cannabis strain known for its sweet mango flavor and relaxing effects. Mango Kush for sale with dense buds and a fruity aroma loved by many enthusiasts.","og_url":"https:\/\/grassxpress.com\/de\/produkt\/mango-kush\/","og_site_name":"GrassXpress","article_modified_time":"2026-04-01T07:50:27+00:00","og_image":[{"width":600,"height":600,"url":"https:\/\/grassxpress.com\/wp-content\/uploads\/2022\/11\/Mango-kush.jpg","type":"image\/jpeg"}],"twitter_card":"summary_large_image","twitter_misc":{"Gesch\u00e4tzte Lesezeit":"3\u00a0Minuten"},"schema":{"@context":"https:\/\/schema.org","@graph":[{"@type":"WebPage","@id":"https:\/\/grassxpress.com\/product\/mango-kush\/","url":"https:\/\/grassxpress.com\/product\/mango-kush\/","name":"Buy Mango Kush Online Uk | Mango Kush Strain for Sale in UK","isPartOf":{"@id":"https:\/\/grassxpress.com\/#website"},"primaryImageOfPage":{"@id":"https:\/\/grassxpress.com\/product\/mango-kush\/#primaryimage"},"image":{"@id":"https:\/\/grassxpress.com\/product\/mango-kush\/#primaryimage"},"thumbnailUrl":"https:\/\/grassxpress.com\/wp-content\/uploads\/2022\/11\/Mango-kush.jpg","datePublished":"2022-11-15T10:37:32+00:00","dateModified":"2026-04-01T07:50:27+00:00","description":"Buy Mango Kush online uk and enjoy a tropical cannabis strain known for its sweet mango flavor and relaxing effects. Mango Kush for sale with dense buds and a fruity aroma loved by many enthusiasts.","breadcrumb":{"@id":"https:\/\/grassxpress.com\/product\/mango-kush\/#breadcrumb"},"inLanguage":"de","potentialAction":[{"@type":"ReadAction","target":["https:\/\/grassxpress.com\/product\/mango-kush\/"]}]},{"@type":"ImageObject","inLanguage":"de","@id":"https:\/\/grassxpress.com\/product\/mango-kush\/#primaryimage","url":"https:\/\/grassxpress.com\/wp-content\/uploads\/2022\/11\/Mango-kush.jpg","contentUrl":"https:\/\/grassxpress.com\/wp-content\/uploads\/2022\/11\/Mango-kush.jpg","width":600,"height":600,"caption":"Mango kush"},{"@type":"BreadcrumbList","@id":"https:\/\/grassxpress.com\/product\/mango-kush\/#breadcrumb","itemListElement":[{"@type":"ListItem","position":1,"name":"Home","item":"https:\/\/grassxpress.com\/"},{"@type":"ListItem","position":2,"name":"Mail Order Weed UK","item":"https:\/\/grassxpress.com\/mail-order-weed-uk\/"},{"@type":"ListItem","position":3,"name":"Mango kush"}]},{"@type":"WebSite","@id":"https:\/\/grassxpress.com\/#website","url":"https:\/\/grassxpress.com\/","name":"GrassXpress","description":"Buy Weed Online UK","publisher":{"@id":"https:\/\/grassxpress.com\/#organization"},"potentialAction":[{"@type":"SearchAction","target":{"@type":"EntryPoint","urlTemplate":"https:\/\/grassxpress.com\/?s={search_term_string}"},"query-input":"required name=search_term_string"}],"inLanguage":"de"},{"@type":"Organization","@id":"https:\/\/grassxpress.com\/#organization","name":"GrassXpress","url":"https:\/\/grassxpress.com\/","logo":{"@type":"ImageObject","inLanguage":"de","@id":"https:\/\/grassxpress.com\/#\/schema\/logo\/image\/","url":"https:\/\/grassxpress.com\/wp-content\/uploads\/2024\/01\/logo.png","contentUrl":"https:\/\/grassxpress.com\/wp-content\/uploads\/2024\/01\/logo.png","width":300,"height":100,"caption":"GrassXpress"},"image":{"@id":"https:\/\/grassxpress.com\/#\/schema\/logo\/image\/"}}]}},"_links":{"self":[{"href":"https:\/\/grassxpress.com\/de\/wp-json\/wp\/v2\/product\/4378","targetHints":{"allow":["GET"]}}],"collection":[{"href":"https:\/\/grassxpress.com\/de\/wp-json\/wp\/v2\/product"}],"about":[{"href":"https:\/\/grassxpress.com\/de\/wp-json\/wp\/v2\/types\/product"}],"replies":[{"embeddable":true,"href":"https:\/\/grassxpress.com\/de\/wp-json\/wp\/v2\/comments?post=4378"}],"wp:featuredmedia":[{"embeddable":true,"href":"https:\/\/grassxpress.com\/de\/wp-json\/wp\/v2\/media\/4426"}],"wp:attachment":[{"href":"https:\/\/grassxpress.com\/de\/wp-json\/wp\/v2\/media?parent=4378"}],"wp:term":[{"taxonomy":"product_cat","embeddable":true,"href":"https:\/\/grassxpress.com\/de\/wp-json\/wp\/v2\/product_cat?post=4378"},{"taxonomy":"product_tag","embeddable":true,"href":"https:\/\/grassxpress.com\/de\/wp-json\/wp\/v2\/product_tag?post=4378"}],"curies":[{"name":"wp","href":"https:\/\/api.w.org\/{rel}","templated":true}]}}