{"id":4306,"date":"2022-11-15T09:44:44","date_gmt":"2022-11-15T09:44:44","guid":{"rendered":"https:\/\/documentosespana.com\/diligent\/?post_type=product&#038;p=4306"},"modified":"2026-04-02T09:15:40","modified_gmt":"2026-04-02T09:15:40","slug":"northern-lights","status":"publish","type":"product","link":"https:\/\/grassxpress.com\/de\/produkt\/nordlichter\/","title":{"rendered":"Nordlicht"},"content":{"rendered":"<h2>Wo kann ich in Gro\u00dfbritannien online Nordlichter kaufen?<\/h2>\n<p><a href=\"https:\/\/grassxpress.com\/de\/produkt\/nordlichter\/\">Northern Lights<\/a> Northern Lights ist eine der ber\u00fchmtesten Sorten aller Zeiten, eine reine Indica, die f\u00fcr ihre harzigen Knospen, ihre schnelle Bl\u00fcte und ihre Widerstandsf\u00e4higkeit w\u00e4hrend des Wachstums gesch\u00e4tzt wird. Northern Lights ist ein Nachkomme einheimischer afghanischer und thail\u00e4ndischer Landrassen und hat ber\u00fchmte Hybriden wie Shiva Skunk und Super Silver Haze hervorgebracht. Ger\u00fcchten zufolge keimte Northern Lights zuerst in der N\u00e4he von Seattle, Washington, auf, wurde aber nach 1985 in Holland bei dem heutigen Unternehmen Sensi Seeds gez\u00fcchtet. where can i buy weed online in the uk<\/p>\n<p>Pungently sweet, spicy aromas radiate from the crystal-coated buds, which sometimes reveal themselves in hues of purple. <a href=\"https:\/\/en.wikipedia.org\/wiki\/Northern_Lights\">Northern Lights\u2019<\/a> psychoactive effects settle in firmly throughout the body, relaxing muscles and pacifying the mind in dreamy euphoria. Comfortable laziness allows patients to relieve pain and sleeplessness, while its mellow contentment roots out depression and stress. Several different Northern Lights phenotypes\u00a0circulate the market, but Sensi Seeds recommends a general indoor flowering time of 45 to 50 days.<\/p>\n<div class=\"description\">\n<div class=\"ng-star-inserted\">\n<p>Die durchschnittlichen negativen Schuldigen bleiben bestehen - trockener Mund und <a href=\"https:\/\/en.wikipedia.org\/wiki\/Special:Search?search=weed+online&amp;go=Go&amp;ns0=1\">Augen,<\/a> Schwindel, Paranoia und Angstzust\u00e4nde in h\u00f6heren Dosen.<\/p>\n<\/div>\n<div class=\"ng-star-inserted\">\n<p>Like most of its Indica-based ancestors and descendants, Northern Lights is highly recommended for evening use and insomnia. It is one of the purest <a href=\"https:\/\/grassxpress.com\/de\/produkt\/og-kush-strain\/\">Indica strains<\/a> around (95 pct. Indica, 5 pct. Sativa) which make it a highly sedative strain. It is also often chosen to relieve the effects of stress and anxiety. Many choose it for the heavy body high to weaken their chains of chronic pain as well. And the strong appetite inducing effects are used to help those suffering from such eating disorders as anorexia.<\/p>\n<p>Die genaue Abstammung und Geschichte der Northern Light sind geheimnisumwittert, aber es wird allgemein angenommen, dass sie eine Mischung aus zwei Landrassen ist - Thai und Afghani. Wir wissen, dass die Sorte in Holland perfektioniert wurde und sich erst in den letzten Jahren ihren Weg nach Amerika gebahnt hat. <a href=\"https:\/\/grassxpress.com\/de\/mail-order-weed-uk\/\">Mehr<\/a><\/p>\n<\/div>\n<\/div>\n<ul>\n<li><\/li>\n<\/ul>","protected":false},"excerpt":{"rendered":"<p>Northern Lights, fr\u00fcher bekannt als CI #5 F1, ist eine preisgekr\u00f6nte Indica-dominante Sorte. Diese Sorte wird von Z\u00fcchtern, medizinischen Patienten und Freizeitkonsumenten gut angenommen und k\u00f6nnte eine der beliebtesten Indica-Sorten aller Zeiten sein.<\/p>","protected":false},"featured_media":4336,"comment_status":"open","ping_status":"closed","template":"","meta":{"_themeisle_gutenberg_block_has_review":false,"_ti_tpc_template_sync":false,"_ti_tpc_template_id":"","_joinchat":[]},"product_cat":[128],"product_tag":[183,138,184,140,185,186,187,188,189,190,191,192,193,172,173,194,195,196,197,198,199,200,201,202,203,204,205,206,207,208,209,210,211,212,213,214,215],"class_list":{"0":"post-4306","1":"product","2":"type-product","3":"status-publish","4":"has-post-thumbnail","6":"product_cat-indica","7":"product_tag-best-marijuana-strains-for-sleep","8":"product_tag-best-online-dispensary","9":"product_tag-buy-cheap-northern-lights","10":"product_tag-buy-marijuana-online","11":"product_tag-buy-northern-light-in-usa","12":"product_tag-buy-northern-lights","13":"product_tag-buy-northern-lights-kush","14":"product_tag-buy-northern-lights-online","15":"product_tag-buy-northern-lights-strains","16":"product_tag-buy-weed-online-uk-buy-weed-online-uk","17":"product_tag-delivery-northern-light-strains","18":"product_tag-indica-marijuana-strains","19":"product_tag-legit-northern-lights-kush-online","20":"product_tag-medical-cannabis","21":"product_tag-medical-cannabis-delivery","22":"product_tag-medical-marijuana-strains","23":"product_tag-medical-northern-light-strains","24":"product_tag-medical-northern-lights","25":"product_tag-medical-northern-lights-strains","26":"product_tag-northern-light-mail-order","27":"product_tag-northern-light-marijuana-for-sale-without-mmi-card","28":"product_tag-northern-lights","29":"product_tag-northern-lights-for-sale-in-usa","30":"product_tag-northern-lights-kush","31":"product_tag-northern-lights-kush-for-sale-in-canada-without-mmi-card","32":"product_tag-northern-lights-kush-strain","33":"product_tag-northern-lights-marijuana-online","34":"product_tag-northern-lights-marijuana-seeds","35":"product_tag-northern-lights-overnight-shipping","36":"product_tag-northern-lights-strain","37":"product_tag-northern-lights-strains-worldwide-delivery","38":"product_tag-northern-lights-weed-strain","39":"product_tag-order-northern-lights-kush","40":"product_tag-order-northern-lights-kush-online","41":"product_tag-order-northern-lights-marijuana","42":"product_tag-quality-northern-lights","43":"product_tag-top-shelf-northern-lights-strain","45":"first","46":"instock","47":"shipping-taxable","48":"purchasable","49":"product-type-variable"},"yoast_head":"<!-- This site is optimized with the Yoast SEO plugin v22.7 - https:\/\/yoast.com\/wordpress\/plugins\/seo\/ -->\n<title>Where can i buy weed online in the uk | Buy Norrthern Lights online<\/title>\n<meta name=\"description\" content=\"Buy Northern Lights online uk and experience one of the most famous indica strains known for its soothing body effects and resin-rich buds. Northern Lights for sale with a reputation for deep relaxation and classic kush flavor.\" \/>\n<meta name=\"robots\" content=\"index, follow, max-snippet:-1, max-image-preview:large, max-video-preview:-1\" \/>\n<link rel=\"canonical\" href=\"https:\/\/grassxpress.com\/de\/produkt\/nordlichter\/\" \/>\n<meta property=\"og:locale\" content=\"de_DE\" \/>\n<meta property=\"og:type\" content=\"article\" \/>\n<meta property=\"og:title\" content=\"Where can i buy weed online in the uk | Buy Norrthern Lights online\" \/>\n<meta property=\"og:description\" content=\"Buy Northern Lights online uk and experience one of the most famous indica strains known for its soothing body effects and resin-rich buds. Northern Lights for sale with a reputation for deep relaxation and classic kush flavor.\" \/>\n<meta property=\"og:url\" content=\"https:\/\/grassxpress.com\/de\/produkt\/nordlichter\/\" \/>\n<meta property=\"og:site_name\" content=\"GrassXpress\" \/>\n<meta property=\"article:modified_time\" content=\"2026-04-02T09:15:40+00:00\" \/>\n<meta property=\"og:image\" content=\"https:\/\/grassxpress.com\/wp-content\/uploads\/2022\/11\/Northern-lights.jpg\" \/>\n\t<meta property=\"og:image:width\" content=\"600\" \/>\n\t<meta property=\"og:image:height\" content=\"600\" \/>\n\t<meta property=\"og:image:type\" content=\"image\/jpeg\" \/>\n<meta name=\"twitter:card\" content=\"summary_large_image\" \/>\n<meta name=\"twitter:label1\" content=\"Gesch\u00e4tzte Lesezeit\" \/>\n\t<meta name=\"twitter:data1\" content=\"2\u00a0Minuten\" \/>\n<!-- \/ Yoast SEO plugin. -->","yoast_head_json":{"title":"Where can i buy weed online in the uk | Buy Norrthern Lights online","description":"Buy Northern Lights online uk and experience one of the most famous indica strains known for its soothing body effects and resin-rich buds. Northern Lights for sale with a reputation for deep relaxation and classic kush flavor.","robots":{"index":"index","follow":"follow","max-snippet":"max-snippet:-1","max-image-preview":"max-image-preview:large","max-video-preview":"max-video-preview:-1"},"canonical":"https:\/\/grassxpress.com\/de\/produkt\/nordlichter\/","og_locale":"de_DE","og_type":"article","og_title":"Where can i buy weed online in the uk | Buy Norrthern Lights online","og_description":"Buy Northern Lights online uk and experience one of the most famous indica strains known for its soothing body effects and resin-rich buds. Northern Lights for sale with a reputation for deep relaxation and classic kush flavor.","og_url":"https:\/\/grassxpress.com\/de\/produkt\/nordlichter\/","og_site_name":"GrassXpress","article_modified_time":"2026-04-02T09:15:40+00:00","og_image":[{"width":600,"height":600,"url":"https:\/\/grassxpress.com\/wp-content\/uploads\/2022\/11\/Northern-lights.jpg","type":"image\/jpeg"}],"twitter_card":"summary_large_image","twitter_misc":{"Gesch\u00e4tzte Lesezeit":"2\u00a0Minuten"},"schema":{"@context":"https:\/\/schema.org","@graph":[{"@type":"WebPage","@id":"https:\/\/grassxpress.com\/product\/northern-lights\/","url":"https:\/\/grassxpress.com\/product\/northern-lights\/","name":"Where can i buy weed online in the uk | Buy Norrthern Lights online","isPartOf":{"@id":"https:\/\/grassxpress.com\/#website"},"primaryImageOfPage":{"@id":"https:\/\/grassxpress.com\/product\/northern-lights\/#primaryimage"},"image":{"@id":"https:\/\/grassxpress.com\/product\/northern-lights\/#primaryimage"},"thumbnailUrl":"https:\/\/grassxpress.com\/wp-content\/uploads\/2022\/11\/Northern-lights.jpg","datePublished":"2022-11-15T09:44:44+00:00","dateModified":"2026-04-02T09:15:40+00:00","description":"Buy Northern Lights online uk and experience one of the most famous indica strains known for its soothing body effects and resin-rich buds. Northern Lights for sale with a reputation for deep relaxation and classic kush flavor.","breadcrumb":{"@id":"https:\/\/grassxpress.com\/product\/northern-lights\/#breadcrumb"},"inLanguage":"de","potentialAction":[{"@type":"ReadAction","target":["https:\/\/grassxpress.com\/product\/northern-lights\/"]}]},{"@type":"ImageObject","inLanguage":"de","@id":"https:\/\/grassxpress.com\/product\/northern-lights\/#primaryimage","url":"https:\/\/grassxpress.com\/wp-content\/uploads\/2022\/11\/Northern-lights.jpg","contentUrl":"https:\/\/grassxpress.com\/wp-content\/uploads\/2022\/11\/Northern-lights.jpg","width":600,"height":600,"caption":"Northern lights"},{"@type":"BreadcrumbList","@id":"https:\/\/grassxpress.com\/product\/northern-lights\/#breadcrumb","itemListElement":[{"@type":"ListItem","position":1,"name":"Home","item":"https:\/\/grassxpress.com\/"},{"@type":"ListItem","position":2,"name":"Mail Order Weed UK","item":"https:\/\/grassxpress.com\/mail-order-weed-uk\/"},{"@type":"ListItem","position":3,"name":"Northern lights"}]},{"@type":"WebSite","@id":"https:\/\/grassxpress.com\/#website","url":"https:\/\/grassxpress.com\/","name":"GrassXpress","description":"Buy Weed Online UK","publisher":{"@id":"https:\/\/grassxpress.com\/#organization"},"potentialAction":[{"@type":"SearchAction","target":{"@type":"EntryPoint","urlTemplate":"https:\/\/grassxpress.com\/?s={search_term_string}"},"query-input":"required name=search_term_string"}],"inLanguage":"de"},{"@type":"Organization","@id":"https:\/\/grassxpress.com\/#organization","name":"GrassXpress","url":"https:\/\/grassxpress.com\/","logo":{"@type":"ImageObject","inLanguage":"de","@id":"https:\/\/grassxpress.com\/#\/schema\/logo\/image\/","url":"https:\/\/grassxpress.com\/wp-content\/uploads\/2024\/01\/logo.png","contentUrl":"https:\/\/grassxpress.com\/wp-content\/uploads\/2024\/01\/logo.png","width":300,"height":100,"caption":"GrassXpress"},"image":{"@id":"https:\/\/grassxpress.com\/#\/schema\/logo\/image\/"}}]}},"_links":{"self":[{"href":"https:\/\/grassxpress.com\/de\/wp-json\/wp\/v2\/product\/4306","targetHints":{"allow":["GET"]}}],"collection":[{"href":"https:\/\/grassxpress.com\/de\/wp-json\/wp\/v2\/product"}],"about":[{"href":"https:\/\/grassxpress.com\/de\/wp-json\/wp\/v2\/types\/product"}],"replies":[{"embeddable":true,"href":"https:\/\/grassxpress.com\/de\/wp-json\/wp\/v2\/comments?post=4306"}],"wp:featuredmedia":[{"embeddable":true,"href":"https:\/\/grassxpress.com\/de\/wp-json\/wp\/v2\/media\/4336"}],"wp:attachment":[{"href":"https:\/\/grassxpress.com\/de\/wp-json\/wp\/v2\/media?parent=4306"}],"wp:term":[{"taxonomy":"product_cat","embeddable":true,"href":"https:\/\/grassxpress.com\/de\/wp-json\/wp\/v2\/product_cat?post=4306"},{"taxonomy":"product_tag","embeddable":true,"href":"https:\/\/grassxpress.com\/de\/wp-json\/wp\/v2\/product_tag?post=4306"}],"curies":[{"name":"wp","href":"https:\/\/api.w.org\/{rel}","templated":true}]}}