{"id":61,"date":"2020-01-23T18:21:52","date_gmt":"2020-01-23T18:21:52","guid":{"rendered":"https:\/\/demosites.io\/web-agency-gb\/?page_id=61"},"modified":"2023-01-06T07:07:00","modified_gmt":"2023-01-06T07:07:00","slug":"can-i-order-weed-online","status":"publish","type":"page","link":"https:\/\/grassxpress.com\/de\/kann-ich-unkraut-online-bestellen\/","title":{"rendered":"\u00dcber uns"},"content":{"rendered":"<h1 style=\"text-align: justify;\">Legale Weed Plugs In Deutschland<\/h1>\n<p style=\"text-align: justify;\">Kann ich Weed online bestellen, GrassXpress ist eine Online-Weed-Apotheke, wo man Weed online kaufen kann, ohne Summen einen Zentimeter von Ihrem Platz. Sie k\u00f6nnten sich wundern, da es viele H\u00e4ndler in meiner N\u00e4he gibt. Wir haben die t\u00fcchtigsten Apotheke speichern, die Ihnen die Chance, die beste Qualit\u00e4t der Produkte zu kaufen bietet.<\/p>\n<p style=\"text-align: justify;\">Sie k\u00f6nnen ohne Probleme Cannabis online kaufen, das die Krankheiten eines Patienten behandelt und die Freizeitw\u00fcnsche befriedigt. Sie m\u00fcssen Ihr Haus nicht verlassen, um Marihuana-Sorten online zu kaufen, da Sie Ihre Bestellung entweder \u00fcber Ihr Smartphone, Ihren PC oder Ihren Laptop ausf\u00fchren und den virtuellen Haschischladen besuchen k\u00f6nnen.<\/p>\n<p style=\"text-align: justify;\">Wir haben eine gro\u00dfe Sammlung aller Arten von hochwertigem Unkraut, mit unterschiedlichen Preisen f\u00fcr jede Sorte. Sie k\u00f6nnen sie je nach Ihren Interessen und Vorlieben kaufen. Wir verpacken jede Ihrer Bestellungen sorgf\u00e4ltig und liefern sie in einer attraktiven Verpackung zu Ihnen nach Hause. Das Paket ist geruchsneutral und wird innerhalb eines bestimmten Zeitrahmens bearbeitet. In den letzten Jahren haben wir uns als f\u00fchrendes Freizeitunternehmen etabliert, und die Kunden vertrauen auf unsere Dienstleistungen. Dank unseres beharrlichen Vorgehens und unserer Weitsicht sind wir zu einem der am schnellsten wachsenden Cannabisunternehmen geworden. Wir bieten Premium-Lieferdienste in einer Reihe von L\u00e4ndern auf der ganzen Welt an, darunter das Vereinigte K\u00f6nigreich, die Niederlande, Griechenland, Frankreich, die Schweiz, Italien und viele andere. Sie k\u00f6nnen uns Ihre Anfrage \u00fcbermitteln, wenn Sie auf der Suche nach einem Online-Cannabis-Laden in meiner N\u00e4he sind.<\/p>\n<p style=\"text-align: justify;\">Wir sind von unseren Dienstleistungen \u00fcberzeugt, weil diejenigen, die in unserem Internetshop Cannabis zum Verkauf kaufen, immer wieder zu uns zur\u00fcckkehren. Wir sind eine der besten Marihuana-Firmen der Welt, mit Marihuana-Experten und geschulten Mitarbeitern, die jeden Artikel sorgf\u00e4ltig pr\u00fcfen, bevor sie ihn zu Ihnen nach Hause schicken. Wir bieten eine sichere Zahlungsmethode, und alle Produkte liegen in einer f\u00fcr Sie akzeptablen Preisspanne.<\/p>\n<p style=\"text-align: justify;\">Sie k\u00f6nnen Weed uk wie AK-47, Banana Kush, Blue Dream, Blueberry Kush, Harlequin, Gelato 47, Girls Scout Cookies, Jack Ripper, Lemon Haze, Mango Kush, Master Kush von einem Online Shop bestellen.<\/p>\n<h2 style=\"text-align: justify;\">Kann ich Weed online bestellen<\/h2>\n<p style=\"text-align: justify;\">Wir waren irritiert dar\u00fcber, wie schwierig es sein kann, einen Cannabisanbau zu recherchieren und echte Antworten auf grundlegende Fragen zum Anbau zu erhalten, nachdem wir jahrelang die bekanntesten Cannabisanbau-Websites durchsucht hatten. GrassXpress glaubte auch, dass eine benutzerfreundlichere Methode der Aufkl\u00e4rung \u00fcber den Anbau erforderlich war. Wir waren der Meinung, dass es an der Zeit war, eine Website zu erstellen, die zeigt, wie einfach es ist, Cannabis im Haus mit fast jedem Budget anzubauen. GrassXpress hatte die Absicht, eine Ressource zu schaffen, f\u00fcr die man sich nicht anmelden oder ein Konto einrichten musste, sondern die einfach nur leicht auffindbares, expandierendes Wissen f\u00fcr den gesamten Planeten bereitstellte. Sky bud shop Store wurde als Ergebnis dessen gegr\u00fcndet! Ist es m\u00f6glich, Marihuana online zu kaufen?<\/p>\n<p style=\"text-align: justify;\">GrassXpress liefert die gleichen Cannabisprodukte, die Sie in Ihrer \u00f6rtlichen Marihuana-Apotheke finden, zu Ihnen nach Hause in Europa und auf der ganzen Welt. Menschen mit medizinischen Problemen erhalten bei GrassXpress Rabatte, sowie niedrige Kosten f\u00fcr Stammkunden. St\u00f6bern Sie auf unserer Website nach Ihren Lieblings-THC-Delikatessen und geben Sie Ihre Bestellung \u00fcber unser Online- oder ausdruckbares Bestellformular auf. Ihr echtes Marihuana wird noch am selben Tag des Zahlungseingangs verschickt, und Sie k\u00f6nnen sicher sein, dass die Lieferung diskret und sicher ist. Ja, mit einer direkten Postbestellung und einer schnellen Lieferung zu Ihnen nach Hause, k\u00f6nnen Sie echtes Marihuana online kaufen...<\/p>\n<p style=\"text-align: justify;\">Wenn Sie Marihuana in Form von Knospen, Haschisch, Keksen, Brownies, Tinkturen oder Butter kaufen m\u00f6chten, werden wir Ihre Erwartungen mit unserer erstaunlichen Auswahl und Qualit\u00e4t von Lebensmitteln \u00fcbertreffen, die mit den besten Zutaten gebacken werden und zu einem Preis angeboten werden, den Sie sich leisten k\u00f6nnen. Unser Chefkoch ist ein professioneller Koch und unsere Z\u00fcchter haben das feinste Gras angebaut, das garantiert daf\u00fcr sorgt, dass Du immer wieder zur\u00fcckkommst. Wir haben nur das beste Marihuana zum Verkauf, das tats\u00e4chlich THC in allen unseren Produkten enth\u00e4lt.<\/p>\n<p style=\"text-align: justify;\"><strong>Tiefpreisgarantie<\/strong><\/p>\n<p style=\"text-align: justify;\">Sie suchen die beste Online-Marihuana-Apotheke, bei der der Preis die Qualit\u00e4t des Produkts widerspiegelt? Dann k\u00f6nnten Sie keinen besseren Ort finden. Bei Get Kush bieten wir unseren Kunden die niedrigsten Preise f\u00fcr Marihuana-Bl\u00fcten.<\/p>\n<p style=\"text-align: justify;\">Alle Sorten sind erstklassig.<\/p>\n<p style=\"text-align: justify;\"><strong>kostenloser Versand<\/strong><\/p>\n<p style=\"text-align: justify;\">Alle Bestellungen \u00fcber 250 Euro werden kostenlos verschickt. Sie k\u00f6nnen Ihr per Post bestelltes Marihuana in dem Wissen genie\u00dfen, dass Sie gerade Ihre Lieblingssorten bequem von zu Hause aus bestellt haben. Sobald wir die Bestellung erhalten haben, senden wir sie Ihnen \u00fcber DHL, UPS, EMS und andere, um eine schnelle und sichere Lieferung mit 100% Konsistenz zu gew\u00e4hrleisten.<\/p>\n<p style=\"text-align: justify;\"><strong>sicher und gesch\u00fctzt<\/strong><\/p>\n<p style=\"text-align: justify;\">Weed ist bei manchen Menschen immer noch umstritten. Wir verstehen das, deshalb halten wir unseren Versand diskret. Deine Produkte werden so verpackt, dass sie wie ein normaler Postversand aussehen, mit unauffindbarer Lieferung und sicherer Verschl\u00fcsselung der Transaktionsdaten.<\/p>","protected":false},"excerpt":{"rendered":"<p>legit weed plugs online UK Can i order weed online, GrassXpress is an online weed dispensary where one can buy weed online UK, without buzzing an inch from your place. You might be wondering as there are many weed dealers near me uk. We have the most proficient pharmacy store that offers you the chance<\/p>\n<div class=\"more-link\">\n             <a href=\"https:\/\/grassxpress.com\/de\/kann-ich-unkraut-online-bestellen\/\" class=\"link-btn\"><span>Weiterlesen <\/span><i class=\"icofont-thin-double-right\"><\/i><\/a>\n        <\/div>","protected":false},"author":1,"featured_media":0,"parent":0,"menu_order":0,"comment_status":"closed","ping_status":"closed","template":"","meta":{"_themeisle_gutenberg_block_has_review":false,"_ti_tpc_template_sync":false,"_ti_tpc_template_id":"0qhau2t6eoekosrgo1a2","_joinchat":[],"footnotes":""},"class_list":["post-61","page","type-page","status-publish","hentry"],"yoast_head":"<!-- This site is optimized with the Yoast SEO plugin v22.7 - https:\/\/yoast.com\/wordpress\/plugins\/seo\/ -->\n<title>Can i order weed online | legit weed plugs online uk | cannabis online uk<\/title>\n<meta name=\"description\" content=\"Can i order weed online. Online Dispensary in Europa for Mail Order Marijuana. Shop for Edibles, Concentrates, Sativa&#039;s, Indica&#039;s &amp; Hybrids.\" \/>\n<meta name=\"robots\" content=\"index, follow, max-snippet:-1, max-image-preview:large, max-video-preview:-1\" \/>\n<link rel=\"canonical\" href=\"https:\/\/grassxpress.com\/de\/pot-comand-on-line-ieriana\/\" \/>\n<meta property=\"og:locale\" content=\"de_DE\" \/>\n<meta property=\"og:type\" content=\"article\" \/>\n<meta property=\"og:title\" content=\"Can i order weed online | legit weed plugs online uk | cannabis online uk\" \/>\n<meta property=\"og:description\" content=\"Can i order weed online. Online Dispensary in Europa for Mail Order Marijuana. Shop for Edibles, Concentrates, Sativa&#039;s, Indica&#039;s &amp; Hybrids.\" \/>\n<meta property=\"og:url\" content=\"https:\/\/grassxpress.com\/de\/pot-comand-on-line-ieriana\/\" \/>\n<meta property=\"og:site_name\" content=\"GrassXpress\" \/>\n<meta property=\"article:modified_time\" content=\"2023-01-06T07:07:00+00:00\" \/>\n<meta name=\"twitter:card\" content=\"summary_large_image\" \/>\n<meta name=\"twitter:label1\" content=\"Gesch\u00e4tzte Lesezeit\" \/>\n\t<meta name=\"twitter:data1\" content=\"4\u00a0Minuten\" \/>\n<!-- \/ Yoast SEO plugin. -->","yoast_head_json":{"title":"Can i order weed online | legit weed plugs online uk | cannabis online uk","description":"Can i order weed online. Online Dispensary in Europa for Mail Order Marijuana. Shop for Edibles, Concentrates, Sativa's, Indica's & Hybrids.","robots":{"index":"index","follow":"follow","max-snippet":"max-snippet:-1","max-image-preview":"max-image-preview:large","max-video-preview":"max-video-preview:-1"},"canonical":"https:\/\/grassxpress.com\/de\/pot-comand-on-line-ieriana\/","og_locale":"de_DE","og_type":"article","og_title":"Can i order weed online | legit weed plugs online uk | cannabis online uk","og_description":"Can i order weed online. Online Dispensary in Europa for Mail Order Marijuana. Shop for Edibles, Concentrates, Sativa's, Indica's & Hybrids.","og_url":"https:\/\/grassxpress.com\/de\/pot-comand-on-line-ieriana\/","og_site_name":"GrassXpress","article_modified_time":"2023-01-06T07:07:00+00:00","twitter_card":"summary_large_image","twitter_misc":{"Gesch\u00e4tzte Lesezeit":"4\u00a0Minuten"},"schema":{"@context":"https:\/\/schema.org","@graph":[{"@type":"WebPage","@id":"https:\/\/grassxpress.com\/ro\/pot-comand-on-line-ieriana\/","url":"https:\/\/grassxpress.com\/ro\/pot-comand-on-line-ieriana\/","name":"Can i order weed online | legit weed plugs online uk | cannabis online uk","isPartOf":{"@id":"https:\/\/grassxpress.com\/#website"},"datePublished":"2020-01-23T18:21:52+00:00","dateModified":"2023-01-06T07:07:00+00:00","description":"Can i order weed online. Online Dispensary in Europa for Mail Order Marijuana. Shop for Edibles, Concentrates, Sativa's, Indica's & Hybrids.","breadcrumb":{"@id":"https:\/\/grassxpress.com\/ro\/pot-comand-on-line-ieriana\/#breadcrumb"},"inLanguage":"de","potentialAction":[{"@type":"ReadAction","target":["https:\/\/grassxpress.com\/ro\/pot-comand-on-line-ieriana\/"]}]},{"@type":"BreadcrumbList","@id":"https:\/\/grassxpress.com\/ro\/pot-comand-on-line-ieriana\/#breadcrumb","itemListElement":[{"@type":"ListItem","position":1,"name":"Home","item":"https:\/\/grassxpress.com\/"},{"@type":"ListItem","position":2,"name":"About us"}]},{"@type":"WebSite","@id":"https:\/\/grassxpress.com\/#website","url":"https:\/\/grassxpress.com\/","name":"GrassXpress","description":"Buy Weed Online UK","publisher":{"@id":"https:\/\/grassxpress.com\/#organization"},"potentialAction":[{"@type":"SearchAction","target":{"@type":"EntryPoint","urlTemplate":"https:\/\/grassxpress.com\/?s={search_term_string}"},"query-input":"required name=search_term_string"}],"inLanguage":"de"},{"@type":"Organization","@id":"https:\/\/grassxpress.com\/#organization","name":"GrassXpress","url":"https:\/\/grassxpress.com\/","logo":{"@type":"ImageObject","inLanguage":"de","@id":"https:\/\/grassxpress.com\/#\/schema\/logo\/image\/","url":"https:\/\/grassxpress.com\/wp-content\/uploads\/2024\/01\/logo.png","contentUrl":"https:\/\/grassxpress.com\/wp-content\/uploads\/2024\/01\/logo.png","width":300,"height":100,"caption":"GrassXpress"},"image":{"@id":"https:\/\/grassxpress.com\/#\/schema\/logo\/image\/"}}]}},"_links":{"self":[{"href":"https:\/\/grassxpress.com\/de\/wp-json\/wp\/v2\/pages\/61","targetHints":{"allow":["GET"]}}],"collection":[{"href":"https:\/\/grassxpress.com\/de\/wp-json\/wp\/v2\/pages"}],"about":[{"href":"https:\/\/grassxpress.com\/de\/wp-json\/wp\/v2\/types\/page"}],"author":[{"embeddable":true,"href":"https:\/\/grassxpress.com\/de\/wp-json\/wp\/v2\/users\/1"}],"replies":[{"embeddable":true,"href":"https:\/\/grassxpress.com\/de\/wp-json\/wp\/v2\/comments?post=61"}],"version-history":[{"count":1,"href":"https:\/\/grassxpress.com\/de\/wp-json\/wp\/v2\/pages\/61\/revisions"}],"predecessor-version":[{"id":4659,"href":"https:\/\/grassxpress.com\/de\/wp-json\/wp\/v2\/pages\/61\/revisions\/4659"}],"wp:attachment":[{"href":"https:\/\/grassxpress.com\/de\/wp-json\/wp\/v2\/media?parent=61"}],"curies":[{"name":"wp","href":"https:\/\/api.w.org\/{rel}","templated":true}]}}