{"id":3603,"date":"2020-08-01T14:39:21","date_gmt":"2020-08-01T14:39:21","guid":{"rendered":"https:\/\/diligentplug.com\/?page_id=3603"},"modified":"2020-08-01T14:39:21","modified_gmt":"2020-08-01T14:39:21","slug":"shipping","status":"publish","type":"page","link":"https:\/\/grassxpress.com\/de\/versand\/","title":{"rendered":"Versand"},"content":{"rendered":"<div id=\"wp-block-themeisle-blocks-advanced-columns-49060903\" class=\"wp-block-themeisle-blocks-advanced-columns has-1-columns has-desktop-equal-layout has-tablet-equal-layout has-mobile-equal-layout has-default-gap has-vertical-unset\">\n<div class=\"wp-block-themeisle-blocks-advanced-columns-overlay\"><strong>Wann erhalte ich meine Bestellung?<\/strong><\/div>\n<div class=\"innerblocks-wrap\">\n<div id=\"wp-block-themeisle-blocks-advanced-column-af2d631f\" class=\"wp-block-themeisle-blocks-advanced-column\">\n\n\n<p>Wir sind in den Niederlanden (Europa) ans\u00e4ssig. Der Versand dauert zwischen 1 und 3 Werktagen. Der Durchschnitt liegt bei 2 Tagen. Stockungen beim Zoll k\u00f6nnen eine Verz\u00f6gerung verursachen. Aber, da wir unsere Produkte so gut verstecken, wird der Zoll das Paket nach der Inspektion durchlassen.<\/p>\n\n\n\n<p><strong>Wie wird meine Bestellung verpackt?<\/strong><\/p>\n\n\n\n<p>Ihre Bestellung wird in einem stabilen, gepolsterten Umschlag verpackt. Weder auf der Au\u00dfenseite noch auf der Innenseite findet sich ein Hinweis auf Marihuana oder verwandte Marihuana-Produkte. Wir verwenden unterschiedliche Absenderadressen und keine Markenverpackungen. In dem Umschlag finden Sie einen Artikel, der Ihre Bestellung enth\u00e4lt.<\/p>\n\n\n\n<p><strong>Wie wird der Versand garantiert?<\/strong><\/p>\n\n\n\n<p>Wenn Ihre Bestellung nicht ankommt oder beschlagnahmt wird, werden wir Ihre Bestellung auf jeden Fall erneut versenden. Kostenlos! Wir haben die folgenden R\u00fccksendebedingungen. Der kostenlose R\u00fcckversand erfolgt nach 5 Werktagen. Die meisten Pakete kommen innerhalb von 1 Woche an und die, die nicht ankommen, werden in der darauffolgenden 1 Woche zugestellt. Bei der internationalen Post und beim Zoll kann es zu verschiedenen Verz\u00f6gerungen kommen, daher die Wartezeit.<\/p>\n\n\n\n<p>Wenn Sie eine falsche Adresse eingegeben haben (z. B. die Wohnungsnummer vergessen haben), k\u00f6nnen wir nicht kostenlos nachsenden. Die Adresse wird EXAKT so ausgedruckt, wie Sie sie eingegeben haben, keine manuellen Aktionen auf unserer Seite (es sei denn, Sie bitten uns darum). Da wir Sie aber nicht im Regen stehen lassen wollen, erhalten Sie als Entsch\u00e4digung einen Code f\u00fcr einen 50%-Rabatt bei Ihrer n\u00e4chsten Bestellung. F\u00fcr die 2. Lieferung k\u00f6nnen Sie eine alternative Adresse angeben. Wir werden auch eine andere Stealth-Methode verwenden.<\/p>\n\n\n\n<p><strong>In welche L\u00e4nder liefern Sie?<\/strong><\/p>\n\n\n\n<p><a href=\"https:\/\/grassxpress.com\/de\/weed-online-bestellen\/\">Wir<\/a> Wir liefern weltweit in alle L\u00e4nder, aus denen wir Bestellungen erhalten. Leider k\u00f6nnen wir nicht f\u00fcr die Lieferung in alle L\u00e4nder garantieren, da die lokale Zustellung in einigen L\u00e4ndern nicht zuverl\u00e4ssig genug ist.<\/p>\n\n\n\n<p>F\u00fcr andere L\u00e4nder: Die Lieferung ist garantiert! Also, wenn Sie zum Beispiel in den USA, Kanada, Gro\u00dfbritannien oder <a href=\"https:\/\/en.wikipedia.org\/wiki\/Australia\">Australien<\/a>Die Lieferung Ihres Pakets wird von uns garantiert.<\/p>\n<\/div>\n<!-- \/wp:post-content --><\/div>\n<\/div>\n<!-- \/wp:themeisle-blocks\/advanced-columns -->","protected":false},"excerpt":{"rendered":"<p>We are based in the Netherlands (Europe). Shipping\u00a0takes between 1 and 3 business days. The average is 2 days. Holdups at customs can cause a delay. But, since we hide our products so well, customs will let the package through after inspection. How is my order packaged? Your order will be packed in a sturdy,<\/p>\n<div class=\"more-link\">\n             <a href=\"https:\/\/grassxpress.com\/de\/versand\/\" class=\"link-btn\"><span>Weiterlesen <\/span><i class=\"icofont-thin-double-right\"><\/i><\/a>\n        <\/div>","protected":false},"author":1,"featured_media":0,"parent":0,"menu_order":0,"comment_status":"closed","ping_status":"closed","template":"","meta":{"_themeisle_gutenberg_block_has_review":false,"_ti_tpc_template_sync":false,"_ti_tpc_template_id":"","_joinchat":[],"footnotes":""},"class_list":["post-3603","page","type-page","status-publish","hentry"],"yoast_head":"<!-- This site is optimized with the Yoast SEO plugin v22.7 - https:\/\/yoast.com\/wordpress\/plugins\/seo\/ -->\n<title>Shipping | Delivery Is Guaranteed - GrassXpress<\/title>\n<meta name=\"description\" content=\"We are based in the Netherlands. Shipping\u00a0takes between 1 and 3 business days. The average is 2 days. Holdups at customs can cause a delay.\" \/>\n<meta name=\"robots\" content=\"index, follow, max-snippet:-1, max-image-preview:large, max-video-preview:-1\" \/>\n<link rel=\"canonical\" href=\"https:\/\/grassxpress.com\/de\/wysylka\/\" \/>\n<meta property=\"og:locale\" content=\"de_DE\" \/>\n<meta property=\"og:type\" content=\"article\" \/>\n<meta property=\"og:title\" content=\"Shipping | Delivery Is Guaranteed - GrassXpress\" \/>\n<meta property=\"og:description\" content=\"We are based in the Netherlands. Shipping\u00a0takes between 1 and 3 business days. The average is 2 days. Holdups at customs can cause a delay.\" \/>\n<meta property=\"og:url\" content=\"https:\/\/grassxpress.com\/de\/wysylka\/\" \/>\n<meta property=\"og:site_name\" content=\"GrassXpress\" \/>\n<meta name=\"twitter:card\" content=\"summary_large_image\" \/>\n<meta name=\"twitter:label1\" content=\"Gesch\u00e4tzte Lesezeit\" \/>\n\t<meta name=\"twitter:data1\" content=\"2\u00a0Minuten\" \/>\n<!-- \/ Yoast SEO plugin. -->","yoast_head_json":{"title":"Shipping | Delivery Is Guaranteed - GrassXpress","description":"We are based in the Netherlands. Shipping\u00a0takes between 1 and 3 business days. The average is 2 days. Holdups at customs can cause a delay.","robots":{"index":"index","follow":"follow","max-snippet":"max-snippet:-1","max-image-preview":"max-image-preview:large","max-video-preview":"max-video-preview:-1"},"canonical":"https:\/\/grassxpress.com\/de\/wysylka\/","og_locale":"de_DE","og_type":"article","og_title":"Shipping | Delivery Is Guaranteed - GrassXpress","og_description":"We are based in the Netherlands. Shipping\u00a0takes between 1 and 3 business days. The average is 2 days. Holdups at customs can cause a delay.","og_url":"https:\/\/grassxpress.com\/de\/wysylka\/","og_site_name":"GrassXpress","twitter_card":"summary_large_image","twitter_misc":{"Gesch\u00e4tzte Lesezeit":"2\u00a0Minuten"},"schema":{"@context":"https:\/\/schema.org","@graph":[{"@type":"WebPage","@id":"https:\/\/grassxpress.com\/pl\/wysylka\/","url":"https:\/\/grassxpress.com\/pl\/wysylka\/","name":"Shipping | Delivery Is Guaranteed - GrassXpress","isPartOf":{"@id":"https:\/\/grassxpress.com\/#website"},"datePublished":"2020-08-01T14:39:21+00:00","dateModified":"2020-08-01T14:39:21+00:00","description":"We are based in the Netherlands. Shipping\u00a0takes between 1 and 3 business days. The average is 2 days. Holdups at customs can cause a delay.","breadcrumb":{"@id":"https:\/\/grassxpress.com\/pl\/wysylka\/#breadcrumb"},"inLanguage":"de","potentialAction":[{"@type":"ReadAction","target":["https:\/\/grassxpress.com\/pl\/wysylka\/"]}]},{"@type":"BreadcrumbList","@id":"https:\/\/grassxpress.com\/pl\/wysylka\/#breadcrumb","itemListElement":[{"@type":"ListItem","position":1,"name":"Home","item":"https:\/\/grassxpress.com\/"},{"@type":"ListItem","position":2,"name":"Shipping"}]},{"@type":"WebSite","@id":"https:\/\/grassxpress.com\/#website","url":"https:\/\/grassxpress.com\/","name":"GrassXpress","description":"Buy Weed Online UK","publisher":{"@id":"https:\/\/grassxpress.com\/#organization"},"potentialAction":[{"@type":"SearchAction","target":{"@type":"EntryPoint","urlTemplate":"https:\/\/grassxpress.com\/?s={search_term_string}"},"query-input":"required name=search_term_string"}],"inLanguage":"de"},{"@type":"Organization","@id":"https:\/\/grassxpress.com\/#organization","name":"GrassXpress","url":"https:\/\/grassxpress.com\/","logo":{"@type":"ImageObject","inLanguage":"de","@id":"https:\/\/grassxpress.com\/#\/schema\/logo\/image\/","url":"https:\/\/grassxpress.com\/wp-content\/uploads\/2024\/01\/logo.png","contentUrl":"https:\/\/grassxpress.com\/wp-content\/uploads\/2024\/01\/logo.png","width":300,"height":100,"caption":"GrassXpress"},"image":{"@id":"https:\/\/grassxpress.com\/#\/schema\/logo\/image\/"}}]}},"_links":{"self":[{"href":"https:\/\/grassxpress.com\/de\/wp-json\/wp\/v2\/pages\/3603","targetHints":{"allow":["GET"]}}],"collection":[{"href":"https:\/\/grassxpress.com\/de\/wp-json\/wp\/v2\/pages"}],"about":[{"href":"https:\/\/grassxpress.com\/de\/wp-json\/wp\/v2\/types\/page"}],"author":[{"embeddable":true,"href":"https:\/\/grassxpress.com\/de\/wp-json\/wp\/v2\/users\/1"}],"replies":[{"embeddable":true,"href":"https:\/\/grassxpress.com\/de\/wp-json\/wp\/v2\/comments?post=3603"}],"version-history":[{"count":0,"href":"https:\/\/grassxpress.com\/de\/wp-json\/wp\/v2\/pages\/3603\/revisions"}],"wp:attachment":[{"href":"https:\/\/grassxpress.com\/de\/wp-json\/wp\/v2\/media?parent=3603"}],"curies":[{"name":"wp","href":"https:\/\/api.w.org\/{rel}","templated":true}]}}