{"id":3298,"date":"2020-02-18T05:09:07","date_gmt":"2020-02-18T05:09:07","guid":{"rendered":"https:\/\/diligentplug.com\/?page_id=3298"},"modified":"2020-02-18T05:09:07","modified_gmt":"2020-02-18T05:09:07","slug":"faqs","status":"publish","type":"page","link":"https:\/\/grassxpress.com\/de\/faqs\/","title":{"rendered":"FAQs"},"content":{"rendered":"<div id=\"main-content\">\n<article id=\"post-2333\" class=\"post-2333 page type-page status-publish hentry\">\n<div class=\"entry-content\">\n<div id=\"et-boc\" class=\"et-boc\">\n<div class=\"et-l et-l--post\">\n<div class=\"et_builder_inner_content et_pb_gutters3\">\n<div class=\"et_pb_section et_pb_section_1 et_section_regular\">\n<div class=\"et_pb_row et_pb_row_2\">\n<div class=\"et_pb_column et_pb_column_4_4 et_pb_column_2 et_pb_css_mix_blend_mode_passthrough et-last-child\">\n<div class=\"et_pb_module et_pb_text et_pb_text_2 et_pb_text_align_center et_pb_bg_layout_light\">\n<div class=\"et_pb_text_inner\">\n<h2>Wo kann ich Weed online kaufen?<\/h2>\n<p>Dies ist ein Schl\u00fcsselwort, das alle 30 Tage etwa 18.150 Mal in den Suchergebnissen auftaucht, und es ist daher<br \/>\nHier ist Ihre Antwort, nachdem Sie gesehen haben, wie schwierig diese Frage war<br \/>\nKauf von Unkraut online, so dass unser Team beschlossen, zusammen zu kommen und bringen in allen Faktoren notwendig und jetzt k\u00f6nnen Sie bestellen oder kaufen Unkraut online von uns in nur drei einfachen Schritten, so dass wir m\u00f6chten, um Ihre Frage zu beantworten, indem Sie sagen, \"YES\" k\u00f6nnen Sie kaufen Unkraut online von weed-crew.net und erhalten es in nur einem twicke eines Auges geliefert.<\/p>\n<\/div>\n<\/div>\n<\/div>\n<\/div>\n<div class=\"et_pb_row et_pb_row_3\">\n<div class=\"et_pb_column et_pb_column_4_4 et_pb_column_3 et_pb_css_mix_blend_mode_passthrough et-last-child\">\n<div class=\"et_pb_module et_pb_text et_pb_text_3 et_pb_text_align_center et_pb_bg_layout_light\">\n<div class=\"et_pb_text_inner\">\n<h3>Wie lange dauert es, bis meine Bestellung versandt wird?<\/h3>\n<p>Wir tun unser Bestes, um sicherzustellen, dass alle Bestellungen noch am selben Tag verschickt werden. Sobald die Bestellung eingegangen ist und die Zahlung best\u00e4tigt wurde, werden wir mit der Verpackung fortfahren und sobald die Verpackung fertig ist, werden wir loslegen und das Paket verschicken, woraufhin Sie eine Tracking-Nummer erhalten, mit der Sie das Paket verfolgen k\u00f6nnen, bis es bei Ihnen ankommt. Wir versenden mit <a href=\"https:\/\/en.wikipedia.org\/wiki\/United_States_Postal_Service\">USPS<\/a>UPS, FEDEX, oder Marble Logistics.<\/p>\n<\/div>\n<\/div>\n<\/div>\n<\/div>\n<div class=\"et_pb_row et_pb_row_4\">\n<div class=\"et_pb_column et_pb_column_4_4 et_pb_column_4 et_pb_css_mix_blend_mode_passthrough et-last-child\">\n<div class=\"et_pb_module et_pb_text et_pb_text_4 et_pb_text_align_center et_pb_bg_layout_light\">\n<div class=\"et_pb_text_inner\">\n<h3>Wie lange dauert es, bis ich mein Paket erhalte?<\/h3>\n<p>Alle Pakete werden innerhalb desselben Tages (24 Stunden) nach Eingang der Bestellung versandt. Wie lange es dauert, bis Ihr Paket bei Ihnen eintrifft, h\u00e4ngt jedoch von zwei Faktoren ab.<br \/>\n- Der erste Faktor ist die Art der Sendung. Damit meinen wir, ob Ihr Paket als normales Paket, als Paket mit taggleicher Zustellung oder als Priority Mail verschickt wurde. Wenn Ihr Paket als regul\u00e4res Paket eingeschrieben ist, dauert es bis zu zwei Tage (948 Stunden), bis es bei Ihnen eintrifft, w\u00e4hrend es bei Postzustellung am selben Tag oder Priority Mail innerhalb von 24 Stunden bei Ihnen eintrifft.<br \/>\n- Zweitens: Wie lange es dauert, bis Ihr Paket bei Ihnen eintrifft, h\u00e4ngt vom Zielort des Pakets ab. Mit Zielort meinen wir, ob Ihre Lieferadresse in den USA oder in Europa liegt. Alle Pakete, die an Ziele in den USA verschickt werden, werden innerhalb von h\u00f6chstens 48 Stunden zugestellt, w\u00e4hrend Pakete in Europa bis zu drei Tage (72 Stunden) dauern k\u00f6nnen.<\/p>\n<\/div>\n<\/div>\n<\/div>\n<\/div>\n<div class=\"et_pb_row et_pb_row_5\">\n<div class=\"et_pb_column et_pb_column_4_4 et_pb_column_5 et_pb_css_mix_blend_mode_passthrough et-last-child\">\n<div class=\"et_pb_module et_pb_text et_pb_text_5 et_pb_text_align_center et_pb_bg_layout_light\">\n<div class=\"et_pb_text_inner\">\n<h3>Gibt es Rabatte auf Bestellungen?<\/h3>\n<p>Genau wie jede Bestellung Gesch\u00e4ft, unsere Angebote Rabatt auf Gro\u00dfbestellungen und auf alle Bestellungen mit Zahlungsarten wie Bitcoins gemacht. Alle Bestellungen \u00fcber $800 erhalten einen 25% Rabatt wile Bestellungen durch Bitcoins bezahlt erhalten einen 20% Rabatt. Wir ermutigen Gro\u00dfbestellungen, da sie auch mit kostenlosen Samen kommen. LESEN Sie mehr \u00fcber kostenloses Saatgut auf unserer Farm Support Policy Seite.<\/p>\n<\/div>\n<\/div>\n<\/div>\n<\/div>\n<div class=\"et_pb_row et_pb_row_6\">\n<div class=\"et_pb_column et_pb_column_4_4 et_pb_column_6 et_pb_css_mix_blend_mode_passthrough et-last-child\">\n<div class=\"et_pb_module et_pb_text et_pb_text_6 et_pb_text_align_center et_pb_bg_layout_light\">\n<div class=\"et_pb_text_inner\">\n<h3>Ist es sicher, Gras online zu kaufen?<\/h3>\n<p>Der Online-Kauf von Gras kann manchmal heikel und riskant sein, wenn man sich nicht an die richtigen Personen wendet. Wir machen es jedoch so sicher wie m\u00f6glich, indem wir einige Faktoren ber\u00fccksichtigen, die im Folgenden aufgef\u00fchrt sind<br \/>\n- Ist es medizinisches Marihuana? Der Online-Kauf von Gras kann schwierig sein, da Sie h\u00f6chstwahrscheinlich nur einen Vorgeschmack auf das Produkt bekommen werden<br \/>\nSie m\u00fcssen also sicherstellen, dass das, wof\u00fcr Sie bezahlen, medizinisches Marihuana ist und\/oder im Labor auf seinen THC- und CBD-Gehalt getestet wurde.<br \/>\n- Wird es gut verpackt sein, damit ich keinen \u00c4rger bekomme?<br \/>\nSie m\u00fcssen sich vergewissern, dass Ihre Bestellung gut versiegelt ist, um die Sicherheit in den H\u00e4nden des Kurierdienstes zu gew\u00e4hrleisten, wenn Sie<br \/>\nPaket nicht gut versiegelt ist, dann kann ein sicherer Versand durch USPS, UPS oder einen anderen Kurierdienst nicht garantiert werden, und daher k\u00f6nnen Sie nicht sicher sein, ob Ihr Paket in Ihre Hand gelangen wird oder nicht.<\/p>\n<\/div>\n<\/div>\n<\/div>\n<\/div>\n<div class=\"et_pb_row et_pb_row_7\">\n<div class=\"et_pb_column et_pb_column_4_4 et_pb_column_7 et_pb_css_mix_blend_mode_passthrough et-last-child\">\n<div class=\"et_pb_module et_pb_text et_pb_text_7 et_pb_text_align_center et_pb_bg_layout_light\">\n<div class=\"et_pb_text_inner\">\n<h3>Kann ich mit einer Kredit- oder Debitkarte bezahlen?<\/h3>\n<p>In der heutigen Online-Welt sind Kredit- und Debitkarten eines der flexibelsten Zahlungsmittel im Internet.<br \/>\nBei weed-crew.net k\u00f6nnen Sie die Zahlung direkt mit Ihrer Kredit- oder Debitkarte vornehmen. F\u00fchlen Sie sich sicher, per Kreditkarte oder Debitkarte zu bezahlen, da unsere Website SSL-gesichert ist.<\/p>\n<\/div>\n<\/div>\n<\/div>\n<\/div>\n<div class=\"et_pb_row et_pb_row_8\">\n<div class=\"et_pb_column et_pb_column_4_4 et_pb_column_8 et_pb_css_mix_blend_mode_passthrough et-last-child\">\n<div class=\"et_pb_module et_pb_text et_pb_text_8 et_pb_text_align_center et_pb_bg_layout_light\">\n<div class=\"et_pb_text_inner\">\n<h3>Versenden Sie kostenlose Proben von Weed online kaufen?<\/h3>\n<p><a href=\"https:\/\/grassxpress.com\/de\/weed-online-bestellen\/\">Wir<\/a> bieten Proben von bis zu $50-$100 im Wert von allen potenziellen Gro\u00dfabnehmern, die sich auf ein langfristiges Gesch\u00e4ft freuen, aber wollen, um unsere Produkte zu versuchen, bevor sie gro\u00dfe Eink\u00e4ufe zu machen, jedoch sind die Proben nicht ganz kostenlos, wie Sie erforderlich sind, um 30% des Pakets im Wert zu zahlen, ist dies, weil wir erkannt, wenn wir geben kostenlose Proben einige Kunden wiederum zu nutzen, dass als Schlupfloch f\u00fcr die Ausbeutung und nur gerade f\u00fcr kostenlose Proben bestellen, nur um zu rauchen und sich hoch. Alle smples sind eine Mischung von jeweils 2 Gramm von bis zu 10 verschiedenen St\u00e4mmen Ihrer Wahl.<\/p>\n<\/div>\n<\/div>\n<\/div>\n<\/div>\n<div class=\"et_pb_row et_pb_row_9\">\n<div class=\"et_pb_column et_pb_column_4_4 et_pb_column_9 et_pb_css_mix_blend_mode_passthrough et-last-child\">\n<div class=\"et_pb_module et_pb_text et_pb_text_9 et_pb_text_align_center et_pb_bg_layout_light\">\n<div class=\"et_pb_text_inner\">\n<h3>Verkaufen Sie an Minderj\u00e4hrige?<\/h3>\n<p>Minderj\u00e4hrige, wie wir sie nennen, sind Kunden unter 18 Jahren. Wir bieten unsere Dienste keiner Person oder Personen an<br \/>\nunter dem Alter von 18 Jahren. Wenn Sie jedoch ein Patient sind oder unter Angstzust\u00e4nden leiden, k\u00f6nnen wir Ihnen<br \/>\nkleine Mengen bestimmter Produkte an Sie zu liefern.<\/p>\n<\/div>\n<\/div>\n<\/div>\n<\/div>\n<\/div>\n<\/div>\n<\/div>\n<\/div>\n<\/div>\n<\/article>\n<\/div>","protected":false},"excerpt":{"rendered":"<p>Where Can I Buy Weed Online? This is a keyword which appears approximately 18,150 times in search results every 30 days and there fore is considered as one of the most frequent questions asked online.Here is your answer, after seeing how difficult it was buying weed online so our team decided to come together and<\/p>\n<div class=\"more-link\">\n             <a href=\"https:\/\/grassxpress.com\/de\/faqs\/\" class=\"link-btn\"><span>Weiterlesen <\/span><i class=\"icofont-thin-double-right\"><\/i><\/a>\n        <\/div>","protected":false},"author":1,"featured_media":0,"parent":0,"menu_order":0,"comment_status":"closed","ping_status":"closed","template":"","meta":{"_themeisle_gutenberg_block_has_review":false,"_ti_tpc_template_sync":false,"_ti_tpc_template_id":"","_joinchat":[],"footnotes":""},"class_list":["post-3298","page","type-page","status-publish","hentry"],"yoast_head":"<!-- This site is optimized with the Yoast SEO plugin v22.7 - https:\/\/yoast.com\/wordpress\/plugins\/seo\/ -->\n<title>FAQs | About To Buy Weed Online - GrassXpress<\/title>\n<meta name=\"description\" content=\"If you have a question? We answer your question by saying \u201cYES\u201d you can buy weed online from weed-crew.net.All packages are shiped same day.\" \/>\n<meta name=\"robots\" content=\"index, follow, max-snippet:-1, max-image-preview:large, max-video-preview:-1\" \/>\n<link rel=\"canonical\" href=\"https:\/\/grassxpress.com\/de\/faqs\/\" \/>\n<meta property=\"og:locale\" content=\"de_DE\" \/>\n<meta property=\"og:type\" content=\"article\" \/>\n<meta property=\"og:title\" content=\"FAQs | About To Buy Weed Online - GrassXpress\" \/>\n<meta property=\"og:description\" content=\"If you have a question? We answer your question by saying \u201cYES\u201d you can buy weed online from weed-crew.net.All packages are shiped same day.\" \/>\n<meta property=\"og:url\" content=\"https:\/\/grassxpress.com\/de\/faqs\/\" \/>\n<meta property=\"og:site_name\" content=\"GrassXpress\" \/>\n<meta name=\"twitter:card\" content=\"summary_large_image\" \/>\n<meta name=\"twitter:label1\" content=\"Gesch\u00e4tzte Lesezeit\" \/>\n\t<meta name=\"twitter:data1\" content=\"4\u00a0Minuten\" \/>\n<!-- \/ Yoast SEO plugin. -->","yoast_head_json":{"title":"FAQs | About To Buy Weed Online - GrassXpress","description":"If you have a question? We answer your question by saying \u201cYES\u201d you can buy weed online from weed-crew.net.All packages are shiped same day.","robots":{"index":"index","follow":"follow","max-snippet":"max-snippet:-1","max-image-preview":"max-image-preview:large","max-video-preview":"max-video-preview:-1"},"canonical":"https:\/\/grassxpress.com\/de\/faqs\/","og_locale":"de_DE","og_type":"article","og_title":"FAQs | About To Buy Weed Online - GrassXpress","og_description":"If you have a question? We answer your question by saying \u201cYES\u201d you can buy weed online from weed-crew.net.All packages are shiped same day.","og_url":"https:\/\/grassxpress.com\/de\/faqs\/","og_site_name":"GrassXpress","twitter_card":"summary_large_image","twitter_misc":{"Gesch\u00e4tzte Lesezeit":"4\u00a0Minuten"},"schema":{"@context":"https:\/\/schema.org","@graph":[{"@type":"WebPage","@id":"https:\/\/grassxpress.com\/it\/faqs\/","url":"https:\/\/grassxpress.com\/it\/faqs\/","name":"FAQs | About To Buy Weed Online - GrassXpress","isPartOf":{"@id":"https:\/\/grassxpress.com\/#website"},"datePublished":"2020-02-18T05:09:07+00:00","dateModified":"2020-02-18T05:09:07+00:00","description":"If you have a question? We answer your question by saying \u201cYES\u201d you can buy weed online from weed-crew.net.All packages are shiped same day.","breadcrumb":{"@id":"https:\/\/grassxpress.com\/it\/faqs\/#breadcrumb"},"inLanguage":"de","potentialAction":[{"@type":"ReadAction","target":["https:\/\/grassxpress.com\/it\/faqs\/"]}]},{"@type":"BreadcrumbList","@id":"https:\/\/grassxpress.com\/it\/faqs\/#breadcrumb","itemListElement":[{"@type":"ListItem","position":1,"name":"Home","item":"https:\/\/grassxpress.com\/"},{"@type":"ListItem","position":2,"name":"FAQs"}]},{"@type":"WebSite","@id":"https:\/\/grassxpress.com\/#website","url":"https:\/\/grassxpress.com\/","name":"GrassXpress","description":"Buy Weed Online UK","publisher":{"@id":"https:\/\/grassxpress.com\/#organization"},"potentialAction":[{"@type":"SearchAction","target":{"@type":"EntryPoint","urlTemplate":"https:\/\/grassxpress.com\/?s={search_term_string}"},"query-input":"required name=search_term_string"}],"inLanguage":"de"},{"@type":"Organization","@id":"https:\/\/grassxpress.com\/#organization","name":"GrassXpress","url":"https:\/\/grassxpress.com\/","logo":{"@type":"ImageObject","inLanguage":"de","@id":"https:\/\/grassxpress.com\/#\/schema\/logo\/image\/","url":"https:\/\/grassxpress.com\/wp-content\/uploads\/2024\/01\/logo.png","contentUrl":"https:\/\/grassxpress.com\/wp-content\/uploads\/2024\/01\/logo.png","width":300,"height":100,"caption":"GrassXpress"},"image":{"@id":"https:\/\/grassxpress.com\/#\/schema\/logo\/image\/"}}]}},"_links":{"self":[{"href":"https:\/\/grassxpress.com\/de\/wp-json\/wp\/v2\/pages\/3298","targetHints":{"allow":["GET"]}}],"collection":[{"href":"https:\/\/grassxpress.com\/de\/wp-json\/wp\/v2\/pages"}],"about":[{"href":"https:\/\/grassxpress.com\/de\/wp-json\/wp\/v2\/types\/page"}],"author":[{"embeddable":true,"href":"https:\/\/grassxpress.com\/de\/wp-json\/wp\/v2\/users\/1"}],"replies":[{"embeddable":true,"href":"https:\/\/grassxpress.com\/de\/wp-json\/wp\/v2\/comments?post=3298"}],"version-history":[{"count":0,"href":"https:\/\/grassxpress.com\/de\/wp-json\/wp\/v2\/pages\/3298\/revisions"}],"wp:attachment":[{"href":"https:\/\/grassxpress.com\/de\/wp-json\/wp\/v2\/media?parent=3298"}],"curies":[{"name":"wp","href":"https:\/\/api.w.org\/{rel}","templated":true}]}}