{"id":4363,"date":"2022-11-15T10:34:28","date_gmt":"2022-11-15T10:34:28","guid":{"rendered":"https:\/\/documentosespana.com\/diligent\/?post_type=product&#038;p=4363"},"modified":"2026-04-02T09:17:53","modified_gmt":"2026-04-02T09:17:53","slug":"og-kush-strain","status":"publish","type":"product","link":"https:\/\/grassxpress.com\/da\/vare\/og-kush-strain\/","title":{"rendered":"OG kush"},"content":{"rendered":"<h2>OG Kush For Sale<\/h2>\n<p><a href=\"https:\/\/grassxpress.com\/da\/vare\/og-kush-strain\/\">Buy OG Kush Strain<\/a> from <a href=\"https:\/\/grassxpress.com\/da\/\">grassxpress.com<\/a> til den billigste pris med den bedste kvalitet. OG Kush er en vildt popul\u00e6r sativa-dominant hybrid. Det er en levende legende blandt cannabissorter. H\u00f8jt anset for sin fantastiske high og fantastiske smag. Den er hurtigt blevet den mest popul\u00e6re cannabissort i verden. OG Kush er vidunderlig til avl og skabelse af nye f\u00e6notyper. Den deler sin episke genetik med et v\u00e6ld af Californiens h\u00f8jpotente Kush-sorter, s\u00e5som Fire OG og Tahoe OG. <a href=\"https:\/\/grassxpress.com\/da\/mail-order-weed-uk\/\">Mere<\/a><\/p>\n<p>P\u00e5 trods af sin popularitet betragtes den originale OG Kush-stamme som et genetisk mysterium. Mange avlere tror, at det var en krydsning mellem Chemdawg, Lemon Thai og Hindu Kush, men ingen ved det med sikkerhed. Mange synes, at OG Kush ukrudtsstammen er en fantastisk belastning for smertelindring og s\u00f8vnl\u00f8shed. Det er ikke ualmindeligt, at OG Kush har omkring 80% THC. Dette giver en h\u00f8j, der i starten er opl\u00f8ftende, efterfulgt af en tung afslappende kropsh\u00f8j. Postordre ukrudt dansk<\/p>\n<h3>What Is OG Kush?<\/h3>\n<p>OG Kush Marijuana Strain\u00a0The foundational backbone of multiple\u00a0world famous cannabis strains,\u00a0OG Kush\u00a0is considered legendary for revolutionizing the <a href=\"https:\/\/grassxpress.com\/da\/vare\/platinum-girl-scout-cookies\/\">marijuana<\/a> industry, arguably rising to the recognition of \u201cmost well-known cannabis strain\u201d.\u00a0The OG Kush strain\u00a0is classified as a hybrid, with little known about its genetic origins, although rumors claim that this strain is a blend between possible parent plants\u00a0Chemdawg\u00a0and\u00a0Hindu Kush.<\/p>\n<p>Denne information er aldrig blevet bekr\u00e6ftet, men oprindelsen af OG Kush lader ikke til at have nogen betydning, for den effekt, den har haft p\u00e5 cannabisverdenen, ser ud til at v\u00e6re meget vigtigere. Et v\u00e6ld af f\u00e6notyper er blevet avlet fra OG Kush, adskillige m\u00e6ngder af dem vinder popularitet ligesom OGK. Nogle af disse velkendte f\u00e6notyper inkluderer Tahoe OG, Fire OG, SFV OG, Double OG og s\u00e5 mange flere - vores g\u00e6t er, at du sandsynligvis er bekendt med mindst et par af dem. Postordre ukrudt <a href=\"https:\/\/en.wikipedia.org\/wiki\/Special:Search?search=weed+online&amp;go=Go&amp;ns0=1\">Storbritannien<\/a><\/p>\n<p>CBD-olierabat Delvis grunden til, at OG Kush er blevet brugt i vid udstr\u00e6kning i cannabisgenetik-avl, skyldes denne originale stammes h\u00f8je THC-styrke, der ser ud til at hj\u00e6lpe mange forbrugere med en r\u00e6kke medicinske problemer, de m\u00e5tte opleve. Med THC-niveauer, der registreres i intervallet 20-27, er punch OG Kush-pakkerne s\u00e6rligt kraftfulde, der virkelig rammer alle, der spiser dem.<\/p>\n<p>Although world-known, <a href=\"https:\/\/en.wikipedia.org\/wiki\/Kush\">OG Kush<\/a> seems to primarily be consumed throughout California, Colorado and the Pacific Northwest, so if you want to try a dank batch of this heady cannabis strain, look to those regions for answers.<\/p>\n<h3>OG Kush Aroma<\/h3>\n<p>Smag og udseende OG Kush har en af de friskeste dufte, der minder intenst om at v\u00e6re fortabt ved at vandre dybt inde i en gammel skov. Dens aroma er tr\u00e6agtig, pinjeagtig og jordagtig, og rammer straks dine smagsl\u00f8g med et kraftfuldt hit. Dens smag forts\u00e6tter med at overraske forbrugerne med uventede undertoner af lime, citron og citrus, samt antydninger af et krydret twist. Postordre ukrudt dansk.<\/p>\n<p>Udseendem\u00e6ssigt har OG Kush weed det traditionelle cannabis-look, med den klassiske gul-gr\u00f8nne sukkerbladfarve med orange pistiller og bladgr\u00f8nne, nogle gange salvie-skyggede vandblade. Knopperne er t\u00e6t belagt med krystallinske trichomer, hvilket giver perfekt mening, hvis du t\u00e6nker p\u00e5 OG Kush-stammens tunge THC-indhold. OG Kush-effekter Ved at forblive tro mod sin hybridklassificering er OG Kush-ukrudt s\u00e6rligt afbalanceret, og dets h\u00f8je giver det bedste fra begge verdener.<\/p>\n<p>OG Kush er en levende blanding af b\u00e5de indica- og sativa-tr\u00e6k, og tester med flittigt stik, sativa og\u00a0indica-niveauer p\u00e5 60 % og 87 %. Efter indtagelse af OG Kush kan du forvente st\u00e6rk eufori og intense cerebrale effekter, ofte efterfulgt af en mild til st\u00e6rk sofal\u00e5s-f\u00f8lelse.<\/p>\n<p>OG Kush, der anses for at v\u00e6re en af de mest afslappende, men alligevel opl\u00f8ftende stammer, ser ud til at give sine forbrugere en vidunderlig parring af ikke kun fuld kropssmeltende eufori, men ogs\u00e5 et lige s\u00e5 gavnligt resultat for sindet, der efterlader den, der pr\u00f8ver det, glad, rolig og rolig , men alligevel i stand til at fnise, grine og have en vidunderlig tid.<\/p>\n<h3>Medicinske fordele ved #1 Cannabis-stammen<\/h3>\n<p>OG Kush OG Kush Set ovenfra Hyppigst indtaget medicinsk til psykiske lidelser og kroniske smerter. OG Kush weed er en yderst helbredende cannabisstamme. Det har overrasket den medicinske marihuana-verden med dens evne til at hj\u00e6lpe s\u00e5 mange gennem alle \u00e5rene den har eksisteret.<\/p>\n<p>Dens magiske kr\u00e6fter er delvist \u00e5rsagen til OGKs massepopularitetsv\u00e6kst. Efterh\u00e5nden som flere og flere individer opdager, at de har det bedre med at indtage denne stamme. End at tage traditionel medicin, der ofte er forbundet med grimme, livs\u00e6ndrende negative bivirkninger.<\/p>\n<p>De, der h\u00e5ndterer stress, depression og s\u00f8vnl\u00f8shed, har opdaget, at OG Kush-stammen er s\u00e6rligt medicinsk. Samt patienter, der oplever sv\u00e6re og kroniske smerter. OG Kush hj\u00e6lper virkelig med at slappe af og bed\u00f8ve de \u00f8mme pletter. Hvis du oplever stress, depression, angst eller en anden psykisk lidelse. <a href=\"https:\/\/grassxpress.com\/da\/vare\/og-kush-strain\/\">Secure checkout<\/a><\/p>\n<p>S\u00e5 er det bedst at ryge en mild m\u00e6ngde OG Kush weed eller spise en lavdosis spiselig. Fordi det kan g\u00f8re mere skade end gavn at overforbruge enhver form for gryde, mens man h\u00e5ndterer en psykisk lidelse. Kend dine gr\u00e6nser og hold dig inden for disse gr\u00e6nser.<\/p>\n<p>P\u00e5 den anden side, hvis du har at g\u00f8re med s\u00f8vnl\u00f8shed, mangel p\u00e5 s\u00f8vn eller kroniske smerter. S\u00e5 ville det v\u00e6re en st\u00f8rre fordel at indtage en h\u00f8jere dosis af OG Kush-stammen. Dette vil hj\u00e6lpe med at angribe problemet med det samme. Uden at efterlade nogen mulighed for ikke at have indtaget en h\u00f8j nok dosis til faktisk at m\u00e6rke fordelene. For at opn\u00e5 en h\u00f8jere dosis kan en spiselig, koncentrat eller anden form for forbrugelig cannabis v\u00e6re i orden.<\/p>\n<p>Mulige bivirkninger af OG Kush. Den bedste m\u00e5de at undg\u00e5 eventuelle bivirkninger fra OG Kush marihuana p\u00e5 er at tage forholdsregler. Hvis du er f\u00f8lsom over for THC og kender dine gr\u00e6nser, n\u00e5r du indtager cannabis. Forbrugere rapporterer oftest mundt\u00f8rhed og t\u00f8rre \u00f8jne som en almindelig bivirkning, n\u00e5r de pr\u00f8ver OG Kush weed. Lad v\u00e6re med at svede det, dette kan let l\u00f8ses ved at drikke fugtgivende v\u00e6sker og bruge fugtgivende \u00f8jendr\u00e5ber, hvis det er n\u00f8dvendigt.<\/p>\n<h3>Derudover<\/h3>\n<p>Nogle individer har oplevet paranoia efter at have indtaget OG Kush-stammen. Men husk, at dit h\u00f8je vil passere, og bare at blive ved med at tr\u00e6kke vejret langsomt, dybt og roligt. Det kan hj\u00e6lpe med at holde hovedet klart, hvis du g\u00e5r igennem negative tankem\u00f8nstre.<\/p>\n<p>Meditation og dyb afsp\u00e6ndingsteknikker kan ogs\u00e5 v\u00e6re nyttige. Sidste tanker om OG Kush: Vi h\u00e5ber, at du har fundet denne OG Kush-anmeldelse ikke kun underholdende. Men ogs\u00e5 l\u00e6rerigt og informativt. Det er vigtigt at huske, at forbruget af marihuana udelukkende er brugerens ansvar, og at der skal tages sk\u00f8n.<\/p>","protected":false},"excerpt":{"rendered":"<p><strong>Grade:<\/strong> A<br \/>\nType: Sativa dominant hybrid<br \/>\n<strong>Looks:<\/strong> This deep green bud is fluffy, frosty and packed with red hairs.<br \/>\n<strong>Smell:<\/strong> Piney, Cedar-like, Citrus<br \/>\n<strong>Taste:<\/strong> A very nice earthy and pine taste with a sweet after note . A very smooth and refreshing smoke. Vaporizing intensifies flavor and is a delight to have in the mouth.<br \/>\n<strong>Effects:<\/strong> Induces a feeling of euphoria, happiness, and creativity. An uplifting and energized high.<br \/>\nPotency: 10\/10 (It\u2019s a 1 hit wonder)<\/p>","protected":false},"featured_media":4421,"comment_status":"open","ping_status":"closed","template":"","meta":{"_themeisle_gutenberg_block_has_review":false,"_ti_tpc_template_sync":false,"_ti_tpc_template_id":"","_joinchat":[]},"product_cat":[216],"product_tag":[],"class_list":{"0":"post-4363","1":"product","2":"type-product","3":"status-publish","4":"has-post-thumbnail","6":"product_cat-hybrid","8":"first","9":"instock","10":"shipping-taxable","11":"purchasable","12":"product-type-variable"},"yoast_head":"<!-- This site is optimized with the Yoast SEO plugin v22.7 - https:\/\/yoast.com\/wordpress\/plugins\/seo\/ -->\n<title>OG Kush Strain Online For Sale | GrassXpress<\/title>\n<meta name=\"description\" content=\"Buy OG Kush online in uk and explore a legendary cannabis strain valued for its strong aroma and balanced hybrid effects. OG Kush for sale featuring distinctive earthy, citrus, and fuel-like terpene notes.\" \/>\n<meta name=\"robots\" content=\"index, follow, max-snippet:-1, max-image-preview:large, max-video-preview:-1\" \/>\n<link rel=\"canonical\" href=\"https:\/\/grassxpress.com\/da\/vare\/og-kush-strain\/\" \/>\n<meta property=\"og:locale\" content=\"da_DK\" \/>\n<meta property=\"og:type\" content=\"article\" \/>\n<meta property=\"og:title\" content=\"OG Kush Strain Online For Sale | GrassXpress\" \/>\n<meta property=\"og:description\" content=\"Buy OG Kush online in uk and explore a legendary cannabis strain valued for its strong aroma and balanced hybrid effects. OG Kush for sale featuring distinctive earthy, citrus, and fuel-like terpene notes.\" \/>\n<meta property=\"og:url\" content=\"https:\/\/grassxpress.com\/da\/vare\/og-kush-strain\/\" \/>\n<meta property=\"og:site_name\" content=\"GrassXpress\" \/>\n<meta property=\"article:modified_time\" content=\"2026-04-02T09:17:53+00:00\" \/>\n<meta property=\"og:image\" content=\"https:\/\/grassxpress.com\/wp-content\/uploads\/2022\/11\/OG-kush.jpg\" \/>\n\t<meta property=\"og:image:width\" content=\"600\" \/>\n\t<meta property=\"og:image:height\" content=\"600\" \/>\n\t<meta property=\"og:image:type\" content=\"image\/jpeg\" \/>\n<meta name=\"twitter:card\" content=\"summary_large_image\" \/>\n<meta name=\"twitter:label1\" content=\"Estimeret l\u00e6setid\" \/>\n\t<meta name=\"twitter:data1\" content=\"6 minutter\" \/>\n<!-- \/ Yoast SEO plugin. -->","yoast_head_json":{"title":"OG Kush Strain Online For Sale | GrassXpress","description":"Buy OG Kush online in uk and explore a legendary cannabis strain valued for its strong aroma and balanced hybrid effects. OG Kush for sale featuring distinctive earthy, citrus, and fuel-like terpene notes.","robots":{"index":"index","follow":"follow","max-snippet":"max-snippet:-1","max-image-preview":"max-image-preview:large","max-video-preview":"max-video-preview:-1"},"canonical":"https:\/\/grassxpress.com\/da\/vare\/og-kush-strain\/","og_locale":"da_DK","og_type":"article","og_title":"OG Kush Strain Online For Sale | GrassXpress","og_description":"Buy OG Kush online in uk and explore a legendary cannabis strain valued for its strong aroma and balanced hybrid effects. OG Kush for sale featuring distinctive earthy, citrus, and fuel-like terpene notes.","og_url":"https:\/\/grassxpress.com\/da\/vare\/og-kush-strain\/","og_site_name":"GrassXpress","article_modified_time":"2026-04-02T09:17:53+00:00","og_image":[{"width":600,"height":600,"url":"https:\/\/grassxpress.com\/wp-content\/uploads\/2022\/11\/OG-kush.jpg","type":"image\/jpeg"}],"twitter_card":"summary_large_image","twitter_misc":{"Estimeret l\u00e6setid":"6 minutter"},"schema":{"@context":"https:\/\/schema.org","@graph":[{"@type":"WebPage","@id":"https:\/\/grassxpress.com\/product\/og-kush-strain\/","url":"https:\/\/grassxpress.com\/product\/og-kush-strain\/","name":"OG Kush Strain Online For Sale | GrassXpress","isPartOf":{"@id":"https:\/\/grassxpress.com\/#website"},"primaryImageOfPage":{"@id":"https:\/\/grassxpress.com\/product\/og-kush-strain\/#primaryimage"},"image":{"@id":"https:\/\/grassxpress.com\/product\/og-kush-strain\/#primaryimage"},"thumbnailUrl":"https:\/\/grassxpress.com\/wp-content\/uploads\/2022\/11\/OG-kush.jpg","datePublished":"2022-11-15T10:34:28+00:00","dateModified":"2026-04-02T09:17:53+00:00","description":"Buy OG Kush online in uk and explore a legendary cannabis strain valued for its strong aroma and balanced hybrid effects. OG Kush for sale featuring distinctive earthy, citrus, and fuel-like terpene notes.","breadcrumb":{"@id":"https:\/\/grassxpress.com\/product\/og-kush-strain\/#breadcrumb"},"inLanguage":"da-DK","potentialAction":[{"@type":"ReadAction","target":["https:\/\/grassxpress.com\/product\/og-kush-strain\/"]}]},{"@type":"ImageObject","inLanguage":"da-DK","@id":"https:\/\/grassxpress.com\/product\/og-kush-strain\/#primaryimage","url":"https:\/\/grassxpress.com\/wp-content\/uploads\/2022\/11\/OG-kush.jpg","contentUrl":"https:\/\/grassxpress.com\/wp-content\/uploads\/2022\/11\/OG-kush.jpg","width":600,"height":600,"caption":"OG kush"},{"@type":"BreadcrumbList","@id":"https:\/\/grassxpress.com\/product\/og-kush-strain\/#breadcrumb","itemListElement":[{"@type":"ListItem","position":1,"name":"Home","item":"https:\/\/grassxpress.com\/"},{"@type":"ListItem","position":2,"name":"Mail Order Weed UK","item":"https:\/\/grassxpress.com\/mail-order-weed-uk\/"},{"@type":"ListItem","position":3,"name":"OG kush"}]},{"@type":"WebSite","@id":"https:\/\/grassxpress.com\/#website","url":"https:\/\/grassxpress.com\/","name":"GrassXpress","description":"Buy Weed Online UK","publisher":{"@id":"https:\/\/grassxpress.com\/#organization"},"potentialAction":[{"@type":"SearchAction","target":{"@type":"EntryPoint","urlTemplate":"https:\/\/grassxpress.com\/?s={search_term_string}"},"query-input":"required name=search_term_string"}],"inLanguage":"da-DK"},{"@type":"Organization","@id":"https:\/\/grassxpress.com\/#organization","name":"GrassXpress","url":"https:\/\/grassxpress.com\/","logo":{"@type":"ImageObject","inLanguage":"da-DK","@id":"https:\/\/grassxpress.com\/#\/schema\/logo\/image\/","url":"https:\/\/grassxpress.com\/wp-content\/uploads\/2024\/01\/logo.png","contentUrl":"https:\/\/grassxpress.com\/wp-content\/uploads\/2024\/01\/logo.png","width":300,"height":100,"caption":"GrassXpress"},"image":{"@id":"https:\/\/grassxpress.com\/#\/schema\/logo\/image\/"}}]}},"_links":{"self":[{"href":"https:\/\/grassxpress.com\/da\/wp-json\/wp\/v2\/product\/4363","targetHints":{"allow":["GET"]}}],"collection":[{"href":"https:\/\/grassxpress.com\/da\/wp-json\/wp\/v2\/product"}],"about":[{"href":"https:\/\/grassxpress.com\/da\/wp-json\/wp\/v2\/types\/product"}],"replies":[{"embeddable":true,"href":"https:\/\/grassxpress.com\/da\/wp-json\/wp\/v2\/comments?post=4363"}],"wp:featuredmedia":[{"embeddable":true,"href":"https:\/\/grassxpress.com\/da\/wp-json\/wp\/v2\/media\/4421"}],"wp:attachment":[{"href":"https:\/\/grassxpress.com\/da\/wp-json\/wp\/v2\/media?parent=4363"}],"wp:term":[{"taxonomy":"product_cat","embeddable":true,"href":"https:\/\/grassxpress.com\/da\/wp-json\/wp\/v2\/product_cat?post=4363"},{"taxonomy":"product_tag","embeddable":true,"href":"https:\/\/grassxpress.com\/da\/wp-json\/wp\/v2\/product_tag?post=4363"}],"curies":[{"name":"wp","href":"https:\/\/api.w.org\/{rel}","templated":true}]}}