{"id":4360,"date":"2022-11-15T10:11:40","date_gmt":"2022-11-15T10:11:40","guid":{"rendered":"https:\/\/documentosespana.com\/diligent\/?post_type=product&#038;p=4360"},"modified":"2026-04-02T09:09:06","modified_gmt":"2026-04-02T09:09:06","slug":"banana-kush","status":"publish","type":"product","link":"https:\/\/grassxpress.com\/da\/vare\/banana-kush\/","title":{"rendered":"Buy Banana Kush Online UK"},"content":{"rendered":"<div class=\"relative basis-auto flex-col -mb-(--composer-overlap-px) [--composer-overlap-px:28px] grow flex\">\n<div class=\"flex flex-col text-sm pb-25\">\n<article class=\"text-token-text-primary w-full focus:outline-none [--shadow-height:45px] has-data-writing-block:pointer-events-none has-data-writing-block:-mt-(--shadow-height) has-data-writing-block:pt-(--shadow-height) [&amp;:has([data-writing-block])&gt;*]:pointer-events-auto scroll-mt-[calc(var(--header-height)+min(200px,max(70px,20svh)))]\" dir=\"auto\" tabindex=\"-1\" data-turn-id=\"request-WEB:04e6e77b-5047-4170-b5cf-69678400d879-6\" data-testid=\"conversation-turn-14\" data-scroll-anchor=\"true\" data-turn=\"assistant\">\n<div class=\"text-base my-auto mx-auto pb-10 [--thread-content-margin:var(--thread-content-margin-xs,calc(var(--spacing)*4))] @w-sm\/main:[--thread-content-margin:var(--thread-content-margin-sm,calc(var(--spacing)*6))] @w-lg\/main:[--thread-content-margin:var(--thread-content-margin-lg,calc(var(--spacing)*16))] px-(--thread-content-margin)\">\n<div class=\"[--thread-content-max-width:40rem] @w-lg\/main:[--thread-content-max-width:48rem] mx-auto max-w-(--thread-content-max-width) flex-1 group\/turn-messages focus-visible:outline-hidden relative flex w-full min-w-0 flex-col agent-turn\" tabindex=\"-1\">\n<div class=\"flex max-w-full flex-col gap-4 grow\">\n<div class=\"min-h-8 text-message relative flex w-full flex-col items-end gap-2 text-start break-words whitespace-normal [.text-message+&amp;]:mt-1\" dir=\"auto\" data-message-author-role=\"assistant\" data-message-id=\"692c1616-ac21-4157-920c-8936db92195e\" data-message-model-slug=\"gpt-5-3\">\n<div class=\"flex w-full flex-col gap-1 empty:hidden\">\n<div class=\"markdown prose dark:prose-invert w-full wrap-break-word light markdown-new-styling\">\n<h2 data-section-id=\"1pwhjtz\" data-start=\"0\" data-end=\"38\">K\u00f8b cannabis online i Storbritannien \u2013 Banana Kush<\/h2>\n<p data-start=\"40\" data-end=\"379\">If you are looking for weed to buy online UK, many cannabis enthusiasts prefer to <a href=\"https:\/\/grassxpress.com\/da\/vare\/banana-kush\/\">Buy Banana Kush online<\/a> p\u00e5 grund af dens unikke smag og afslappende effekter. Banana Kush, der er kendt for sin s\u00f8de tropiske aroma og kraftige body high, er en af \u200b\u200bde mest popul\u00e6re sorter blandt cannabisbrugere, der s\u00f8ger efter knopper af h\u00f8j kvalitet.<\/p>\n<h1 data-section-id=\"1qkgbfg\" data-start=\"381\" data-end=\"409\">Buy Banana Kush Online UK<\/h1>\n<p data-start=\"411\" data-end=\"771\">K\u00f8b Banana Kush fra p\u00e5lidelige cannabisbutikker, hvis du \u00f8nsker en sort, der leverer en afbalanceret blanding af eufori og dyb afslapning. Banana Kush er en velkendt vestkystsort, der er ber\u00f8mt for sin banansmag og beroligende virkning. Mange forbrugere, der k\u00f8ber Banana Kush online, nyder dens kombination af opl\u00f8ftende mentale fornemmelser og beroligende fysisk afslapning. Denne sort er en krydsning mellem Ghost OG og Skunk Haze og er kendt for sin karakteristiske aroma og moderat udfordrende dyrkningsproces. P\u00e5 grund af dens popularitet og unikke terpenprofil s\u00f8ger mange brugere \"Hvor kan man k\u00f8be Banana Kush?\", n\u00e5r de leder efter cannabisprodukter af h\u00f8j kvalitet.<\/p>\n<h3 data-section-id=\"1d3xzlz\" data-start=\"1067\" data-end=\"1088\">Lab Tested Results<\/h3>\n<p data-start=\"1090\" data-end=\"1110\">THC: 25 %<br data-start=\"1098\" data-end=\"1101\" \/>CBD: 0,7%<\/p>\n<p data-start=\"1112\" data-end=\"1278\">These cannabinoid levels contribute to the powerful effects that make Banana Kush for sale a highly sought-after strain for both recreational and therapeutic use.<\/p>\n<h3 data-section-id=\"mnten1\" data-start=\"1280\" data-end=\"1305\">Banana Kush Experience<\/h3>\n<p data-start=\"1307\" data-end=\"1560\">Selvom Banana Kush prim\u00e6rt er en Indica-sort, giver den ogs\u00e5 en mild Sativa-lignende mental stimulering. Mange cannabisbrugere, der bestiller Banana Kush online, rapporterer en st\u00e6rk kropsh\u00f8j, der gradvist f\u00f8rer til dyb afslapning og s\u00f8vnighed. P\u00e5 grund af dens kraftige beroligende virkninger anbefales det ofte at k\u00f8be Banana Kush online til aftenbrug. Mange erfarne brugere foretr\u00e6kker denne sort f\u00f8r sengetid, fordi dens beroligende egenskaber kan bidrage til at fremme en afslappende s\u00f8vn. F\u00f8r de afslappende virkninger fuldt ud udvikler sig, oplever brugerne ofte en behagelig euforisk summen og en m\u00e6rkbar hum\u00f8rforbedring. Denne opl\u00f8ftende fornemmelse er en af \u200b\u200bgrundene til, at mange mennesker leder efter det bedste sted at k\u00f8be Banana Kush online.<\/p>\n<p data-start=\"2027\" data-end=\"2213\">Nogle brugere kan opleve mundt\u00f8rhed eller t\u00f8rre \u00f8jne, is\u00e6r ved h\u00f8jere doser. For dem, der er nye inden for cannabis, anbefales det at starte med en moderat m\u00e6ngde, n\u00e5r de k\u00f8ber Banana Kush.<\/p>\n<h3 data-section-id=\"n8ea45\" data-start=\"2215\" data-end=\"2242\">Smags- og aromaprofil<\/h3>\n<p data-start=\"2244\" data-end=\"2492\">Et af de mest genkendelige tr\u00e6k ved Banana Kush er dens legendariske smagsprofil. Denne sort er kendt for sin umiskendelige banansmag kombineret med frugtagtige og tropiske noter. Nogle cannabisentusiaster bem\u00e6rker ogs\u00e5 subtile tr\u00e6agtige undertoner. N\u00e5r den forbr\u00e6ndes, frigiver Banana Kush til salg en s\u00f8d og frugtagtig aroma, der hurtigt fylder rummet. Dens st\u00e6rke terpenprofil er en v\u00e6sentlig grund til, at mange brugere v\u00e6lger at k\u00f8be Banana Kush online fra velrenommerede cannabisbutikker. Visuelt har denne sort en imponerende hyldeappel. Knopperne viser lysegr\u00f8nne blade, ferskenfarvede st\u00f8vfang og et gener\u00f8st lag af hvide trichomer. Dette attraktive udseende g\u00f8r det ofte lettere at genkende premium Banana Kush til salg-produkter.<\/p>\n<h3 data-section-id=\"6nc9ol\" data-start=\"2988\" data-end=\"3022\">Medicinske fordele ved banankush<\/h3>\n<p data-start=\"3024\" data-end=\"3286\">Selvom Banana Kush prim\u00e6rt er en Indica-sort, giver den ogs\u00e5 en mild Sativa-lignende mental stimulering. Mange cannabisbrugere, der bestiller Banana Kush online, rapporterer en st\u00e6rk kropsh\u00f8j, der gradvist f\u00f8rer til dyb afslapning og s\u00f8vnighed. P\u00e5 grund af dens kraftige beroligende virkninger anbefales det ofte at k\u00f8be Banana Kush online til aftenbrug. Mange erfarne brugere foretr\u00e6kker denne sort f\u00f8r sengetid, fordi dens beroligende egenskaber kan bidrage til at fremme en afslappende s\u00f8vn. F\u00f8r de afslappende virkninger fuldt ud udvikler sig, oplever brugerne ofte en behagelig euforisk summen og en m\u00e6rkbar hum\u00f8rforbedring. Denne opl\u00f8ftende fornemmelse er en af \u200b\u200bgrundene til, at mange mennesker leder efter det bedste sted at k\u00f8be Banana Kush online.<\/p>\n<p data-start=\"3734\" data-end=\"3996\">Derudover kan de kraftige Indica-karakteristika hj\u00e6lpe enkeltpersoner med at h\u00e5ndtere kroniske smerter. P\u00e5 grund af disse potentielle fordele sammenligner mange brugere prisen p\u00e5 Banana Kush p\u00e5 tv\u00e6rs af forskellige forhandlere for at finde den bedste v\u00e6rdi, samtidig med at produktkvaliteten opretholdes. For cannabisentusiaster, der s\u00f8ger efter premium-sorter, sikrer det bedste sted at k\u00f8be Banana Kush online adgang til p\u00e5lidelige produkter med ensartet styrke og smag.<\/p>\n<\/div>\n<\/div>\n<\/div>\n<\/div>\n<div class=\"z-0 flex min-h-[46px] justify-start\"><\/div>\n<div class=\"mt-3 w-full empty:hidden\">\n<div class=\"text-center\"><\/div>\n<\/div>\n<\/div>\n<\/div>\n<\/article>\n<\/div>\n<div class=\"pointer-events-none h-px w-px absolute bottom-0\" aria-hidden=\"true\" data-edge=\"true\"><\/div>\n<\/div>","protected":false},"excerpt":{"rendered":"<p>Indica-dominerende hybrid - 60% Indica \/ 40% Sativa THC: 18% - 25%, CBN: 1%<br \/>\nHer har vi den bananlignende hybrid af to legendariske sorter: OG Kush of the West Coast og Skunk Haze.<\/p>\n<p>Banana Kush marihuanastamme er en Indica-dominerende hybrid. Kush blev skabt af Cali Kush. Denne marihuana har en vidunderlig aroma af l\u00e6kker banan-kush smoothie. Banana Kush har lysegr\u00f8nne, fluffy knopper med gul-orange h\u00e5r. Knopperne er d\u00e6kket af hvide krystaller. P\u00e5 grund af sin styrke vil Banana Kush-cannabisstammen lindre din smerte og vugge dig i s\u00f8vn i l\u00f8bet af f\u00e5 minutter, bedst til brug om natten. Med THC p\u00e5 18% b\u00f8r begyndere v\u00e6re opm\u00e6rksomme p\u00e5 dosis.<\/p>","protected":false},"featured_media":4376,"comment_status":"open","ping_status":"closed","template":"","meta":{"_themeisle_gutenberg_block_has_review":false,"_ti_tpc_template_sync":false,"_ti_tpc_template_id":"","_joinchat":[]},"product_cat":[216],"product_tag":[],"class_list":{"0":"post-4360","1":"product","2":"type-product","3":"status-publish","4":"has-post-thumbnail","6":"product_cat-hybrid","8":"first","9":"instock","10":"shipping-taxable","11":"purchasable","12":"product-type-variable"},"yoast_head":"<!-- This site is optimized with the Yoast SEO plugin v22.7 - https:\/\/yoast.com\/wordpress\/plugins\/seo\/ -->\n<title>Weed to buy online uk | Buy banana kush online in Europe<\/title>\n<meta name=\"description\" content=\"Buy Banana Kush online for a flavorful hybrid strain known for its sweet tropical aroma and relaxing effects. Banana Kush for sale offers premium quality buds ideal for cannabis enthusiasts.\" \/>\n<meta name=\"robots\" content=\"index, follow, max-snippet:-1, max-image-preview:large, max-video-preview:-1\" \/>\n<link rel=\"canonical\" href=\"https:\/\/grassxpress.com\/da\/vare\/banana-kush\/\" \/>\n<meta property=\"og:locale\" content=\"da_DK\" \/>\n<meta property=\"og:type\" content=\"article\" \/>\n<meta property=\"og:title\" content=\"Weed to buy online uk | Buy banana kush online in Europe\" \/>\n<meta property=\"og:description\" content=\"Buy Banana Kush online for a flavorful hybrid strain known for its sweet tropical aroma and relaxing effects. Banana Kush for sale offers premium quality buds ideal for cannabis enthusiasts.\" \/>\n<meta property=\"og:url\" content=\"https:\/\/grassxpress.com\/da\/vare\/banana-kush\/\" \/>\n<meta property=\"og:site_name\" content=\"GrassXpress\" \/>\n<meta property=\"article:modified_time\" content=\"2026-04-02T09:09:06+00:00\" \/>\n<meta property=\"og:image\" content=\"https:\/\/grassxpress.com\/wp-content\/uploads\/2022\/11\/Banana-kush.jpg\" \/>\n\t<meta property=\"og:image:width\" content=\"600\" \/>\n\t<meta property=\"og:image:height\" content=\"600\" \/>\n\t<meta property=\"og:image:type\" content=\"image\/jpeg\" \/>\n<meta name=\"twitter:card\" content=\"summary_large_image\" \/>\n<meta name=\"twitter:label1\" content=\"Estimeret l\u00e6setid\" \/>\n\t<meta name=\"twitter:data1\" content=\"3 minutter\" \/>\n<!-- \/ Yoast SEO plugin. -->","yoast_head_json":{"title":"Weed to buy online uk | Buy banana kush online in Europe","description":"Buy Banana Kush online for a flavorful hybrid strain known for its sweet tropical aroma and relaxing effects. Banana Kush for sale offers premium quality buds ideal for cannabis enthusiasts.","robots":{"index":"index","follow":"follow","max-snippet":"max-snippet:-1","max-image-preview":"max-image-preview:large","max-video-preview":"max-video-preview:-1"},"canonical":"https:\/\/grassxpress.com\/da\/vare\/banana-kush\/","og_locale":"da_DK","og_type":"article","og_title":"Weed to buy online uk | Buy banana kush online in Europe","og_description":"Buy Banana Kush online for a flavorful hybrid strain known for its sweet tropical aroma and relaxing effects. Banana Kush for sale offers premium quality buds ideal for cannabis enthusiasts.","og_url":"https:\/\/grassxpress.com\/da\/vare\/banana-kush\/","og_site_name":"GrassXpress","article_modified_time":"2026-04-02T09:09:06+00:00","og_image":[{"width":600,"height":600,"url":"https:\/\/grassxpress.com\/wp-content\/uploads\/2022\/11\/Banana-kush.jpg","type":"image\/jpeg"}],"twitter_card":"summary_large_image","twitter_misc":{"Estimeret l\u00e6setid":"3 minutter"},"schema":{"@context":"https:\/\/schema.org","@graph":[{"@type":"WebPage","@id":"https:\/\/grassxpress.com\/product\/banana-kush\/","url":"https:\/\/grassxpress.com\/product\/banana-kush\/","name":"Weed to buy online uk | Buy banana kush online in Europe","isPartOf":{"@id":"https:\/\/grassxpress.com\/#website"},"primaryImageOfPage":{"@id":"https:\/\/grassxpress.com\/product\/banana-kush\/#primaryimage"},"image":{"@id":"https:\/\/grassxpress.com\/product\/banana-kush\/#primaryimage"},"thumbnailUrl":"https:\/\/grassxpress.com\/wp-content\/uploads\/2022\/11\/Banana-kush.jpg","datePublished":"2022-11-15T10:11:40+00:00","dateModified":"2026-04-02T09:09:06+00:00","description":"Buy Banana Kush online for a flavorful hybrid strain known for its sweet tropical aroma and relaxing effects. Banana Kush for sale offers premium quality buds ideal for cannabis enthusiasts.","breadcrumb":{"@id":"https:\/\/grassxpress.com\/product\/banana-kush\/#breadcrumb"},"inLanguage":"da-DK","potentialAction":[{"@type":"ReadAction","target":["https:\/\/grassxpress.com\/product\/banana-kush\/"]}]},{"@type":"ImageObject","inLanguage":"da-DK","@id":"https:\/\/grassxpress.com\/product\/banana-kush\/#primaryimage","url":"https:\/\/grassxpress.com\/wp-content\/uploads\/2022\/11\/Banana-kush.jpg","contentUrl":"https:\/\/grassxpress.com\/wp-content\/uploads\/2022\/11\/Banana-kush.jpg","width":600,"height":600,"caption":"Banana kush"},{"@type":"BreadcrumbList","@id":"https:\/\/grassxpress.com\/product\/banana-kush\/#breadcrumb","itemListElement":[{"@type":"ListItem","position":1,"name":"Home","item":"https:\/\/grassxpress.com\/"},{"@type":"ListItem","position":2,"name":"Mail Order Weed UK","item":"https:\/\/grassxpress.com\/mail-order-weed-uk\/"},{"@type":"ListItem","position":3,"name":"Buy Banana Kush Online UK"}]},{"@type":"WebSite","@id":"https:\/\/grassxpress.com\/#website","url":"https:\/\/grassxpress.com\/","name":"GrassXpress","description":"Buy Weed Online UK","publisher":{"@id":"https:\/\/grassxpress.com\/#organization"},"potentialAction":[{"@type":"SearchAction","target":{"@type":"EntryPoint","urlTemplate":"https:\/\/grassxpress.com\/?s={search_term_string}"},"query-input":"required name=search_term_string"}],"inLanguage":"da-DK"},{"@type":"Organization","@id":"https:\/\/grassxpress.com\/#organization","name":"GrassXpress","url":"https:\/\/grassxpress.com\/","logo":{"@type":"ImageObject","inLanguage":"da-DK","@id":"https:\/\/grassxpress.com\/#\/schema\/logo\/image\/","url":"https:\/\/grassxpress.com\/wp-content\/uploads\/2024\/01\/logo.png","contentUrl":"https:\/\/grassxpress.com\/wp-content\/uploads\/2024\/01\/logo.png","width":300,"height":100,"caption":"GrassXpress"},"image":{"@id":"https:\/\/grassxpress.com\/#\/schema\/logo\/image\/"}}]}},"_links":{"self":[{"href":"https:\/\/grassxpress.com\/da\/wp-json\/wp\/v2\/product\/4360","targetHints":{"allow":["GET"]}}],"collection":[{"href":"https:\/\/grassxpress.com\/da\/wp-json\/wp\/v2\/product"}],"about":[{"href":"https:\/\/grassxpress.com\/da\/wp-json\/wp\/v2\/types\/product"}],"replies":[{"embeddable":true,"href":"https:\/\/grassxpress.com\/da\/wp-json\/wp\/v2\/comments?post=4360"}],"wp:featuredmedia":[{"embeddable":true,"href":"https:\/\/grassxpress.com\/da\/wp-json\/wp\/v2\/media\/4376"}],"wp:attachment":[{"href":"https:\/\/grassxpress.com\/da\/wp-json\/wp\/v2\/media?parent=4360"}],"wp:term":[{"taxonomy":"product_cat","embeddable":true,"href":"https:\/\/grassxpress.com\/da\/wp-json\/wp\/v2\/product_cat?post=4360"},{"taxonomy":"product_tag","embeddable":true,"href":"https:\/\/grassxpress.com\/da\/wp-json\/wp\/v2\/product_tag?post=4360"}],"curies":[{"name":"wp","href":"https:\/\/api.w.org\/{rel}","templated":true}]}}