{"id":61,"date":"2020-01-23T18:21:52","date_gmt":"2020-01-23T18:21:52","guid":{"rendered":"https:\/\/demosites.io\/web-agency-gb\/?page_id=61"},"modified":"2023-01-06T07:07:00","modified_gmt":"2023-01-06T07:07:00","slug":"can-i-order-weed-online","status":"publish","type":"page","link":"https:\/\/grassxpress.com\/da\/kan-jeg-bestille-ukrudt-online\/","title":{"rendered":"Om os"},"content":{"rendered":"<h1 style=\"text-align: justify;\">legit ukrudtspropper online dansk<\/h1>\n<p style=\"text-align: justify;\">Kan jeg bestille ukrudt online, GrassXpress er en online ukrudtsforretning, hvor man kan k\u00f8be ukrudt online p\u00e5 dansk, uden at summe en tomme fra dit sted. Du undrer dig m\u00e5ske, da der er mange ukrudtsforhandlere i n\u00e6rheden af mig. Vi har den mest dygtige apoteksbutik, der giver dig chancen for at k\u00f8be de bedste kvalitetsprodukter.<\/p>\n<p style=\"text-align: justify;\">Du kan\u00a0k\u00f8be cannabis online\u00a0uden at st\u00e5 over for noget problem, der vil behandle en patients sygdom og tilfredsstille de rekreative \u00f8nsker. Du beh\u00f8ver ikke at forlade dit hus for at k\u00f8be marihuana-stammer online, da du kan udf\u00f8re din ordre enten via dine smartphones, pc'er eller b\u00e6rbare computere og bes\u00f8ge den virtuelle hashbutik.<\/p>\n<p style=\"text-align: justify;\">Vi har en stor samling af alle sorter af h\u00f8jkvalitets ukrudt, med forskellige priser for hver sort. Du kan k\u00f8be dem baseret p\u00e5 dine interesser og pr\u00e6ferencer. Vi pakker omhyggeligt hver af dine ordrer og leverer dem hjem til dig i en attraktiv emballage. Den modtagne pakke vil v\u00e6re lugtfri, og den vil blive behandlet inden for en specificeret tidsramme. I de sidste par \u00e5r har vi etableret os som det f\u00f8rende fritidsfirma, og kunderne har sat deres lid til vores ydelser. Vi er blevet en af de hurtigst voksende cannabisvirksomheder som et resultat af vores vedholdende tilgang og fremsyn. Vi leverer premium leveringstjenester i en r\u00e6kke lande over hele verden, herunder Storbritannien, Holland, Gr\u00e6kenland, Frankrig, Schweiz, Italien og mange andre. Du kan sende os din anmodning, hvis du leder efter en online cannabisbutik i n\u00e6rheden af mig.<\/p>\n<p style=\"text-align: justify;\">Vi er sikre p\u00e5 vores tjenester, fordi de, der k\u00f8ber cannabis til salg fra vores internetbutik, vender tilbage til os gang p\u00e5 gang. Vi er et af de bedste grydefirmaer i verden, med marihuanaeksperter og uddannede arbejdere, som omhyggeligt inspicerer hver enkelt vare, f\u00f8r den sendes til din d\u00f8r. Vi tilbyder en sikker betalingsmetode, og alle produkterne vil v\u00e6re inden for et acceptabelt prisinterval for dig.<\/p>\n<p style=\"text-align: justify;\">Du kan postordre weed uk som AK-47, Banana Kush, Blue Dream, Blueberry Kush, Harlequin, Gelato 47, Girls Scout Cookies, Jack Ripper, Lemon Haze, Mango Kush, Master Kush fra en online butik.<\/p>\n<h2 style=\"text-align: justify;\">Kan jeg bestille Weed online<\/h2>\n<p style=\"text-align: justify;\">Vi var irriterede over, hvor sv\u00e6rt det kan v\u00e6re at forske i en cannabisdyrkning og modtage sande svar p\u00e5 grundl\u00e6ggende dyrkningssp\u00f8rgsm\u00e5l efter flere \u00e5rs browsing p\u00e5 de mest fremtr\u00e6dende voksende cannabissider. GrassXpress mente ogs\u00e5, at der var behov for en mere brugervenlig metode til at oplyse folk om v\u00e6kst. Vi f\u00f8lte, at det var p\u00e5 tide at lave en hjemmeside for at vise, hvor nemt det er at producere cannabis indend\u00f8rs p\u00e5 n\u00e6sten ethvert budget. GrassXpress havde til hensigt at skabe en ressource, der ikke kr\u00e6vede et login eller en konto, men i stedet blot gav let at finde, udvidende viden til hele planeten. Sky Bud shop Store blev dannet som et resultat af dette! Er det muligt at k\u00f8be marihuana online?<\/p>\n<p style=\"text-align: justify;\">GrassXpress leverer de samme cannabisvarer, som du finder p\u00e5 din lokale marihuana-ambulatorium, til dit hus i Europa og rundt om i verden. Personer med medicinske problemer f\u00e5r rabatter fra GrassXpress samt lave omkostninger for gentagne kunder. Gennemse vores websted for at finde dine foretrukne THC-delikatesser, og afgiv din bestilling ved hj\u00e6lp af vores online eller printbare bestillingsformular. Din \u00e6gte postordremarihuana sendes samme dag, som vi modtager betalingen, og du kan v\u00e6re sikker p\u00e5, at leveringen vil v\u00e6re diskret og sikker. Ja, med en direkte postordre og hurtig levering til dit hjem, kan du k\u00f8be \u00e6gte marihuana online...<\/p>\n<p style=\"text-align: justify;\">Hvis du \u00f8nsker at k\u00f8be marihuana i knopform, hash, sm\u00e5kager, brownies, tinkturer eller sm\u00f8r, vil vi overg\u00e5 dine forventninger med vores fantastiske udvalg og kvalitet af f\u00f8devarer, der er bagt med de fineste ingredienser og sat til en pris, du har r\u00e5d til. Vores kok er en professionel kok, og vores avlere har dyrket det fineste ukrudt, der garanteret vil f\u00e5 dig til at vende tilbage efter mere. Vi har kun den bedste marihuana til salg, der indeholder faktisk THC i alle vores produkter.<\/p>\n<p style=\"text-align: justify;\"><strong>laveste prisgaranti<\/strong><\/p>\n<p style=\"text-align: justify;\">Leder du efter den bedste online marihuana dispensary, hvor prisen afspejler kvaliteten af dit produkt? S\u00e5 kunne du ikke finde et bedre sted. Hos Get Kush giver vi vores kunder de laveste priser p\u00e5 marihuanablomster.<\/p>\n<p style=\"text-align: justify;\">Alle soorten zijn premium.<\/p>\n<p style=\"text-align: justify;\"><strong>gratis fragt<\/strong><\/p>\n<p style=\"text-align: justify;\">Alle ordrer over 250 euro modtager gratis fragt. Du kan nyde din postordrede marihuana velvidende, at du lige har bestilt dine yndlingsstammer i dit hjem. N\u00e5r vi har modtaget ordren, sender vi den til dig via DHL, UPS, EMS og andre, hvilket sikrer hurtig og sikker levering med 100 % konsistens.<\/p>\n<p style=\"text-align: justify;\"><strong>trygt og sikkert<\/strong><\/p>\n<p style=\"text-align: justify;\">Ukrudt rejser stadig kontroverser blandt nogle mennesker. Det forst\u00e5r vi, og derfor holder vi vores forsendelse diskret. Dine produkter vil blive pakket, s\u00e5 de ligner en almindelig postordre, med uopdagelig levering og sikker kryptering af transaktionsdata.<\/p>","protected":false},"excerpt":{"rendered":"<p>legit weed plugs online UK Can i order weed online, GrassXpress is an online weed dispensary where one can buy weed online UK, without buzzing an inch from your place. You might be wondering as there are many weed dealers near me uk. We have the most proficient pharmacy store that offers you the chance<\/p>\n<div class=\"more-link\">\n             <a href=\"https:\/\/grassxpress.com\/da\/kan-jeg-bestille-ukrudt-online\/\" class=\"link-btn\"><span>Continue Reading <\/span><i class=\"icofont-thin-double-right\"><\/i><\/a>\n        <\/div>","protected":false},"author":1,"featured_media":0,"parent":0,"menu_order":0,"comment_status":"closed","ping_status":"closed","template":"","meta":{"_themeisle_gutenberg_block_has_review":false,"_ti_tpc_template_sync":false,"_ti_tpc_template_id":"0qhau2t6eoekosrgo1a2","_joinchat":[],"footnotes":""},"class_list":["post-61","page","type-page","status-publish","hentry"],"yoast_head":"<!-- This site is optimized with the Yoast SEO plugin v22.7 - https:\/\/yoast.com\/wordpress\/plugins\/seo\/ -->\n<title>Can i order weed online | legit weed plugs online uk | cannabis online uk<\/title>\n<meta name=\"description\" content=\"Can i order weed online. Online Dispensary in Europa for Mail Order Marijuana. Shop for Edibles, Concentrates, Sativa&#039;s, Indica&#039;s &amp; Hybrids.\" \/>\n<meta name=\"robots\" content=\"index, follow, max-snippet:-1, max-image-preview:large, max-video-preview:-1\" \/>\n<link rel=\"canonical\" href=\"https:\/\/grassxpress.com\/da\/pot-comand-on-line-ieriana\/\" \/>\n<meta property=\"og:locale\" content=\"da_DK\" \/>\n<meta property=\"og:type\" content=\"article\" \/>\n<meta property=\"og:title\" content=\"Can i order weed online | legit weed plugs online uk | cannabis online uk\" \/>\n<meta property=\"og:description\" content=\"Can i order weed online. Online Dispensary in Europa for Mail Order Marijuana. Shop for Edibles, Concentrates, Sativa&#039;s, Indica&#039;s &amp; Hybrids.\" \/>\n<meta property=\"og:url\" content=\"https:\/\/grassxpress.com\/da\/pot-comand-on-line-ieriana\/\" \/>\n<meta property=\"og:site_name\" content=\"GrassXpress\" \/>\n<meta property=\"article:modified_time\" content=\"2023-01-06T07:07:00+00:00\" \/>\n<meta name=\"twitter:card\" content=\"summary_large_image\" \/>\n<meta name=\"twitter:label1\" content=\"Estimeret l\u00e6setid\" \/>\n\t<meta name=\"twitter:data1\" content=\"4 minutter\" \/>\n<!-- \/ Yoast SEO plugin. -->","yoast_head_json":{"title":"Can i order weed online | legit weed plugs online uk | cannabis online uk","description":"Can i order weed online. Online Dispensary in Europa for Mail Order Marijuana. Shop for Edibles, Concentrates, Sativa's, Indica's & Hybrids.","robots":{"index":"index","follow":"follow","max-snippet":"max-snippet:-1","max-image-preview":"max-image-preview:large","max-video-preview":"max-video-preview:-1"},"canonical":"https:\/\/grassxpress.com\/da\/pot-comand-on-line-ieriana\/","og_locale":"da_DK","og_type":"article","og_title":"Can i order weed online | legit weed plugs online uk | cannabis online uk","og_description":"Can i order weed online. Online Dispensary in Europa for Mail Order Marijuana. Shop for Edibles, Concentrates, Sativa's, Indica's & Hybrids.","og_url":"https:\/\/grassxpress.com\/da\/pot-comand-on-line-ieriana\/","og_site_name":"GrassXpress","article_modified_time":"2023-01-06T07:07:00+00:00","twitter_card":"summary_large_image","twitter_misc":{"Estimeret l\u00e6setid":"4 minutter"},"schema":{"@context":"https:\/\/schema.org","@graph":[{"@type":"WebPage","@id":"https:\/\/grassxpress.com\/ro\/pot-comand-on-line-ieriana\/","url":"https:\/\/grassxpress.com\/ro\/pot-comand-on-line-ieriana\/","name":"Can i order weed online | legit weed plugs online uk | cannabis online uk","isPartOf":{"@id":"https:\/\/grassxpress.com\/#website"},"datePublished":"2020-01-23T18:21:52+00:00","dateModified":"2023-01-06T07:07:00+00:00","description":"Can i order weed online. Online Dispensary in Europa for Mail Order Marijuana. Shop for Edibles, Concentrates, Sativa's, Indica's & Hybrids.","breadcrumb":{"@id":"https:\/\/grassxpress.com\/ro\/pot-comand-on-line-ieriana\/#breadcrumb"},"inLanguage":"da-DK","potentialAction":[{"@type":"ReadAction","target":["https:\/\/grassxpress.com\/ro\/pot-comand-on-line-ieriana\/"]}]},{"@type":"BreadcrumbList","@id":"https:\/\/grassxpress.com\/ro\/pot-comand-on-line-ieriana\/#breadcrumb","itemListElement":[{"@type":"ListItem","position":1,"name":"Home","item":"https:\/\/grassxpress.com\/"},{"@type":"ListItem","position":2,"name":"About us"}]},{"@type":"WebSite","@id":"https:\/\/grassxpress.com\/#website","url":"https:\/\/grassxpress.com\/","name":"GrassXpress","description":"Buy Weed Online UK","publisher":{"@id":"https:\/\/grassxpress.com\/#organization"},"potentialAction":[{"@type":"SearchAction","target":{"@type":"EntryPoint","urlTemplate":"https:\/\/grassxpress.com\/?s={search_term_string}"},"query-input":"required name=search_term_string"}],"inLanguage":"da-DK"},{"@type":"Organization","@id":"https:\/\/grassxpress.com\/#organization","name":"GrassXpress","url":"https:\/\/grassxpress.com\/","logo":{"@type":"ImageObject","inLanguage":"da-DK","@id":"https:\/\/grassxpress.com\/#\/schema\/logo\/image\/","url":"https:\/\/grassxpress.com\/wp-content\/uploads\/2024\/01\/logo.png","contentUrl":"https:\/\/grassxpress.com\/wp-content\/uploads\/2024\/01\/logo.png","width":300,"height":100,"caption":"GrassXpress"},"image":{"@id":"https:\/\/grassxpress.com\/#\/schema\/logo\/image\/"}}]}},"_links":{"self":[{"href":"https:\/\/grassxpress.com\/da\/wp-json\/wp\/v2\/pages\/61","targetHints":{"allow":["GET"]}}],"collection":[{"href":"https:\/\/grassxpress.com\/da\/wp-json\/wp\/v2\/pages"}],"about":[{"href":"https:\/\/grassxpress.com\/da\/wp-json\/wp\/v2\/types\/page"}],"author":[{"embeddable":true,"href":"https:\/\/grassxpress.com\/da\/wp-json\/wp\/v2\/users\/1"}],"replies":[{"embeddable":true,"href":"https:\/\/grassxpress.com\/da\/wp-json\/wp\/v2\/comments?post=61"}],"version-history":[{"count":1,"href":"https:\/\/grassxpress.com\/da\/wp-json\/wp\/v2\/pages\/61\/revisions"}],"predecessor-version":[{"id":4659,"href":"https:\/\/grassxpress.com\/da\/wp-json\/wp\/v2\/pages\/61\/revisions\/4659"}],"wp:attachment":[{"href":"https:\/\/grassxpress.com\/da\/wp-json\/wp\/v2\/media?parent=61"}],"curies":[{"name":"wp","href":"https:\/\/api.w.org\/{rel}","templated":true}]}}