{"id":3298,"date":"2020-02-18T05:09:07","date_gmt":"2020-02-18T05:09:07","guid":{"rendered":"https:\/\/diligentplug.com\/?page_id=3298"},"modified":"2020-02-18T05:09:07","modified_gmt":"2020-02-18T05:09:07","slug":"faqs","status":"publish","type":"page","link":"https:\/\/grassxpress.com\/da\/faqs\/","title":{"rendered":"Ofte stillede sp\u00f8rgsm\u00e5l"},"content":{"rendered":"<div id=\"main-content\">\n<article id=\"post-2333\" class=\"post-2333 page type-page status-publish hentry\">\n<div class=\"entry-content\">\n<div id=\"et-boc\" class=\"et-boc\">\n<div class=\"et-l et-l--post\">\n<div class=\"et_builder_inner_content et_pb_gutters3\">\n<div class=\"et_pb_section et_pb_section_1 et_section_regular\">\n<div class=\"et_pb_row et_pb_row_2\">\n<div class=\"et_pb_column et_pb_column_4_4 et_pb_column_2 et_pb_css_mix_blend_mode_passthrough et-last-child\">\n<div class=\"et_pb_module et_pb_text et_pb_text_2 et_pb_text_align_center et_pb_bg_layout_light\">\n<div class=\"et_pb_text_inner\">\n<h2>Hvor kan jeg k\u00f8be ukrudt online?<\/h2>\n<p>Dette er et s\u00f8geord, der vises cirka 18.150 gange i s\u00f8geresultaterne hver 30. dag, og derfor er<br \/>\nbetragtes som et af de hyppigst stillede sp\u00f8rgsm\u00e5l p\u00e5 nettet. Her er dit svar, efter du har set, hvor sv\u00e6rt det var.<br \/>\nk\u00f8be ukrudt online, s\u00e5 vores team besluttede at komme sammen og bringe alle n\u00f8dvendige faktorer ind, og nu kan du bestille eller k\u00f8be ukrudt online fra os i kun tre enkle trin, s\u00e5 vi vil gerne besvare dit sp\u00f8rgsm\u00e5l ved at sige \"JA\", du kan k\u00f8be ukrudt online fra weed-crew.net og f\u00e5 det leveret p\u00e5 bare et \u00f8jeblik.<\/p>\n<\/div>\n<\/div>\n<\/div>\n<\/div>\n<div class=\"et_pb_row et_pb_row_3\">\n<div class=\"et_pb_column et_pb_column_4_4 et_pb_column_3 et_pb_css_mix_blend_mode_passthrough et-last-child\">\n<div class=\"et_pb_module et_pb_text et_pb_text_3 et_pb_text_align_center et_pb_bg_layout_light\">\n<div class=\"et_pb_text_inner\">\n<h3>Hvor lang tid g\u00e5r der, f\u00f8r min ordre afsendes?<\/h3>\n<p>Vi g\u00f8r vores bedste for at sikre, at alle oders sendes ud inden for samme dag, n\u00e5r en ordre er modtaget, og betalingen er bekr\u00e6ftet, forts\u00e6tter vi med emballering, og n\u00e5r emballagen er f\u00e6rdig, g\u00e5r vi videre og sender ud, hvorefter du f\u00e5r dit pakkesporingsnummer, s\u00e5 du kan holde styr p\u00e5 pakken, mens den er i transit, indtil den kommer til dig. Vi sender ved hj\u00e6lp af <a href=\"https:\/\/en.wikipedia.org\/wiki\/United_States_Postal_Service\">USPS<\/a>, UPS, FEDEX eller Marble Logistics.<\/p>\n<\/div>\n<\/div>\n<\/div>\n<\/div>\n<div class=\"et_pb_row et_pb_row_4\">\n<div class=\"et_pb_column et_pb_column_4_4 et_pb_column_4 et_pb_css_mix_blend_mode_passthrough et-last-child\">\n<div class=\"et_pb_module et_pb_text et_pb_text_4 et_pb_text_align_center et_pb_bg_layout_light\">\n<div class=\"et_pb_text_inner\">\n<h3>Hvor lang tid g\u00e5r der, f\u00f8r jeg f\u00e5r min pakke?<\/h3>\n<p>Alle pakker afsendes inden for samme dag (24 timer), fra ordren er modtaget, men hvor lang tid der g\u00e5r, f\u00f8r du modtager din pakke, afh\u00e6nger helt af to faktorer.<br \/>\n- Den f\u00f8rste faktor er forsendelsestype, og med forsendelsestype mener vi, om din pakke blev sendt til dig som en almindelig pakke eller til levering samme dag eller som A-post. Hvis din pakke er registreret som almindelig post, vil det tage op til to dage (948 timer) for den at n\u00e5 frem til dig, mens hvis den er sendt til levering samme dag eller prioriteret post, vil den n\u00e5 frem til dig inden for 24 timer.<br \/>\n- For det andet afh\u00e6nger det af pakkens destination, hvor lang tid det tager, f\u00f8r din pakke n\u00e5r frem til dig. Med pakkens destination mener vi, om din leveringsadresse er i USA eller i Europa. Alle pakker, der sendes til destinationer i USA, bliver leveret inden for h\u00f8jst 48 timer, mens pakker i Europa er mere tilb\u00f8jelige til at tage op til tre dage (72 timer).<\/p>\n<\/div>\n<\/div>\n<\/div>\n<\/div>\n<div class=\"et_pb_row et_pb_row_5\">\n<div class=\"et_pb_column et_pb_column_4_4 et_pb_column_5 et_pb_css_mix_blend_mode_passthrough et-last-child\">\n<div class=\"et_pb_module et_pb_text et_pb_text_5 et_pb_text_align_center et_pb_bg_layout_light\">\n<div class=\"et_pb_text_inner\">\n<h3>Er der nogen rabatter p\u00e5 ordrer?<\/h3>\n<p>Ligesom enhver anden ordrevirksomhed tilbyder vi rabat p\u00e5 bulkordrer og p\u00e5 alle ordrer foretaget med betalingstyper som Bitcoins. Alle ordrer over $800 f\u00e5r en rabat p\u00e5 25%, mens ordrer betalt via Bitcoins f\u00e5r en rabat p\u00e5 20%. Vi opfordrer til bulkordrer, da de ogs\u00e5 kommer med gratis fr\u00f8. L\u00c6S MERE om gratis fr\u00f8 fra vores side om farm support policy.<\/p>\n<\/div>\n<\/div>\n<\/div>\n<\/div>\n<div class=\"et_pb_row et_pb_row_6\">\n<div class=\"et_pb_column et_pb_column_4_4 et_pb_column_6 et_pb_css_mix_blend_mode_passthrough et-last-child\">\n<div class=\"et_pb_module et_pb_text et_pb_text_6 et_pb_text_align_center et_pb_bg_layout_light\">\n<div class=\"et_pb_text_inner\">\n<h3>Er det sikkert at k\u00f8be hash online?<\/h3>\n<p>Det kan v\u00e6re vanskeligt og risikabelt at k\u00f8be hash online, hvis du ikke kontakter de rigtige personer, men vi g\u00f8r det s\u00e5 sikkert som muligt ved at overveje et par faktorer som anf\u00f8rt nedenfor<br \/>\n- Er det medicinsk marihuana? At k\u00f8be hash online kan v\u00e6re vanskeligt, da du sandsynligvis kun f\u00e5r en smagspr\u00f8ve p\u00e5 produktet<br \/>\nefter at du allerede har betalt for det, s\u00e5 du skal sikre dig, at det, du betaler for, er medicinsk marihuana og\/eller laboratorietestet for dets THC- og CBD-indhold.<br \/>\n- Vil den v\u00e6re pakket godt ind, s\u00e5 jeg ikke f\u00e5r problemer?<br \/>\nDu skal s\u00f8rge for, at din ordre er godt forseglet, s\u00e5 den er sikker i kur\u00e9rens h\u00e6nder, hvis du<br \/>\npakken ikke er godt forseglet, kan der ikke garanteres sikker forsendelse via USPS, UPS eller en anden kurertjeneste, og derfor kan du ikke v\u00e6re sikker p\u00e5, om din pakke n\u00e5r frem til dig eller ej.<\/p>\n<\/div>\n<\/div>\n<\/div>\n<\/div>\n<div class=\"et_pb_row et_pb_row_7\">\n<div class=\"et_pb_column et_pb_column_4_4 et_pb_column_7 et_pb_css_mix_blend_mode_passthrough et-last-child\">\n<div class=\"et_pb_module et_pb_text et_pb_text_7 et_pb_text_align_center et_pb_bg_layout_light\">\n<div class=\"et_pb_text_inner\">\n<h3>Kan jeg betale med et kredit- eller betalingskort?<\/h3>\n<p>I nutidens onlineverden er kreditkort og debetkort en af de mest fleksible betalingsmetoder p\u00e5 nettet.<br \/>\nP\u00e5 weed-crew.net kan du betale direkte med dit kredit- eller betalingskort, og vi mener, at alle virksomheder b\u00f8r tage h\u00f8jde for det. Du kan trygt betale med kreditkort eller betalingskort, da vores hjemmeside er SSL-sikret.<\/p>\n<\/div>\n<\/div>\n<\/div>\n<\/div>\n<div class=\"et_pb_row et_pb_row_8\">\n<div class=\"et_pb_column et_pb_column_4_4 et_pb_column_8 et_pb_css_mix_blend_mode_passthrough et-last-child\">\n<div class=\"et_pb_module et_pb_text et_pb_text_8 et_pb_text_align_center et_pb_bg_layout_light\">\n<div class=\"et_pb_text_inner\">\n<h3>Sender du gratis pr\u00f8ver ud for at k\u00f8be ukrudt online?<\/h3>\n<p><a href=\"https:\/\/grassxpress.com\/da\/bestille-ukrudt-online-dansk\/\">Vi har<\/a> tilbyder pr\u00f8ver p\u00e5 op til $50-$100 til alle potentielle stork\u00f8bere, der ser frem til en langsigtet forretning, men \u00f8nsker at pr\u00f8ve vores produkter, f\u00f8r de foretager store indk\u00f8b, men pr\u00f8verne er ikke helt gratis, da du skal betale 30% af pakkens v\u00e6rdi, dette er fordi vi inds\u00e5, at n\u00e5r vi giver gratis pr\u00f8ver, bruger nogle kunder det som et smuthul til udnyttelse og bestiller kun gratis pr\u00f8ver bare for at ryge og blive h\u00f8je. Alle pr\u00f8ver er en blanding af 2 gram hver af op til 10 forskellige stammer efter eget valg.<\/p>\n<\/div>\n<\/div>\n<\/div>\n<\/div>\n<div class=\"et_pb_row et_pb_row_9\">\n<div class=\"et_pb_column et_pb_column_4_4 et_pb_column_9 et_pb_css_mix_blend_mode_passthrough et-last-child\">\n<div class=\"et_pb_module et_pb_text et_pb_text_9 et_pb_text_align_center et_pb_bg_layout_light\">\n<div class=\"et_pb_text_inner\">\n<h3>S\u00e6lger du til mindre\u00e5rige?<\/h3>\n<p>Mindre\u00e5rige, som vi kalder dem, er kunder under 18 \u00e5r. Vi tilbyder ikke vores tjenester til nogen person eller personer<br \/>\nunder en alder af 18 \u00e5r. Men hvis du er patient eller lider af angstrelaterede problemer, kan vi s\u00e6lge<br \/>\nsm\u00e5 m\u00e6ngder af specifikke produkter til dig.<\/p>\n<\/div>\n<\/div>\n<\/div>\n<\/div>\n<\/div>\n<\/div>\n<\/div>\n<\/div>\n<\/div>\n<\/article>\n<\/div>","protected":false},"excerpt":{"rendered":"<p>Where Can I Buy Weed Online? This is a keyword which appears approximately 18,150 times in search results every 30 days and there fore is considered as one of the most frequent questions asked online.Here is your answer, after seeing how difficult it was buying weed online so our team decided to come together and<\/p>\n<div class=\"more-link\">\n             <a href=\"https:\/\/grassxpress.com\/da\/faqs\/\" class=\"link-btn\"><span>Continue Reading <\/span><i class=\"icofont-thin-double-right\"><\/i><\/a>\n        <\/div>","protected":false},"author":1,"featured_media":0,"parent":0,"menu_order":0,"comment_status":"closed","ping_status":"closed","template":"","meta":{"_themeisle_gutenberg_block_has_review":false,"_ti_tpc_template_sync":false,"_ti_tpc_template_id":"","_joinchat":[],"footnotes":""},"class_list":["post-3298","page","type-page","status-publish","hentry"],"yoast_head":"<!-- This site is optimized with the Yoast SEO plugin v22.7 - https:\/\/yoast.com\/wordpress\/plugins\/seo\/ -->\n<title>FAQs | About To Buy Weed Online - GrassXpress<\/title>\n<meta name=\"description\" content=\"If you have a question? We answer your question by saying \u201cYES\u201d you can buy weed online from weed-crew.net.All packages are shiped same day.\" \/>\n<meta name=\"robots\" content=\"index, follow, max-snippet:-1, max-image-preview:large, max-video-preview:-1\" \/>\n<link rel=\"canonical\" href=\"https:\/\/grassxpress.com\/da\/faqs\/\" \/>\n<meta property=\"og:locale\" content=\"da_DK\" \/>\n<meta property=\"og:type\" content=\"article\" \/>\n<meta property=\"og:title\" content=\"FAQs | About To Buy Weed Online - GrassXpress\" \/>\n<meta property=\"og:description\" content=\"If you have a question? We answer your question by saying \u201cYES\u201d you can buy weed online from weed-crew.net.All packages are shiped same day.\" \/>\n<meta property=\"og:url\" content=\"https:\/\/grassxpress.com\/da\/faqs\/\" \/>\n<meta property=\"og:site_name\" content=\"GrassXpress\" \/>\n<meta name=\"twitter:card\" content=\"summary_large_image\" \/>\n<meta name=\"twitter:label1\" content=\"Estimeret l\u00e6setid\" \/>\n\t<meta name=\"twitter:data1\" content=\"4 minutter\" \/>\n<!-- \/ Yoast SEO plugin. -->","yoast_head_json":{"title":"FAQs | About To Buy Weed Online - GrassXpress","description":"If you have a question? We answer your question by saying \u201cYES\u201d you can buy weed online from weed-crew.net.All packages are shiped same day.","robots":{"index":"index","follow":"follow","max-snippet":"max-snippet:-1","max-image-preview":"max-image-preview:large","max-video-preview":"max-video-preview:-1"},"canonical":"https:\/\/grassxpress.com\/da\/faqs\/","og_locale":"da_DK","og_type":"article","og_title":"FAQs | About To Buy Weed Online - GrassXpress","og_description":"If you have a question? We answer your question by saying \u201cYES\u201d you can buy weed online from weed-crew.net.All packages are shiped same day.","og_url":"https:\/\/grassxpress.com\/da\/faqs\/","og_site_name":"GrassXpress","twitter_card":"summary_large_image","twitter_misc":{"Estimeret l\u00e6setid":"4 minutter"},"schema":{"@context":"https:\/\/schema.org","@graph":[{"@type":"WebPage","@id":"https:\/\/grassxpress.com\/it\/faqs\/","url":"https:\/\/grassxpress.com\/it\/faqs\/","name":"FAQs | About To Buy Weed Online - GrassXpress","isPartOf":{"@id":"https:\/\/grassxpress.com\/#website"},"datePublished":"2020-02-18T05:09:07+00:00","dateModified":"2020-02-18T05:09:07+00:00","description":"If you have a question? We answer your question by saying \u201cYES\u201d you can buy weed online from weed-crew.net.All packages are shiped same day.","breadcrumb":{"@id":"https:\/\/grassxpress.com\/it\/faqs\/#breadcrumb"},"inLanguage":"da-DK","potentialAction":[{"@type":"ReadAction","target":["https:\/\/grassxpress.com\/it\/faqs\/"]}]},{"@type":"BreadcrumbList","@id":"https:\/\/grassxpress.com\/it\/faqs\/#breadcrumb","itemListElement":[{"@type":"ListItem","position":1,"name":"Home","item":"https:\/\/grassxpress.com\/"},{"@type":"ListItem","position":2,"name":"FAQs"}]},{"@type":"WebSite","@id":"https:\/\/grassxpress.com\/#website","url":"https:\/\/grassxpress.com\/","name":"GrassXpress","description":"Buy Weed Online UK","publisher":{"@id":"https:\/\/grassxpress.com\/#organization"},"potentialAction":[{"@type":"SearchAction","target":{"@type":"EntryPoint","urlTemplate":"https:\/\/grassxpress.com\/?s={search_term_string}"},"query-input":"required name=search_term_string"}],"inLanguage":"da-DK"},{"@type":"Organization","@id":"https:\/\/grassxpress.com\/#organization","name":"GrassXpress","url":"https:\/\/grassxpress.com\/","logo":{"@type":"ImageObject","inLanguage":"da-DK","@id":"https:\/\/grassxpress.com\/#\/schema\/logo\/image\/","url":"https:\/\/grassxpress.com\/wp-content\/uploads\/2024\/01\/logo.png","contentUrl":"https:\/\/grassxpress.com\/wp-content\/uploads\/2024\/01\/logo.png","width":300,"height":100,"caption":"GrassXpress"},"image":{"@id":"https:\/\/grassxpress.com\/#\/schema\/logo\/image\/"}}]}},"_links":{"self":[{"href":"https:\/\/grassxpress.com\/da\/wp-json\/wp\/v2\/pages\/3298","targetHints":{"allow":["GET"]}}],"collection":[{"href":"https:\/\/grassxpress.com\/da\/wp-json\/wp\/v2\/pages"}],"about":[{"href":"https:\/\/grassxpress.com\/da\/wp-json\/wp\/v2\/types\/page"}],"author":[{"embeddable":true,"href":"https:\/\/grassxpress.com\/da\/wp-json\/wp\/v2\/users\/1"}],"replies":[{"embeddable":true,"href":"https:\/\/grassxpress.com\/da\/wp-json\/wp\/v2\/comments?post=3298"}],"version-history":[{"count":0,"href":"https:\/\/grassxpress.com\/da\/wp-json\/wp\/v2\/pages\/3298\/revisions"}],"wp:attachment":[{"href":"https:\/\/grassxpress.com\/da\/wp-json\/wp\/v2\/media?parent=3298"}],"curies":[{"name":"wp","href":"https:\/\/api.w.org\/{rel}","templated":true}]}}