{"id":4363,"date":"2022-11-15T10:34:28","date_gmt":"2022-11-15T10:34:28","guid":{"rendered":"https:\/\/documentosespana.com\/diligent\/?post_type=product&#038;p=4363"},"modified":"2026-04-02T09:17:53","modified_gmt":"2026-04-02T09:17:53","slug":"og-kush-strain","status":"publish","type":"product","link":"https:\/\/grassxpress.com\/cs\/produkt\/og-kush-strain\/","title":{"rendered":"OG Kush"},"content":{"rendered":"<h2>OG Kush na prodej<\/h2>\n<p><a href=\"https:\/\/grassxpress.com\/cs\/produkt\/og-kush-strain\/\">Buy OG Kush Strain<\/a> from <a href=\"https:\/\/grassxpress.com\/cs\/\">grassxpress.com<\/a> za nejni\u017e\u0161\u00ed cenu s nejlep\u0161\u00ed kvalitou. OG Kush je divoce popul\u00e1rn\u00ed hybrid s dominantn\u00ed sativou. Je to \u017eivouc\u00ed legenda mezi konopn\u00fdmi odr\u016fdami. Vysoce cen\u011bn\u00e1 pro sv\u016fj \u00fa\u017easn\u00fd high a skv\u011blou chu\u0165. Rychle se stala nejobl\u00edben\u011bj\u0161\u00ed konopnou odr\u016fdou na sv\u011bt\u011b. OG Kush je skv\u011bl\u00e1 pro \u0161lecht\u011bn\u00ed a vytv\u00e1\u0159en\u00ed nov\u00fdch fenotyp\u016f. Sd\u00edl\u00ed svou epickou genetiku s \u0159adou kalifornsk\u00fdch nejv\u00fdkonn\u011bj\u0161\u00edch odr\u016fd Kush, jako jsou Fire OG a Tahoe OG. <a href=\"https:\/\/grassxpress.com\/cs\/mail-order-weed-uk\/\">V\u00edce na<\/a><\/p>\n<p>Navzdory sv\u00e9 popularit\u011b je p\u016fvodn\u00ed kmen OG Kush pova\u017eov\u00e1n za genetickou z\u00e1hadu. Mnoho p\u011bstitel\u016f se domn\u00edv\u00e1, \u017ee \u0161lo o k\u0159\u00ed\u017eence Chemdawg, Lemon Thai a Hindu Kush, ale nikdo to nev\u00ed jist\u011b. Mnoz\u00ed pova\u017euj\u00ed kmen plevele OG Kush za skv\u011bl\u00fd kmen pro \u00falevu od bolesti a nespavosti. Nen\u00ed neobvykl\u00e9, \u017ee OG Kush m\u00e1 kolem 80% THC. To vytv\u00e1\u0159\u00ed high, kter\u00e9 je zpo\u010d\u00e1tku povzn\u00e1\u0161ej\u00edc\u00ed, n\u00e1sledovan\u00e9 t\u011b\u017ek\u00fdm relaxa\u010dn\u00edm t\u011blem high. Z\u00e1silkov\u00e1 tr\u00e1va czechia<\/p>\n<h3>Co je OG Kush?<\/h3>\n<p>OG Kush Marijuana Strain\u00a0The foundational backbone of multiple\u00a0world famous cannabis strains,\u00a0OG Kush\u00a0is considered legendary for revolutionizing the <a href=\"https:\/\/grassxpress.com\/cs\/produkt\/platinum-girl-scout-cookies\/\">marijuana<\/a> industry, arguably rising to the recognition of \u201cmost well-known cannabis strain\u201d.\u00a0The OG Kush strain\u00a0is classified as a hybrid, with little known about its genetic origins, although rumors claim that this strain is a blend between possible parent plants\u00a0Chemdawg\u00a0and\u00a0Hindu Kush.<\/p>\n<p>Tyto informace nebyly nikdy potvrzeny, ale zd\u00e1 se, \u017ee na p\u016fvodu OG Kush nez\u00e1le\u017e\u00ed, proto\u017ee \u00fa\u010dinek, kter\u00fd to m\u011blo na sv\u011bt konop\u00ed, se zd\u00e1 b\u00fdt mnohem d\u016fle\u017eit\u011bj\u0161\u00ed. Z OG Kush bylo vy\u0161lecht\u011bno velk\u00e9 mno\u017estv\u00ed fenotyp\u016f, z nich\u017e mnoh\u00e9 si z\u00edskalo popularitu stejn\u011b jako OGK. N\u011bkter\u00e9 z t\u011bchto dob\u0159e zn\u00e1m\u00fdch fenotyp\u016f zahrnuj\u00ed Tahoe OG, Fire OG, SFV OG, Double OG a mnoho dal\u0161\u00edch \u2013 odhadujeme, \u017ee pravd\u011bpodobn\u011b zn\u00e1te alespo\u0148 n\u011bkter\u00e9 z nich. Z\u00e1silkov\u00e1 tr\u00e1va <a href=\"https:\/\/en.wikipedia.org\/wiki\/Special:Search?search=weed+online&amp;go=Go&amp;ns0=1\">uk<\/a><\/p>\n<p>Sleva na olej CBD D\u016fvodem, pro\u010d se OG Kush ve velk\u00e9 m\u00ed\u0159e vyu\u017e\u00edv\u00e1 p\u0159i genetick\u00e9m \u0161lecht\u011bn\u00ed konop\u00ed, je \u010d\u00e1ste\u010dn\u011b vysok\u00e1 potence THC tohoto p\u016fvodn\u00edho kmene, kter\u00e1, jak se zd\u00e1, pom\u00e1h\u00e1 mnoha spot\u0159ebitel\u016fm s r\u016fzn\u00fdmi zdravotn\u00edmi probl\u00e9my, kter\u00e9 mohou m\u00edt. S \u00farovn\u011bmi THC, kter\u00e9 se pohybuj\u00ed v rozmez\u00ed 20-27, jsou bal\u00ed\u010dky OG Kush obzvl\u00e1\u0161t\u011b siln\u00e9 a skute\u010dn\u011b zas\u00e1hnou ka\u017ed\u00e9ho, kdo jej zkonzumuje.<\/p>\n<p>Although world-known, <a href=\"https:\/\/en.wikipedia.org\/wiki\/Kush\">OG Kush<\/a> seems to primarily be consumed throughout California, Colorado and the Pacific Northwest, so if you want to try a dank batch of this heady cannabis strain, look to those regions for answers.<\/p>\n<h3>A Kush Aroma<\/h3>\n<p>Chu\u0165 a vzhled OG Kush m\u00e1 jednu z nej\u010derstv\u011bj\u0161\u00edch v\u016fn\u00ed, kter\u00e1 intenzivn\u011b p\u0159ipom\u00edn\u00e1 ztracen\u00e9 bloud\u011bn\u00ed hluboko ve star\u00e9m lesn\u00edm porostu. Jeho v\u016fn\u011b je d\u0159evit\u00e1, borovicov\u00e1 a zemit\u00e1, okam\u017eit\u011b zas\u00e1hne va\u0161e chu\u0165ov\u00e9 poh\u00e1rky siln\u00fdm hitem. Jeho chu\u0165 nep\u0159est\u00e1v\u00e1 konzumenty p\u0159ekvapovat, s ne\u010dekan\u00fdmi podt\u00f3ny limetky, citronu a citrus\u016f, stejn\u011b jako s n\u00e1znaky ko\u0159enitosti. Z\u00e1silkov\u00e1 tr\u00e1va \u010cesko.<\/p>\n<p>Vzhledov\u011b m\u00e1 plevel OG Kush tradi\u010dn\u00ed vzhled konop\u00ed s klasickou \u017elutozelenou barvou cukrov\u00fdch list\u016f s oran\u017eov\u00fdmi pest\u00edky a listov\u011b zelen\u00fdmi vodn\u00edmi listy, n\u011bkdy ve st\u00ednu \u0161alv\u011bje. Poupata jsou hust\u011b pota\u017eena krystalick\u00fdmi trichomy, co\u017e d\u00e1v\u00e1 dokonal\u00fd smysl, pokud vezmete v \u00favahu vysok\u00fd obsah THC kmene OG Kush. Efekty OG Kush Plevel OG Kush, kter\u00fd z\u016fst\u00e1v\u00e1 v\u011brn\u00fd sv\u00e9 hybridn\u00ed klasifikaci, je obzvl\u00e1\u0161t\u011b vyv\u00e1\u017een\u00fd a jeho vysok\u00fd obsah p\u0159in\u00e1\u0161\u00ed to nejlep\u0161\u00ed z obou sv\u011bt\u016f.<\/p>\n<p>OG Kush testuje pulzuj\u00edc\u00ed sm\u011bs znak\u016f indica a sativa na \u00farovn\u00edch diligent plug, sativa a\u00a0inda jsou 60 % a 87 %. Po konzumaci OG Kush o\u010dek\u00e1vejte silnou euforii a intenzivn\u00ed cerebr\u00e1ln\u00ed \u00fa\u010dinky, \u010dasto n\u00e1sledovan\u00e9 m\u00edrn\u00fdm a\u017e siln\u00fdm pocitem couch-lock.<\/p>\n<p>Zd\u00e1 se, \u017ee OG Kush, pova\u017eovan\u00fd za jeden z nejv\u00edce uvol\u0148uj\u00edc\u00edch, ale z\u00e1rove\u0148 povzn\u00e1\u0161ej\u00edc\u00edch druh\u016f, poskytuje sv\u00fdm spot\u0159ebitel\u016fm skv\u011bl\u00e9 spojen\u00ed nejen pln\u00e9 euforie, kter\u00e1 rozpou\u0161t\u00ed t\u011blo, ale tak\u00e9 stejn\u011b blahod\u00e1rn\u00fd v\u00fdsledek pro mysl, tak\u017ee ka\u017ed\u00e9ho, kdo to zkus\u00ed, zanech\u00e1 \u0161\u0165astn\u00e9ho, klidn\u00e9ho a klidn\u00e9ho. , p\u0159esto se dok\u00e1\u017ee chichotat, sm\u00e1t a b\u00e1je\u010dn\u011b se bavit.<\/p>\n<h3>L\u00e9ka\u0159sk\u00e9 v\u00fdhody kmene konop\u00ed \u010d. 1<\/h3>\n<p>OG Kush OG Kush Pohled shora Nej\u010dast\u011bji konzumovan\u00fd l\u00e9ka\u0159sky p\u0159i du\u0161evn\u00edch poruch\u00e1ch a chronick\u00e9 bolesti. OG Kush weed je svrchovan\u011b l\u00e9\u010div\u00fd kmen konop\u00ed. To p\u0159ekvapilo sv\u011bt l\u00e9ka\u0159sk\u00e9 marihuany svou schopnost\u00ed pom\u00e1hat tolika lidem b\u011bhem let sv\u00e9 existence.<\/p>\n<p>Jeho magick\u00e9 schopnosti jsou \u010d\u00e1ste\u010dn\u011b d\u016fvodem masov\u00e9ho r\u016fstu popularity OGK. Jak st\u00e1le v\u00edce jedinc\u016f zji\u0161\u0165uje, \u017ee je lep\u0161\u00ed konzumovat tento kmen. Ne\u017e u\u017e\u00edvat tradi\u010dn\u00ed l\u00e9ky, kter\u00e9 jsou \u010dasto spojeny s nep\u0159\u00edjemn\u00fdmi, \u017eivot m\u011bn\u00edc\u00edmi negativn\u00edmi vedlej\u0161\u00edmi \u00fa\u010dinky.<\/p>\n<p>Ti, kte\u0159\u00ed zvl\u00e1daj\u00ed stres, deprese a nespavost, zjistili, \u017ee kmen OG Kush je zvl\u00e1\u0161t\u011b l\u00e9\u010div\u00fd. Stejn\u011b tak pacienti trp\u00edc\u00ed silnou a chronickou bolest\u00ed. OG Kush skute\u010dn\u011b pom\u00e1h\u00e1 uvolnit a znecitliv\u011bt bolav\u00e1 m\u00edsta. Pokud trp\u00edte stresem, depres\u00ed, \u00fazkost\u00ed nebo jinou du\u0161evn\u00ed poruchou. <a href=\"https:\/\/grassxpress.com\/cs\/produkt\/og-kush-strain\/\">Secure checkout<\/a><\/p>\n<p>Pak je nejlep\u0161\u00ed vykou\u0159it m\u00edrn\u00e9 mno\u017estv\u00ed tr\u00e1vy OG Kush nebo sn\u00edst malou d\u00e1vku jedl\u00e9ho. Proto\u017ee p\u0159\u00edli\u0161n\u00e1 konzumace jak\u00e9hokoli kmene hrnce p\u0159i l\u00e9\u010db\u011b du\u0161evn\u00ed poruchy m\u016f\u017ee ve skute\u010dnosti zp\u016fsobit v\u00edce \u0161kody ne\u017e u\u017eitku. Poznejte sv\u00e9 limity a z\u016fsta\u0148te v nich.<\/p>\n<p>Na druhou stranu, pokud se pot\u00fdk\u00e1te s nespavost\u00ed, nedostatkem sp\u00e1nku nebo chronickou bolest\u00ed. Pak by p\u0159\u00edjem vy\u0161\u0161\u00ed d\u00e1vky kmene OG Kush byl v\u011bt\u0161\u00edm p\u0159\u00ednosem. To pom\u016f\u017ee okam\u017eit\u011b za\u00fato\u010dit na probl\u00e9m. Ani\u017e by byla ponech\u00e1na jak\u00e1koli mo\u017enost, \u017ee jste nepo\u017eili dostate\u010dn\u011b vysokou d\u00e1vku, abyste skute\u010dn\u011b poc\u00edtili v\u00fdhody. Pro dosa\u017een\u00ed vy\u0161\u0161\u00ed d\u00e1vky m\u016f\u017ee b\u00fdt v po\u0159\u00e1dku jedl\u00e1, koncentr\u00e1t nebo jin\u00e1 konzumn\u00ed forma konop\u00ed.<\/p>\n<p>Mo\u017en\u00e9 vedlej\u0161\u00ed \u00fa\u010dinky OG Kush. Nejlep\u0161\u00edm zp\u016fsobem, jak se vyhnout jak\u00fdmkoli mo\u017en\u00fdm vedlej\u0161\u00edm \u00fa\u010dink\u016fm marihuany OG Kush, je pou\u017e\u00edt preventivn\u00ed opat\u0159en\u00ed. Pokud jste citliv\u00ed na THC a abyste znali sv\u00e9 limity p\u0159i konzumaci konop\u00ed. Spot\u0159ebitel\u00e9 nej\u010dast\u011bji hl\u00e1s\u00ed sucho v \u00fastech a such\u00e9 o\u010di jako b\u011b\u017en\u00fd vedlej\u0161\u00ed \u00fa\u010dinek p\u0159i vyzkou\u0161en\u00ed tr\u00e1vy OG Kush. Nepot\u00edvejte se, to je snadno \u0159e\u0161iteln\u00e9 pit\u00edm hydrata\u010dn\u00edch tekutin a v p\u0159\u00edpad\u011b pot\u0159eby pomoc\u00ed zvlh\u010duj\u00edc\u00edch o\u010dn\u00edch kapek.<\/p>\n<h3>Dodate\u010dn\u011b,<\/h3>\n<p>N\u011bkte\u0159\u00ed jedinci za\u017eili paranoiu po konzumaci kmene OG Kush. Ale pamatujte si, \u017ee va\u0161e vzru\u0161en\u00ed pomine, a d\u00fdchejte jen pomalu, zhluboka a rovnom\u011brn\u011b. M\u016f\u017ee v\u00e1m pomoci udr\u017eet si \u010distou hlavu, pokud proch\u00e1z\u00edte n\u011bjak\u00fdmi negativn\u00edmi my\u0161lenkov\u00fdmi vzory.<\/p>\n<p>U\u017eite\u010dn\u00fdm vod\u00edtkem mohou b\u00fdt tak\u00e9 meditace a techniky hlubok\u00e9 relaxace. Z\u00e1v\u011bre\u010dn\u00e9 my\u0161lenky o OG Kush: Douf\u00e1me, \u017ee jste zjistili, \u017ee tato recenze OG Kush nen\u00ed jen z\u00e1bavn\u00e1. Ale tak\u00e9 vzd\u011bl\u00e1vac\u00ed a informativn\u00ed. Je d\u016fle\u017eit\u00e9 si pamatovat, \u017ee konzumace marihuany je v\u00fdhradn\u00ed odpov\u011bdnost\u00ed u\u017eivatele a je t\u0159eba db\u00e1t na uv\u00e1\u017een\u00ed.<\/p>","protected":false},"excerpt":{"rendered":"<p><strong>Grade:<\/strong> A<br \/>\nType: Sativa dominant hybrid<br \/>\n<strong>Looks:<\/strong> This deep green bud is fluffy, frosty and packed with red hairs.<br \/>\n<strong>Smell:<\/strong> Piney, Cedar-like, Citrus<br \/>\n<strong>Taste:<\/strong> A very nice earthy and pine taste with a sweet after note . A very smooth and refreshing smoke. Vaporizing intensifies flavor and is a delight to have in the mouth.<br \/>\n<strong>Effects:<\/strong> Induces a feeling of euphoria, happiness, and creativity. An uplifting and energized high.<br \/>\nPotency: 10\/10 (It\u2019s a 1 hit wonder)<\/p>","protected":false},"featured_media":4421,"comment_status":"open","ping_status":"closed","template":"","meta":{"_themeisle_gutenberg_block_has_review":false,"_ti_tpc_template_sync":false,"_ti_tpc_template_id":"","_joinchat":[]},"product_cat":[216],"product_tag":[],"class_list":{"0":"post-4363","1":"product","2":"type-product","3":"status-publish","4":"has-post-thumbnail","6":"product_cat-hybrid","8":"first","9":"instock","10":"shipping-taxable","11":"purchasable","12":"product-type-variable"},"yoast_head":"<!-- This site is optimized with the Yoast SEO plugin v22.7 - https:\/\/yoast.com\/wordpress\/plugins\/seo\/ -->\n<title>OG Kush Strain Online For Sale | GrassXpress<\/title>\n<meta name=\"description\" content=\"Buy OG Kush online in uk and explore a legendary cannabis strain valued for its strong aroma and balanced hybrid effects. OG Kush for sale featuring distinctive earthy, citrus, and fuel-like terpene notes.\" \/>\n<meta name=\"robots\" content=\"index, follow, max-snippet:-1, max-image-preview:large, max-video-preview:-1\" \/>\n<link rel=\"canonical\" href=\"https:\/\/grassxpress.com\/cs\/produkt\/og-kush-strain\/\" \/>\n<meta property=\"og:locale\" content=\"cs_CZ\" \/>\n<meta property=\"og:type\" content=\"article\" \/>\n<meta property=\"og:title\" content=\"OG Kush Strain Online For Sale | GrassXpress\" \/>\n<meta property=\"og:description\" content=\"Buy OG Kush online in uk and explore a legendary cannabis strain valued for its strong aroma and balanced hybrid effects. OG Kush for sale featuring distinctive earthy, citrus, and fuel-like terpene notes.\" \/>\n<meta property=\"og:url\" content=\"https:\/\/grassxpress.com\/cs\/produkt\/og-kush-strain\/\" \/>\n<meta property=\"og:site_name\" content=\"GrassXpress\" \/>\n<meta property=\"article:modified_time\" content=\"2026-04-02T09:17:53+00:00\" \/>\n<meta property=\"og:image\" content=\"https:\/\/grassxpress.com\/wp-content\/uploads\/2022\/11\/OG-kush.jpg\" \/>\n\t<meta property=\"og:image:width\" content=\"600\" \/>\n\t<meta property=\"og:image:height\" content=\"600\" \/>\n\t<meta property=\"og:image:type\" content=\"image\/jpeg\" \/>\n<meta name=\"twitter:card\" content=\"summary_large_image\" \/>\n<meta name=\"twitter:label1\" content=\"Odhadovan\u00e1 doba \u010dten\u00ed\" \/>\n\t<meta name=\"twitter:data1\" content=\"6 minut\" \/>\n<!-- \/ Yoast SEO plugin. -->","yoast_head_json":{"title":"OG Kush Strain Online For Sale | GrassXpress","description":"Buy OG Kush online in uk and explore a legendary cannabis strain valued for its strong aroma and balanced hybrid effects. OG Kush for sale featuring distinctive earthy, citrus, and fuel-like terpene notes.","robots":{"index":"index","follow":"follow","max-snippet":"max-snippet:-1","max-image-preview":"max-image-preview:large","max-video-preview":"max-video-preview:-1"},"canonical":"https:\/\/grassxpress.com\/cs\/produkt\/og-kush-strain\/","og_locale":"cs_CZ","og_type":"article","og_title":"OG Kush Strain Online For Sale | GrassXpress","og_description":"Buy OG Kush online in uk and explore a legendary cannabis strain valued for its strong aroma and balanced hybrid effects. OG Kush for sale featuring distinctive earthy, citrus, and fuel-like terpene notes.","og_url":"https:\/\/grassxpress.com\/cs\/produkt\/og-kush-strain\/","og_site_name":"GrassXpress","article_modified_time":"2026-04-02T09:17:53+00:00","og_image":[{"width":600,"height":600,"url":"https:\/\/grassxpress.com\/wp-content\/uploads\/2022\/11\/OG-kush.jpg","type":"image\/jpeg"}],"twitter_card":"summary_large_image","twitter_misc":{"Odhadovan\u00e1 doba \u010dten\u00ed":"6 minut"},"schema":{"@context":"https:\/\/schema.org","@graph":[{"@type":"WebPage","@id":"https:\/\/grassxpress.com\/product\/og-kush-strain\/","url":"https:\/\/grassxpress.com\/product\/og-kush-strain\/","name":"OG Kush Strain Online For Sale | GrassXpress","isPartOf":{"@id":"https:\/\/grassxpress.com\/#website"},"primaryImageOfPage":{"@id":"https:\/\/grassxpress.com\/product\/og-kush-strain\/#primaryimage"},"image":{"@id":"https:\/\/grassxpress.com\/product\/og-kush-strain\/#primaryimage"},"thumbnailUrl":"https:\/\/grassxpress.com\/wp-content\/uploads\/2022\/11\/OG-kush.jpg","datePublished":"2022-11-15T10:34:28+00:00","dateModified":"2026-04-02T09:17:53+00:00","description":"Buy OG Kush online in uk and explore a legendary cannabis strain valued for its strong aroma and balanced hybrid effects. OG Kush for sale featuring distinctive earthy, citrus, and fuel-like terpene notes.","breadcrumb":{"@id":"https:\/\/grassxpress.com\/product\/og-kush-strain\/#breadcrumb"},"inLanguage":"cs","potentialAction":[{"@type":"ReadAction","target":["https:\/\/grassxpress.com\/product\/og-kush-strain\/"]}]},{"@type":"ImageObject","inLanguage":"cs","@id":"https:\/\/grassxpress.com\/product\/og-kush-strain\/#primaryimage","url":"https:\/\/grassxpress.com\/wp-content\/uploads\/2022\/11\/OG-kush.jpg","contentUrl":"https:\/\/grassxpress.com\/wp-content\/uploads\/2022\/11\/OG-kush.jpg","width":600,"height":600,"caption":"OG kush"},{"@type":"BreadcrumbList","@id":"https:\/\/grassxpress.com\/product\/og-kush-strain\/#breadcrumb","itemListElement":[{"@type":"ListItem","position":1,"name":"Home","item":"https:\/\/grassxpress.com\/"},{"@type":"ListItem","position":2,"name":"Mail Order Weed UK","item":"https:\/\/grassxpress.com\/mail-order-weed-uk\/"},{"@type":"ListItem","position":3,"name":"OG kush"}]},{"@type":"WebSite","@id":"https:\/\/grassxpress.com\/#website","url":"https:\/\/grassxpress.com\/","name":"GrassXpress","description":"Buy Weed Online UK","publisher":{"@id":"https:\/\/grassxpress.com\/#organization"},"potentialAction":[{"@type":"SearchAction","target":{"@type":"EntryPoint","urlTemplate":"https:\/\/grassxpress.com\/?s={search_term_string}"},"query-input":"required name=search_term_string"}],"inLanguage":"cs"},{"@type":"Organization","@id":"https:\/\/grassxpress.com\/#organization","name":"GrassXpress","url":"https:\/\/grassxpress.com\/","logo":{"@type":"ImageObject","inLanguage":"cs","@id":"https:\/\/grassxpress.com\/#\/schema\/logo\/image\/","url":"https:\/\/grassxpress.com\/wp-content\/uploads\/2024\/01\/logo.png","contentUrl":"https:\/\/grassxpress.com\/wp-content\/uploads\/2024\/01\/logo.png","width":300,"height":100,"caption":"GrassXpress"},"image":{"@id":"https:\/\/grassxpress.com\/#\/schema\/logo\/image\/"}}]}},"_links":{"self":[{"href":"https:\/\/grassxpress.com\/cs\/wp-json\/wp\/v2\/product\/4363","targetHints":{"allow":["GET"]}}],"collection":[{"href":"https:\/\/grassxpress.com\/cs\/wp-json\/wp\/v2\/product"}],"about":[{"href":"https:\/\/grassxpress.com\/cs\/wp-json\/wp\/v2\/types\/product"}],"replies":[{"embeddable":true,"href":"https:\/\/grassxpress.com\/cs\/wp-json\/wp\/v2\/comments?post=4363"}],"wp:featuredmedia":[{"embeddable":true,"href":"https:\/\/grassxpress.com\/cs\/wp-json\/wp\/v2\/media\/4421"}],"wp:attachment":[{"href":"https:\/\/grassxpress.com\/cs\/wp-json\/wp\/v2\/media?parent=4363"}],"wp:term":[{"taxonomy":"product_cat","embeddable":true,"href":"https:\/\/grassxpress.com\/cs\/wp-json\/wp\/v2\/product_cat?post=4363"},{"taxonomy":"product_tag","embeddable":true,"href":"https:\/\/grassxpress.com\/cs\/wp-json\/wp\/v2\/product_tag?post=4363"}],"curies":[{"name":"wp","href":"https:\/\/api.w.org\/{rel}","templated":true}]}}