{"id":4360,"date":"2022-11-15T10:11:40","date_gmt":"2022-11-15T10:11:40","guid":{"rendered":"https:\/\/documentosespana.com\/diligent\/?post_type=product&#038;p=4360"},"modified":"2026-04-02T09:09:06","modified_gmt":"2026-04-02T09:09:06","slug":"banana-kush","status":"publish","type":"product","link":"https:\/\/grassxpress.com\/cs\/produkt\/banana-kush\/","title":{"rendered":"Buy Banana Kush Online UK"},"content":{"rendered":"<div class=\"relative basis-auto flex-col -mb-(--composer-overlap-px) [--composer-overlap-px:28px] grow flex\">\n<div class=\"flex flex-col text-sm pb-25\">\n<article class=\"text-token-text-primary w-full focus:outline-none [--shadow-height:45px] has-data-writing-block:pointer-events-none has-data-writing-block:-mt-(--shadow-height) has-data-writing-block:pt-(--shadow-height) [&amp;:has([data-writing-block])&gt;*]:pointer-events-auto scroll-mt-[calc(var(--header-height)+min(200px,max(70px,20svh)))]\" dir=\"auto\" tabindex=\"-1\" data-turn-id=\"request-WEB:04e6e77b-5047-4170-b5cf-69678400d879-6\" data-testid=\"conversation-turn-14\" data-scroll-anchor=\"true\" data-turn=\"assistant\">\n<div class=\"text-base my-auto mx-auto pb-10 [--thread-content-margin:var(--thread-content-margin-xs,calc(var(--spacing)*4))] @w-sm\/main:[--thread-content-margin:var(--thread-content-margin-sm,calc(var(--spacing)*6))] @w-lg\/main:[--thread-content-margin:var(--thread-content-margin-lg,calc(var(--spacing)*16))] px-(--thread-content-margin)\">\n<div class=\"[--thread-content-max-width:40rem] @w-lg\/main:[--thread-content-max-width:48rem] mx-auto max-w-(--thread-content-max-width) flex-1 group\/turn-messages focus-visible:outline-hidden relative flex w-full min-w-0 flex-col agent-turn\" tabindex=\"-1\">\n<div class=\"flex max-w-full flex-col gap-4 grow\">\n<div class=\"min-h-8 text-message relative flex w-full flex-col items-end gap-2 text-start break-words whitespace-normal [.text-message+&amp;]:mt-1\" dir=\"auto\" data-message-author-role=\"assistant\" data-message-id=\"692c1616-ac21-4157-920c-8936db92195e\" data-message-model-slug=\"gpt-5-3\">\n<div class=\"flex w-full flex-col gap-1 empty:hidden\">\n<div class=\"markdown prose dark:prose-invert w-full wrap-break-word light markdown-new-styling\">\n<h2 data-section-id=\"1pwhjtz\" data-start=\"0\" data-end=\"38\">Plevel k n\u00e1kupu online ve Spojen\u00e9m kr\u00e1lovstv\u00ed \u2013 Banana Kush<\/h2>\n<p data-start=\"40\" data-end=\"379\">If you are looking for weed to buy online UK, many cannabis enthusiasts prefer to <a href=\"https:\/\/grassxpress.com\/cs\/produkt\/banana-kush\/\">Buy Banana Kush online<\/a> d\u00edky sv\u00e9 jedine\u010dn\u00e9 chuti a relaxa\u010dn\u00edm \u00fa\u010dink\u016fm. Banana Kush, zn\u00e1m\u00e1 pro svou sladkou tropickou v\u016fni a siln\u00fd pocit euforie, je jednou z nejobl\u00edben\u011bj\u0161\u00edch odr\u016fd mezi u\u017eivateli konop\u00ed, kte\u0159\u00ed hledaj\u00ed pr\u00e9miov\u00e9 palice.<\/p>\n<h1 data-section-id=\"1qkgbfg\" data-start=\"381\" data-end=\"409\">Buy Banana Kush Online UK<\/h1>\n<p data-start=\"411\" data-end=\"771\">Kupujte si Banana Kush v d\u016fv\u011bryhodn\u00fdch obchodech s konop\u00edm, pokud chcete odr\u016fdu, kter\u00e1 p\u0159in\u00e1\u0161\u00ed vyv\u00e1\u017eenou sm\u011bs euforie a hlubok\u00e9 relaxace. Banana Kush je zn\u00e1m\u00e1 odr\u016fda ze z\u00e1padn\u00edho pob\u0159e\u017e\u00ed, kter\u00e1 je zn\u00e1m\u00e1 svou ban\u00e1novou chut\u00ed a uklid\u0148uj\u00edc\u00edmi \u00fa\u010dinky. Mnoho spot\u0159ebitel\u016f, kte\u0159\u00ed si kupuj\u00ed Banana Kush online, si pochvaluje jej\u00ed kombinaci povzn\u00e1\u0161ej\u00edc\u00edch du\u0161evn\u00edch pocit\u016f a uklid\u0148uj\u00edc\u00ed fyzick\u00e9 relaxace. Tato odr\u016fda je k\u0159\u00ed\u017eencem Ghost OG a Skunk Haze a je zn\u00e1m\u00e1 sv\u00fdm charakteristick\u00fdm aroma a st\u0159edn\u011b n\u00e1ro\u010dn\u00fdm procesem p\u011bstov\u00e1n\u00ed. Vzhledem ke sv\u00e9 popularit\u011b a jedine\u010dn\u00e9mu terpenov\u00e9mu profilu mnoho u\u017eivatel\u016f hled\u00e1 Kde koupit Banana Kush?, kdy\u017e hledaj\u00ed vysoce kvalitn\u00ed konopn\u00e9 produkty.<\/p>\n<h3 data-section-id=\"1d3xzlz\" data-start=\"1067\" data-end=\"1088\">Lab Tested Results<\/h3>\n<p data-start=\"1090\" data-end=\"1110\">THC: 25 %<br data-start=\"1098\" data-end=\"1101\" \/>CBD: 0.7%<\/p>\n<p data-start=\"1112\" data-end=\"1278\">These cannabinoid levels contribute to the powerful effects that make Banana Kush for sale a highly sought-after strain for both recreational and therapeutic use.<\/p>\n<h3 data-section-id=\"mnten1\" data-start=\"1280\" data-end=\"1305\">Banana Kush z\u00e1\u017eitek<\/h3>\n<p data-start=\"1307\" data-end=\"1560\">P\u0159esto\u017ee je Banana Kush prim\u00e1rn\u011b indikovou odr\u016fdou, poskytuje tak\u00e9 m\u00edrnou ment\u00e1ln\u00ed stimulaci podobnou sativ\u011b. Mnoho konop\u00ed, kte\u0159\u00ed si Banana Kush objednaj\u00ed online, uv\u00e1d\u00ed siln\u00fd pocit euforie, kter\u00fd postupn\u011b vede k hlubok\u00e9 relaxaci a ospalosti. D\u00edky sv\u00fdm siln\u00fdm sedativn\u00edm \u00fa\u010dink\u016fm se Banana Kush online \u010dasto doporu\u010duje u\u017e\u00edvat ve\u010der. Mnoho zku\u0161en\u00fdch u\u017eivatel\u016f d\u00e1v\u00e1 p\u0159ednost t\u00e9to odr\u016fd\u011b p\u0159ed span\u00edm, proto\u017ee jej\u00ed uklid\u0148uj\u00edc\u00ed vlastnosti mohou pomoci podpo\u0159it klidn\u00fd sp\u00e1nek. Ne\u017e se relaxa\u010dn\u00ed \u00fa\u010dinky pln\u011b rozvinou, u\u017eivatel\u00e9 \u010dasto za\u017e\u00edvaj\u00ed p\u0159\u00edjemn\u00e9 euforick\u00e9 povznesen\u00ed a znateln\u00e9 zlep\u0161en\u00ed n\u00e1lady. Tento povzn\u00e1\u0161ej\u00edc\u00ed pocit je jedn\u00edm z d\u016fvod\u016f, pro\u010d mnoho lid\u00ed hled\u00e1 nejlep\u0161\u00ed m\u00edsto pro n\u00e1kup Banana Kush online.<\/p>\n<p data-start=\"2027\" data-end=\"2213\">N\u011bkte\u0159\u00ed u\u017eivatel\u00e9 mohou poci\u0165ovat sucho v \u00fastech nebo such\u00e9 o\u010di, zejm\u00e9na p\u0159i vy\u0161\u0161\u00edch d\u00e1vk\u00e1ch. Pro ty, kte\u0159\u00ed s konop\u00edm za\u010d\u00ednaj\u00ed, se doporu\u010duje za\u010d\u00edt s m\u00edrn\u00fdm mno\u017estv\u00edm p\u0159i n\u00e1kupu Banana Kush.<\/p>\n<h3 data-section-id=\"n8ea45\" data-start=\"2215\" data-end=\"2242\">Profil chuti a v\u016fn\u011b<\/h3>\n<p data-start=\"2244\" data-end=\"2492\">Jedn\u00edm z nejzn\u00e1m\u011bj\u0161\u00edch rys\u016f odr\u016fdy Banana Kush je jej\u00ed legend\u00e1rn\u00ed chu\u0165ov\u00fd profil. Tato odr\u016fda je zn\u00e1m\u00e1 svou nezam\u011bnitelnou ban\u00e1novou chut\u00ed v kombinaci s ovocn\u00fdmi a tropick\u00fdmi t\u00f3ny. N\u011bkte\u0159\u00ed nad\u0161enci do konop\u00ed si tak\u00e9 v\u0161imnou jemn\u00fdch d\u0159evit\u00fdch podt\u00f3n\u016f. P\u0159i spalov\u00e1n\u00ed uvol\u0148uje Banana Kush sladkou a ovocnou v\u016fni, kter\u00e1 rychle napln\u00ed m\u00edstnost. Jej\u00ed siln\u00fd terpenov\u00fd profil je hlavn\u00edm d\u016fvodem, pro\u010d se mnoho u\u017eivatel\u016f rozhodne koupit Banana Kush online od renomovan\u00fdch obchod\u016f s konop\u00edm. Vizu\u00e1ln\u011b m\u00e1 tato odr\u016fda p\u016fsobivou p\u0159ita\u017elivost v reg\u00e1lu. Palice maj\u00ed jasn\u011b zelen\u00e9 listy, broskvov\u011b zbarven\u00e9 pest\u00edky a bohatou vrstvu b\u00edl\u00fdch trichom\u016f. Tento atraktivn\u00ed vzhled \u010dasto usnad\u0148uje rozpozn\u00e1n\u00ed pr\u00e9miov\u00fdch produkt\u016f Banana Kush.<\/p>\n<h3 data-section-id=\"6nc9ol\" data-start=\"2988\" data-end=\"3022\">L\u00e9\u010debn\u00e9 p\u0159\u00ednosy ban\u00e1nov\u00e9ho Kushe<\/h3>\n<p data-start=\"3024\" data-end=\"3286\">P\u0159esto\u017ee je Banana Kush prim\u00e1rn\u011b indikovou odr\u016fdou, poskytuje tak\u00e9 m\u00edrnou ment\u00e1ln\u00ed stimulaci podobnou sativ\u011b. Mnoho konop\u00ed, kte\u0159\u00ed si Banana Kush objednaj\u00ed online, uv\u00e1d\u00ed siln\u00fd pocit euforie, kter\u00fd postupn\u011b vede k hlubok\u00e9 relaxaci a ospalosti. D\u00edky sv\u00fdm siln\u00fdm sedativn\u00edm \u00fa\u010dink\u016fm se Banana Kush online \u010dasto doporu\u010duje u\u017e\u00edvat ve\u010der. Mnoho zku\u0161en\u00fdch u\u017eivatel\u016f d\u00e1v\u00e1 p\u0159ednost t\u00e9to odr\u016fd\u011b p\u0159ed span\u00edm, proto\u017ee jej\u00ed uklid\u0148uj\u00edc\u00ed vlastnosti mohou pomoci podpo\u0159it klidn\u00fd sp\u00e1nek. Ne\u017e se relaxa\u010dn\u00ed \u00fa\u010dinky pln\u011b rozvinou, u\u017eivatel\u00e9 \u010dasto za\u017e\u00edvaj\u00ed p\u0159\u00edjemn\u00e9 euforick\u00e9 povznesen\u00ed a znateln\u00e9 zlep\u0161en\u00ed n\u00e1lady. Tento povzn\u00e1\u0161ej\u00edc\u00ed pocit je jedn\u00edm z d\u016fvod\u016f, pro\u010d mnoho lid\u00ed hled\u00e1 nejlep\u0161\u00ed m\u00edsto pro n\u00e1kup Banana Kush online.<\/p>\n<p data-start=\"3734\" data-end=\"3996\">Siln\u00e9 charakteristiky indiky mohou nav\u00edc pomoci jednotlivc\u016fm zvl\u00e1dat chronickou bolest. Kv\u016fli t\u011bmto potenci\u00e1ln\u00edm v\u00fdhod\u00e1m mnoho u\u017eivatel\u016f porovn\u00e1v\u00e1 ceny odr\u016fdy Banana Kush u r\u016fzn\u00fdch prodejc\u016f, aby na\u0161li nejlep\u0161\u00ed hodnotu a z\u00e1rove\u0148 si zachovali kvalitu produktu. Pro nad\u0161ence do konop\u00ed, kte\u0159\u00ed hledaj\u00ed pr\u00e9miov\u00e9 odr\u016fdy, nalezen\u00ed nejlep\u0161\u00edho m\u00edsta pro n\u00e1kup Banana Kush online zaji\u0161\u0165uje p\u0159\u00edstup ke spolehliv\u00fdm produkt\u016fm s konzistentn\u00ed silou a chut\u00ed.<\/p>\n<\/div>\n<\/div>\n<\/div>\n<\/div>\n<div class=\"z-0 flex min-h-[46px] justify-start\"><\/div>\n<div class=\"mt-3 w-full empty:hidden\">\n<div class=\"text-center\"><\/div>\n<\/div>\n<\/div>\n<\/div>\n<\/article>\n<\/div>\n<div class=\"pointer-events-none h-px w-px absolute bottom-0\" aria-hidden=\"true\" data-edge=\"true\"><\/div>\n<\/div>","protected":false},"excerpt":{"rendered":"<p>Dominantn\u00ed hybrid Indica - 60% Indica \/ 40% Sativa THC: 18% - 25%, CBN: 1%<br \/>\nM\u00e1me tu ban\u00e1nov\u00fd hybrid dvou legend\u00e1rn\u00edch odr\u016fd: OG Kush of the West Coast a Skunk Haze.<\/p>\n<p>Kmen marihuany Banana Kush je hybrid s p\u0159evahou indiky. Kush byl vytvo\u0159en spole\u010dnost\u00ed Cali Kush. Tato marihuana m\u00e1 n\u00e1dhern\u00e9 aroma lahodn\u00e9ho ban\u00e1novo-ku\u0161ov\u00e9ho koktejlu. Banana Kush m\u00e1 jasn\u011b zelen\u00e9, nad\u00fdchan\u00e9 pupeny se \u017elutooran\u017eov\u00fdmi chloupky. H\u00e1lky jsou pokryty b\u00edl\u00fdmi krystalky. D\u00edky sv\u00e9 s\u00edle v\u00e1s konopn\u00fd kmen Banana Kush b\u011bhem n\u011bkolika minut zklidn\u00ed od bolesti a ukol\u00e9b\u00e1 ke sp\u00e1nku, nejl\u00e9pe pro no\u010dn\u00ed u\u017e\u00edv\u00e1n\u00ed. S THC na \u00farovni 18% by si za\u010d\u00e1te\u010dn\u00edci m\u011bli d\u00e1vat pozor na d\u00e1vku.<\/p>","protected":false},"featured_media":4376,"comment_status":"open","ping_status":"closed","template":"","meta":{"_themeisle_gutenberg_block_has_review":false,"_ti_tpc_template_sync":false,"_ti_tpc_template_id":"","_joinchat":[]},"product_cat":[216],"product_tag":[],"class_list":{"0":"post-4360","1":"product","2":"type-product","3":"status-publish","4":"has-post-thumbnail","6":"product_cat-hybrid","8":"first","9":"instock","10":"shipping-taxable","11":"purchasable","12":"product-type-variable"},"yoast_head":"<!-- This site is optimized with the Yoast SEO plugin v22.7 - https:\/\/yoast.com\/wordpress\/plugins\/seo\/ -->\n<title>Weed to buy online uk | Buy banana kush online in Europe<\/title>\n<meta name=\"description\" content=\"Buy Banana Kush online for a flavorful hybrid strain known for its sweet tropical aroma and relaxing effects. Banana Kush for sale offers premium quality buds ideal for cannabis enthusiasts.\" \/>\n<meta name=\"robots\" content=\"index, follow, max-snippet:-1, max-image-preview:large, max-video-preview:-1\" \/>\n<link rel=\"canonical\" href=\"https:\/\/grassxpress.com\/cs\/produkt\/banana-kush\/\" \/>\n<meta property=\"og:locale\" content=\"cs_CZ\" \/>\n<meta property=\"og:type\" content=\"article\" \/>\n<meta property=\"og:title\" content=\"Weed to buy online uk | Buy banana kush online in Europe\" \/>\n<meta property=\"og:description\" content=\"Buy Banana Kush online for a flavorful hybrid strain known for its sweet tropical aroma and relaxing effects. Banana Kush for sale offers premium quality buds ideal for cannabis enthusiasts.\" \/>\n<meta property=\"og:url\" content=\"https:\/\/grassxpress.com\/cs\/produkt\/banana-kush\/\" \/>\n<meta property=\"og:site_name\" content=\"GrassXpress\" \/>\n<meta property=\"article:modified_time\" content=\"2026-04-02T09:09:06+00:00\" \/>\n<meta property=\"og:image\" content=\"https:\/\/grassxpress.com\/wp-content\/uploads\/2022\/11\/Banana-kush.jpg\" \/>\n\t<meta property=\"og:image:width\" content=\"600\" \/>\n\t<meta property=\"og:image:height\" content=\"600\" \/>\n\t<meta property=\"og:image:type\" content=\"image\/jpeg\" \/>\n<meta name=\"twitter:card\" content=\"summary_large_image\" \/>\n<meta name=\"twitter:label1\" content=\"Odhadovan\u00e1 doba \u010dten\u00ed\" \/>\n\t<meta name=\"twitter:data1\" content=\"3 minuty\" \/>\n<!-- \/ Yoast SEO plugin. -->","yoast_head_json":{"title":"Weed to buy online uk | Buy banana kush online in Europe","description":"Buy Banana Kush online for a flavorful hybrid strain known for its sweet tropical aroma and relaxing effects. Banana Kush for sale offers premium quality buds ideal for cannabis enthusiasts.","robots":{"index":"index","follow":"follow","max-snippet":"max-snippet:-1","max-image-preview":"max-image-preview:large","max-video-preview":"max-video-preview:-1"},"canonical":"https:\/\/grassxpress.com\/cs\/produkt\/banana-kush\/","og_locale":"cs_CZ","og_type":"article","og_title":"Weed to buy online uk | Buy banana kush online in Europe","og_description":"Buy Banana Kush online for a flavorful hybrid strain known for its sweet tropical aroma and relaxing effects. Banana Kush for sale offers premium quality buds ideal for cannabis enthusiasts.","og_url":"https:\/\/grassxpress.com\/cs\/produkt\/banana-kush\/","og_site_name":"GrassXpress","article_modified_time":"2026-04-02T09:09:06+00:00","og_image":[{"width":600,"height":600,"url":"https:\/\/grassxpress.com\/wp-content\/uploads\/2022\/11\/Banana-kush.jpg","type":"image\/jpeg"}],"twitter_card":"summary_large_image","twitter_misc":{"Odhadovan\u00e1 doba \u010dten\u00ed":"3 minuty"},"schema":{"@context":"https:\/\/schema.org","@graph":[{"@type":"WebPage","@id":"https:\/\/grassxpress.com\/product\/banana-kush\/","url":"https:\/\/grassxpress.com\/product\/banana-kush\/","name":"Weed to buy online uk | Buy banana kush online in Europe","isPartOf":{"@id":"https:\/\/grassxpress.com\/#website"},"primaryImageOfPage":{"@id":"https:\/\/grassxpress.com\/product\/banana-kush\/#primaryimage"},"image":{"@id":"https:\/\/grassxpress.com\/product\/banana-kush\/#primaryimage"},"thumbnailUrl":"https:\/\/grassxpress.com\/wp-content\/uploads\/2022\/11\/Banana-kush.jpg","datePublished":"2022-11-15T10:11:40+00:00","dateModified":"2026-04-02T09:09:06+00:00","description":"Buy Banana Kush online for a flavorful hybrid strain known for its sweet tropical aroma and relaxing effects. Banana Kush for sale offers premium quality buds ideal for cannabis enthusiasts.","breadcrumb":{"@id":"https:\/\/grassxpress.com\/product\/banana-kush\/#breadcrumb"},"inLanguage":"cs","potentialAction":[{"@type":"ReadAction","target":["https:\/\/grassxpress.com\/product\/banana-kush\/"]}]},{"@type":"ImageObject","inLanguage":"cs","@id":"https:\/\/grassxpress.com\/product\/banana-kush\/#primaryimage","url":"https:\/\/grassxpress.com\/wp-content\/uploads\/2022\/11\/Banana-kush.jpg","contentUrl":"https:\/\/grassxpress.com\/wp-content\/uploads\/2022\/11\/Banana-kush.jpg","width":600,"height":600,"caption":"Banana kush"},{"@type":"BreadcrumbList","@id":"https:\/\/grassxpress.com\/product\/banana-kush\/#breadcrumb","itemListElement":[{"@type":"ListItem","position":1,"name":"Home","item":"https:\/\/grassxpress.com\/"},{"@type":"ListItem","position":2,"name":"Mail Order Weed UK","item":"https:\/\/grassxpress.com\/mail-order-weed-uk\/"},{"@type":"ListItem","position":3,"name":"Buy Banana Kush Online UK"}]},{"@type":"WebSite","@id":"https:\/\/grassxpress.com\/#website","url":"https:\/\/grassxpress.com\/","name":"GrassXpress","description":"Buy Weed Online UK","publisher":{"@id":"https:\/\/grassxpress.com\/#organization"},"potentialAction":[{"@type":"SearchAction","target":{"@type":"EntryPoint","urlTemplate":"https:\/\/grassxpress.com\/?s={search_term_string}"},"query-input":"required name=search_term_string"}],"inLanguage":"cs"},{"@type":"Organization","@id":"https:\/\/grassxpress.com\/#organization","name":"GrassXpress","url":"https:\/\/grassxpress.com\/","logo":{"@type":"ImageObject","inLanguage":"cs","@id":"https:\/\/grassxpress.com\/#\/schema\/logo\/image\/","url":"https:\/\/grassxpress.com\/wp-content\/uploads\/2024\/01\/logo.png","contentUrl":"https:\/\/grassxpress.com\/wp-content\/uploads\/2024\/01\/logo.png","width":300,"height":100,"caption":"GrassXpress"},"image":{"@id":"https:\/\/grassxpress.com\/#\/schema\/logo\/image\/"}}]}},"_links":{"self":[{"href":"https:\/\/grassxpress.com\/cs\/wp-json\/wp\/v2\/product\/4360","targetHints":{"allow":["GET"]}}],"collection":[{"href":"https:\/\/grassxpress.com\/cs\/wp-json\/wp\/v2\/product"}],"about":[{"href":"https:\/\/grassxpress.com\/cs\/wp-json\/wp\/v2\/types\/product"}],"replies":[{"embeddable":true,"href":"https:\/\/grassxpress.com\/cs\/wp-json\/wp\/v2\/comments?post=4360"}],"wp:featuredmedia":[{"embeddable":true,"href":"https:\/\/grassxpress.com\/cs\/wp-json\/wp\/v2\/media\/4376"}],"wp:attachment":[{"href":"https:\/\/grassxpress.com\/cs\/wp-json\/wp\/v2\/media?parent=4360"}],"wp:term":[{"taxonomy":"product_cat","embeddable":true,"href":"https:\/\/grassxpress.com\/cs\/wp-json\/wp\/v2\/product_cat?post=4360"},{"taxonomy":"product_tag","embeddable":true,"href":"https:\/\/grassxpress.com\/cs\/wp-json\/wp\/v2\/product_tag?post=4360"}],"curies":[{"name":"wp","href":"https:\/\/api.w.org\/{rel}","templated":true}]}}