{"id":4305,"date":"2022-11-15T09:39:58","date_gmt":"2022-11-15T09:39:58","guid":{"rendered":"https:\/\/documentosespana.com\/diligent\/?post_type=product&#038;p=4305"},"modified":"2026-04-02T09:13:13","modified_gmt":"2026-04-02T09:13:13","slug":"master-kush","status":"publish","type":"product","link":"https:\/\/grassxpress.com\/cs\/produkt\/master-kush\/","title":{"rendered":"Master kush"},"content":{"rendered":"<h2><strong>Master Kush Weed Strain in UK| Master Kush for sale | buy master kush online<\/strong><\/h2>\n<p><span style=\"color: #000000;\"><a href=\"https:\/\/grassxpress.com\/cs\/produkt\/master-kush\/\">Buy Master Kush online in Uk<\/a> indica k\u0159\u00ed\u017een\u00ed ze dvou kmen\u016f landrace z r\u016fzn\u00fdch \u010d\u00e1st\u00ed regionu Hind\u00faku\u0161 holandskou White Label Seed Company v Amsterdamu. Rostlina produkuje jemnou zemitou citrusovou v\u016fni s n\u00e1dechem kadidla, kter\u00e1 je \u010dasto popisov\u00e1na jako vintage chu\u0165. Chu\u0165 Master Kushe p\u0159ipom\u00edn\u00e1 slavn\u00fd tvrd\u011b t\u0159en\u00fd charas hash. Internetov\u00fd obchod s tr\u00e1vou ve Velk\u00e9 Brit\u00e1nii. <a href=\"https:\/\/grassxpress.com\/cs\/mail-order-weed-uk\/\">V\u00edce na<\/a><\/span><\/p>\n<p><span style=\"color: #000000;\"><strong>N\u00e1zev kmene:<\/strong> Master Kush je a<\/span><br \/>\n<span style=\"color: #000000;\"><strong>Type:<\/strong> Indica<\/span><br \/>\n<span style=\"color: #000000;\"><strong>Looks:<\/strong> Hust\u00e9 jasn\u011b zelen\u00e9 nugety pokryt\u00e9 <a href=\"https:\/\/en.wikipedia.org\/wiki\/Special:Search?search=weed+online&amp;go=Go&amp;ns0=1\">in<\/a> oran\u017eov\u00e9 chloupky a matn\u00e9 trichromy, kam a\u017e oko dohl\u00e9dne<\/span><br \/>\n<span style=\"color: #000000;\"><strong>Smell:<\/strong> Piney &amp; Citrus Skunk<\/span><br \/>\n<span style=\"color: #000000;\"><strong>Taste:<\/strong> Komplexn\u00ed chu\u0165 Kush s n\u00e1dechem citrus\u016f a hladk\u00e1 na v\u00fddechu<\/span><br \/>\n<span style=\"color: #000000;\"><strong>Effects:<\/strong> NARKOTICK\u00c1 Indica Dominance Velmi t\u011b\u017ek\u00e1 na o\u010dn\u00edch v\u00ed\u010dk\u00e1ch c\u00edtit ihned po v\u00fddechu n\u011bkter\u00e9 vlastnosti sativy, ALE hlavn\u011b c\u00edtit po cel\u00e9m t\u011ble<\/span><br \/>\n<span style=\"color: #000000;\"><strong>Potency:<\/strong> 10 NE pro lehk\u00e9 v\u00e1hy P\u0159i d\u00e1vkov\u00e1n\u00ed pou\u017e\u00edvejte diskr\u00e9tnost, jinak se p\u0159ipravte na DLOUH\u00dd ZDROJ!!!<\/span><\/p>\n<h3><strong>\u00da\u010dinky a p\u0159\u00ednosy Master Kush<\/strong><\/h3>\n<p>Master Kush je zn\u00e1m\u00fd sv\u00fdmi hluboce relaxa\u010dn\u00edmi a sedativn\u00edmi vlastnostmi, d\u00edky \u010demu\u017e je ide\u00e1ln\u00ed pro:<br \/>\n\u2013\u00a0\u00daleva od stresu a \u00fazkosti\u00a0\u2013 Uklid\u0148uje mysl a podporuje relaxaci.<br \/>\n\u2013\u00a0L\u00e9\u010dba bolesti\u00a0\u2013 \u00da\u010dinn\u00fd p\u0159i chronick\u00e9 bolesti, svalov\u00fdch k\u0159e\u010d\u00edch a z\u00e1n\u011btu.<br \/>\n\u2013 \u00daleva od nespavosti \u2013 Pom\u00e1h\u00e1 u\u017eivatel\u016fm rychleji usnout a u\u017e\u00edvat si hlub\u0161\u00edho odpo\u010dinku.<br \/>\n\u2013 Stimulace chuti k j\u00eddlu \u2013 Skv\u011bl\u00e9 pro ty, kte\u0159\u00ed se pot\u00fdkaj\u00ed s nevolnost\u00ed nebo nedostatkem hladu.<\/p>\n<p>\u00da\u010dinek za\u010d\u00edn\u00e1 jemn\u00fdm povznesen\u00edm mozku a pot\u00e9 p\u0159ech\u00e1z\u00ed do celot\u011blov\u00e9 relaxace, tak\u017ee je ide\u00e1ln\u00ed pro ve\u010dern\u00ed nebo no\u010dn\u00ed u\u017e\u00edv\u00e1n\u00ed.<\/p>\n<h3>\u00da\u010dinky odr\u016fdy konop\u00ed Master Kush<\/h3>\n<p>When you smoke this <a href=\"https:\/\/grassxpress.com\/cs\/produkt\/severni-polarni-zare\/\">konop\u00ed<\/a>, you may experience the typical side effects of dry mouth and eyes. Higher dosages or eating Master Kush as an edible can also cause anxiety, paranoia, and dizziness in certain patients.<\/p>\n<p>Prim\u00e1rn\u00edm \u00fa\u010delem t\u00e9to odr\u016fdy je sni\u017eovat \u00fazkost a stres. Siln\u00e9 \u00fa\u010dinky zalo\u017een\u00e9 na indik\u011b jsou ide\u00e1ln\u00ed pro ve\u010dern\u00ed relaxaci. Pokud jde o l\u00e9\u010dbu nespavosti, Master Kush je velmi \u00fasp\u011b\u0161n\u00fd. Chronickou bolest lze zvl\u00e1dnout d\u00edky jej\u00edmu t\u011blesn\u011b znecitlivuj\u00edc\u00edmu pocitu. Siln\u00e9, charakteristick\u00e9 \u201em\u00e1\u010den\u00ed\u201c t\u00e9to odr\u016fdy m\u016f\u017ee tak\u00e9 pomoci lidem s poruchami p\u0159\u00edjmu potravy, jako je bulimie a anorexie, zv\u00fd\u0161it chu\u0165 k j\u00eddlu. <a href=\"https:\/\/grassxpress.com\/cs\/\">Grassxpress<\/a><\/p>\n<h3>Pro\u010d nakupovat Master Kush online od n\u00e1s?<\/h3>\n<p>When you purchase the <a href=\"https:\/\/en.wikipedia.org\/wiki\/Kush_(cannabis)\">Master Kush strain online in uk<\/a>, you receive:<br \/>\nVynikaj\u00edc\u00ed kvalita; \u00fa\u010dinnost a \u010distota testov\u00e1ny v laborato\u0159i.<\/p>\n<p>Rychl\u00e9 a skryt\u00e9 doru\u010den\u00ed; bezpe\u010dn\u00e9 balen\u00ed bez etiket.<br \/>\nKonkurenceschopn\u00e9 ceny: Rozumn\u00e9 ceny pro hromadn\u00e9 objedn\u00e1vky.<br \/>\nSpolehliv\u00e1 doprava do USA, Kanady, Evropy a dal\u0161\u00edch zem\u00ed; spolehliv\u00fd servis. <a href=\"https:\/\/grassxpress.com\/cs\/produkt\/master-kush\/\">Pick yours up<\/a><\/p>\n<p>&nbsp;<\/p>","protected":false},"excerpt":{"rendered":"<p>NARCOTIC Indica Dominance Very Heavy on the eyelids felt immediately upon exhalation some sativa attributes BUT mainly a felt throughout the body.\u00a0This strain holds a superb balance of full-body relaxation without mind-numbing effects. Instead,\u00a0Master Kush offers a sharpened sensory awareness that can bring out the<\/p>","protected":false},"featured_media":4330,"comment_status":"open","ping_status":"closed","template":"","meta":{"_themeisle_gutenberg_block_has_review":false,"_ti_tpc_template_sync":false,"_ti_tpc_template_id":"","_joinchat":[]},"product_cat":[128],"product_tag":[137,138,139,140,141,142,143,144,145,33,146,147,148,149,150,151,152,153,154,155,156,157,158,159,160,161,162,163,164,165,166,167,168,169,170,171,172,173,174,175,176,177,178,179,180,181,182],"class_list":{"0":"post-4305","1":"product","2":"type-product","3":"status-publish","4":"has-post-thumbnail","6":"product_cat-indica","7":"product_tag-best-marijuana-strains-for-pains","8":"product_tag-best-online-dispensary","9":"product_tag-buy-cheap-master-kush","10":"product_tag-buy-marijuana-online","11":"product_tag-buy-master-kush","12":"product_tag-buy-master-kush-in-usa","13":"product_tag-buy-master-kush-online","14":"product_tag-buy-master-kush-strains","15":"product_tag-delivery-master-kush","16":"product_tag-indica-strains","17":"product_tag-kush-masters-colorado","18":"product_tag-marijuana-medical-strains","19":"product_tag-master-kush","20":"product_tag-master-kush-420","21":"product_tag-master-kush-buds-for-sale","22":"product_tag-master-kush-cartridge","23":"product_tag-master-kush-for-sale-colorado","24":"product_tag-master-kush-for-sale-in-canada-without-mmi-card","25":"product_tag-master-kush-for-sale-in-usa","26":"product_tag-master-kush-leafly","27":"product_tag-master-kush-mail-order","28":"product_tag-master-kush-marijuana-for-sale-without-mmi-card","29":"product_tag-master-kush-marijuana-online","30":"product_tag-master-kush-marijuana-seeds","31":"product_tag-master-kush-marijuana-strain","32":"product_tag-master-kush-overnight-delivery","33":"product_tag-master-kush-overnight-shipping","34":"product_tag-master-kush-seeds","35":"product_tag-master-kush-seeds-for-sale","36":"product_tag-master-kush-strain","37":"product_tag-master-kush-strains","38":"product_tag-master-kush-strains-worldwide-delivery","39":"product_tag-master-kush-vape","40":"product_tag-master-kush-vape-cartridge","41":"product_tag-master-kush-weed","42":"product_tag-master-kush-weed-strain","43":"product_tag-medical-cannabis","44":"product_tag-medical-cannabis-delivery","45":"product_tag-medical-master-kush","46":"product_tag-medical-master-kush-strains","47":"product_tag-order-master-kush","48":"product_tag-order-master-kush-marijuana","49":"product_tag-order-master-kush-online","50":"product_tag-quality-master-kush","51":"product_tag-ship-master-kush-strains","52":"product_tag-top-shelf-master-kush-online","53":"product_tag-top-shelf-master-kush-strain","55":"first","56":"instock","57":"shipping-taxable","58":"purchasable","59":"product-type-variable"},"yoast_head":"<!-- This site is optimized with the Yoast SEO plugin v22.7 - https:\/\/yoast.com\/wordpress\/plugins\/seo\/ -->\n<title>Buy Master Kush Online in UK | Master Kush Strain for Sale<\/title>\n<meta name=\"description\" content=\"Buy Master Kush online uk and discover a classic indica strain recognized for its earthy aroma and calming qualities. Master Kush for sale with rich kush genetics and a smooth, relaxing profile.\" \/>\n<meta name=\"robots\" content=\"index, follow, max-snippet:-1, max-image-preview:large, max-video-preview:-1\" \/>\n<link rel=\"canonical\" href=\"https:\/\/grassxpress.com\/cs\/produkt\/master-kush\/\" \/>\n<meta property=\"og:locale\" content=\"cs_CZ\" \/>\n<meta property=\"og:type\" content=\"article\" \/>\n<meta property=\"og:title\" content=\"Buy Master Kush Online in UK | Master Kush Strain for Sale\" \/>\n<meta property=\"og:description\" content=\"Buy Master Kush online uk and discover a classic indica strain recognized for its earthy aroma and calming qualities. Master Kush for sale with rich kush genetics and a smooth, relaxing profile.\" \/>\n<meta property=\"og:url\" content=\"https:\/\/grassxpress.com\/cs\/produkt\/master-kush\/\" \/>\n<meta property=\"og:site_name\" content=\"GrassXpress\" \/>\n<meta property=\"article:modified_time\" content=\"2026-04-02T09:13:13+00:00\" \/>\n<meta property=\"og:image\" content=\"https:\/\/grassxpress.com\/wp-content\/uploads\/2022\/11\/Master-kush.jpg\" \/>\n\t<meta property=\"og:image:width\" content=\"600\" \/>\n\t<meta property=\"og:image:height\" content=\"600\" \/>\n\t<meta property=\"og:image:type\" content=\"image\/jpeg\" \/>\n<meta name=\"twitter:card\" content=\"summary_large_image\" \/>\n<meta name=\"twitter:label1\" content=\"Odhadovan\u00e1 doba \u010dten\u00ed\" \/>\n\t<meta name=\"twitter:data1\" content=\"3 minuty\" \/>\n<!-- \/ Yoast SEO plugin. -->","yoast_head_json":{"title":"Buy Master Kush Online in UK | Master Kush Strain for Sale","description":"Buy Master Kush online uk and discover a classic indica strain recognized for its earthy aroma and calming qualities. Master Kush for sale with rich kush genetics and a smooth, relaxing profile.","robots":{"index":"index","follow":"follow","max-snippet":"max-snippet:-1","max-image-preview":"max-image-preview:large","max-video-preview":"max-video-preview:-1"},"canonical":"https:\/\/grassxpress.com\/cs\/produkt\/master-kush\/","og_locale":"cs_CZ","og_type":"article","og_title":"Buy Master Kush Online in UK | Master Kush Strain for Sale","og_description":"Buy Master Kush online uk and discover a classic indica strain recognized for its earthy aroma and calming qualities. Master Kush for sale with rich kush genetics and a smooth, relaxing profile.","og_url":"https:\/\/grassxpress.com\/cs\/produkt\/master-kush\/","og_site_name":"GrassXpress","article_modified_time":"2026-04-02T09:13:13+00:00","og_image":[{"width":600,"height":600,"url":"https:\/\/grassxpress.com\/wp-content\/uploads\/2022\/11\/Master-kush.jpg","type":"image\/jpeg"}],"twitter_card":"summary_large_image","twitter_misc":{"Odhadovan\u00e1 doba \u010dten\u00ed":"3 minuty"},"schema":{"@context":"https:\/\/schema.org","@graph":[{"@type":"WebPage","@id":"https:\/\/grassxpress.com\/product\/master-kush\/","url":"https:\/\/grassxpress.com\/product\/master-kush\/","name":"Buy Master Kush Online in UK | Master Kush Strain for Sale","isPartOf":{"@id":"https:\/\/grassxpress.com\/#website"},"primaryImageOfPage":{"@id":"https:\/\/grassxpress.com\/product\/master-kush\/#primaryimage"},"image":{"@id":"https:\/\/grassxpress.com\/product\/master-kush\/#primaryimage"},"thumbnailUrl":"https:\/\/grassxpress.com\/wp-content\/uploads\/2022\/11\/Master-kush.jpg","datePublished":"2022-11-15T09:39:58+00:00","dateModified":"2026-04-02T09:13:13+00:00","description":"Buy Master Kush online uk and discover a classic indica strain recognized for its earthy aroma and calming qualities. Master Kush for sale with rich kush genetics and a smooth, relaxing profile.","breadcrumb":{"@id":"https:\/\/grassxpress.com\/product\/master-kush\/#breadcrumb"},"inLanguage":"cs","potentialAction":[{"@type":"ReadAction","target":["https:\/\/grassxpress.com\/product\/master-kush\/"]}]},{"@type":"ImageObject","inLanguage":"cs","@id":"https:\/\/grassxpress.com\/product\/master-kush\/#primaryimage","url":"https:\/\/grassxpress.com\/wp-content\/uploads\/2022\/11\/Master-kush.jpg","contentUrl":"https:\/\/grassxpress.com\/wp-content\/uploads\/2022\/11\/Master-kush.jpg","width":600,"height":600,"caption":"Master kush"},{"@type":"BreadcrumbList","@id":"https:\/\/grassxpress.com\/product\/master-kush\/#breadcrumb","itemListElement":[{"@type":"ListItem","position":1,"name":"Home","item":"https:\/\/grassxpress.com\/"},{"@type":"ListItem","position":2,"name":"Mail Order Weed UK","item":"https:\/\/grassxpress.com\/mail-order-weed-uk\/"},{"@type":"ListItem","position":3,"name":"Master kush"}]},{"@type":"WebSite","@id":"https:\/\/grassxpress.com\/#website","url":"https:\/\/grassxpress.com\/","name":"GrassXpress","description":"Buy Weed Online UK","publisher":{"@id":"https:\/\/grassxpress.com\/#organization"},"potentialAction":[{"@type":"SearchAction","target":{"@type":"EntryPoint","urlTemplate":"https:\/\/grassxpress.com\/?s={search_term_string}"},"query-input":"required name=search_term_string"}],"inLanguage":"cs"},{"@type":"Organization","@id":"https:\/\/grassxpress.com\/#organization","name":"GrassXpress","url":"https:\/\/grassxpress.com\/","logo":{"@type":"ImageObject","inLanguage":"cs","@id":"https:\/\/grassxpress.com\/#\/schema\/logo\/image\/","url":"https:\/\/grassxpress.com\/wp-content\/uploads\/2024\/01\/logo.png","contentUrl":"https:\/\/grassxpress.com\/wp-content\/uploads\/2024\/01\/logo.png","width":300,"height":100,"caption":"GrassXpress"},"image":{"@id":"https:\/\/grassxpress.com\/#\/schema\/logo\/image\/"}}]}},"_links":{"self":[{"href":"https:\/\/grassxpress.com\/cs\/wp-json\/wp\/v2\/product\/4305","targetHints":{"allow":["GET"]}}],"collection":[{"href":"https:\/\/grassxpress.com\/cs\/wp-json\/wp\/v2\/product"}],"about":[{"href":"https:\/\/grassxpress.com\/cs\/wp-json\/wp\/v2\/types\/product"}],"replies":[{"embeddable":true,"href":"https:\/\/grassxpress.com\/cs\/wp-json\/wp\/v2\/comments?post=4305"}],"wp:featuredmedia":[{"embeddable":true,"href":"https:\/\/grassxpress.com\/cs\/wp-json\/wp\/v2\/media\/4330"}],"wp:attachment":[{"href":"https:\/\/grassxpress.com\/cs\/wp-json\/wp\/v2\/media?parent=4305"}],"wp:term":[{"taxonomy":"product_cat","embeddable":true,"href":"https:\/\/grassxpress.com\/cs\/wp-json\/wp\/v2\/product_cat?post=4305"},{"taxonomy":"product_tag","embeddable":true,"href":"https:\/\/grassxpress.com\/cs\/wp-json\/wp\/v2\/product_tag?post=4305"}],"curies":[{"name":"wp","href":"https:\/\/api.w.org\/{rel}","templated":true}]}}