{"id":61,"date":"2020-01-23T18:21:52","date_gmt":"2020-01-23T18:21:52","guid":{"rendered":"https:\/\/demosites.io\/web-agency-gb\/?page_id=61"},"modified":"2023-01-06T07:07:00","modified_gmt":"2023-01-06T07:07:00","slug":"can-i-order-weed-online","status":"publish","type":"page","link":"https:\/\/grassxpress.com\/cs\/can-i-order-weed-online\/","title":{"rendered":"O n\u00e1s"},"content":{"rendered":"<h1 style=\"text-align: justify;\">leg\u00e1ln\u00ed z\u00e1tky na plevel online \u010cesko<\/h1>\n<p style=\"text-align: justify;\">Mohu si objednat tr\u00e1vu online, GrassXpress je online v\u00fddejna tr\u00e1vy, kde si m\u016f\u017eete koupit tr\u00e1vu online v \u010cesk\u00e9 republice, ani\u017e byste museli bzu\u010det o centimetr od va\u0161eho m\u00edsta. Mo\u017en\u00e1 se div\u00edte, proto\u017ee v m\u00e9m okol\u00ed je mnoho prodejc\u016f tr\u00e1vy ve Velk\u00e9 Brit\u00e1nii. M\u00e1me nejzku\u0161en\u011bj\u0161\u00ed l\u00e9k\u00e1rnu, kter\u00e1 v\u00e1m nab\u00edz\u00ed mo\u017enost n\u00e1kupu t\u011bch nejkvalitn\u011bj\u0161\u00edch produkt\u016f.<\/p>\n<p style=\"text-align: justify;\">M\u016f\u017eete si koupit konop\u00ed online, ani\u017e byste se museli pot\u00fdkat s jak\u00fdmkoli probl\u00e9mem, kter\u00fd by l\u00e9\u010dil pacientovu nemoc a uspokojil rekrea\u010dn\u00ed touhy. Nemus\u00edte opou\u0161t\u011bt sv\u016fj d\u016fm, abyste si koupili odr\u016fdy marihuany online, proto\u017ee svou objedn\u00e1vku m\u016f\u017eete splnit bu\u010f prost\u0159ednictv\u00edm sv\u00fdch chytr\u00fdch telefon\u016f, po\u010d\u00edta\u010d\u016f nebo notebook\u016f a nav\u0161t\u00edvit virtu\u00e1ln\u00ed hash obchod.<\/p>\n<p style=\"text-align: justify;\">M\u00e1me velkou sb\u00edrku v\u0161ech odr\u016fd vysoce kvalitn\u00edch plevel\u016f, s r\u016fzn\u00fdmi cenami pro ka\u017edou odr\u016fdu. M\u016f\u017eete si je zakoupit na z\u00e1klad\u011b sv\u00fdch z\u00e1jm\u016f a preferenc\u00ed. Ka\u017edou va\u0161i objedn\u00e1vku pe\u010dliv\u011b zabal\u00edme a v atraktivn\u00edm balen\u00ed doru\u010d\u00edme a\u017e dom\u016f. P\u0159ijat\u00fd bal\u00edk bude bez z\u00e1pachu a bude zpracov\u00e1n ve stanoven\u00e9m \u010dasov\u00e9m r\u00e1mci. Za posledn\u00edch n\u011bkolik let jsme se etablovali jako p\u0159edn\u00ed spole\u010dnost pro voln\u00fd \u010das a z\u00e1kazn\u00edci vlo\u017eili d\u016fv\u011bru do na\u0161ich slu\u017eeb. D\u00edky na\u0161emu vytrval\u00e9mu p\u0159\u00edstupu a p\u0159edv\u00eddavosti jsme se stali jednou z nejrychleji rostouc\u00edch konopn\u00fdch firem. Poskytujeme pr\u00e9miov\u00e9 doru\u010dovac\u00ed slu\u017eby v \u0159ad\u011b zem\u00ed po cel\u00e9m sv\u011bt\u011b, v\u010detn\u011b Spojen\u00e9ho kr\u00e1lovstv\u00ed, Nizozemska, \u0158ecka, Francie, \u0160v\u00fdcarska, It\u00e1lie a mnoha dal\u0161\u00edch. Pokud hled\u00e1te online obchod s konop\u00edm v m\u00e9 bl\u00edzkosti, m\u016f\u017eete n\u00e1m zaslat sv\u016fj po\u017eadavek.<\/p>\n<p style=\"text-align: justify;\">Jsme si jist\u00ed na\u0161imi slu\u017ebami, proto\u017ee ti, kte\u0159\u00ed nakupuj\u00ed konop\u00ed na prodej z na\u0161eho internetov\u00e9ho obchodu, se k n\u00e1m znovu a znovu vracej\u00ed. Jsme jednou z nejlep\u0161\u00edch firem na v\u00fdrobu hrnc\u016f na sv\u011bt\u011b s odborn\u00edky na marihuanu a vy\u0161kolen\u00fdmi pracovn\u00edky, kte\u0159\u00ed pe\u010dliv\u011b kontroluj\u00ed ka\u017edou polo\u017eku, ne\u017e ji po\u0161lou k va\u0161im dve\u0159\u00edm. Nab\u00edz\u00edme bezpe\u010dnou platebn\u00ed metodu a v\u0161echny produkty budou pro v\u00e1s v p\u0159ijateln\u00e9m cenov\u00e9m rozsahu.<\/p>\n<p style=\"text-align: justify;\">Z internetov\u00e9ho obchodu si m\u016f\u017eete objednat tr\u00e1vu z Velk\u00e9 Brit\u00e1nie jako AK-47, Banana Kush, Blue Dream, Blueberry Kush, Harlequin, Gelato 47, Girls Scout Cookies, Jack Ripper, Lemon Haze, Mango Kush, Master Kush.<\/p>\n<h2 style=\"text-align: justify;\">Mohu si objednat tr\u00e1vu online<\/h2>\n<p style=\"text-align: justify;\">Roz\u010dilovalo n\u00e1s, jak t\u011b\u017ek\u00e9 m\u016f\u017ee b\u00fdt zkoumat p\u011bstov\u00e1n\u00ed konop\u00ed a dost\u00e1vat pravdiv\u00e9 odpov\u011bdi na z\u00e1kladn\u00ed p\u011bstitelsk\u00e9 ot\u00e1zky po letech proch\u00e1zen\u00ed nejv\u00fdznamn\u011bj\u0161\u00edch str\u00e1nek s p\u011bstov\u00e1n\u00edm konop\u00ed. GrassXpress tak\u00e9 v\u011b\u0159il, \u017ee je zapot\u0159eb\u00ed u\u017eivatelsky p\u0159\u00edv\u011btiv\u011bj\u0161\u00ed metoda vzd\u011bl\u00e1v\u00e1n\u00ed lid\u00ed o r\u016fstu. C\u00edtili jsme, \u017ee je \u010das vytvo\u0159it webovou str\u00e1nku, kter\u00e1 uk\u00e1\u017ee, jak jednoduch\u00e9 je produkovat konop\u00ed v interi\u00e9ru s t\u00e9m\u011b\u0159 jak\u00fdmkoli rozpo\u010dtem. GrassXpress zam\u00fd\u0161lel vytvo\u0159it zdroj, kter\u00fd nevy\u017eadoval p\u0159ihl\u00e1\u0161en\u00ed nebo \u00fa\u010det, ale m\u00edsto toho jednodu\u0161e poskytoval snadno dostupn\u00e9 roz\u0161i\u0159uj\u00edc\u00ed znalosti pro celou planetu. Sky bud shop Store vznikl jako v\u00fdsledek tohoto! Je mo\u017en\u00e9 koupit marihuanu online?<\/p>\n<p style=\"text-align: justify;\">GrassXpress dod\u00e1v\u00e1 stejn\u00e9 konopn\u00e9 zbo\u017e\u00ed, jak\u00e9 najdete ve va\u0161\u00ed m\u00edstn\u00ed v\u00fddejn\u011b marihuany, do va\u0161eho domu v Evrop\u011b a po cel\u00e9m sv\u011bt\u011b. Lid\u00e9 se zdravotn\u00edmi probl\u00e9my dost\u00e1vaj\u00ed od GrassXpress slevy a tak\u00e9 n\u00edzk\u00e9 n\u00e1klady pro opakovan\u00e9 klienty. Prohl\u00e9dn\u011bte si na\u0161e str\u00e1nky, kde najdete sv\u00e9 obl\u00edben\u00e9 pochoutky THC a objednejte si je pomoc\u00ed na\u0161eho online nebo vytisknut\u00e9ho objedn\u00e1vkov\u00e9ho formul\u00e1\u0159e. Va\u0161e prav\u00e1 z\u00e1silkov\u00e1 marihuana bude odesl\u00e1na ve stejn\u00fd den, kdy obdr\u017e\u00edme platbu, a m\u016f\u017eete si b\u00fdt jisti, \u017ee doru\u010den\u00ed bude diskr\u00e9tn\u00ed a bezpe\u010dn\u00e9. Ano, s p\u0159\u00edmou po\u0161tovn\u00ed pouk\u00e1zkou a rychl\u00fdm doru\u010den\u00edm dom\u016f si m\u016f\u017eete koupit skute\u010dnou marihuanu online\u2026<\/p>\n<p style=\"text-align: justify;\">Pokud si chcete koupit marihuanu ve form\u011b pupen\u016f, hash, su\u0161enky, brownies, tinktury nebo m\u00e1slo, p\u0159ekro\u010d\u00edme va\u0161e o\u010dek\u00e1v\u00e1n\u00ed s na\u0161\u00edm \u00fa\u017easn\u00fdm v\u00fdb\u011brem a kvalitou potravin\u00e1\u0159sk\u00fdch v\u00fdrobk\u016f, kter\u00e9 jsou pe\u010den\u00e9 z t\u011bch nejlep\u0161\u00edch surovin a za cenu, kterou si m\u016f\u017eete dovolit. N\u00e1\u0161 \u0161\u00e9fkucha\u0159 je profesion\u00e1ln\u00ed kucha\u0159 a na\u0161i p\u011bstitel\u00e9 p\u011bstuj\u00ed tu nejlep\u0161\u00ed tr\u00e1vu, se kterou se budete zaru\u010den\u011b vracet. M\u00e1me na prodej jen tu nejlep\u0161\u00ed marihuanu, kter\u00e1 obsahuje skute\u010dn\u00e9 THC ve v\u0161ech na\u0161ich produktech.<\/p>\n<p style=\"text-align: justify;\"><strong>garance nejni\u017e\u0161\u00ed ceny<\/strong><\/p>\n<p style=\"text-align: justify;\">Hled\u00e1te nejlep\u0161\u00ed online v\u00fddejnu marihuany, kde cena odr\u00e1\u017e\u00ed kvalitu va\u0161eho produktu? Pak jste nemohli naj\u00edt lep\u0161\u00ed m\u00edsto. V Get Kush poskytujeme na\u0161im z\u00e1kazn\u00edk\u016fm nejni\u017e\u0161\u00ed ceny kv\u011btin marihuany.<\/p>\n<p style=\"text-align: justify;\">V\u0161echny kmeny jsou pr\u00e9miov\u00e9.<\/p>\n<p style=\"text-align: justify;\"><strong>doprava zdarma<\/strong><\/p>\n<p style=\"text-align: justify;\">V\u0161echny objedn\u00e1vky nad 250 eur maj\u00ed dopravu zdarma. M\u016f\u017eete si vychutnat svou z\u00e1silkovou marihuanu s v\u011bdom\u00edm, \u017ee jste si pr\u00e1v\u011b objednali sv\u00e9 obl\u00edben\u00e9 odr\u016fdy v pohodl\u00ed domova. Jakmile objedn\u00e1vku obdr\u017e\u00edme, za\u0161leme v\u00e1m ji prost\u0159ednictv\u00edm DHL, UPS, EMS a dal\u0161\u00edch, co\u017e zajist\u00ed rychl\u00e9 a bezpe\u010dn\u00e9 doru\u010den\u00ed se 100% konzistenc\u00ed.<\/p>\n<p style=\"text-align: justify;\"><strong>bezpe\u010dn\u00fd a spolehliv\u00fd<\/strong><\/p>\n<p style=\"text-align: justify;\">Tr\u00e1va st\u00e1le vyvol\u00e1v\u00e1 kontroverzi mezi n\u011bkter\u00fdmi lidmi. Ch\u00e1peme to, a proto udr\u017eujeme na\u0161e z\u00e1silky diskr\u00e9tn\u00ed. Va\u0161e produkty budou zabaleny tak, aby vypadaly jako b\u011b\u017en\u00e1 z\u00e1silkov\u00e1 objedn\u00e1vka, s nezjistiteln\u00fdm doru\u010den\u00edm a bezpe\u010dn\u00fdm \u0161ifrov\u00e1n\u00edm transak\u010dn\u00edch dat.<\/p>","protected":false},"excerpt":{"rendered":"<p>legit weed plugs online UK Can i order weed online, GrassXpress is an online weed dispensary where one can buy weed online UK, without buzzing an inch from your place. You might be wondering as there are many weed dealers near me uk. We have the most proficient pharmacy store that offers you the chance<\/p>\n<div class=\"more-link\">\n             <a href=\"https:\/\/grassxpress.com\/cs\/can-i-order-weed-online\/\" class=\"link-btn\"><span>Pokra\u010dovat ve \u010dten\u00ed <\/span><i class=\"icofont-thin-double-right\"><\/i><\/a>\n        <\/div>","protected":false},"author":1,"featured_media":0,"parent":0,"menu_order":0,"comment_status":"closed","ping_status":"closed","template":"","meta":{"_themeisle_gutenberg_block_has_review":false,"_ti_tpc_template_sync":false,"_ti_tpc_template_id":"0qhau2t6eoekosrgo1a2","_joinchat":[],"footnotes":""},"class_list":["post-61","page","type-page","status-publish","hentry"],"yoast_head":"<!-- This site is optimized with the Yoast SEO plugin v22.7 - https:\/\/yoast.com\/wordpress\/plugins\/seo\/ -->\n<title>Can i order weed online | legit weed plugs online uk | cannabis online uk<\/title>\n<meta name=\"description\" content=\"Can i order weed online. Online Dispensary in Europa for Mail Order Marijuana. Shop for Edibles, Concentrates, Sativa&#039;s, Indica&#039;s &amp; Hybrids.\" \/>\n<meta name=\"robots\" content=\"index, follow, max-snippet:-1, max-image-preview:large, max-video-preview:-1\" \/>\n<link rel=\"canonical\" href=\"https:\/\/grassxpress.com\/cs\/pot-comand-on-line-ieriana\/\" \/>\n<meta property=\"og:locale\" content=\"cs_CZ\" \/>\n<meta property=\"og:type\" content=\"article\" \/>\n<meta property=\"og:title\" content=\"Can i order weed online | legit weed plugs online uk | cannabis online uk\" \/>\n<meta property=\"og:description\" content=\"Can i order weed online. Online Dispensary in Europa for Mail Order Marijuana. Shop for Edibles, Concentrates, Sativa&#039;s, Indica&#039;s &amp; Hybrids.\" \/>\n<meta property=\"og:url\" content=\"https:\/\/grassxpress.com\/cs\/pot-comand-on-line-ieriana\/\" \/>\n<meta property=\"og:site_name\" content=\"GrassXpress\" \/>\n<meta property=\"article:modified_time\" content=\"2023-01-06T07:07:00+00:00\" \/>\n<meta name=\"twitter:card\" content=\"summary_large_image\" \/>\n<meta name=\"twitter:label1\" content=\"Odhadovan\u00e1 doba \u010dten\u00ed\" \/>\n\t<meta name=\"twitter:data1\" content=\"4 minuty\" \/>\n<!-- \/ Yoast SEO plugin. -->","yoast_head_json":{"title":"Can i order weed online | legit weed plugs online uk | cannabis online uk","description":"Can i order weed online. Online Dispensary in Europa for Mail Order Marijuana. Shop for Edibles, Concentrates, Sativa's, Indica's & Hybrids.","robots":{"index":"index","follow":"follow","max-snippet":"max-snippet:-1","max-image-preview":"max-image-preview:large","max-video-preview":"max-video-preview:-1"},"canonical":"https:\/\/grassxpress.com\/cs\/pot-comand-on-line-ieriana\/","og_locale":"cs_CZ","og_type":"article","og_title":"Can i order weed online | legit weed plugs online uk | cannabis online uk","og_description":"Can i order weed online. Online Dispensary in Europa for Mail Order Marijuana. Shop for Edibles, Concentrates, Sativa's, Indica's & Hybrids.","og_url":"https:\/\/grassxpress.com\/cs\/pot-comand-on-line-ieriana\/","og_site_name":"GrassXpress","article_modified_time":"2023-01-06T07:07:00+00:00","twitter_card":"summary_large_image","twitter_misc":{"Odhadovan\u00e1 doba \u010dten\u00ed":"4 minuty"},"schema":{"@context":"https:\/\/schema.org","@graph":[{"@type":"WebPage","@id":"https:\/\/grassxpress.com\/ro\/pot-comand-on-line-ieriana\/","url":"https:\/\/grassxpress.com\/ro\/pot-comand-on-line-ieriana\/","name":"Can i order weed online | legit weed plugs online uk | cannabis online uk","isPartOf":{"@id":"https:\/\/grassxpress.com\/#website"},"datePublished":"2020-01-23T18:21:52+00:00","dateModified":"2023-01-06T07:07:00+00:00","description":"Can i order weed online. Online Dispensary in Europa for Mail Order Marijuana. Shop for Edibles, Concentrates, Sativa's, Indica's & Hybrids.","breadcrumb":{"@id":"https:\/\/grassxpress.com\/ro\/pot-comand-on-line-ieriana\/#breadcrumb"},"inLanguage":"cs","potentialAction":[{"@type":"ReadAction","target":["https:\/\/grassxpress.com\/ro\/pot-comand-on-line-ieriana\/"]}]},{"@type":"BreadcrumbList","@id":"https:\/\/grassxpress.com\/ro\/pot-comand-on-line-ieriana\/#breadcrumb","itemListElement":[{"@type":"ListItem","position":1,"name":"Home","item":"https:\/\/grassxpress.com\/"},{"@type":"ListItem","position":2,"name":"About us"}]},{"@type":"WebSite","@id":"https:\/\/grassxpress.com\/#website","url":"https:\/\/grassxpress.com\/","name":"GrassXpress","description":"Buy Weed Online UK","publisher":{"@id":"https:\/\/grassxpress.com\/#organization"},"potentialAction":[{"@type":"SearchAction","target":{"@type":"EntryPoint","urlTemplate":"https:\/\/grassxpress.com\/?s={search_term_string}"},"query-input":"required name=search_term_string"}],"inLanguage":"cs"},{"@type":"Organization","@id":"https:\/\/grassxpress.com\/#organization","name":"GrassXpress","url":"https:\/\/grassxpress.com\/","logo":{"@type":"ImageObject","inLanguage":"cs","@id":"https:\/\/grassxpress.com\/#\/schema\/logo\/image\/","url":"https:\/\/grassxpress.com\/wp-content\/uploads\/2024\/01\/logo.png","contentUrl":"https:\/\/grassxpress.com\/wp-content\/uploads\/2024\/01\/logo.png","width":300,"height":100,"caption":"GrassXpress"},"image":{"@id":"https:\/\/grassxpress.com\/#\/schema\/logo\/image\/"}}]}},"_links":{"self":[{"href":"https:\/\/grassxpress.com\/cs\/wp-json\/wp\/v2\/pages\/61","targetHints":{"allow":["GET"]}}],"collection":[{"href":"https:\/\/grassxpress.com\/cs\/wp-json\/wp\/v2\/pages"}],"about":[{"href":"https:\/\/grassxpress.com\/cs\/wp-json\/wp\/v2\/types\/page"}],"author":[{"embeddable":true,"href":"https:\/\/grassxpress.com\/cs\/wp-json\/wp\/v2\/users\/1"}],"replies":[{"embeddable":true,"href":"https:\/\/grassxpress.com\/cs\/wp-json\/wp\/v2\/comments?post=61"}],"version-history":[{"count":1,"href":"https:\/\/grassxpress.com\/cs\/wp-json\/wp\/v2\/pages\/61\/revisions"}],"predecessor-version":[{"id":4659,"href":"https:\/\/grassxpress.com\/cs\/wp-json\/wp\/v2\/pages\/61\/revisions\/4659"}],"wp:attachment":[{"href":"https:\/\/grassxpress.com\/cs\/wp-json\/wp\/v2\/media?parent=61"}],"curies":[{"name":"wp","href":"https:\/\/api.w.org\/{rel}","templated":true}]}}