{"id":3603,"date":"2020-08-01T14:39:21","date_gmt":"2020-08-01T14:39:21","guid":{"rendered":"https:\/\/diligentplug.com\/?page_id=3603"},"modified":"2020-08-01T14:39:21","modified_gmt":"2020-08-01T14:39:21","slug":"shipping","status":"publish","type":"page","link":"https:\/\/grassxpress.com\/cs\/preprava\/","title":{"rendered":"Lodn\u00ed doprava"},"content":{"rendered":"<div id=\"wp-block-themeisle-blocks-advanced-columns-49060903\" class=\"wp-block-themeisle-blocks-advanced-columns has-1-columns has-desktop-equal-layout has-tablet-equal-layout has-mobile-equal-layout has-default-gap has-vertical-unset\">\n<div class=\"wp-block-themeisle-blocks-advanced-columns-overlay\"><strong>Kdy obdr\u017e\u00edm svou objedn\u00e1vku?<\/strong><\/div>\n<div class=\"innerblocks-wrap\">\n<div id=\"wp-block-themeisle-blocks-advanced-column-af2d631f\" class=\"wp-block-themeisle-blocks-advanced-column\">\n\n\n<p>S\u00eddl\u00edme v Nizozemsku (Evropa). Doru\u010den\u00ed trv\u00e1 1 a\u017e 3 pracovn\u00ed dny. Pr\u016fm\u011br je 2 dny. Zdr\u017een\u00ed na celnici m\u016f\u017ee zp\u016fsobit zpo\u017ed\u011bn\u00ed. Ale proto\u017ee na\u0161e produkty tak dob\u0159e schov\u00e1v\u00e1me, celn\u00ed org\u00e1ny po kontrole nechaj\u00ed bal\u00ed\u010dek proj\u00edt.<\/p>\n\n\n\n<p><strong>Jak je moje objedn\u00e1vka zabalena?<\/strong><\/p>\n\n\n\n<p>Va\u0161e objedn\u00e1vka bude zabalena v pevn\u00e9, polstrovan\u00e9 ob\u00e1lce. Na vn\u011bj\u0161\u00ed ani vnit\u0159n\u00ed stran\u011b nejsou uvedeny \u017e\u00e1dn\u00e9 odkazy na marihuanu nebo souvisej\u00edc\u00ed produkty s marihuanou. Pou\u017e\u00edv\u00e1me r\u016fzn\u00e9 adresy odes\u00edlatel\u016f a nepou\u017e\u00edv\u00e1me zna\u010dkov\u00e9 obaly. V ob\u00e1lce najdete polo\u017eku, kter\u00e1 obsahuje va\u0161i objedn\u00e1vku.<\/p>\n\n\n\n<p><strong>Jak je zaru\u010dena p\u0159eprava?<\/strong><\/p>\n\n\n\n<p>Pokud va\u0161e objedn\u00e1vka nedoraz\u00ed nebo bude zabavena, ve v\u0161\u00ed f\u00e9rovosti va\u0161i objedn\u00e1vku ode\u0161leme znovu. Zdarma! M\u00e1me n\u00e1sleduj\u00edc\u00ed podm\u00ednky op\u011btovn\u00e9ho odesl\u00e1n\u00ed. Bezplatn\u00e1 zp\u011btn\u00e1 doprava prob\u00edh\u00e1 po 5 pracovn\u00edch dnech. V\u011bt\u0161ina bal\u00edk\u016f doraz\u00ed do 1 t\u00fddne a ty, kter\u00e9 ne, budou doru\u010deny b\u011bhem n\u00e1sleduj\u00edc\u00edho t\u00fddne. Mezin\u00e1rodn\u00ed po\u0161ta a celn\u00ed \u00fa\u0159ady mohou m\u00edt r\u016fzn\u00e1 zpo\u017ed\u011bn\u00ed, a proto \u010dekac\u00ed doba.<\/p>\n\n\n\n<p>Pokud jste zadali \u0161patnou adresu (jako kdy\u017e zapomenete \u010d\u00edslo bytu), nem\u016f\u017eeme p\u0159eposlat zdarma. Adresa se vytiskne P\u0158ESN\u011a tak, jak ji zad\u00e1te, \u017e\u00e1dn\u00e9 ru\u010dn\u00ed z\u00e1sahy z na\u0161\u00ed strany (pokud n\u00e1s o to nepo\u017e\u00e1d\u00e1te). Nenech\u00e1v\u00e1me v\u00e1s v\u0161ak st\u00e1t na dn\u011b, tak\u017ee jako kompenzaci z\u00edsk\u00e1te k\u00f3d na 50% slevu na va\u0161i dal\u0161\u00ed objedn\u00e1vku. Pro 2. z\u00e1silku m\u016f\u017eete uv\u00e9st alternativn\u00ed adresu. Pou\u017eijeme tak\u00e9 jinou stealth metodu.<\/p>\n\n\n\n<p><strong>Do jak\u00fdch zem\u00ed zas\u00edl\u00e1te?<\/strong><\/p>\n\n\n\n<p><a href=\"https:\/\/grassxpress.com\/cs\/objednat-plevel-online-czecho\/\">My<\/a> zas\u00edl\u00e1me po cel\u00e9m sv\u011bt\u011b do v\u0161ech zem\u00ed, ze kter\u00fdch p\u0159ij\u00edm\u00e1me objedn\u00e1vky. Bohu\u017eel nem\u016f\u017eeme zaru\u010dit doru\u010den\u00ed ve v\u0161ech z nich, proto\u017ee m\u00edstn\u00ed doru\u010den\u00ed nen\u00ed v n\u011bkter\u00fdch zem\u00edch dostate\u010dn\u011b spolehliv\u00e9.<\/p>\n\n\n\n<p>Pro ostatn\u00ed zem\u011b: dod\u00e1n\u00ed je zaru\u010deno! Pokud tedy \u017eijete nap\u0159. v \u010cesku resp <a href=\"https:\/\/en.wikipedia.org\/wiki\/Australia\">Austr\u00e1lie<\/a>, doru\u010den\u00ed va\u0161eho bal\u00edku je n\u00e1mi garantov\u00e1no.<\/p>\n<\/div>\n<!-- \/wp:post-content --><\/div>\n<\/div>\n<!-- \/wp:themeisle-blocks\/advanced-columns -->","protected":false},"excerpt":{"rendered":"<p>We are based in the Netherlands (Europe). Shipping\u00a0takes between 1 and 3 business days. The average is 2 days. Holdups at customs can cause a delay. But, since we hide our products so well, customs will let the package through after inspection. How is my order packaged? Your order will be packed in a sturdy,<\/p>\n<div class=\"more-link\">\n             <a href=\"https:\/\/grassxpress.com\/cs\/preprava\/\" class=\"link-btn\"><span>Pokra\u010dovat ve \u010dten\u00ed <\/span><i class=\"icofont-thin-double-right\"><\/i><\/a>\n        <\/div>","protected":false},"author":1,"featured_media":0,"parent":0,"menu_order":0,"comment_status":"closed","ping_status":"closed","template":"","meta":{"_themeisle_gutenberg_block_has_review":false,"_ti_tpc_template_sync":false,"_ti_tpc_template_id":"","_joinchat":[],"footnotes":""},"class_list":["post-3603","page","type-page","status-publish","hentry"],"yoast_head":"<!-- This site is optimized with the Yoast SEO plugin v22.7 - https:\/\/yoast.com\/wordpress\/plugins\/seo\/ -->\n<title>Shipping | Delivery Is Guaranteed - GrassXpress<\/title>\n<meta name=\"description\" content=\"We are based in the Netherlands. Shipping\u00a0takes between 1 and 3 business days. The average is 2 days. Holdups at customs can cause a delay.\" \/>\n<meta name=\"robots\" content=\"index, follow, max-snippet:-1, max-image-preview:large, max-video-preview:-1\" \/>\n<link rel=\"canonical\" href=\"https:\/\/grassxpress.com\/cs\/wysylka\/\" \/>\n<meta property=\"og:locale\" content=\"cs_CZ\" \/>\n<meta property=\"og:type\" content=\"article\" \/>\n<meta property=\"og:title\" content=\"Shipping | Delivery Is Guaranteed - GrassXpress\" \/>\n<meta property=\"og:description\" content=\"We are based in the Netherlands. Shipping\u00a0takes between 1 and 3 business days. The average is 2 days. Holdups at customs can cause a delay.\" \/>\n<meta property=\"og:url\" content=\"https:\/\/grassxpress.com\/cs\/wysylka\/\" \/>\n<meta property=\"og:site_name\" content=\"GrassXpress\" \/>\n<meta name=\"twitter:card\" content=\"summary_large_image\" \/>\n<meta name=\"twitter:label1\" content=\"Odhadovan\u00e1 doba \u010dten\u00ed\" \/>\n\t<meta name=\"twitter:data1\" content=\"2 minuty\" \/>\n<!-- \/ Yoast SEO plugin. -->","yoast_head_json":{"title":"Shipping | Delivery Is Guaranteed - GrassXpress","description":"We are based in the Netherlands. Shipping\u00a0takes between 1 and 3 business days. The average is 2 days. Holdups at customs can cause a delay.","robots":{"index":"index","follow":"follow","max-snippet":"max-snippet:-1","max-image-preview":"max-image-preview:large","max-video-preview":"max-video-preview:-1"},"canonical":"https:\/\/grassxpress.com\/cs\/wysylka\/","og_locale":"cs_CZ","og_type":"article","og_title":"Shipping | Delivery Is Guaranteed - GrassXpress","og_description":"We are based in the Netherlands. Shipping\u00a0takes between 1 and 3 business days. The average is 2 days. Holdups at customs can cause a delay.","og_url":"https:\/\/grassxpress.com\/cs\/wysylka\/","og_site_name":"GrassXpress","twitter_card":"summary_large_image","twitter_misc":{"Odhadovan\u00e1 doba \u010dten\u00ed":"2 minuty"},"schema":{"@context":"https:\/\/schema.org","@graph":[{"@type":"WebPage","@id":"https:\/\/grassxpress.com\/pl\/wysylka\/","url":"https:\/\/grassxpress.com\/pl\/wysylka\/","name":"Shipping | Delivery Is Guaranteed - GrassXpress","isPartOf":{"@id":"https:\/\/grassxpress.com\/#website"},"datePublished":"2020-08-01T14:39:21+00:00","dateModified":"2020-08-01T14:39:21+00:00","description":"We are based in the Netherlands. Shipping\u00a0takes between 1 and 3 business days. The average is 2 days. Holdups at customs can cause a delay.","breadcrumb":{"@id":"https:\/\/grassxpress.com\/pl\/wysylka\/#breadcrumb"},"inLanguage":"cs","potentialAction":[{"@type":"ReadAction","target":["https:\/\/grassxpress.com\/pl\/wysylka\/"]}]},{"@type":"BreadcrumbList","@id":"https:\/\/grassxpress.com\/pl\/wysylka\/#breadcrumb","itemListElement":[{"@type":"ListItem","position":1,"name":"Home","item":"https:\/\/grassxpress.com\/"},{"@type":"ListItem","position":2,"name":"Shipping"}]},{"@type":"WebSite","@id":"https:\/\/grassxpress.com\/#website","url":"https:\/\/grassxpress.com\/","name":"GrassXpress","description":"Buy Weed Online UK","publisher":{"@id":"https:\/\/grassxpress.com\/#organization"},"potentialAction":[{"@type":"SearchAction","target":{"@type":"EntryPoint","urlTemplate":"https:\/\/grassxpress.com\/?s={search_term_string}"},"query-input":"required name=search_term_string"}],"inLanguage":"cs"},{"@type":"Organization","@id":"https:\/\/grassxpress.com\/#organization","name":"GrassXpress","url":"https:\/\/grassxpress.com\/","logo":{"@type":"ImageObject","inLanguage":"cs","@id":"https:\/\/grassxpress.com\/#\/schema\/logo\/image\/","url":"https:\/\/grassxpress.com\/wp-content\/uploads\/2024\/01\/logo.png","contentUrl":"https:\/\/grassxpress.com\/wp-content\/uploads\/2024\/01\/logo.png","width":300,"height":100,"caption":"GrassXpress"},"image":{"@id":"https:\/\/grassxpress.com\/#\/schema\/logo\/image\/"}}]}},"_links":{"self":[{"href":"https:\/\/grassxpress.com\/cs\/wp-json\/wp\/v2\/pages\/3603","targetHints":{"allow":["GET"]}}],"collection":[{"href":"https:\/\/grassxpress.com\/cs\/wp-json\/wp\/v2\/pages"}],"about":[{"href":"https:\/\/grassxpress.com\/cs\/wp-json\/wp\/v2\/types\/page"}],"author":[{"embeddable":true,"href":"https:\/\/grassxpress.com\/cs\/wp-json\/wp\/v2\/users\/1"}],"replies":[{"embeddable":true,"href":"https:\/\/grassxpress.com\/cs\/wp-json\/wp\/v2\/comments?post=3603"}],"version-history":[{"count":0,"href":"https:\/\/grassxpress.com\/cs\/wp-json\/wp\/v2\/pages\/3603\/revisions"}],"wp:attachment":[{"href":"https:\/\/grassxpress.com\/cs\/wp-json\/wp\/v2\/media?parent=3603"}],"curies":[{"name":"wp","href":"https:\/\/api.w.org\/{rel}","templated":true}]}}