{"id":3298,"date":"2020-02-18T05:09:07","date_gmt":"2020-02-18T05:09:07","guid":{"rendered":"https:\/\/diligentplug.com\/?page_id=3298"},"modified":"2020-02-18T05:09:07","modified_gmt":"2020-02-18T05:09:07","slug":"faqs","status":"publish","type":"page","link":"https:\/\/grassxpress.com\/cs\/faqs\/","title":{"rendered":"Nej\u010dast\u011bj\u0161\u00ed dotazy"},"content":{"rendered":"<div id=\"main-content\">\n<article id=\"post-2333\" class=\"post-2333 page type-page status-publish hentry\">\n<div class=\"entry-content\">\n<div id=\"et-boc\" class=\"et-boc\">\n<div class=\"et-l et-l--post\">\n<div class=\"et_builder_inner_content et_pb_gutters3\">\n<div class=\"et_pb_section et_pb_section_1 et_section_regular\">\n<div class=\"et_pb_row et_pb_row_2\">\n<div class=\"et_pb_column et_pb_column_4_4 et_pb_column_2 et_pb_css_mix_blend_mode_passthrough et-last-child\">\n<div class=\"et_pb_module et_pb_text et_pb_text_2 et_pb_text_align_center et_pb_bg_layout_light\">\n<div class=\"et_pb_text_inner\">\n<h2>Kde mohu koupit tr\u00e1vu online?<\/h2>\n<p>Toto je kl\u00ed\u010dov\u00e9 slovo, kter\u00e9 se ka\u017ed\u00fdch 30 dn\u00ed objev\u00ed ve v\u00fdsledc\u00edch vyhled\u00e1v\u00e1n\u00ed p\u0159ibli\u017en\u011b 18 150kr\u00e1t a<br \/>\nje pova\u017eov\u00e1na za jednu z nej\u010dast\u011bj\u0161\u00edch ot\u00e1zek kladen\u00fdch online.Zde je va\u0161e odpov\u011b\u010f, pot\u00e9, co jste vid\u011bli, jak obt\u00ed\u017en\u00e9 to bylo.<br \/>\nn\u00e1kup tr\u00e1vy online, tak\u017ee n\u00e1\u0161 t\u00fdm se rozhodl spojit a p\u0159in\u00e9st v\u0161echny pot\u0159ebn\u00e9 faktory a nyn\u00ed si m\u016f\u017eete objednat nebo koupit tr\u00e1vu online od n\u00e1s v pouh\u00fdch t\u0159ech jednoduch\u00fdch kroc\u00edch, tak\u017ee budeme cht\u00edt odpov\u011bd\u011bt na va\u0161i ot\u00e1zku t\u00edm, \u017ee \u0159ekne \"ANO\" m\u016f\u017eete si koupit tr\u00e1vu online z weed-crew.net a dostat ji doru\u010dena v pouh\u00e9m mrknut\u00ed oka.<\/p>\n<\/div>\n<\/div>\n<\/div>\n<\/div>\n<div class=\"et_pb_row et_pb_row_3\">\n<div class=\"et_pb_column et_pb_column_4_4 et_pb_column_3 et_pb_css_mix_blend_mode_passthrough et-last-child\">\n<div class=\"et_pb_module et_pb_text et_pb_text_3 et_pb_text_align_center et_pb_bg_layout_light\">\n<div class=\"et_pb_text_inner\">\n<h3>Za jak dlouho bude moje objedn\u00e1vka odesl\u00e1na?<\/h3>\n<p>D\u011bl\u00e1me v\u0161e pro to, abychom se ujistili, \u017ee v\u0161echny odery budou odesl\u00e1ny b\u011bhem stejn\u00e9ho dne, jakmile obdr\u017e\u00edme objedn\u00e1vku a potvrd\u00edme platbu, budeme pokra\u010dovat v balen\u00ed a jakmile bude balen\u00ed hotov\u00e9, budeme pokra\u010dovat v odes\u00edl\u00e1n\u00ed, po kter\u00e9m v\u00e1m bude poskytnuto \u010d\u00edslo pro sledov\u00e1n\u00ed bal\u00ed\u010dku, kter\u00e9 v\u00e1m umo\u017en\u00ed sledovat bal\u00ed\u010dek b\u011bhem p\u0159epravy, dokud se k v\u00e1m nedostane. Z\u00e1silky zas\u00edl\u00e1me pomoc\u00ed <a href=\"https:\/\/en.wikipedia.org\/wiki\/United_States_Postal_Service\">USPS<\/a>, UPS, FEDEX nebo Marble Logistics.<\/p>\n<\/div>\n<\/div>\n<\/div>\n<\/div>\n<div class=\"et_pb_row et_pb_row_4\">\n<div class=\"et_pb_column et_pb_column_4_4 et_pb_column_4 et_pb_css_mix_blend_mode_passthrough et-last-child\">\n<div class=\"et_pb_module et_pb_text et_pb_text_4 et_pb_text_align_center et_pb_bg_layout_light\">\n<div class=\"et_pb_text_inner\">\n<h3>Za jak dlouho dostanu sv\u016fj bal\u00ed\u010dek?<\/h3>\n<p>V\u0161echny bal\u00ed\u010dky jsou odesl\u00e1ny do 24 hodin od p\u0159ijet\u00ed objedn\u00e1vky, av\u0161ak doba, za jak dlouho se k v\u00e1m bal\u00ed\u010dek dostane, z\u00e1vis\u00ed v\u00fdhradn\u011b na dvou faktorech.<br \/>\n- Prvn\u00edm faktorem je typ z\u00e1silky, p\u0159i\u010dem\u017e typem z\u00e1silky se rozum\u00ed, zda v\u00e1m byl bal\u00edk zasl\u00e1n jako oby\u010dejn\u00fd bal\u00edk, nebo jako z\u00e1silka pro doru\u010den\u00ed ve stejn\u00fd den \u010di prioritn\u00ed z\u00e1silka. Pokud je v\u00e1\u0161 bal\u00ed\u010dek registrov\u00e1n jako oby\u010dejn\u00e1 z\u00e1silka, pak v\u00e1m bude trvat a\u017e dva dny (948 hodin), ne\u017e se k v\u00e1m dostane, zat\u00edmco pokud byl odesl\u00e1n pro doru\u010den\u00ed ve stejn\u00fd den nebo prioritn\u00ed z\u00e1silkou, pak se k v\u00e1m dostane do 24 hodin.<br \/>\n- Za druh\u00e9, jak dlouho trv\u00e1, ne\u017e se k v\u00e1m z\u00e1silka dostane, z\u00e1vis\u00ed na m\u00edst\u011b ur\u010den\u00ed z\u00e1silky, p\u0159i\u010dem\u017e m\u00edstem ur\u010den\u00ed z\u00e1silky se rozum\u00ed, zda se va\u0161e doru\u010dovac\u00ed adresa nach\u00e1z\u00ed v USA nebo v Evrop\u011b. V\u0161echny bal\u00edky odes\u00edlan\u00e9 do destinac\u00ed v USA jsou doru\u010deny maxim\u00e1ln\u011b do 48 hodin, zat\u00edmco u bal\u00edk\u016f v Evrop\u011b je pravd\u011bpodobn\u011bj\u0161\u00ed, \u017ee budou doru\u010deny do t\u0159\u00ed dn\u016f (72 hodin).<\/p>\n<\/div>\n<\/div>\n<\/div>\n<\/div>\n<div class=\"et_pb_row et_pb_row_5\">\n<div class=\"et_pb_column et_pb_column_4_4 et_pb_column_5 et_pb_css_mix_blend_mode_passthrough et-last-child\">\n<div class=\"et_pb_module et_pb_text et_pb_text_5 et_pb_text_align_center et_pb_bg_layout_light\">\n<div class=\"et_pb_text_inner\">\n<h3>Existuj\u00ed n\u011bjak\u00e9 slevy na objedn\u00e1vky ?<\/h3>\n<p>Stejn\u011b jako ka\u017ed\u00fd jin\u00fd obchod s objedn\u00e1vkami, i n\u00e1\u0161 nab\u00edz\u00ed slevu na hromadn\u00e9 objedn\u00e1vky a na v\u0161echny objedn\u00e1vky proveden\u00e9 pomoc\u00ed platebn\u00edch typ\u016f, jako jsou Bitcoiny. V\u0161echny objedn\u00e1vky nad $800 obdr\u017e\u00ed slevu 25%, zat\u00edmco objedn\u00e1vky placen\u00e9 prost\u0159ednictv\u00edm Bitcoins obdr\u017e\u00ed slevu 20%. Podporujeme hromadn\u00e9 objedn\u00e1vky, proto\u017ee k nim dostanete tak\u00e9 sem\u00ednka zdarma. V\u00cdCE o semenech zdarma se dozv\u00edte z na\u0161\u00ed str\u00e1nky o z\u00e1sad\u00e1ch podpory farem.<\/p>\n<\/div>\n<\/div>\n<\/div>\n<\/div>\n<div class=\"et_pb_row et_pb_row_6\">\n<div class=\"et_pb_column et_pb_column_4_4 et_pb_column_6 et_pb_css_mix_blend_mode_passthrough et-last-child\">\n<div class=\"et_pb_module et_pb_text et_pb_text_6 et_pb_text_align_center et_pb_bg_layout_light\">\n<div class=\"et_pb_text_inner\">\n<h3>Je n\u00e1kup tr\u00e1vy online bezpe\u010dn\u00fd ?<\/h3>\n<p>N\u00e1kup tr\u00e1vy online m\u016f\u017ee b\u00fdt n\u011bkdy o\u0161emetn\u00fd a riskantn\u00ed, pokud se neobr\u00e1t\u00edte na spr\u00e1vn\u00e9 osoby, nicm\u00e9n\u011b my se sna\u017e\u00edme, aby byl co nejbezpe\u010dn\u011bj\u0161\u00ed, a to d\u00edky n\u011bkolika n\u00ed\u017ee uveden\u00fdm faktor\u016fm.<br \/>\n- Je to l\u00e9ka\u0159sk\u00e1 marihuana ? n\u00e1kup tr\u00e1vy online m\u016f\u017ee b\u00fdt o\u0161idn\u00fd, proto\u017ee s nejv\u011bt\u0161\u00ed pravd\u011bpodobnost\u00ed dostanete pouze ochutn\u00e1vku produktu.<br \/>\npot\u00e9, co jste za n\u011bj ji\u017e zaplatili, tak\u017ee se mus\u00edte ujistit, \u017ee to, za co plat\u00edte, je l\u00e9ka\u0159sk\u00e1 marihuana a\/nebo je laboratorn\u011b testov\u00e1no na obsah THC a CBD.<br \/>\n- Bude to dob\u0159e zabalen\u00e9, abych se nedostal do pot\u00ed\u017e\u00ed?<br \/>\nMus\u00edte se ujistit, \u017ee va\u0161e objedn\u00e1vka bude dob\u0159e zape\u010det\u011bn\u00e1, aby byla zaji\u0161t\u011bna bezpe\u010dnost v rukou kur\u00fdra, pokud jste<br \/>\nbal\u00ed\u010dek nen\u00ed dob\u0159e zape\u010det\u011bn, pak nelze zaru\u010dit bezpe\u010dn\u00e9 odesl\u00e1n\u00ed prost\u0159ednictv\u00edm USPS, UPS nebo jin\u00e9 kur\u00fdrn\u00ed slu\u017eby, a proto si nem\u016f\u017eete b\u00fdt jisti, zda se v\u00e1m bal\u00ed\u010dek dostane do rukou, nebo ne.<\/p>\n<\/div>\n<\/div>\n<\/div>\n<\/div>\n<div class=\"et_pb_row et_pb_row_7\">\n<div class=\"et_pb_column et_pb_column_4_4 et_pb_column_7 et_pb_css_mix_blend_mode_passthrough et-last-child\">\n<div class=\"et_pb_module et_pb_text et_pb_text_7 et_pb_text_align_center et_pb_bg_layout_light\">\n<div class=\"et_pb_text_inner\">\n<h3>Mohu platit kreditn\u00ed nebo debetn\u00ed kartou ?<\/h3>\n<p>V dne\u0161n\u00edm online sv\u011bt\u011b jsou kreditn\u00ed a debetn\u00ed karty jedn\u00edm z nejflexibiln\u011bj\u0161\u00edch zp\u016fsob\u016f platby na internetu.<br \/>\nna weed-crew.net m\u016f\u017eete platit p\u0159\u00edmo pomoc\u00ed kreditn\u00ed nebo debetn\u00ed karty. P\u0159i platb\u011b kreditn\u00ed nebo debetn\u00ed kartou se c\u00edt\u00edte bezpe\u010dn\u011b, proto\u017ee na\u0161e webov\u00e9 str\u00e1nky jsou zabezpe\u010deny protokolem SSL.<\/p>\n<\/div>\n<\/div>\n<\/div>\n<\/div>\n<div class=\"et_pb_row et_pb_row_8\">\n<div class=\"et_pb_column et_pb_column_4_4 et_pb_column_8 et_pb_css_mix_blend_mode_passthrough et-last-child\">\n<div class=\"et_pb_module et_pb_text et_pb_text_8 et_pb_text_align_center et_pb_bg_layout_light\">\n<div class=\"et_pb_text_inner\">\n<h3>Rozes\u00edl\u00e1te vzorky zdarma Koupit tr\u00e1vu online?<\/h3>\n<p><a href=\"https:\/\/grassxpress.com\/cs\/objednat-plevel-online-czecho\/\">My<\/a> nab\u00edz\u00edme vzorky v hodnot\u011b a\u017e $50-$100 v\u0161em potenci\u00e1ln\u00edm velkoodb\u011bratel\u016fm, kte\u0159\u00ed se t\u011b\u0161\u00ed na dlouhodob\u00fd obchod, ale cht\u011bj\u00ed si vyzkou\u0161et na\u0161e v\u00fdrobky p\u0159edt\u00edm, ne\u017e provedou obrovsk\u00e9 n\u00e1kupy, nicm\u00e9n\u011b vzorky nejsou zcela zdarma, proto\u017ee je nutn\u00e9 zaplatit 30% z hodnoty bal\u00ed\u010dku , je to proto, \u017ee jsme si uv\u011bdomili, \u017ee kdy\u017e rozd\u00e1v\u00e1me vzorky zdarma, n\u011bkte\u0159\u00ed z\u00e1kazn\u00edci se obr\u00e1t\u00ed, aby to vyu\u017eili jako skulinu pro vyko\u0159is\u0165ov\u00e1n\u00ed a jen si objednali vzorky zdarma, aby si jen zakou\u0159ili a zfetovali se. V\u0161echny smples jsou sm\u011bs\u00ed po 2 gramech a\u017e 10 r\u016fzn\u00fdch kmen\u016f dle va\u0161eho v\u00fdb\u011bru.<\/p>\n<\/div>\n<\/div>\n<\/div>\n<\/div>\n<div class=\"et_pb_row et_pb_row_9\">\n<div class=\"et_pb_column et_pb_column_4_4 et_pb_column_9 et_pb_css_mix_blend_mode_passthrough et-last-child\">\n<div class=\"et_pb_module et_pb_text et_pb_text_9 et_pb_text_align_center et_pb_bg_layout_light\">\n<div class=\"et_pb_text_inner\">\n<h3>Prod\u00e1v\u00e1te nezletil\u00fdm ?<\/h3>\n<p>Nezletil\u00ed, jak je naz\u00fdv\u00e1me, jsou z\u00e1kazn\u00edci mlad\u0161\u00ed 18 let. Na\u0161e slu\u017eby nenab\u00edz\u00edme \u017e\u00e1dn\u00e9 osob\u011b nebo osob\u00e1m.<br \/>\nmlad\u0161\u00ed 18 let. Pokud jste v\u0161ak pacient nebo trp\u00edte probl\u00e9my souvisej\u00edc\u00edmi s \u00fazkost\u00ed, m\u016f\u017eeme v\u00e1m prodat<br \/>\nmal\u00e1 mno\u017estv\u00ed uveden\u00fdch produkt\u016f.<\/p>\n<\/div>\n<\/div>\n<\/div>\n<\/div>\n<\/div>\n<\/div>\n<\/div>\n<\/div>\n<\/div>\n<\/article>\n<\/div>","protected":false},"excerpt":{"rendered":"<p>Where Can I Buy Weed Online? This is a keyword which appears approximately 18,150 times in search results every 30 days and there fore is considered as one of the most frequent questions asked online.Here is your answer, after seeing how difficult it was buying weed online so our team decided to come together and<\/p>\n<div class=\"more-link\">\n             <a href=\"https:\/\/grassxpress.com\/cs\/faqs\/\" class=\"link-btn\"><span>Pokra\u010dovat ve \u010dten\u00ed <\/span><i class=\"icofont-thin-double-right\"><\/i><\/a>\n        <\/div>","protected":false},"author":1,"featured_media":0,"parent":0,"menu_order":0,"comment_status":"closed","ping_status":"closed","template":"","meta":{"_themeisle_gutenberg_block_has_review":false,"_ti_tpc_template_sync":false,"_ti_tpc_template_id":"","_joinchat":[],"footnotes":""},"class_list":["post-3298","page","type-page","status-publish","hentry"],"yoast_head":"<!-- This site is optimized with the Yoast SEO plugin v22.7 - https:\/\/yoast.com\/wordpress\/plugins\/seo\/ -->\n<title>FAQs | About To Buy Weed Online - GrassXpress<\/title>\n<meta name=\"description\" content=\"If you have a question? We answer your question by saying \u201cYES\u201d you can buy weed online from weed-crew.net.All packages are shiped same day.\" \/>\n<meta name=\"robots\" content=\"index, follow, max-snippet:-1, max-image-preview:large, max-video-preview:-1\" \/>\n<link rel=\"canonical\" href=\"https:\/\/grassxpress.com\/cs\/faqs\/\" \/>\n<meta property=\"og:locale\" content=\"cs_CZ\" \/>\n<meta property=\"og:type\" content=\"article\" \/>\n<meta property=\"og:title\" content=\"FAQs | About To Buy Weed Online - GrassXpress\" \/>\n<meta property=\"og:description\" content=\"If you have a question? We answer your question by saying \u201cYES\u201d you can buy weed online from weed-crew.net.All packages are shiped same day.\" \/>\n<meta property=\"og:url\" content=\"https:\/\/grassxpress.com\/cs\/faqs\/\" \/>\n<meta property=\"og:site_name\" content=\"GrassXpress\" \/>\n<meta name=\"twitter:card\" content=\"summary_large_image\" \/>\n<meta name=\"twitter:label1\" content=\"Odhadovan\u00e1 doba \u010dten\u00ed\" \/>\n\t<meta name=\"twitter:data1\" content=\"4 minuty\" \/>\n<!-- \/ Yoast SEO plugin. -->","yoast_head_json":{"title":"FAQs | About To Buy Weed Online - GrassXpress","description":"If you have a question? We answer your question by saying \u201cYES\u201d you can buy weed online from weed-crew.net.All packages are shiped same day.","robots":{"index":"index","follow":"follow","max-snippet":"max-snippet:-1","max-image-preview":"max-image-preview:large","max-video-preview":"max-video-preview:-1"},"canonical":"https:\/\/grassxpress.com\/cs\/faqs\/","og_locale":"cs_CZ","og_type":"article","og_title":"FAQs | About To Buy Weed Online - GrassXpress","og_description":"If you have a question? We answer your question by saying \u201cYES\u201d you can buy weed online from weed-crew.net.All packages are shiped same day.","og_url":"https:\/\/grassxpress.com\/cs\/faqs\/","og_site_name":"GrassXpress","twitter_card":"summary_large_image","twitter_misc":{"Odhadovan\u00e1 doba \u010dten\u00ed":"4 minuty"},"schema":{"@context":"https:\/\/schema.org","@graph":[{"@type":"WebPage","@id":"https:\/\/grassxpress.com\/it\/faqs\/","url":"https:\/\/grassxpress.com\/it\/faqs\/","name":"FAQs | About To Buy Weed Online - GrassXpress","isPartOf":{"@id":"https:\/\/grassxpress.com\/#website"},"datePublished":"2020-02-18T05:09:07+00:00","dateModified":"2020-02-18T05:09:07+00:00","description":"If you have a question? We answer your question by saying \u201cYES\u201d you can buy weed online from weed-crew.net.All packages are shiped same day.","breadcrumb":{"@id":"https:\/\/grassxpress.com\/it\/faqs\/#breadcrumb"},"inLanguage":"cs","potentialAction":[{"@type":"ReadAction","target":["https:\/\/grassxpress.com\/it\/faqs\/"]}]},{"@type":"BreadcrumbList","@id":"https:\/\/grassxpress.com\/it\/faqs\/#breadcrumb","itemListElement":[{"@type":"ListItem","position":1,"name":"Home","item":"https:\/\/grassxpress.com\/"},{"@type":"ListItem","position":2,"name":"FAQs"}]},{"@type":"WebSite","@id":"https:\/\/grassxpress.com\/#website","url":"https:\/\/grassxpress.com\/","name":"GrassXpress","description":"Buy Weed Online UK","publisher":{"@id":"https:\/\/grassxpress.com\/#organization"},"potentialAction":[{"@type":"SearchAction","target":{"@type":"EntryPoint","urlTemplate":"https:\/\/grassxpress.com\/?s={search_term_string}"},"query-input":"required name=search_term_string"}],"inLanguage":"cs"},{"@type":"Organization","@id":"https:\/\/grassxpress.com\/#organization","name":"GrassXpress","url":"https:\/\/grassxpress.com\/","logo":{"@type":"ImageObject","inLanguage":"cs","@id":"https:\/\/grassxpress.com\/#\/schema\/logo\/image\/","url":"https:\/\/grassxpress.com\/wp-content\/uploads\/2024\/01\/logo.png","contentUrl":"https:\/\/grassxpress.com\/wp-content\/uploads\/2024\/01\/logo.png","width":300,"height":100,"caption":"GrassXpress"},"image":{"@id":"https:\/\/grassxpress.com\/#\/schema\/logo\/image\/"}}]}},"_links":{"self":[{"href":"https:\/\/grassxpress.com\/cs\/wp-json\/wp\/v2\/pages\/3298","targetHints":{"allow":["GET"]}}],"collection":[{"href":"https:\/\/grassxpress.com\/cs\/wp-json\/wp\/v2\/pages"}],"about":[{"href":"https:\/\/grassxpress.com\/cs\/wp-json\/wp\/v2\/types\/page"}],"author":[{"embeddable":true,"href":"https:\/\/grassxpress.com\/cs\/wp-json\/wp\/v2\/users\/1"}],"replies":[{"embeddable":true,"href":"https:\/\/grassxpress.com\/cs\/wp-json\/wp\/v2\/comments?post=3298"}],"version-history":[{"count":0,"href":"https:\/\/grassxpress.com\/cs\/wp-json\/wp\/v2\/pages\/3298\/revisions"}],"wp:attachment":[{"href":"https:\/\/grassxpress.com\/cs\/wp-json\/wp\/v2\/media?parent=3298"}],"curies":[{"name":"wp","href":"https:\/\/api.w.org\/{rel}","templated":true}]}}